{"id":7180,"date":"2022-05-31T22:48:39","date_gmt":"2022-05-31T19:48:39","guid":{"rendered":"https:\/\/birimler.atauni.edu.tr\/molekuler-biyoloji-ve-genetik\/?page_id=7180"},"modified":"2023-11-07T13:08:43","modified_gmt":"2023-11-07T10:08:43","slug":"ogrenci-danismanliklari","status":"publish","type":"page","link":"https:\/\/atauni.edu.tr\/molekuler-biyoloji-ve-genetik\/ogrenci-danismanliklari\/","title":{"rendered":"\u00d6\u011frenci Dan\u0131\u015fmanl\u0131klar\u0131"},"content":{"rendered":"\t\t<div data-elementor-type=\"wp-page\" data-elementor-id=\"7180\" class=\"elementor elementor-7180\" data-elementor-post-type=\"page\">\n\t\t\t\t\t\t<section class=\"elementor-section elementor-top-section elementor-element elementor-element-199abba elementor-section-boxed elementor-section-height-default elementor-section-height-default\" data-id=\"199abba\" data-element_type=\"section\">\n\t\t\t\t\t\t<div class=\"elementor-container elementor-column-gap-default\">\n\t\t\t\t\t<div class=\"elementor-column elementor-col-100 elementor-top-column elementor-element elementor-element-004fd28\" data-id=\"004fd28\" data-element_type=\"column\">\n\t\t\t<div class=\"elementor-widget-wrap elementor-element-populated\">\n\t\t\t\t\t\t<section class=\"elementor-section elementor-inner-section elementor-element elementor-element-c96855a elementor-section-boxed elementor-section-height-default elementor-section-height-default\" data-id=\"c96855a\" data-element_type=\"section\">\n\t\t\t\t\t\t<div class=\"elementor-container elementor-column-gap-default\">\n\t\t\t\t\t<div class=\"elementor-column elementor-col-50 elementor-inner-column elementor-element elementor-element-3d515de\" data-id=\"3d515de\" data-element_type=\"column\">\n\t\t\t<div class=\"elementor-widget-wrap elementor-element-populated\">\n\t\t\t\t\t\t<div class=\"elementor-element elementor-element-12a5aa2 elementor-widget elementor-widget-text-editor\" data-id=\"12a5aa2\" data-element_type=\"widget\" data-widget_type=\"text-editor.default\">\n\t\t\t\t<div class=\"elementor-widget-container\">\n\t\t\t\t\t\t\t\t\t<p><strong>S\u0131n\u0131f Dan\u0131\u015fmanl\u0131klar\u0131<\/strong><\/p><p>S\u0131n\u0131f dan\u0131\u015fmanlar\u0131m\u0131z<a href=\"https:\/\/atauni.edu.tr\/yuklemeler\/47b97615f3b321a1073fd043d69c1705.pdf\"> Atat\u00fcrk \u00dcniversitesi Dan\u0131\u015fmanl\u0131k Uygulama Esaslar\u0131<\/a> gere\u011fince b\u00f6l\u00fcm\u00fcm\u00fcze kay\u0131t yapt\u0131ran \u00f6\u011frencilerimize 4 y\u0131ll\u0131k lisans \u00f6\u011frenimleri s\u00fcresince ders se\u00e7imi, \u00f6\u011frenci hareketlili\u011fi, kariyer planlama vb. konularda rehberlik etmek \u00fczere her s\u0131n\u0131f d\u00fczeyi i\u00e7in g\u00f6revlendirilen <strong>1 \u00f6\u011fretim \u00fcyesinden<\/strong> olu\u015fmaktad\u0131r.\u00a0<\/p>\t\t\t\t\t\t\t\t<\/div>\n\t\t\t\t<\/div>\n\t\t\t\t\t<\/div>\n\t\t<\/div>\n\t\t\t\t<div class=\"elementor-column elementor-col-50 elementor-inner-column elementor-element elementor-element-4e14c17\" data-id=\"4e14c17\" data-element_type=\"column\">\n\t\t\t<div class=\"elementor-widget-wrap elementor-element-populated\">\n\t\t\t\t\t\t<div class=\"elementor-element elementor-element-5844279 elementor-widget elementor-widget-image\" data-id=\"5844279\" data-element_type=\"widget\" data-widget_type=\"image.default\">\n\t\t\t\t<div class=\"elementor-widget-container\">\n\t\t\t\t\t\t\t\t\t\t\t\t\t\t\t<img fetchpriority=\"high\" decoding=\"async\" width=\"452\" height=\"223\" src=\"https:\/\/atauni.edu.tr\/molekuler-biyoloji-ve-genetik\/wp-content\/uploads\/sites\/141\/2023\/11\/dasd-1.jpg\" class=\"attachment-large size-large wp-image-8537\" alt=\"\" srcset=\"https:\/\/atauni.edu.tr\/molekuler-biyoloji-ve-genetik\/wp-content\/uploads\/sites\/141\/2023\/11\/dasd-1.jpg 452w, https:\/\/atauni.edu.tr\/molekuler-biyoloji-ve-genetik\/wp-content\/uploads\/sites\/141\/2023\/11\/dasd-1-300x148.jpg 300w\" sizes=\"(max-width: 452px) 100vw, 452px\" \/>\t\t\t\t\t\t\t\t\t\t\t\t\t\t\t<\/div>\n\t\t\t\t<\/div>\n\t\t\t\t\t<\/div>\n\t\t<\/div>\n\t\t\t\t\t<\/div>\n\t\t<\/section>\n\t\t\t\t\t<\/div>\n\t\t<\/div>\n\t\t\t\t\t<\/div>\n\t\t<\/section>\n\t\t\t\t<section class=\"elementor-section elementor-top-section elementor-element elementor-element-30c540f elementor-section-boxed elementor-section-height-default elementor-section-height-default\" data-id=\"30c540f\" data-element_type=\"section\">\n\t\t\t\t\t\t<div class=\"elementor-container elementor-column-gap-default\">\n\t\t\t\t\t<div class=\"elementor-column elementor-col-100 elementor-top-column elementor-element elementor-element-0545c9e\" data-id=\"0545c9e\" data-element_type=\"column\">\n\t\t\t<div class=\"elementor-widget-wrap elementor-element-populated\">\n\t\t\t\t\t\t<section class=\"elementor-section elementor-inner-section elementor-element elementor-element-162b3e4 elementor-section-boxed elementor-section-height-default elementor-section-height-default\" data-id=\"162b3e4\" data-element_type=\"section\">\n\t\t\t\t\t\t<div class=\"elementor-container elementor-column-gap-default\">\n\t\t\t\t\t<div class=\"elementor-column elementor-col-50 elementor-inner-column elementor-element elementor-element-8a343f3\" data-id=\"8a343f3\" data-element_type=\"column\">\n\t\t\t<div class=\"elementor-widget-wrap elementor-element-populated\">\n\t\t\t\t\t\t<div class=\"elementor-element elementor-element-c26c733 elementor-widget elementor-widget-text-editor\" data-id=\"c26c733\" data-element_type=\"widget\" data-widget_type=\"text-editor.default\">\n\t\t\t\t<div class=\"elementor-widget-container\">\n\t\t\t\t\t\t\t\t\t<p><strong>Akademik Dan\u0131\u015fmanl\u0131klar<\/strong><\/p><p>B\u00f6l\u00fcm\u00fcm\u00fcz\u00fc tercih eden \u00f6\u011frencilerin \u00fcniversite ya\u015famlar\u0131nda ve daha sonras\u0131nda bilin\u00e7li karar alabilmelerini sa\u011flayabilmek i\u00e7in onlar\u0131 do\u011fru bilgilendirmek, akademik ve mesleki ilgi alanlar\u0131na y\u00f6nlendirebilmek amac\u0131yla 2019 y\u0131l\u0131 g\u00fcz d\u00f6nemi itibariyle s\u0131n\u0131f dan\u0131\u015fmanl\u0131klar\u0131na ek olarak\u00a0<strong>Akademik Dan\u0131\u015fmanl\u0131k<\/strong>\u00a0uygulanmaktad\u0131r.\u00a0<\/p><p>Akademik kadromuzda yer alan\u00a0<strong>\u00f6\u011fretim \u00fcyelerimiz<\/strong>\u00a0haftal\u0131k programlar\u0131n\u0131n en az 2 saatini bu uygulamada sorumlu olduklar\u0131 \u00f6\u011frencilere rezerve etmi\u015flerdir.<\/p>\t\t\t\t\t\t\t\t<\/div>\n\t\t\t\t<\/div>\n\t\t\t\t\t<\/div>\n\t\t<\/div>\n\t\t\t\t<div class=\"elementor-column elementor-col-50 elementor-inner-column elementor-element elementor-element-83f4323\" data-id=\"83f4323\" data-element_type=\"column\">\n\t\t\t<div class=\"elementor-widget-wrap elementor-element-populated\">\n\t\t\t\t\t\t<div class=\"elementor-element elementor-element-ec2f57f elementor-absolute elementor-widget elementor-widget-image\" data-id=\"ec2f57f\" data-element_type=\"widget\" data-settings=\"{&quot;_position&quot;:&quot;absolute&quot;}\" data-widget_type=\"image.default\">\n\t\t\t\t<div class=\"elementor-widget-container\">\n\t\t\t\t\t\t\t\t\t\t\t\t\t\t\t<img decoding=\"async\" width=\"772\" height=\"427\" src=\"https:\/\/atauni.edu.tr\/molekuler-biyoloji-ve-genetik\/wp-content\/uploads\/sites\/141\/2022\/05\/asss.jpg\" class=\"attachment-large size-large wp-image-7186\" alt=\"\" srcset=\"https:\/\/atauni.edu.tr\/molekuler-biyoloji-ve-genetik\/wp-content\/uploads\/sites\/141\/2022\/05\/asss.jpg 772w, https:\/\/atauni.edu.tr\/molekuler-biyoloji-ve-genetik\/wp-content\/uploads\/sites\/141\/2022\/05\/asss-300x166.jpg 300w, https:\/\/atauni.edu.tr\/molekuler-biyoloji-ve-genetik\/wp-content\/uploads\/sites\/141\/2022\/05\/asss-768x425.jpg 768w, https:\/\/atauni.edu.tr\/molekuler-biyoloji-ve-genetik\/wp-content\/uploads\/sites\/141\/2022\/05\/asss-600x332.jpg 600w, https:\/\/atauni.edu.tr\/molekuler-biyoloji-ve-genetik\/wp-content\/uploads\/sites\/141\/2022\/05\/asss-560x310.jpg 560w\" sizes=\"(max-width: 772px) 100vw, 772px\" \/>\t\t\t\t\t\t\t\t\t\t\t\t\t\t\t<\/div>\n\t\t\t\t<\/div>\n\t\t\t\t\t<\/div>\n\t\t<\/div>\n\t\t\t\t\t<\/div>\n\t\t<\/section>\n\t\t\t\t\t<\/div>\n\t\t<\/div>\n\t\t\t\t\t<\/div>\n\t\t<\/section>\n\t\t\t\t<section class=\"elementor-section elementor-top-section elementor-element elementor-element-7b49a69 elementor-section-boxed elementor-section-height-default elementor-section-height-default\" data-id=\"7b49a69\" data-element_type=\"section\">\n\t\t\t\t\t\t<div class=\"elementor-container elementor-column-gap-default\">\n\t\t\t\t\t<div class=\"elementor-column elementor-col-100 elementor-top-column elementor-element elementor-element-b56fa5e\" data-id=\"b56fa5e\" data-element_type=\"column\">\n\t\t\t<div class=\"elementor-widget-wrap elementor-element-populated\">\n\t\t\t\t\t\t<div class=\"elementor-element elementor-element-c798f61 elementor-widget elementor-widget-text-editor\" data-id=\"c798f61\" data-element_type=\"widget\" data-widget_type=\"text-editor.default\">\n\t\t\t\t<div class=\"elementor-widget-container\">\n\t\t\t\t\t\t\t\t\t<p><strong>\u00c7ift Anadal Yandal Koordinat\u00f6r\u00fc<\/strong>: Prof. Dr. Ahmet ADIG\u00dcZEL<\/p>\t\t\t\t\t\t\t\t<\/div>\n\t\t\t\t<\/div>\n\t\t\t\t\t<\/div>\n\t\t<\/div>\n\t\t\t\t\t<\/div>\n\t\t<\/section>\n\t\t\t\t<\/div>\n\t\t","protected":false},"excerpt":{"rendered":"<p>S\u0131n\u0131f Dan\u0131\u015fmanl\u0131klar\u0131 S\u0131n\u0131f dan\u0131\u015fmanlar\u0131m\u0131z Atat\u00fcrk \u00dcniversitesi Dan\u0131\u015fmanl\u0131k Uygulama Esaslar\u0131 gere\u011fince b\u00f6l\u00fcm\u00fcm\u00fcze kay\u0131t yapt\u0131ran \u00f6\u011frencilerimize 4 y\u0131ll\u0131k lisans \u00f6\u011frenimleri s\u00fcresince ders se\u00e7imi, \u00f6\u011frenci hareketlili\u011fi, kariyer planlama vb. konularda rehberlik etmek \u00fczere her s\u0131n\u0131f d\u00fczeyi i\u00e7in g\u00f6revlendirilen 1 \u00f6\u011fretim \u00fcyesinden olu\u015fmaktad\u0131r.\u00a0 Akademik Dan\u0131\u015fmanl\u0131klar B\u00f6l\u00fcm\u00fcm\u00fcz\u00fc tercih eden \u00f6\u011frencilerin \u00fcniversite ya\u015famlar\u0131nda ve daha sonras\u0131nda bilin\u00e7li karar alabilmelerini sa\u011flayabilmek i\u00e7in [&hellip;]<\/p>\n","protected":false},"author":285,"featured_media":0,"parent":0,"menu_order":0,"comment_status":"closed","ping_status":"closed","template":"","meta":{"footnotes":""},"class_list":["post-7180","page","type-page","status-publish","hentry"],"_links":{"self":[{"href":"https:\/\/atauni.edu.tr\/molekuler-biyoloji-ve-genetik\/wp-json\/wp\/v2\/pages\/7180","targetHints":{"allow":["GET"]}}],"collection":[{"href":"https:\/\/atauni.edu.tr\/molekuler-biyoloji-ve-genetik\/wp-json\/wp\/v2\/pages"}],"about":[{"href":"https:\/\/atauni.edu.tr\/molekuler-biyoloji-ve-genetik\/wp-json\/wp\/v2\/types\/page"}],"author":[{"embeddable":true,"href":"https:\/\/atauni.edu.tr\/molekuler-biyoloji-ve-genetik\/wp-json\/wp\/v2\/users\/285"}],"replies":[{"embeddable":true,"href":"https:\/\/atauni.edu.tr\/molekuler-biyoloji-ve-genetik\/wp-json\/wp\/v2\/comments?post=7180"}],"version-history":[{"count":59,"href":"https:\/\/atauni.edu.tr\/molekuler-biyoloji-ve-genetik\/wp-json\/wp\/v2\/pages\/7180\/revisions"}],"predecessor-version":[{"id":8540,"href":"https:\/\/atauni.edu.tr\/molekuler-biyoloji-ve-genetik\/wp-json\/wp\/v2\/pages\/7180\/revisions\/8540"}],"wp:attachment":[{"href":"https:\/\/atauni.edu.tr\/molekuler-biyoloji-ve-genetik\/wp-json\/wp\/v2\/media?parent=7180"}],"curies":[{"name":"wp","href":"https:\/\/api.w.org\/{rel}","templated":true}]}}