{"id":7674,"date":"2022-06-03T14:29:13","date_gmt":"2022-06-03T11:29:13","guid":{"rendered":"https:\/\/birimler.atauni.edu.tr\/molekuler-biyoloji-ve-genetik\/?page_id=7674"},"modified":"2022-06-06T09:03:12","modified_gmt":"2022-06-06T06:03:12","slug":"yonetmelik-ve-mevzuatlar","status":"publish","type":"page","link":"https:\/\/atauni.edu.tr\/molekuler-biyoloji-ve-genetik\/yonetmelik-ve-mevzuatlar\/","title":{"rendered":"Y\u00f6netmelik ve Mevzuatlar"},"content":{"rendered":"\t\t<div data-elementor-type=\"wp-page\" data-elementor-id=\"7674\" class=\"elementor elementor-7674\" data-elementor-post-type=\"page\">\n\t\t\t\t\t\t<section class=\"elementor-section elementor-top-section elementor-element elementor-element-1a765ca elementor-section-boxed elementor-section-height-default elementor-section-height-default\" data-id=\"1a765ca\" data-element_type=\"section\">\n\t\t\t\t\t\t<div class=\"elementor-container elementor-column-gap-default\">\n\t\t\t\t\t<div class=\"elementor-column elementor-col-100 elementor-top-column elementor-element elementor-element-5516625\" data-id=\"5516625\" data-element_type=\"column\">\n\t\t\t<div class=\"elementor-widget-wrap elementor-element-populated\">\n\t\t\t\t\t\t<div class=\"elementor-element elementor-element-696fee4 elementor-widget elementor-widget-text-editor\" data-id=\"696fee4\" data-element_type=\"widget\" data-widget_type=\"text-editor.default\">\n\t\t\t\t<div class=\"elementor-widget-container\">\n\t\t\t\t\t\t\t\t\t<p>Fen Fak\u00fcltesi Lisans E\u011fitim-\u00d6\u011fretim ve S\u0131nav Uygulama Esaslar\u0131&#8217;na <a href=\"http:\/\/birimler.atauni.edu.tr\/fen-fakultesi\/wp-content\/uploads\/sites\/60\/2020\/07\/Fen-Fakultesi-Uygulama-Esaslari-Esaslari.pdf\">bu ba\u011flant\u0131dan<\/a> ula\u015fabilirsiniz.<\/p>\n<p>E\u011fitim-\u00d6\u011fretim Mevzuat\u0131nda yer alan di\u011fer t\u00fcm <b>Kanun, Y\u00f6netmelik ve Y\u00f6nergeler <\/b>ile <b>Uygulama Esaslar\u0131na<\/b> Atat\u00fcrk \u00dcniversitesi \u00d6\u011frenci \u0130\u015fleri Daire Ba\u015fkanl\u0131\u011f\u0131 <a href=\"https:\/\/atauni.edu.tr\/tr\/egitim-ogretim-mevzuati-9\">web sayfas\u0131ndan<\/a> ula\u015fabilirsiniz.<\/p>\t\t\t\t\t\t\t\t<\/div>\n\t\t\t\t<\/div>\n\t\t\t\t\t<\/div>\n\t\t<\/div>\n\t\t\t\t\t<\/div>\n\t\t<\/section>\n\t\t\t\t<\/div>\n\t\t","protected":false},"excerpt":{"rendered":"<p>Fen Fak\u00fcltesi Lisans E\u011fitim-\u00d6\u011fretim ve S\u0131nav Uygulama Esaslar\u0131&#8217;na bu ba\u011flant\u0131dan ula\u015fabilirsiniz. E\u011fitim-\u00d6\u011fretim Mevzuat\u0131nda yer alan di\u011fer t\u00fcm Kanun, Y\u00f6netmelik ve Y\u00f6nergeler ile Uygulama Esaslar\u0131na Atat\u00fcrk \u00dcniversitesi \u00d6\u011frenci \u0130\u015fleri Daire Ba\u015fkanl\u0131\u011f\u0131 web sayfas\u0131ndan ula\u015fabilirsiniz.<\/p>\n","protected":false},"author":285,"featured_media":0,"parent":0,"menu_order":0,"comment_status":"closed","ping_status":"closed","template":"","meta":{"footnotes":""},"class_list":["post-7674","page","type-page","status-publish","hentry"],"_links":{"self":[{"href":"https:\/\/atauni.edu.tr\/molekuler-biyoloji-ve-genetik\/wp-json\/wp\/v2\/pages\/7674","targetHints":{"allow":["GET"]}}],"collection":[{"href":"https:\/\/atauni.edu.tr\/molekuler-biyoloji-ve-genetik\/wp-json\/wp\/v2\/pages"}],"about":[{"href":"https:\/\/atauni.edu.tr\/molekuler-biyoloji-ve-genetik\/wp-json\/wp\/v2\/types\/page"}],"author":[{"embeddable":true,"href":"https:\/\/atauni.edu.tr\/molekuler-biyoloji-ve-genetik\/wp-json\/wp\/v2\/users\/285"}],"replies":[{"embeddable":true,"href":"https:\/\/atauni.edu.tr\/molekuler-biyoloji-ve-genetik\/wp-json\/wp\/v2\/comments?post=7674"}],"version-history":[{"count":13,"href":"https:\/\/atauni.edu.tr\/molekuler-biyoloji-ve-genetik\/wp-json\/wp\/v2\/pages\/7674\/revisions"}],"predecessor-version":[{"id":7694,"href":"https:\/\/atauni.edu.tr\/molekuler-biyoloji-ve-genetik\/wp-json\/wp\/v2\/pages\/7674\/revisions\/7694"}],"wp:attachment":[{"href":"https:\/\/atauni.edu.tr\/molekuler-biyoloji-ve-genetik\/wp-json\/wp\/v2\/media?parent=7674"}],"curies":[{"name":"wp","href":"https:\/\/api.w.org\/{rel}","templated":true}]}}