{"id":8168,"date":"2023-10-04T11:02:19","date_gmt":"2023-10-04T08:02:19","guid":{"rendered":"https:\/\/birimler.atauni.edu.tr\/molekuler-biyoloji-ve-genetik\/?page_id=8168"},"modified":"2026-03-03T15:01:37","modified_gmt":"2026-03-03T12:01:37","slug":"egitim-isleri-komisyonu","status":"publish","type":"page","link":"https:\/\/atauni.edu.tr\/molekuler-biyoloji-ve-genetik\/egitim-isleri-komisyonu\/","title":{"rendered":"E\u011fitim \u0130\u015fleri Komisyonu"},"content":{"rendered":"\t\t<div data-elementor-type=\"wp-page\" data-elementor-id=\"8168\" class=\"elementor elementor-8168\" data-elementor-post-type=\"page\">\n\t\t\t\t\t\t<section class=\"elementor-section elementor-top-section elementor-element elementor-element-1f716cd elementor-section-boxed elementor-section-height-default elementor-section-height-default\" data-id=\"1f716cd\" data-element_type=\"section\">\n\t\t\t\t\t\t<div class=\"elementor-container elementor-column-gap-default\">\n\t\t\t\t\t<div class=\"elementor-column elementor-col-100 elementor-top-column elementor-element elementor-element-5d9e389\" data-id=\"5d9e389\" data-element_type=\"column\">\n\t\t\t<div class=\"elementor-widget-wrap elementor-element-populated\">\n\t\t\t\t\t\t<div class=\"elementor-element elementor-element-59043fc elementor-widget elementor-widget-image\" data-id=\"59043fc\" data-element_type=\"widget\" data-widget_type=\"image.default\">\n\t\t\t\t<div class=\"elementor-widget-container\">\n\t\t\t\t\t\t\t\t\t\t\t\t\t\t\t<img fetchpriority=\"high\" decoding=\"async\" width=\"739\" height=\"342\" src=\"https:\/\/atauni.edu.tr\/molekuler-biyoloji-ve-genetik\/wp-content\/uploads\/sites\/141\/2026\/03\/Ekran-Alintisi.png\" class=\"attachment-large size-large wp-image-8969\" alt=\"\" srcset=\"https:\/\/atauni.edu.tr\/molekuler-biyoloji-ve-genetik\/wp-content\/uploads\/sites\/141\/2026\/03\/Ekran-Alintisi.png 739w, https:\/\/atauni.edu.tr\/molekuler-biyoloji-ve-genetik\/wp-content\/uploads\/sites\/141\/2026\/03\/Ekran-Alintisi-300x139.png 300w, https:\/\/atauni.edu.tr\/molekuler-biyoloji-ve-genetik\/wp-content\/uploads\/sites\/141\/2026\/03\/Ekran-Alintisi-600x278.png 600w, https:\/\/atauni.edu.tr\/molekuler-biyoloji-ve-genetik\/wp-content\/uploads\/sites\/141\/2026\/03\/Ekran-Alintisi-560x259.png 560w\" sizes=\"(max-width: 739px) 100vw, 739px\" \/>\t\t\t\t\t\t\t\t\t\t\t\t\t\t\t<\/div>\n\t\t\t\t<\/div>\n\t\t\t\t\t<\/div>\n\t\t<\/div>\n\t\t\t\t\t<\/div>\n\t\t<\/section>\n\t\t\t\t<\/div>\n\t\t","protected":false},"excerpt":{"rendered":"","protected":false},"author":285,"featured_media":0,"parent":0,"menu_order":0,"comment_status":"closed","ping_status":"closed","template":"","meta":{"footnotes":""},"class_list":["post-8168","page","type-page","status-publish","hentry"],"_links":{"self":[{"href":"https:\/\/atauni.edu.tr\/molekuler-biyoloji-ve-genetik\/wp-json\/wp\/v2\/pages\/8168","targetHints":{"allow":["GET"]}}],"collection":[{"href":"https:\/\/atauni.edu.tr\/molekuler-biyoloji-ve-genetik\/wp-json\/wp\/v2\/pages"}],"about":[{"href":"https:\/\/atauni.edu.tr\/molekuler-biyoloji-ve-genetik\/wp-json\/wp\/v2\/types\/page"}],"author":[{"embeddable":true,"href":"https:\/\/atauni.edu.tr\/molekuler-biyoloji-ve-genetik\/wp-json\/wp\/v2\/users\/285"}],"replies":[{"embeddable":true,"href":"https:\/\/atauni.edu.tr\/molekuler-biyoloji-ve-genetik\/wp-json\/wp\/v2\/comments?post=8168"}],"version-history":[{"count":28,"href":"https:\/\/atauni.edu.tr\/molekuler-biyoloji-ve-genetik\/wp-json\/wp\/v2\/pages\/8168\/revisions"}],"predecessor-version":[{"id":8972,"href":"https:\/\/atauni.edu.tr\/molekuler-biyoloji-ve-genetik\/wp-json\/wp\/v2\/pages\/8168\/revisions\/8972"}],"wp:attachment":[{"href":"https:\/\/atauni.edu.tr\/molekuler-biyoloji-ve-genetik\/wp-json\/wp\/v2\/media?parent=8168"}],"curies":[{"name":"wp","href":"https:\/\/api.w.org\/{rel}","templated":true}]}}