{"id":8175,"date":"2023-10-04T11:02:19","date_gmt":"2023-10-04T08:02:19","guid":{"rendered":"https:\/\/birimler.atauni.edu.tr\/molekuler-biyoloji-ve-genetik\/?page_id=8175"},"modified":"2026-04-14T15:57:51","modified_gmt":"2026-04-14T12:57:51","slug":"ic-dis-paydas-ve-mezun-izleme-komisyonu","status":"publish","type":"page","link":"https:\/\/atauni.edu.tr\/molekuler-biyoloji-ve-genetik\/ic-dis-paydas-ve-mezun-izleme-komisyonu\/","title":{"rendered":"\u0130\u00e7-D\u0131\u015f Payda\u015f ve Mezun \u0130zleme Komisyonu"},"content":{"rendered":"\t\t<div data-elementor-type=\"wp-page\" data-elementor-id=\"8175\" class=\"elementor elementor-8175\" data-elementor-post-type=\"page\">\n\t\t\t\t\t\t<section class=\"elementor-section elementor-top-section elementor-element elementor-element-049a87c elementor-section-boxed elementor-section-height-default elementor-section-height-default\" data-id=\"049a87c\" data-element_type=\"section\">\n\t\t\t\t\t\t<div class=\"elementor-container elementor-column-gap-default\">\n\t\t\t\t\t<div class=\"elementor-column elementor-col-100 elementor-top-column elementor-element elementor-element-75ac738\" data-id=\"75ac738\" data-element_type=\"column\">\n\t\t\t<div class=\"elementor-widget-wrap elementor-element-populated\">\n\t\t\t\t\t\t<div class=\"elementor-element elementor-element-a23a482 elementor-widget elementor-widget-text-editor\" data-id=\"a23a482\" data-element_type=\"widget\" data-widget_type=\"text-editor.default\">\n\t\t\t\t<div class=\"elementor-widget-container\">\n\t\t\t\t\t\t\t\t\t<p><strong>\u0130\u00e7-D\u0131\u015f Payda\u015f ve Mezun \u0130zleme Komisyonu<\/strong><\/p><p><img fetchpriority=\"high\" decoding=\"async\" class=\"alignleft size-full wp-image-9044\" src=\"http:\/\/atauni.edu.tr\/molekuler-biyoloji-ve-genetik\/wp-content\/uploads\/sites\/141\/2026\/03\/Ekran-Alintisi-20.png\" alt=\"\" width=\"792\" height=\"272\" srcset=\"https:\/\/atauni.edu.tr\/molekuler-biyoloji-ve-genetik\/wp-content\/uploads\/sites\/141\/2026\/03\/Ekran-Alintisi-20.png 792w, https:\/\/atauni.edu.tr\/molekuler-biyoloji-ve-genetik\/wp-content\/uploads\/sites\/141\/2026\/03\/Ekran-Alintisi-20-300x103.png 300w, https:\/\/atauni.edu.tr\/molekuler-biyoloji-ve-genetik\/wp-content\/uploads\/sites\/141\/2026\/03\/Ekran-Alintisi-20-768x264.png 768w, https:\/\/atauni.edu.tr\/molekuler-biyoloji-ve-genetik\/wp-content\/uploads\/sites\/141\/2026\/03\/Ekran-Alintisi-20-600x206.png 600w, https:\/\/atauni.edu.tr\/molekuler-biyoloji-ve-genetik\/wp-content\/uploads\/sites\/141\/2026\/03\/Ekran-Alintisi-20-560x192.png 560w\" sizes=\"(max-width: 792px) 100vw, 792px\" \/><\/p>\t\t\t\t\t\t\t\t<\/div>\n\t\t\t\t<\/div>\n\t\t\t\t<div class=\"elementor-element elementor-element-29c6c9b elementor-widget elementor-widget-text-editor\" data-id=\"29c6c9b\" data-element_type=\"widget\" data-widget_type=\"text-editor.default\">\n\t\t\t\t<div class=\"elementor-widget-container\">\n\t\t\t\t\t\t\t\t\t<h4 style=\"text-align: left\"><span style=\"color: #000000\"> <b>\u00a0 \u00a0 \u00a0 \u00a0 \u00a0 \u00a0 \u00a0 \u00a0 \u00a0 \u00a0 \u00a0 \u00a0 \u00a0 \u00a0 \u00a0 \u00a0 \u00a0 \u00a0 \u00a0 \u00a0 \u00a0Molek\u00fcler Biyoloji ve Genetik B\u00f6l\u00fcm\u00fc D\u0131\u015f Payda\u015flar\u0131<\/b><\/span><\/h4><p>\u00a0<\/p><table width=\"643\"><tbody><tr><td width=\"217\"><p><span style=\"color: #000000\"><strong>Ad\u0131 Soyad\u0131<\/strong><\/span><\/p><\/td><td width=\"255\"><p><span style=\"color: #000000\"><strong>Kurum<\/strong><\/span><\/p><\/td><td width=\"171\"><p><span style=\"color: #000000\"><strong>G\u00f6rev\/A\u00e7\u0131klama<\/strong><\/span><\/p><\/td><\/tr><tr><td width=\"217\"><p><span style=\"color: #000000\">Prof. Dr. Serkan \u00d6RT\u00dcC\u00dc<\/span><\/p><\/td><td width=\"255\"><p><span style=\"color: #000000\">Erzurum Teknik \u00dcniversitesi &#8211; Molek\u00fcler Biyoloji ve Genetik B\u00f6l\u00fcm\u00fc<\/span><\/p><\/td><td width=\"171\"><p><span style=\"color: #000000\">Akademisyen<\/span><\/p><\/td><\/tr><tr><td width=\"217\"><p><span style=\"color: #000000\">Dr. \u00d6\u011fr. \u00dcyesi Ekrem SULUKAN<\/span><\/p><\/td><td width=\"255\"><p><span style=\"color: #000000\">Atat\u00fcrk \u00dcniversitesi &#8211; Su \u00dcr\u00fcnleri Fak\u00fcltesi<\/span><\/p><\/td><td width=\"171\"><p><span style=\"color: #000000\">Akademisyen<\/span><\/p><\/td><\/tr><tr><td width=\"217\"><p><span style=\"color: #000000\">Asutay CANPOLAT<\/span><\/p><\/td><td width=\"255\"><p><span style=\"color: #000000\">Molgentek Diagnostik Sa\u011fl\u0131k ve Laboratuvar Sistemleri Ltd. \u015eti.<\/span><\/p><\/td><td width=\"171\"><p><span style=\"color: #000000\">Genel M\u00fcd\u00fcr<\/span><\/p><\/td><\/tr><tr><td width=\"217\"><p><span style=\"color: #000000\">\u0130brahim Hakk\u0131 \u015eENEL<\/span><\/p><\/td><td width=\"255\"><p><span style=\"color: #000000\">\u00d6zg\u00fcl E\u011fitim Sa\u011fl\u0131k Hizmetleri Medikal San. ve Ltd. \u015eti.<\/span><\/p><\/td><td width=\"171\"><p><span style=\"color: #000000\">Sat\u0131\u015f Temsilcisi<\/span><\/p><\/td><\/tr><tr><td width=\"217\"><p><span style=\"color: #000000\">O\u011fuzhan \u00dcST\u00dcN<\/span><\/p><\/td><td width=\"255\"><p><span style=\"color: #000000\">Yerlika Biopharma \u0130la\u00e7 San. ve Tic. A.\u015e.<\/span><\/p><\/td><td width=\"171\"><p><span style=\"color: #000000\">Kalite Kontrol Uzman\u0131\/Mezun<\/span><\/p><\/td><\/tr><tr><td width=\"217\"><p><span style=\"color: #000000\">Bar\u0131\u015f \u00c7ALI\u015e<\/span><\/p><\/td><td width=\"255\"><p><span style=\"color: #000000\">Recombiotech Biotechnology<\/span><\/p><\/td><td width=\"171\"><p><span style=\"color: #000000\">Y\u00f6netici\/Mezun<\/span><\/p><\/td><\/tr><tr><td width=\"217\"><p><span style=\"color: #000000\">Murat ISIYEL<\/span><\/p><\/td><td width=\"255\"><p><span style=\"color: #000000\">Atat\u00fcrk \u00dcniversitesi<\/span><\/p><\/td><td width=\"171\"><p><span style=\"color: #000000\">Doktora \u00d6\u011frencisi\/Mezun<\/span><\/p><\/td><\/tr><\/tbody><\/table>\t\t\t\t\t\t\t\t<\/div>\n\t\t\t\t<\/div>\n\t\t\t\t\t<\/div>\n\t\t<\/div>\n\t\t\t\t\t<\/div>\n\t\t<\/section>\n\t\t\t\t<\/div>\n\t\t","protected":false},"excerpt":{"rendered":"<p>\u0130\u00e7-D\u0131\u015f Payda\u015f ve Mezun \u0130zleme Komisyonu \u00a0 \u00a0 \u00a0 \u00a0 \u00a0 \u00a0 \u00a0 \u00a0 \u00a0 \u00a0 \u00a0 \u00a0 \u00a0 \u00a0 \u00a0 \u00a0 \u00a0 \u00a0 \u00a0 \u00a0 \u00a0Molek\u00fcler Biyoloji ve Genetik B\u00f6l\u00fcm\u00fc D\u0131\u015f Payda\u015flar\u0131 \u00a0 Ad\u0131 Soyad\u0131 Kurum G\u00f6rev\/A\u00e7\u0131klama Prof. Dr. Serkan \u00d6RT\u00dcC\u00dc Erzurum Teknik \u00dcniversitesi &#8211; Molek\u00fcler Biyoloji ve Genetik B\u00f6l\u00fcm\u00fc Akademisyen Dr. \u00d6\u011fr. \u00dcyesi [&hellip;]<\/p>\n","protected":false},"author":285,"featured_media":0,"parent":0,"menu_order":0,"comment_status":"closed","ping_status":"closed","template":"","meta":{"footnotes":""},"class_list":["post-8175","page","type-page","status-publish","hentry"],"_links":{"self":[{"href":"https:\/\/atauni.edu.tr\/molekuler-biyoloji-ve-genetik\/wp-json\/wp\/v2\/pages\/8175","targetHints":{"allow":["GET"]}}],"collection":[{"href":"https:\/\/atauni.edu.tr\/molekuler-biyoloji-ve-genetik\/wp-json\/wp\/v2\/pages"}],"about":[{"href":"https:\/\/atauni.edu.tr\/molekuler-biyoloji-ve-genetik\/wp-json\/wp\/v2\/types\/page"}],"author":[{"embeddable":true,"href":"https:\/\/atauni.edu.tr\/molekuler-biyoloji-ve-genetik\/wp-json\/wp\/v2\/users\/285"}],"replies":[{"embeddable":true,"href":"https:\/\/atauni.edu.tr\/molekuler-biyoloji-ve-genetik\/wp-json\/wp\/v2\/comments?post=8175"}],"version-history":[{"count":28,"href":"https:\/\/atauni.edu.tr\/molekuler-biyoloji-ve-genetik\/wp-json\/wp\/v2\/pages\/8175\/revisions"}],"predecessor-version":[{"id":9104,"href":"https:\/\/atauni.edu.tr\/molekuler-biyoloji-ve-genetik\/wp-json\/wp\/v2\/pages\/8175\/revisions\/9104"}],"wp:attachment":[{"href":"https:\/\/atauni.edu.tr\/molekuler-biyoloji-ve-genetik\/wp-json\/wp\/v2\/media?parent=8175"}],"curies":[{"name":"wp","href":"https:\/\/api.w.org\/{rel}","templated":true}]}}