{"id":8179,"date":"2023-10-04T11:02:19","date_gmt":"2023-10-04T08:02:19","guid":{"rendered":"https:\/\/birimler.atauni.edu.tr\/molekuler-biyoloji-ve-genetik\/?page_id=8179"},"modified":"2026-03-03T16:17:40","modified_gmt":"2026-03-03T13:17:40","slug":"akademik-tesvik-ve-akademik-performans-basvuru-inceleme-ve-degerlendirme-komisyonu","status":"publish","type":"page","link":"https:\/\/atauni.edu.tr\/molekuler-biyoloji-ve-genetik\/akademik-tesvik-ve-akademik-performans-basvuru-inceleme-ve-degerlendirme-komisyonu\/","title":{"rendered":"Akademik Te\u015fvik ve Akademik Performans Ba\u015fvuru \u0130nceleme ve De\u011ferlendirme Komisyonu"},"content":{"rendered":"\t\t<div data-elementor-type=\"wp-page\" data-elementor-id=\"8179\" class=\"elementor elementor-8179\" data-elementor-post-type=\"page\">\n\t\t\t\t\t\t<section class=\"elementor-section elementor-top-section elementor-element elementor-element-451bfaf elementor-section-boxed elementor-section-height-default elementor-section-height-default\" data-id=\"451bfaf\" data-element_type=\"section\">\n\t\t\t\t\t\t<div class=\"elementor-container elementor-column-gap-default\">\n\t\t\t\t\t<div class=\"elementor-column elementor-col-100 elementor-top-column elementor-element elementor-element-dbcfbb6\" data-id=\"dbcfbb6\" data-element_type=\"column\">\n\t\t\t<div class=\"elementor-widget-wrap elementor-element-populated\">\n\t\t\t\t\t\t<div class=\"elementor-element elementor-element-c122bf6 elementor-widget elementor-widget-text-editor\" data-id=\"c122bf6\" data-element_type=\"widget\" data-widget_type=\"text-editor.default\">\n\t\t\t\t<div class=\"elementor-widget-container\">\n\t\t\t\t\t\t\t\t\t<p>\u00a0<\/p><p><strong>Akademik Te\u015fvik ve Akademik Performans Ba\u015fvuru \u0130nceleme ve De\u011ferlendirme Komisyonu<\/strong><\/p><p><img fetchpriority=\"high\" decoding=\"async\" class=\"alignleft size-full wp-image-8994\" src=\"http:\/\/atauni.edu.tr\/molekuler-biyoloji-ve-genetik\/wp-content\/uploads\/sites\/141\/2026\/03\/Ekran-Alintisi-7.png\" alt=\"\" width=\"741\" height=\"310\" srcset=\"https:\/\/atauni.edu.tr\/molekuler-biyoloji-ve-genetik\/wp-content\/uploads\/sites\/141\/2026\/03\/Ekran-Alintisi-7.png 741w, https:\/\/atauni.edu.tr\/molekuler-biyoloji-ve-genetik\/wp-content\/uploads\/sites\/141\/2026\/03\/Ekran-Alintisi-7-300x126.png 300w, https:\/\/atauni.edu.tr\/molekuler-biyoloji-ve-genetik\/wp-content\/uploads\/sites\/141\/2026\/03\/Ekran-Alintisi-7-600x251.png 600w, https:\/\/atauni.edu.tr\/molekuler-biyoloji-ve-genetik\/wp-content\/uploads\/sites\/141\/2026\/03\/Ekran-Alintisi-7-560x234.png 560w\" sizes=\"(max-width: 741px) 100vw, 741px\" \/><\/p>\t\t\t\t\t\t\t\t<\/div>\n\t\t\t\t<\/div>\n\t\t\t\t\t<\/div>\n\t\t<\/div>\n\t\t\t\t\t<\/div>\n\t\t<\/section>\n\t\t\t\t<\/div>\n\t\t","protected":false},"excerpt":{"rendered":"<p>\u00a0 Akademik Te\u015fvik ve Akademik Performans Ba\u015fvuru \u0130nceleme ve De\u011ferlendirme Komisyonu<\/p>\n","protected":false},"author":285,"featured_media":0,"parent":0,"menu_order":0,"comment_status":"closed","ping_status":"closed","template":"","meta":{"footnotes":""},"class_list":["post-8179","page","type-page","status-publish","hentry"],"_links":{"self":[{"href":"https:\/\/atauni.edu.tr\/molekuler-biyoloji-ve-genetik\/wp-json\/wp\/v2\/pages\/8179","targetHints":{"allow":["GET"]}}],"collection":[{"href":"https:\/\/atauni.edu.tr\/molekuler-biyoloji-ve-genetik\/wp-json\/wp\/v2\/pages"}],"about":[{"href":"https:\/\/atauni.edu.tr\/molekuler-biyoloji-ve-genetik\/wp-json\/wp\/v2\/types\/page"}],"author":[{"embeddable":true,"href":"https:\/\/atauni.edu.tr\/molekuler-biyoloji-ve-genetik\/wp-json\/wp\/v2\/users\/285"}],"replies":[{"embeddable":true,"href":"https:\/\/atauni.edu.tr\/molekuler-biyoloji-ve-genetik\/wp-json\/wp\/v2\/comments?post=8179"}],"version-history":[{"count":7,"href":"https:\/\/atauni.edu.tr\/molekuler-biyoloji-ve-genetik\/wp-json\/wp\/v2\/pages\/8179\/revisions"}],"predecessor-version":[{"id":8997,"href":"https:\/\/atauni.edu.tr\/molekuler-biyoloji-ve-genetik\/wp-json\/wp\/v2\/pages\/8179\/revisions\/8997"}],"wp:attachment":[{"href":"https:\/\/atauni.edu.tr\/molekuler-biyoloji-ve-genetik\/wp-json\/wp\/v2\/media?parent=8179"}],"curies":[{"name":"wp","href":"https:\/\/api.w.org\/{rel}","templated":true}]}}