{"id":8542,"date":"2023-11-16T11:05:30","date_gmt":"2023-11-16T08:05:30","guid":{"rendered":"https:\/\/birimler.atauni.edu.tr\/molekuler-biyoloji-ve-genetik\/?page_id=8542"},"modified":"2023-11-16T11:12:30","modified_gmt":"2023-11-16T08:12:30","slug":"formasyon-egitimi-sinav-programi","status":"publish","type":"page","link":"https:\/\/atauni.edu.tr\/molekuler-biyoloji-ve-genetik\/formasyon-egitimi-sinav-programi\/","title":{"rendered":"Formasyon E\u011fitimi S\u0131nav Program\u0131"},"content":{"rendered":"\t\t<div data-elementor-type=\"wp-page\" data-elementor-id=\"8542\" class=\"elementor elementor-8542\" data-elementor-post-type=\"page\">\n\t\t\t\t\t\t<section class=\"elementor-section elementor-top-section elementor-element elementor-element-555661e elementor-section-boxed elementor-section-height-default elementor-section-height-default\" data-id=\"555661e\" data-element_type=\"section\">\n\t\t\t\t\t\t<div class=\"elementor-container elementor-column-gap-default\">\n\t\t\t\t\t<div class=\"elementor-column elementor-col-100 elementor-top-column elementor-element elementor-element-1de78bc\" data-id=\"1de78bc\" data-element_type=\"column\">\n\t\t\t<div class=\"elementor-widget-wrap elementor-element-populated\">\n\t\t\t\t\t\t<div class=\"elementor-element elementor-element-d5eaf7a elementor-widget elementor-widget-text-editor\" data-id=\"d5eaf7a\" data-element_type=\"widget\" data-widget_type=\"text-editor.default\">\n\t\t\t\t<div class=\"elementor-widget-container\">\n\t\t\t\t\t\t\t\t\t<p>**S\u0131nav programlar\u0131n\u0131 g\u00f6rebilmek i\u00e7in bekleyiniz veya sayfay\u0131 yenileyiniz.<\/p>\t\t\t\t\t\t\t\t<\/div>\n\t\t\t\t<\/div>\n\t\t\t\t<section class=\"elementor-section elementor-inner-section elementor-element elementor-element-59d8c0f elementor-section-boxed elementor-section-height-default elementor-section-height-default\" data-id=\"59d8c0f\" data-element_type=\"section\">\n\t\t\t\t\t\t<div class=\"elementor-container elementor-column-gap-default\">\n\t\t\t\t\t<div class=\"elementor-column elementor-col-50 elementor-inner-column elementor-element elementor-element-10eb94f\" data-id=\"10eb94f\" data-element_type=\"column\">\n\t\t\t<div class=\"elementor-widget-wrap elementor-element-populated\">\n\t\t\t\t\t\t<div class=\"elementor-element elementor-element-8a115ad elementor-widget elementor-widget-text-editor\" data-id=\"8a115ad\" data-element_type=\"widget\" data-widget_type=\"text-editor.default\">\n\t\t\t\t<div class=\"elementor-widget-container\">\n\t\t\t\t\t\t\t\t\t<p style=\"text-align: center\"><span style=\"color: #333333\"><strong>L\u0130SANS FORMASYON PROGRAMI G\u00dcZ D\u00d6NEM\u0130 ARA SINAV PROGRAMI<\/strong><\/span><\/p>\t\t\t\t\t\t\t\t<\/div>\n\t\t\t\t<\/div>\n\t\t\t\t\t<\/div>\n\t\t<\/div>\n\t\t\t\t<div class=\"elementor-column elementor-col-50 elementor-inner-column elementor-element elementor-element-5518da6\" data-id=\"5518da6\" data-element_type=\"column\">\n\t\t\t<div class=\"elementor-widget-wrap elementor-element-populated\">\n\t\t\t\t\t\t<div class=\"elementor-element elementor-element-69efd4a elementor-widget elementor-widget-text-editor\" data-id=\"69efd4a\" data-element_type=\"widget\" data-widget_type=\"text-editor.default\">\n\t\t\t\t<div class=\"elementor-widget-container\">\n\t\t\t\t\t\t\t\t\t<p style=\"text-align: center\"><span style=\"color: #333333\"><strong>L\u0130SANS FORMASYON PROGRAMI BAHAR D\u00d6NEM\u0130 ARA SINAV PROGRAMI<\/strong><\/span><\/p>\t\t\t\t\t\t\t\t<\/div>\n\t\t\t\t<\/div>\n\t\t\t\t\t<\/div>\n\t\t<\/div>\n\t\t\t\t\t<\/div>\n\t\t<\/section>\n\t\t\t\t<section class=\"elementor-section elementor-inner-section elementor-element elementor-element-ef7c300 elementor-section-boxed elementor-section-height-default elementor-section-height-default\" data-id=\"ef7c300\" data-element_type=\"section\">\n\t\t\t\t\t\t<div class=\"elementor-container elementor-column-gap-default\">\n\t\t\t\t\t<div class=\"elementor-column elementor-col-50 elementor-inner-column elementor-element elementor-element-db62378\" data-id=\"db62378\" data-element_type=\"column\">\n\t\t\t<div class=\"elementor-widget-wrap elementor-element-populated\">\n\t\t\t\t\t\t<div class=\"elementor-element elementor-element-a9873aa elementor-widget elementor-widget-pdf_viewer\" data-id=\"a9873aa\" data-element_type=\"widget\" data-widget_type=\"pdf_viewer.default\">\n\t\t\t\t<div class=\"elementor-widget-container\">\n\t\t\t\t\t<iframe src=\"https:\/\/docs.google.com\/viewer?url=http:\/\/birimler.atauni.edu.tr\/molekuler-biyoloji-ve-genetik\/wp-content\/uploads\/sites\/141\/2023\/11\/guz-donemi-sinav-programi.docx&amp;embedded=true\" style=\"display: block; margin-left: auto; margin-right: auto; width: 640px; height: 1020px;\" frameborder=\"1\" marginheight=\"0px\" marginwidth=\"0px\" allowfullscreen><\/iframe>\t\t\t\t<\/div>\n\t\t\t\t<\/div>\n\t\t\t\t\t<\/div>\n\t\t<\/div>\n\t\t\t\t<div class=\"elementor-column elementor-col-50 elementor-inner-column elementor-element elementor-element-700ec84\" data-id=\"700ec84\" data-element_type=\"column\">\n\t\t\t<div class=\"elementor-widget-wrap elementor-element-populated\">\n\t\t\t\t\t\t<div class=\"elementor-element elementor-element-6293c7e elementor-widget elementor-widget-pdf_viewer\" data-id=\"6293c7e\" data-element_type=\"widget\" data-widget_type=\"pdf_viewer.default\">\n\t\t\t\t<div class=\"elementor-widget-container\">\n\t\t\t\t\t<iframe src=\"https:\/\/docs.google.com\/viewer?url=http:\/\/birimler.atauni.edu.tr\/molekuler-biyoloji-ve-genetik\/wp-content\/uploads\/sites\/141\/2023\/11\/LISANS-FORMASYON-PROGRAMI-BAHAR-DONEMI-ARA-SINAV-PROGRAMI.pdf&amp;embedded=true\" style=\"display: block; margin-left: auto; margin-right: auto; width: 640px; height: 1020px;\" frameborder=\"1\" marginheight=\"0px\" marginwidth=\"0px\" allowfullscreen><\/iframe>\t\t\t\t<\/div>\n\t\t\t\t<\/div>\n\t\t\t\t\t<\/div>\n\t\t<\/div>\n\t\t\t\t\t<\/div>\n\t\t<\/section>\n\t\t\t\t\t<\/div>\n\t\t<\/div>\n\t\t\t\t\t<\/div>\n\t\t<\/section>\n\t\t\t\t<\/div>\n\t\t","protected":false},"excerpt":{"rendered":"<p>**S\u0131nav programlar\u0131n\u0131 g\u00f6rebilmek i\u00e7in bekleyiniz veya sayfay\u0131 yenileyiniz. L\u0130SANS FORMASYON PROGRAMI G\u00dcZ D\u00d6NEM\u0130 ARA SINAV PROGRAMI L\u0130SANS FORMASYON PROGRAMI BAHAR D\u00d6NEM\u0130 ARA SINAV PROGRAMI<\/p>\n","protected":false},"author":285,"featured_media":0,"parent":0,"menu_order":0,"comment_status":"closed","ping_status":"closed","template":"","meta":{"footnotes":""},"class_list":["post-8542","page","type-page","status-publish","hentry"],"_links":{"self":[{"href":"https:\/\/atauni.edu.tr\/molekuler-biyoloji-ve-genetik\/wp-json\/wp\/v2\/pages\/8542","targetHints":{"allow":["GET"]}}],"collection":[{"href":"https:\/\/atauni.edu.tr\/molekuler-biyoloji-ve-genetik\/wp-json\/wp\/v2\/pages"}],"about":[{"href":"https:\/\/atauni.edu.tr\/molekuler-biyoloji-ve-genetik\/wp-json\/wp\/v2\/types\/page"}],"author":[{"embeddable":true,"href":"https:\/\/atauni.edu.tr\/molekuler-biyoloji-ve-genetik\/wp-json\/wp\/v2\/users\/285"}],"replies":[{"embeddable":true,"href":"https:\/\/atauni.edu.tr\/molekuler-biyoloji-ve-genetik\/wp-json\/wp\/v2\/comments?post=8542"}],"version-history":[{"count":16,"href":"https:\/\/atauni.edu.tr\/molekuler-biyoloji-ve-genetik\/wp-json\/wp\/v2\/pages\/8542\/revisions"}],"predecessor-version":[{"id":8563,"href":"https:\/\/atauni.edu.tr\/molekuler-biyoloji-ve-genetik\/wp-json\/wp\/v2\/pages\/8542\/revisions\/8563"}],"wp:attachment":[{"href":"https:\/\/atauni.edu.tr\/molekuler-biyoloji-ve-genetik\/wp-json\/wp\/v2\/media?parent=8542"}],"curies":[{"name":"wp","href":"https:\/\/api.w.org\/{rel}","templated":true}]}}