{"id":5751,"date":"2021-07-13T12:50:27","date_gmt":"2021-07-13T09:50:27","guid":{"rendered":"https:\/\/portaltest.atauni.edu.tr\/bilgisayar-muhendisligi\/?page_id=5751"},"modified":"2021-08-27T15:49:39","modified_gmt":"2021-08-27T12:49:39","slug":"lisansustu-ders-listesi","status":"publish","type":"page","link":"https:\/\/atauni.edu.tr\/muhasebe-ve-vergi-uygulamalari-programi-4\/lisansustu-ders-listesi\/","title":{"rendered":"Ders Listesi"},"content":{"rendered":"\t\t<div data-elementor-type=\"wp-page\" data-elementor-id=\"5751\" class=\"elementor elementor-5751\" data-elementor-post-type=\"page\">\n\t\t\t\t\t\t<section class=\"elementor-section elementor-top-section elementor-element elementor-element-730d320 elementor-section-boxed elementor-section-height-default elementor-section-height-default\" data-id=\"730d320\" data-element_type=\"section\">\n\t\t\t\t\t\t<div class=\"elementor-container elementor-column-gap-default\">\n\t\t\t\t\t<div class=\"elementor-column elementor-col-100 elementor-top-column elementor-element elementor-element-753d0860\" data-id=\"753d0860\" data-element_type=\"column\">\n\t\t\t<div class=\"elementor-widget-wrap\">\n\t\t\t\t\t\t\t<\/div>\n\t\t<\/div>\n\t\t\t\t\t<\/div>\n\t\t<\/section>\n\t\t\t\t<section class=\"elementor-section elementor-top-section elementor-element elementor-element-9be811a elementor-section-boxed elementor-section-height-default elementor-section-height-default\" data-id=\"9be811a\" data-element_type=\"section\">\n\t\t\t\t\t\t<div class=\"elementor-container elementor-column-gap-default\">\n\t\t\t\t\t<div class=\"elementor-column elementor-col-100 elementor-top-column elementor-element elementor-element-1ed847b7\" data-id=\"1ed847b7\" data-element_type=\"column\">\n\t\t\t<div class=\"elementor-widget-wrap elementor-element-populated\">\n\t\t\t\t\t\t<div class=\"elementor-element elementor-element-4ce0d07f elementor-widget elementor-widget-heading\" data-id=\"4ce0d07f\" data-element_type=\"widget\" data-widget_type=\"heading.default\">\n\t\t\t\t<div class=\"elementor-widget-container\">\n\t\t\t\t\t<h2 class=\"elementor-heading-title elementor-size-default\">Lisans\u00fcst\u00fc Ders Listesi<\/h2>\t\t\t\t<\/div>\n\t\t\t\t<\/div>\n\t\t\t\t<div class=\"elementor-element elementor-element-63260862 elementor-widget-divider--view-line elementor-widget elementor-widget-divider\" data-id=\"63260862\" data-element_type=\"widget\" data-widget_type=\"divider.default\">\n\t\t\t\t<div class=\"elementor-widget-container\">\n\t\t\t\t\t\t\t<div class=\"elementor-divider\">\n\t\t\t<span class=\"elementor-divider-separator\">\n\t\t\t\t\t\t<\/span>\n\t\t<\/div>\n\t\t\t\t\t\t<\/div>\n\t\t\t\t<\/div>\n\t\t\t\t\t<\/div>\n\t\t<\/div>\n\t\t\t\t\t<\/div>\n\t\t<\/section>\n\t\t\t\t<section class=\"elementor-section elementor-top-section elementor-element elementor-element-6a5b7ef elementor-section-boxed elementor-section-height-default elementor-section-height-default\" data-id=\"6a5b7ef\" data-element_type=\"section\">\n\t\t\t\t\t\t<div class=\"elementor-container elementor-column-gap-default\">\n\t\t\t\t\t<div class=\"elementor-column elementor-col-100 elementor-top-column elementor-element elementor-element-ce70762\" data-id=\"ce70762\" data-element_type=\"column\">\n\t\t\t<div class=\"elementor-widget-wrap elementor-element-populated\">\n\t\t\t\t\t\t<div class=\"elementor-element elementor-element-b780842 elementor-widget elementor-widget-text-editor\" data-id=\"b780842\" data-element_type=\"widget\" data-widget_type=\"text-editor.default\">\n\t\t\t\t<div class=\"elementor-widget-container\">\n\t\t\t\t\t\t\t\t\t<html>\n<p>Atat\u00fcrk \u00dcniversitesi Muhasebe ve Vergi Uygulamalar\u0131 Program\u0131, \u00f6\u011frencilere muhasebe ve vergi alanlar\u0131nda kapsaml\u0131 bir e\u011fitim sunar. Ders listesi, bu alanda temel ve ileri d\u00fczey konular\u0131 i\u00e7erecek \u015fekilde tasarlanm\u0131\u015ft\u0131r.<\/p>\n\n<p>Dersler aras\u0131nda; genel muhasebe, maliyet muhasebesi, finansal raporlama, vergi hukuku, gelir vergisi, kurumlar vergisi, katma de\u011fer vergisi gibi ana ba\u015fl\u0131klar bulunur. Ayr\u0131ca, program \u00f6\u011frencilerin pratik becerilerini geli\u015ftirmelerine yard\u0131mc\u0131 olmak amac\u0131yla uygulama \u00e7al\u0131\u015fmalar\u0131 da i\u00e7erir.<\/p>\n\n<p>\u00d6\u011frenciler, muhasebe ilkelerini \u00f6\u011frenirken ayn\u0131 zamanda vergi mevzuat\u0131n\u0131 ve uygulamalar\u0131n\u0131 da derinlemesine inceleyerek sekt\u00f6rde gereken uzmanl\u0131\u011fa sahip olurlar. Program\u0131n ders i\u00e7eri\u011fi, \u00f6\u011frencilere teorik bilginin yan\u0131 s\u0131ra sekt\u00f6rel deneyim kazand\u0131rmay\u0131 hedefler.<\/p>\n\n<p>Atat\u00fcrk \u00dcniversitesi Muhasebe ve Vergi Uygulamalar\u0131 Program\u0131n\u0131n amac\u0131, mezunlar\u0131n\u0131n muhasebe ve vergi alanlar\u0131nda lider konumda olmalar\u0131n\u0131 sa\u011flamakt\u0131r. Bu nedenle, program\u0131n ders listesi s\u00fcrekli g\u00fcncellenerek sekt\u00f6r\u00fcn ihtiya\u00e7lar\u0131na uygun bir \u015fekilde d\u00fczenlenir.<\/p>\n<\/html>\t\t\t\t\t\t\t\t<\/div>\n\t\t\t\t<\/div>\n\t\t\t\t\t<\/div>\n\t\t<\/div>\n\t\t\t\t\t<\/div>\n\t\t<\/section>\n\t\t\t\t<\/div>\n\t\t","protected":false},"excerpt":{"rendered":"<p>Lisans\u00fcst\u00fc Ders Listesi Lorem Ipsum Nedir? Lorem Ipsum, dizgi ve bask\u0131 end\u00fcstrisinde kullan\u0131lan m\u0131g\u0131r metinlerdir. Lorem Ipsum, ad\u0131 bilinmeyen bir matbaac\u0131n\u0131n bir hurufat numune kitab\u0131 olu\u015fturmak \u00fczere bir yaz\u0131 galerisini alarak kar\u0131\u015ft\u0131rd\u0131\u011f\u0131 1500&#8217;lerden beri end\u00fcstri standard\u0131 sahte metinler olarak kullan\u0131lm\u0131\u015ft\u0131r. Be\u015fy\u00fcz y\u0131l boyunca varl\u0131\u011f\u0131n\u0131 s\u00fcrd\u00fcrmekle kalmam\u0131\u015f, ayn\u0131 zamanda pek de\u011fi\u015fmeden elektronik dizgiye de s\u0131\u00e7ram\u0131\u015ft\u0131r. 1960&#8217;larda [&hellip;]<\/p>\n","protected":false},"author":1,"featured_media":0,"parent":0,"menu_order":0,"comment_status":"closed","ping_status":"closed","template":"elementor_header_footer","meta":{"footnotes":""},"class_list":["post-5751","page","type-page","status-publish","hentry"],"_links":{"self":[{"href":"https:\/\/atauni.edu.tr\/muhasebe-ve-vergi-uygulamalari-programi-4\/wp-json\/wp\/v2\/pages\/5751","targetHints":{"allow":["GET"]}}],"collection":[{"href":"https:\/\/atauni.edu.tr\/muhasebe-ve-vergi-uygulamalari-programi-4\/wp-json\/wp\/v2\/pages"}],"about":[{"href":"https:\/\/atauni.edu.tr\/muhasebe-ve-vergi-uygulamalari-programi-4\/wp-json\/wp\/v2\/types\/page"}],"author":[{"embeddable":true,"href":"https:\/\/atauni.edu.tr\/muhasebe-ve-vergi-uygulamalari-programi-4\/wp-json\/wp\/v2\/users\/1"}],"replies":[{"embeddable":true,"href":"https:\/\/atauni.edu.tr\/muhasebe-ve-vergi-uygulamalari-programi-4\/wp-json\/wp\/v2\/comments?post=5751"}],"version-history":[{"count":11,"href":"https:\/\/atauni.edu.tr\/muhasebe-ve-vergi-uygulamalari-programi-4\/wp-json\/wp\/v2\/pages\/5751\/revisions"}],"predecessor-version":[{"id":6097,"href":"https:\/\/atauni.edu.tr\/muhasebe-ve-vergi-uygulamalari-programi-4\/wp-json\/wp\/v2\/pages\/5751\/revisions\/6097"}],"wp:attachment":[{"href":"https:\/\/atauni.edu.tr\/muhasebe-ve-vergi-uygulamalari-programi-4\/wp-json\/wp\/v2\/media?parent=5751"}],"curies":[{"name":"wp","href":"https:\/\/api.w.org\/{rel}","templated":true}]}}