{"id":5691,"date":"2021-07-13T10:56:29","date_gmt":"2021-07-13T07:56:29","guid":{"rendered":"https:\/\/portaltest.atauni.edu.tr\/muhendislik-fakultesi\/?page_id=5691"},"modified":"2025-11-25T16:14:41","modified_gmt":"2025-11-25T13:14:41","slug":"yonetim-kurulu","status":"publish","type":"page","link":"https:\/\/atauni.edu.tr\/muhendislik-fakultesi\/yonetim-kurulu\/","title":{"rendered":"Y\u00f6netim Kurulu"},"content":{"rendered":"\t\t<div data-elementor-type=\"wp-page\" data-elementor-id=\"5691\" class=\"elementor elementor-5691\" data-elementor-post-type=\"page\">\n\t\t\t\t\t\t<section class=\"elementor-section elementor-top-section elementor-element elementor-element-46c2cb5d elementor-section-boxed elementor-section-height-default elementor-section-height-default\" data-id=\"46c2cb5d\" data-element_type=\"section\">\n\t\t\t\t\t\t<div class=\"elementor-container elementor-column-gap-default\">\n\t\t\t\t\t<div class=\"elementor-column elementor-col-100 elementor-top-column elementor-element elementor-element-299813e7\" data-id=\"299813e7\" data-element_type=\"column\">\n\t\t\t<div class=\"elementor-widget-wrap elementor-element-populated\">\n\t\t\t\t\t\t<div class=\"elementor-element elementor-element-3ec495a9 elementor-widget elementor-widget-heading\" data-id=\"3ec495a9\" data-element_type=\"widget\" data-widget_type=\"heading.default\">\n\t\t\t\t<div class=\"elementor-widget-container\">\n\t\t\t\t\t<h2 class=\"elementor-heading-title elementor-size-default\">Y\u00f6netim Kurulu<\/h2>\t\t\t\t<\/div>\n\t\t\t\t<\/div>\n\t\t\t\t<div class=\"elementor-element elementor-element-2092e3b3 elementor-widget-divider--view-line elementor-widget elementor-widget-divider\" data-id=\"2092e3b3\" data-element_type=\"widget\" data-widget_type=\"divider.default\">\n\t\t\t\t<div class=\"elementor-widget-container\">\n\t\t\t\t\t\t\t<div class=\"elementor-divider\">\n\t\t\t<span class=\"elementor-divider-separator\">\n\t\t\t\t\t\t<\/span>\n\t\t<\/div>\n\t\t\t\t\t\t<\/div>\n\t\t\t\t<\/div>\n\t\t\t\t\t<\/div>\n\t\t<\/div>\n\t\t\t\t\t<\/div>\n\t\t<\/section>\n\t\t\t\t<section class=\"elementor-section elementor-top-section elementor-element elementor-element-6aa7704 elementor-section-boxed elementor-section-height-default elementor-section-height-default\" data-id=\"6aa7704\" data-element_type=\"section\">\n\t\t\t\t\t\t<div class=\"elementor-container elementor-column-gap-default\">\n\t\t\t\t\t<div class=\"elementor-column elementor-col-100 elementor-top-column elementor-element elementor-element-f6b1e05\" data-id=\"f6b1e05\" data-element_type=\"column\">\n\t\t\t<div class=\"elementor-widget-wrap elementor-element-populated\">\n\t\t\t\t\t\t<div class=\"elementor-element elementor-element-12b6bf1 elementor-widget elementor-widget-html\" data-id=\"12b6bf1\" data-element_type=\"widget\" data-widget_type=\"html.default\">\n\t\t\t\t<div class=\"elementor-widget-container\">\n\t\t\t\t\t<div class=\"\">\r\n                <div class=\"col-md-12 p-0\">\r\n                <\/div>\r\n                <div class=\"col-md-12 media content p-0\">\r\n                    <div class=\"text sans servis-hedef\">\r\n                        <table border=\"0\" cellpadding=\"0\" cellspacing=\"0\"><tbody><tr><td width=\"293\"><p>Prof. Dr. \u0130hsan EFEO\u011eLU<\/p><\/td><td width=\"311\"><p><em>Y\u00f6netim Kurulu Ba\u015fkan\u0131&nbsp;<\/em><\/p><p><em>(Dekan)<\/em><\/p><\/td><\/tr><tr><td width=\"293\"><p>Prof. Dr. Elif K\u0131l\u0131\u00e7 DEL\u0130CE<\/p><\/td><td width=\"311\"><p><em>\u00dcye<\/em><\/p><\/td><\/tr><tr><td width=\"293\"><p>Prof. Dr. Kadri Vefa EZ\u0130RM\u0130K<\/p><\/td><td width=\"311\"><p><em>\u00dcye<\/em><\/p><\/td><\/tr><tr><td width=\"293\"><p>Prof. Dr. \u00d6mer LA\u00c7\u0130N<\/p><\/td><td width=\"311\"><p><em>\u00dcye<\/em><\/p><\/td><\/tr><tr><td width=\"293\"><p>Do\u00e7. Dr. Ahmet ATALAY<\/p><\/td><td width=\"311\"><p><em>\u00dcye<\/em><\/p><\/td><\/tr><tr><td width=\"293\"><p>Do\u00e7. Dr. Emin Argun ORAL<\/p><\/td><td width=\"311\"><p><em>\u00dcye<\/em><\/p><\/td><\/tr><tr><td width=\"293\"><p>Dr. \u00d6\u011fr. \u00dcyesi Bilal USANMAZ<\/p><\/td><td width=\"311\"><p><em>\u00dcye<\/em><\/p><\/td><\/tr><tr><td width=\"293\"><p>Murat ALKANAT<\/p><\/td><td width=\"311\"><p><em>Fak\u00fclte Sekreteri (Raport\u00f6r)<\/em><\/p><\/td><\/tr><\/tbody><\/table>   \r\n                    <\/div>\r\n                <\/div>\r\n                                            <\/div>\t\t\t\t<\/div>\n\t\t\t\t<\/div>\n\t\t\t\t\t<\/div>\n\t\t<\/div>\n\t\t\t\t\t<\/div>\n\t\t<\/section>\n\t\t\t\t<\/div>\n\t\t","protected":false},"excerpt":{"rendered":"<p>Y\u00f6netim Kurulu Prof. Dr. \u0130hsan EFEO\u011eLU Y\u00f6netim Kurulu Ba\u015fkan\u0131&nbsp; (Dekan) Prof. Dr. Elif K\u0131l\u0131\u00e7 DEL\u0130CE \u00dcye Prof. Dr. Kadri Vefa EZ\u0130RM\u0130K \u00dcye Prof. Dr. \u00d6mer LA\u00c7\u0130N \u00dcye Do\u00e7. Dr. Ahmet ATALAY \u00dcye Do\u00e7. Dr. Emin Argun ORAL \u00dcye Dr. \u00d6\u011fr. \u00dcyesi Bilal USANMAZ \u00dcye Murat ALKANAT Fak\u00fclte Sekreteri (Raport\u00f6r)<\/p>\n","protected":false},"author":1,"featured_media":0,"parent":0,"menu_order":0,"comment_status":"closed","ping_status":"closed","template":"elementor_header_footer","meta":{"footnotes":""},"class_list":["post-5691","page","type-page","status-publish","hentry"],"_links":{"self":[{"href":"https:\/\/atauni.edu.tr\/muhendislik-fakultesi\/wp-json\/wp\/v2\/pages\/5691","targetHints":{"allow":["GET"]}}],"collection":[{"href":"https:\/\/atauni.edu.tr\/muhendislik-fakultesi\/wp-json\/wp\/v2\/pages"}],"about":[{"href":"https:\/\/atauni.edu.tr\/muhendislik-fakultesi\/wp-json\/wp\/v2\/types\/page"}],"author":[{"embeddable":true,"href":"https:\/\/atauni.edu.tr\/muhendislik-fakultesi\/wp-json\/wp\/v2\/users\/1"}],"replies":[{"embeddable":true,"href":"https:\/\/atauni.edu.tr\/muhendislik-fakultesi\/wp-json\/wp\/v2\/comments?post=5691"}],"version-history":[{"count":35,"href":"https:\/\/atauni.edu.tr\/muhendislik-fakultesi\/wp-json\/wp\/v2\/pages\/5691\/revisions"}],"predecessor-version":[{"id":14390,"href":"https:\/\/atauni.edu.tr\/muhendislik-fakultesi\/wp-json\/wp\/v2\/pages\/5691\/revisions\/14390"}],"wp:attachment":[{"href":"https:\/\/atauni.edu.tr\/muhendislik-fakultesi\/wp-json\/wp\/v2\/media?parent=5691"}],"curies":[{"name":"wp","href":"https:\/\/api.w.org\/{rel}","templated":true}]}}