{"id":5774,"date":"2021-07-13T13:54:52","date_gmt":"2021-07-13T10:54:52","guid":{"rendered":"https:\/\/portaltest.atauni.edu.tr\/muhendislik-fakultesi\/?page_id=5774"},"modified":"2025-07-23T13:21:50","modified_gmt":"2025-07-23T10:21:50","slug":"tarihce","status":"publish","type":"page","link":"https:\/\/atauni.edu.tr\/muhendislik-fakultesi\/tarihce\/","title":{"rendered":"Tarih\u00e7e"},"content":{"rendered":"\t\t<div data-elementor-type=\"wp-page\" data-elementor-id=\"5774\" class=\"elementor elementor-5774\" data-elementor-post-type=\"page\">\n\t\t\t\t\t\t<section class=\"elementor-section elementor-top-section elementor-element elementor-element-46c2cb5d elementor-section-boxed elementor-section-height-default elementor-section-height-default\" data-id=\"46c2cb5d\" data-element_type=\"section\">\n\t\t\t\t\t\t<div class=\"elementor-container elementor-column-gap-default\">\n\t\t\t\t\t<div class=\"elementor-column elementor-col-100 elementor-top-column elementor-element elementor-element-299813e7\" data-id=\"299813e7\" data-element_type=\"column\">\n\t\t\t<div class=\"elementor-widget-wrap elementor-element-populated\">\n\t\t\t\t\t\t<div class=\"elementor-element elementor-element-3ec495a9 elementor-widget elementor-widget-heading\" data-id=\"3ec495a9\" data-element_type=\"widget\" data-widget_type=\"heading.default\">\n\t\t\t\t<div class=\"elementor-widget-container\">\n\t\t\t\t\t<h2 class=\"elementor-heading-title elementor-size-default\">TAR\u0130H\u00c7E<\/h2>\t\t\t\t<\/div>\n\t\t\t\t<\/div>\n\t\t\t\t<div class=\"elementor-element elementor-element-2092e3b3 elementor-widget-divider--view-line elementor-widget elementor-widget-divider\" data-id=\"2092e3b3\" data-element_type=\"widget\" data-widget_type=\"divider.default\">\n\t\t\t\t<div class=\"elementor-widget-container\">\n\t\t\t\t\t\t\t<div class=\"elementor-divider\">\n\t\t\t<span class=\"elementor-divider-separator\">\n\t\t\t\t\t\t<\/span>\n\t\t<\/div>\n\t\t\t\t\t\t<\/div>\n\t\t\t\t<\/div>\n\t\t\t\t\t<\/div>\n\t\t<\/div>\n\t\t\t\t\t<\/div>\n\t\t<\/section>\n\t\t\t\t<section class=\"elementor-section elementor-top-section elementor-element elementor-element-6aa7704 elementor-section-boxed elementor-section-height-default elementor-section-height-default\" data-id=\"6aa7704\" data-element_type=\"section\">\n\t\t\t\t\t\t<div class=\"elementor-container elementor-column-gap-default\">\n\t\t\t\t\t<div class=\"elementor-column elementor-col-100 elementor-top-column elementor-element elementor-element-f6b1e05\" data-id=\"f6b1e05\" data-element_type=\"column\">\n\t\t\t<div class=\"elementor-widget-wrap elementor-element-populated\">\n\t\t\t\t\t\t<div class=\"elementor-element elementor-element-7bd397b elementor-widget elementor-widget-image\" data-id=\"7bd397b\" data-element_type=\"widget\" data-widget_type=\"image.default\">\n\t\t\t\t<div class=\"elementor-widget-container\">\n\t\t\t\t\t\t\t\t\t\t\t\t<figure class=\"wp-caption\">\n\t\t\t\t\t\t\t\t\t\t<img fetchpriority=\"high\" decoding=\"async\" width=\"1920\" height=\"1080\" src=\"https:\/\/atauni.edu.tr\/muhendislik-fakultesi\/wp-content\/uploads\/sites\/2\/2025\/05\/tarihce.png\" class=\"attachment-2048x2048 size-2048x2048 wp-image-13445\" alt=\"\" srcset=\"https:\/\/atauni.edu.tr\/muhendislik-fakultesi\/wp-content\/uploads\/sites\/2\/2025\/05\/tarihce.png 1920w, https:\/\/atauni.edu.tr\/muhendislik-fakultesi\/wp-content\/uploads\/sites\/2\/2025\/05\/tarihce-300x169.png 300w, https:\/\/atauni.edu.tr\/muhendislik-fakultesi\/wp-content\/uploads\/sites\/2\/2025\/05\/tarihce-1024x576.png 1024w, https:\/\/atauni.edu.tr\/muhendislik-fakultesi\/wp-content\/uploads\/sites\/2\/2025\/05\/tarihce-768x432.png 768w, https:\/\/atauni.edu.tr\/muhendislik-fakultesi\/wp-content\/uploads\/sites\/2\/2025\/05\/tarihce-1536x864.png 1536w, https:\/\/atauni.edu.tr\/muhendislik-fakultesi\/wp-content\/uploads\/sites\/2\/2025\/05\/tarihce-600x338.png 600w, https:\/\/atauni.edu.tr\/muhendislik-fakultesi\/wp-content\/uploads\/sites\/2\/2025\/05\/tarihce-560x315.png 560w\" sizes=\"(max-width: 1920px) 100vw, 1920px\" \/>\t\t\t\t\t\t\t\t\t\t\t<figcaption class=\"widget-image-caption wp-caption-text\"><\/figcaption>\n\t\t\t\t\t\t\t\t\t\t<\/figure>\n\t\t\t\t\t\t\t\t\t<\/div>\n\t\t\t\t<\/div>\n\t\t\t\t\t<\/div>\n\t\t<\/div>\n\t\t\t\t\t<\/div>\n\t\t<\/section>\n\t\t\t\t<section class=\"elementor-section elementor-top-section elementor-element elementor-element-36ad082 elementor-section-boxed elementor-section-height-default elementor-section-height-default\" data-id=\"36ad082\" data-element_type=\"section\">\n\t\t\t\t\t\t<div class=\"elementor-container elementor-column-gap-default\">\n\t\t\t\t\t<div class=\"elementor-column elementor-col-100 elementor-top-column elementor-element elementor-element-4c2849f\" data-id=\"4c2849f\" data-element_type=\"column\">\n\t\t\t<div class=\"elementor-widget-wrap elementor-element-populated\">\n\t\t\t\t\t\t<div class=\"elementor-element elementor-element-00cc037 elementor-widget elementor-widget-text-editor\" data-id=\"00cc037\" data-element_type=\"widget\" data-widget_type=\"text-editor.default\">\n\t\t\t\t<div class=\"elementor-widget-container\">\n\t\t\t\t\t\t\t\t\t<h6><span style=\"color: #000000\"><b>Kurulu\u015f ve Geli\u015fme<\/b><\/span><\/h6><p><span style=\"color: #000000\">Fak\u00fcltemiz, \u00fclkemizin sanayile\u015fme a\u00e7\u0131s\u0131ndan yeterli geli\u015fimini hen\u00fcz tamamlayamam\u0131\u015f olan Do\u011fu Anadolu B\u00f6lgesi\u2019nde m\u00fchendislik alanlar\u0131nda nitelikli hizmetler sunmak amac\u0131yla, 01.12.1976 tarihinde Mimarl\u0131k ve M\u00fchendislik Y\u00fcksekokulu olarak kurulmu\u015ftur. Ancak kadro kanunu ve b\u00fct\u00e7e tahsisat\u0131ndaki gecikmeler nedeniyle kurulu\u015f s\u00fcreci tamamlanamam\u0131\u015ft\u0131r. Daha sonra y\u00fcksek\u00f6\u011fretim kurumlar\u0131n\u0131n yeniden yap\u0131lanmas\u0131na ili\u015fkin 41 Say\u0131l\u0131 Kanun H\u00fckm\u00fcnde Kararnamenin de\u011fi\u015ftirilerek kabul edildi\u011fi 2809 Say\u0131l\u0131 Kanun kapsam\u0131nda yeniden yap\u0131land\u0131r\u0131larak 20 Temmuz 1982 tarihinde M\u00fchendislik Fak\u00fcltesi olarak e\u011fitim-\u00f6\u011fretim faaliyetlerine ba\u015flam\u0131\u015ft\u0131r.<\/span><\/p><p><span style=\"color: #000000\">Lisans d\u00fczeyinde e\u011fitim faaliyetleri; 1985 y\u0131l\u0131nda Kimya M\u00fchendisli\u011fi, 1988 y\u0131l\u0131nda \u00c7evre ve \u0130n\u015faat M\u00fchendisli\u011fi, 1990 y\u0131l\u0131nda Makine M\u00fchendisli\u011fi, 2004 y\u0131l\u0131nda Elektrik-Elektronik M\u00fchendisli\u011fi, 2009 y\u0131l\u0131nda End\u00fcstri M\u00fchendisli\u011fi, 2010 y\u0131l\u0131nda Metal\u00fcrji ve Malzeme M\u00fchendisli\u011fi, 2011 y\u0131l\u0131nda Bilgisayar M\u00fchendisli\u011fi, 2020 y\u0131l\u0131nda Yaz\u0131l\u0131m M\u00fchendisli\u011fi ve 2024 y\u0131l\u0131nda Yapay Zeka ve Veri M\u00fchendisli\u011fi B\u00f6l\u00fcmlerinin a\u00e7\u0131lmas\u0131yla geni\u015fleyerek devam etmektedir. Fak\u00fcltemiz halen s\u00f6z konusu on b\u00f6l\u00fcmde lisans ve lisans\u00fcst\u00fc e\u011fitim sunmaktad\u0131r.<\/span><\/p><h6><span style=\"color: #000000\"><b>Misyon ve Hizmet Alanlar\u0131<\/b><\/span><\/h6><p><span style=\"color: #000000\">Fak\u00fcltemizin kurulu\u015fuyla birlikte hem b\u00f6lgesel d\u00fczeyde hem de \u00fclke \u00e7ap\u0131nda \u00f6\u011frencilere kendi b\u00f6lgelerinde y\u00fcksek\u00f6\u011frenim imk\u00e2n\u0131 sunulmu\u015ftur. Mezunlar\u0131m\u0131z, \u00fclkemizin farkl\u0131 b\u00f6lgelerinde in\u015faat, kimya, makine, imalat, sanayi, elektrik, bilgisayar, yaz\u0131l\u0131m, yapay zeka, end\u00fcstri, \u00e7evre ve kalite kontrol alanlarda ba\u015far\u0131l\u0131 hizmetler vermektedir.<\/span><\/p><p><span style=\"color: #000000\">\u00dclkemizde bulunan metalik, end\u00fcstriyel ve enerji kaynaklar\u0131n\u0131n ke\u015ffi, i\u015fletilmesi ve i\u015flenmesi; bu kaynaklardan \u00fcretilecek \u00fcr\u00fcnlerin hizmete sunulmas\u0131 ve \u00fcretim s\u00fcre\u00e7lerinde ortaya \u00e7\u0131kan problemlerin \u00e7\u00f6z\u00fcm\u00fc, hava, su ve toprak kirlili\u011fi gibi \u00e7evresel sorunlar\u0131n\u0131n \u00e7\u00f6z\u00fcm\u00fc, deprem riskine kar\u015f\u0131 yap\u0131 g\u00fcvenli\u011finin sa\u011flanmas\u0131, zorlu iklim ko\u015fullar\u0131ndan kaynaklanan \u0131s\u0131nma ve yal\u0131t\u0131m problemlerinin \u00e7\u00f6z\u00fcm\u00fc, ayr\u0131ca s\u00fcrd\u00fcr\u00fclebilirlik ve yenilenebilir enerji kaynaklar\u0131 \u00fczerine \u00e7al\u0131\u015fmalar yapmak \u00f6nem arz etmektedir. \u00dclkemiz ve b\u00f6lgemiz a\u00e7\u0131s\u0131ndan belirtilen konularda, Fak\u00fcltemiz on farkl\u0131 bran\u015fta, bilimsel ve teknolojik olarak donan\u0131ml\u0131 m\u00fchendisler yeti\u015fmek i\u00e7in faaliyet g\u00f6stermektedir.<\/span><\/p><p><span style=\"color: #000000\">Fak\u00fcltemiz; yeti\u015ftirdi\u011fi m\u00fchendisler ve b\u00fcnyesinde bulunan akademisyenlerin katk\u0131lar\u0131yla Ar-Ge \u00e7al\u0131\u015fmalar\u0131 y\u00fcr\u00fctmekte, D\u00f6ner Sermaye faaliyetleriyle b\u00f6lgenin ihtiya\u00e7lar\u0131na y\u00f6nelik projeler geli\u015ftirmekte ve paneller, sempozyumlar, kurslar gibi bilimsel etkinliklerle toplumun bilgi d\u00fczeyini art\u0131rmaya y\u00f6nelik faaliyetlerde bulunmaktad\u0131r.<\/span><\/p><h6><span style=\"color: #000000\"><b>E\u011fitim ve \u00d6\u011fretim Faaliyetleri<\/b><\/span><\/h6><p><span style=\"color: #000000\">Fak\u00fcltemizde Kimya, \u0130n\u015faat, \u00c7evre, Makine, Metal\u00fcrji ve Malzeme, Elektrik-Elektronik, End\u00fcstri, Bilgisayar, Yaz\u0131l\u0131m ile Yapay Zeka ve Veri M\u00fchendisli\u011fi b\u00f6l\u00fcmlerinde toplam 2838&#8217;i \u00f6rg\u00fcn \u00f6\u011fretim, 564&#8217;\u00fc ikinci \u00f6\u011fretim olmak \u00fczere 3402 \u00f6\u011frenci lisans \u00f6\u011frenimi g\u00f6rmektedir. Dokuz b\u00f6l\u00fcm\u00fcm\u00fczde y\u00fcksek lisans ve doktora programlar\u0131 bulunmakta olup yakla\u015f\u0131k 935 lisans\u00fcst\u00fc \u00f6\u011frenci e\u011fitim almaktad\u0131r. <\/span><\/p><p><span style=\"color: #000000\">\u00dcniversitemizin merkezi k\u00fct\u00fcphanesine ek olarak, Fak\u00fcltemizde 185 ki\u015fi kapasiteli bir k\u00fct\u00fcphane bulunmaktad\u0131r. Bu k\u00fct\u00fcphanede yakla\u015f\u0131k 11.000 adet mesleki kitap \u00f6\u011frencilerin kullan\u0131m\u0131na sunulmu\u015ftur. <\/span><\/p><p><span style=\"color: #000000\">Fak\u00fcltemizde, 36-56 \u00f6\u011frenci kapasiteli toplam 9 adet bilgisayar laboratuvar\u0131 mevcut olup, bu laboratuvarlarda toplam 400 adet bilgisayar bulunmaktad\u0131r. Laboratuvarlar\u0131m\u0131z ayn\u0131 zamanda bilgisayar destekli \u00e7izim salonu olarak kullan\u0131lmakta ve t\u00fcm bilgisayarlar merkezi olarak y\u00f6netilmekte, g\u00fcn boyunca \u00f6\u011frencilerin kullan\u0131m\u0131na a\u00e7\u0131k tutulmaktad\u0131r.<\/span><\/p><h6><span style=\"color: #000000\"><b>Tesisler ve Altyap\u0131<\/b><\/span><\/h6><p><span style=\"color: #000000\">Fak\u00fcltemiz, bir ana bina ve bu binaya ba\u011flant\u0131l\u0131 ek bina olmak \u00fczere toplamda 31.500 m\u00b2 kapal\u0131 ve 11.000 m\u00b2 a\u00e7\u0131k alana sahiptir. Ek bina (6.500 m\u00b2), 2014-2015 e\u011fitim-\u00f6\u011fretim y\u0131l\u0131ndan itibaren faaliyettedir.<\/span><\/p><p><span style=\"color: #000000\">Bilgisayar laboratuvarlar\u0131n\u0131n yan\u0131 s\u0131ra, Fak\u00fcltemizde toplam 30 lisans dersli\u011fi, 10 lisans\u00fcst\u00fc dersli\u011fi, 54 ara\u015ft\u0131rma laboratuvar\u0131, 175 ki\u015fi kapasiteli k\u00fct\u00fcphane, 350 ki\u015fi kapasiteli konferans salonu, 20&#8217;\u015fer ki\u015fi kapasiteli 2 \u00f6\u011frenci faaliyet odas\u0131 ve 2 at\u00f6lye bulunmaktad\u0131r.<\/span><\/p>\t\t\t\t\t\t\t\t<\/div>\n\t\t\t\t<\/div>\n\t\t\t\t\t<\/div>\n\t\t<\/div>\n\t\t\t\t\t<\/div>\n\t\t<\/section>\n\t\t\t\t<section class=\"elementor-section elementor-top-section elementor-element elementor-element-5f8bccd elementor-section-boxed elementor-section-height-default elementor-section-height-default\" data-id=\"5f8bccd\" data-element_type=\"section\">\n\t\t\t\t\t\t<div class=\"elementor-container elementor-column-gap-default\">\n\t\t\t\t\t<div class=\"elementor-column elementor-col-100 elementor-top-column elementor-element elementor-element-18ea85c\" data-id=\"18ea85c\" data-element_type=\"column\">\n\t\t\t<div class=\"elementor-widget-wrap elementor-element-populated\">\n\t\t\t\t\t\t<div class=\"elementor-element elementor-element-8733ad8 elementor-widget elementor-widget-spacer\" data-id=\"8733ad8\" data-element_type=\"widget\" data-widget_type=\"spacer.default\">\n\t\t\t\t<div class=\"elementor-widget-container\">\n\t\t\t\t\t\t\t<div class=\"elementor-spacer\">\n\t\t\t<div class=\"elementor-spacer-inner\"><\/div>\n\t\t<\/div>\n\t\t\t\t\t\t<\/div>\n\t\t\t\t<\/div>\n\t\t\t\t\t<\/div>\n\t\t<\/div>\n\t\t\t\t\t<\/div>\n\t\t<\/section>\n\t\t\t\t<\/div>\n\t\t","protected":false},"excerpt":{"rendered":"<p>TAR\u0130H\u00c7E Kurulu\u015f ve Geli\u015fme Fak\u00fcltemiz, \u00fclkemizin sanayile\u015fme a\u00e7\u0131s\u0131ndan yeterli geli\u015fimini hen\u00fcz tamamlayamam\u0131\u015f olan Do\u011fu Anadolu B\u00f6lgesi\u2019nde m\u00fchendislik alanlar\u0131nda nitelikli hizmetler sunmak amac\u0131yla, 01.12.1976 tarihinde Mimarl\u0131k ve M\u00fchendislik Y\u00fcksekokulu olarak kurulmu\u015ftur. Ancak kadro kanunu ve b\u00fct\u00e7e tahsisat\u0131ndaki gecikmeler nedeniyle kurulu\u015f s\u00fcreci tamamlanamam\u0131\u015ft\u0131r. Daha sonra y\u00fcksek\u00f6\u011fretim kurumlar\u0131n\u0131n yeniden yap\u0131lanmas\u0131na ili\u015fkin 41 Say\u0131l\u0131 Kanun H\u00fckm\u00fcnde Kararnamenin de\u011fi\u015ftirilerek kabul [&hellip;]<\/p>\n","protected":false},"author":1,"featured_media":0,"parent":0,"menu_order":0,"comment_status":"closed","ping_status":"closed","template":"elementor_header_footer","meta":{"footnotes":""},"class_list":["post-5774","page","type-page","status-publish","hentry"],"_links":{"self":[{"href":"https:\/\/atauni.edu.tr\/muhendislik-fakultesi\/wp-json\/wp\/v2\/pages\/5774","targetHints":{"allow":["GET"]}}],"collection":[{"href":"https:\/\/atauni.edu.tr\/muhendislik-fakultesi\/wp-json\/wp\/v2\/pages"}],"about":[{"href":"https:\/\/atauni.edu.tr\/muhendislik-fakultesi\/wp-json\/wp\/v2\/types\/page"}],"author":[{"embeddable":true,"href":"https:\/\/atauni.edu.tr\/muhendislik-fakultesi\/wp-json\/wp\/v2\/users\/1"}],"replies":[{"embeddable":true,"href":"https:\/\/atauni.edu.tr\/muhendislik-fakultesi\/wp-json\/wp\/v2\/comments?post=5774"}],"version-history":[{"count":38,"href":"https:\/\/atauni.edu.tr\/muhendislik-fakultesi\/wp-json\/wp\/v2\/pages\/5774\/revisions"}],"predecessor-version":[{"id":13845,"href":"https:\/\/atauni.edu.tr\/muhendislik-fakultesi\/wp-json\/wp\/v2\/pages\/5774\/revisions\/13845"}],"wp:attachment":[{"href":"https:\/\/atauni.edu.tr\/muhendislik-fakultesi\/wp-json\/wp\/v2\/media?parent=5774"}],"curies":[{"name":"wp","href":"https:\/\/api.w.org\/{rel}","templated":true}]}}