{"id":5804,"date":"2021-07-13T14:23:19","date_gmt":"2021-07-13T11:23:19","guid":{"rendered":"https:\/\/portaltest.atauni.edu.tr\/muhendislik-fakultesi\/?page_id=5804"},"modified":"2022-06-01T15:48:07","modified_gmt":"2022-06-01T12:48:07","slug":"cap-ve-yan-dal-programlar-2017-2018","status":"publish","type":"page","link":"https:\/\/atauni.edu.tr\/muhendislik-fakultesi\/cap-ve-yan-dal-programlar-2017-2018\/","title":{"rendered":"\u00c7AP ve Yan Dal Programlar 2017-2018"},"content":{"rendered":"\t\t<div data-elementor-type=\"wp-page\" data-elementor-id=\"5804\" class=\"elementor elementor-5804\" data-elementor-post-type=\"page\">\n\t\t\t\t\t\t<section class=\"elementor-section elementor-top-section elementor-element elementor-element-46c2cb5d elementor-section-boxed elementor-section-height-default elementor-section-height-default\" data-id=\"46c2cb5d\" data-element_type=\"section\">\n\t\t\t\t\t\t<div class=\"elementor-container elementor-column-gap-default\">\n\t\t\t\t\t<div class=\"elementor-column elementor-col-100 elementor-top-column elementor-element elementor-element-299813e7\" data-id=\"299813e7\" data-element_type=\"column\">\n\t\t\t<div class=\"elementor-widget-wrap elementor-element-populated\">\n\t\t\t\t\t\t<div class=\"elementor-element elementor-element-3ec495a9 elementor-widget elementor-widget-heading\" data-id=\"3ec495a9\" data-element_type=\"widget\" data-widget_type=\"heading.default\">\n\t\t\t\t<div class=\"elementor-widget-container\">\n\t\t\t\t\t<h2 class=\"elementor-heading-title elementor-size-default\">\u00c7AP ve Yan Dal Programlar 2017-2018<\/h2>\t\t\t\t<\/div>\n\t\t\t\t<\/div>\n\t\t\t\t<div class=\"elementor-element elementor-element-2092e3b3 elementor-widget-divider--view-line elementor-widget elementor-widget-divider\" data-id=\"2092e3b3\" data-element_type=\"widget\" data-widget_type=\"divider.default\">\n\t\t\t\t<div class=\"elementor-widget-container\">\n\t\t\t\t\t\t\t<div class=\"elementor-divider\">\n\t\t\t<span class=\"elementor-divider-separator\">\n\t\t\t\t\t\t<\/span>\n\t\t<\/div>\n\t\t\t\t\t\t<\/div>\n\t\t\t\t<\/div>\n\t\t\t\t\t<\/div>\n\t\t<\/div>\n\t\t\t\t\t<\/div>\n\t\t<\/section>\n\t\t\t\t<section class=\"elementor-section elementor-top-section elementor-element elementor-element-6aa7704 elementor-section-boxed elementor-section-height-default elementor-section-height-default\" data-id=\"6aa7704\" data-element_type=\"section\">\n\t\t\t\t\t\t<div class=\"elementor-container elementor-column-gap-default\">\n\t\t\t\t\t<div class=\"elementor-column elementor-col-100 elementor-top-column elementor-element elementor-element-f6b1e05\" data-id=\"f6b1e05\" data-element_type=\"column\">\n\t\t\t<div class=\"elementor-widget-wrap elementor-element-populated\">\n\t\t\t\t\t\t<div class=\"elementor-element elementor-element-12b6bf1 elementor-widget elementor-widget-html\" data-id=\"12b6bf1\" data-element_type=\"widget\" data-widget_type=\"html.default\">\n\t\t\t\t<div class=\"elementor-widget-container\">\n\t\t\t\t\t<div class=\"\">\r\n                <div class=\"col-md-12 p-0\">\r\n                  \r\n                <\/div>\r\n                <div class=\"col-md-12 media content p-0\">\r\n                    <div class=\"text sans servis-hedef\">\r\n                        <div style=\"text-align: justify\">Fak\u00fcltemiz B\u00f6l\u00fcmleri b\u00fcnyesinde y\u00fcr\u00fct\u00fclen \u00c7ift Anadal Program\u0131 (\u00c7AP) ve Yandal Program\u0131 m\u00fcfredatlar\u0131na a\u015fa\u011f\u0131daki linkler vas\u0131tas\u0131yla ula\u015f\u0131labilir. Bu m\u00fcfredatlar 2017-2018 m\u00fcfredat\u0131na tabi \u00f6\u011frenciler i\u00e7in ge\u00e7erlidir. Daha eski m\u00fcfredatlara tabi olan \u00f6\u011frencilerin b\u00f6l\u00fcmlerinin \u00c7AP ve Yandal Koordinat\u00f6rlerine ba\u015fvurmalar\u0131 gerekmektedir.<\/div>   \r\n                    <\/div>\r\n                <\/div>\r\n                                    <div class=\"downloads\">\r\n                                                <a href=\"\/\/atauni.edu.tr\/yuklemeler\/a7db3da96121526ceb5ecb807b527570.pdf\">M\u00fchendislik Fak\u00fcltesi Lisans \u00c7ift Anadal ve Yan Dal Program M\u00fcfredatlar\u0131.pdf<\/a><br>\r\n                                                <a href=\"\/\/atauni.edu.tr\/yuklemeler\/4029ccc3d009146850b53694dffa30f9.pdf\">Bilgisayar M\u00fchendisli\u011fi Lisans \u00c7ift Anadal ve Yan Dal Program M\u00fcfredatlar\u0131.pdf<\/a><br>\r\n                                                <a href=\"\/\/atauni.edu.tr\/yuklemeler\/bd4ef5e4fee1bee560012f8b9326a38a.pdf\">\u00c7evre M\u00fchendisli\u011fi Lisans \u00c7ift Anadal ve Yan Dal Program M\u00fcfredatlar\u0131.pdf<\/a><br>\r\n                                                <a href=\"\/\/atauni.edu.tr\/yuklemeler\/46a670d996d6d1171bbbf45e8a5554ad.pdf\">Elektrik-Elektronik M\u00fchendisli\u011fi Lisans \u00c7ift Anadal ve Yan Dal Program M\u00fcfredatlar\u0131.pdf<\/a><br>\r\n                                                <a href=\"\/\/atauni.edu.tr\/yuklemeler\/350950ed8cf0df022992d28ca853d6e1.pdf\">End\u00fcstri M\u00fchendisli\u011fi Lisans \u00c7ift Anadal ve Yan Dal Program M\u00fcfredatlar\u0131.pdf<\/a><br>\r\n                                                <a href=\"\/\/atauni.edu.tr\/yuklemeler\/dfff56450bf7c53ab25d64a6701290c8.pdf\">\u0130n\u015faat M\u00fchendisli\u011fi Lisans \u00c7ift Anadal ve Yan Dal Program M\u00fcfredatlar\u0131.pdf<\/a><br>\r\n                                                <a href=\"\/\/atauni.edu.tr\/yuklemeler\/f9cfe10cf81226e7ecc17bec5debc5f7.pdf\">Kimya M\u00fchendisli\u011fi Lisans \u00c7ift Anadal ve Yan Dal Program M\u00fcfredatlar\u0131.pdf<\/a><br>\r\n                                                <a href=\"\/\/atauni.edu.tr\/yuklemeler\/f196346d974f48000c0be31382d71c86.pdf\">Makine M\u00fchendisli\u011fi Lisans \u00c7ift Anadal ve Yan Dal Program M\u00fcfredatlar\u0131.pdf<\/a><br>\r\n                                                <a href=\"\/\/atauni.edu.tr\/yuklemeler\/8e6c0c50880b383ad5f12364d8debee1.pdf\">Metalurji ve Malzeme M\u00fchendisli\u011fi Lisans \u00c7ift Anadal ve Yan Dal Program M\u00fcfredatlar\u0131.pdf<\/a><br>\r\n                                                \r\n                    <\/div>\r\n                                            <\/div>\t\t\t\t<\/div>\n\t\t\t\t<\/div>\n\t\t\t\t\t<\/div>\n\t\t<\/div>\n\t\t\t\t\t<\/div>\n\t\t<\/section>\n\t\t\t\t<\/div>\n\t\t","protected":false},"excerpt":{"rendered":"<p>\u00c7AP ve Yan Dal Programlar 2017-2018 Fak\u00fcltemiz B\u00f6l\u00fcmleri b\u00fcnyesinde y\u00fcr\u00fct\u00fclen \u00c7ift Anadal Program\u0131 (\u00c7AP) ve Yandal Program\u0131 m\u00fcfredatlar\u0131na a\u015fa\u011f\u0131daki linkler vas\u0131tas\u0131yla ula\u015f\u0131labilir. Bu m\u00fcfredatlar 2017-2018 m\u00fcfredat\u0131na tabi \u00f6\u011frenciler i\u00e7in ge\u00e7erlidir. Daha eski m\u00fcfredatlara tabi olan \u00f6\u011frencilerin b\u00f6l\u00fcmlerinin \u00c7AP ve Yandal Koordinat\u00f6rlerine ba\u015fvurmalar\u0131 gerekmektedir. M\u00fchendislik Fak\u00fcltesi Lisans \u00c7ift Anadal ve Yan Dal Program M\u00fcfredatlar\u0131.pdf Bilgisayar M\u00fchendisli\u011fi [&hellip;]<\/p>\n","protected":false},"author":1,"featured_media":0,"parent":0,"menu_order":0,"comment_status":"closed","ping_status":"closed","template":"elementor_header_footer","meta":{"footnotes":""},"class_list":["post-5804","page","type-page","status-publish","hentry"],"_links":{"self":[{"href":"https:\/\/atauni.edu.tr\/muhendislik-fakultesi\/wp-json\/wp\/v2\/pages\/5804","targetHints":{"allow":["GET"]}}],"collection":[{"href":"https:\/\/atauni.edu.tr\/muhendislik-fakultesi\/wp-json\/wp\/v2\/pages"}],"about":[{"href":"https:\/\/atauni.edu.tr\/muhendislik-fakultesi\/wp-json\/wp\/v2\/types\/page"}],"author":[{"embeddable":true,"href":"https:\/\/atauni.edu.tr\/muhendislik-fakultesi\/wp-json\/wp\/v2\/users\/1"}],"replies":[{"embeddable":true,"href":"https:\/\/atauni.edu.tr\/muhendislik-fakultesi\/wp-json\/wp\/v2\/comments?post=5804"}],"version-history":[{"count":16,"href":"https:\/\/atauni.edu.tr\/muhendislik-fakultesi\/wp-json\/wp\/v2\/pages\/5804\/revisions"}],"predecessor-version":[{"id":8887,"href":"https:\/\/atauni.edu.tr\/muhendislik-fakultesi\/wp-json\/wp\/v2\/pages\/5804\/revisions\/8887"}],"wp:attachment":[{"href":"https:\/\/atauni.edu.tr\/muhendislik-fakultesi\/wp-json\/wp\/v2\/media?parent=5804"}],"curies":[{"name":"wp","href":"https:\/\/api.w.org\/{rel}","templated":true}]}}