{"id":6561,"date":"2021-10-19T17:01:51","date_gmt":"2021-10-19T14:01:51","guid":{"rendered":"https:\/\/birimler.atauni.edu.tr\/muhendislik-fakultesi\/?page_id=6561"},"modified":"2024-02-16T23:40:13","modified_gmt":"2024-02-16T20:40:13","slug":"muhendislik-fakultesi-lisans-egitim-ogretim-ve-sinav-uygulama-esaslari","status":"publish","type":"page","link":"https:\/\/atauni.edu.tr\/muhendislik-fakultesi\/muhendislik-fakultesi-lisans-egitim-ogretim-ve-sinav-uygulama-esaslari\/","title":{"rendered":"M\u00fchendislik Fak\u00fcltesi Lisans E\u011fitim &#8211; \u00d6\u011fretim ve S\u0131nav Uygulama Esaslar\u0131"},"content":{"rendered":"\t\t<div data-elementor-type=\"wp-page\" data-elementor-id=\"6561\" class=\"elementor elementor-6561\" data-elementor-post-type=\"page\">\n\t\t\t\t\t\t<section class=\"elementor-section elementor-top-section elementor-element elementor-element-db29ffb elementor-section-boxed elementor-section-height-default elementor-section-height-default\" data-id=\"db29ffb\" data-element_type=\"section\">\n\t\t\t\t\t\t<div class=\"elementor-container elementor-column-gap-default\">\n\t\t\t\t\t<div class=\"elementor-column elementor-col-100 elementor-top-column elementor-element elementor-element-05d48b5\" data-id=\"05d48b5\" data-element_type=\"column\">\n\t\t\t<div class=\"elementor-widget-wrap elementor-element-populated\">\n\t\t\t\t\t\t<div class=\"elementor-element elementor-element-a61f1ef elementor-widget-divider--view-line elementor-widget elementor-widget-divider\" data-id=\"a61f1ef\" data-element_type=\"widget\" data-widget_type=\"divider.default\">\n\t\t\t\t<div class=\"elementor-widget-container\">\n\t\t\t\t\t\t\t<div class=\"elementor-divider\">\n\t\t\t<span class=\"elementor-divider-separator\">\n\t\t\t\t\t\t<\/span>\n\t\t<\/div>\n\t\t\t\t\t\t<\/div>\n\t\t\t\t<\/div>\n\t\t\t\t\t<\/div>\n\t\t<\/div>\n\t\t\t\t\t<\/div>\n\t\t<\/section>\n\t\t\t\t<section class=\"elementor-section elementor-top-section elementor-element elementor-element-d49a3ae elementor-section-boxed elementor-section-height-default elementor-section-height-default\" data-id=\"d49a3ae\" data-element_type=\"section\">\n\t\t\t\t\t\t<div class=\"elementor-container elementor-column-gap-default\">\n\t\t\t\t\t<div class=\"elementor-column elementor-col-100 elementor-top-column elementor-element elementor-element-83ec7be\" data-id=\"83ec7be\" data-element_type=\"column\">\n\t\t\t<div class=\"elementor-widget-wrap elementor-element-populated\">\n\t\t\t\t\t\t<div class=\"elementor-element elementor-element-53db180 elementor-align-center elementor-widget elementor-widget-button\" data-id=\"53db180\" data-element_type=\"widget\" data-widget_type=\"button.default\">\n\t\t\t\t<div class=\"elementor-widget-container\">\n\t\t\t\t\t\t\t\t\t<div class=\"elementor-button-wrapper\">\n\t\t\t\t\t<a class=\"elementor-button elementor-button-link elementor-size-md elementor-animation-shrink\" href=\"https:\/\/birimler.atauni.edu.tr\/muhendislik-fakultesi\/wp-content\/uploads\/sites\/2\/2020\/07\/MU\u0308HENDI\u0307SLI\u0307K-FAKU\u0308LTESI\u0307-DEKANLIG\u0306I-LI\u0307SANS-EG\u0306I\u0307TI\u0307M-O\u0308G\u0306RETI\u0307M-VE-SINAV-UYGULAMA-ESASLARI-14.02.2024-1.pdf\">\n\t\t\t\t\t\t<span class=\"elementor-button-content-wrapper\">\n\t\t\t\t\t\t\t\t\t<span class=\"elementor-button-text\">SINAV ESASLARI<\/span>\n\t\t\t\t\t<\/span>\n\t\t\t\t\t<\/a>\n\t\t\t\t<\/div>\n\t\t\t\t\t\t\t\t<\/div>\n\t\t\t\t<\/div>\n\t\t\t\t\t<\/div>\n\t\t<\/div>\n\t\t\t\t\t<\/div>\n\t\t<\/section>\n\t\t\t\t<\/div>\n\t\t","protected":false},"excerpt":{"rendered":"<p>SINAV ESASLARI<\/p>\n","protected":false},"author":247,"featured_media":0,"parent":0,"menu_order":0,"comment_status":"closed","ping_status":"closed","template":"","meta":{"footnotes":""},"class_list":["post-6561","page","type-page","status-publish","hentry"],"_links":{"self":[{"href":"https:\/\/atauni.edu.tr\/muhendislik-fakultesi\/wp-json\/wp\/v2\/pages\/6561","targetHints":{"allow":["GET"]}}],"collection":[{"href":"https:\/\/atauni.edu.tr\/muhendislik-fakultesi\/wp-json\/wp\/v2\/pages"}],"about":[{"href":"https:\/\/atauni.edu.tr\/muhendislik-fakultesi\/wp-json\/wp\/v2\/types\/page"}],"author":[{"embeddable":true,"href":"https:\/\/atauni.edu.tr\/muhendislik-fakultesi\/wp-json\/wp\/v2\/users\/247"}],"replies":[{"embeddable":true,"href":"https:\/\/atauni.edu.tr\/muhendislik-fakultesi\/wp-json\/wp\/v2\/comments?post=6561"}],"version-history":[{"count":10,"href":"https:\/\/atauni.edu.tr\/muhendislik-fakultesi\/wp-json\/wp\/v2\/pages\/6561\/revisions"}],"predecessor-version":[{"id":11647,"href":"https:\/\/atauni.edu.tr\/muhendislik-fakultesi\/wp-json\/wp\/v2\/pages\/6561\/revisions\/11647"}],"wp:attachment":[{"href":"https:\/\/atauni.edu.tr\/muhendislik-fakultesi\/wp-json\/wp\/v2\/media?parent=6561"}],"curies":[{"name":"wp","href":"https:\/\/api.w.org\/{rel}","templated":true}]}}