{"id":6608,"date":"2021-10-19T17:24:38","date_gmt":"2021-10-19T14:24:38","guid":{"rendered":"https:\/\/birimler.atauni.edu.tr\/muhendislik-fakultesi\/?page_id=6608"},"modified":"2023-08-03T18:30:02","modified_gmt":"2023-08-03T15:30:02","slug":"muhendislik-fakultesi-strateji-plani","status":"publish","type":"page","link":"https:\/\/atauni.edu.tr\/muhendislik-fakultesi\/muhendislik-fakultesi-strateji-plani\/","title":{"rendered":"M\u00fchendislik Fak\u00fcltesi Strateji Plan\u0131"},"content":{"rendered":"\t\t<div data-elementor-type=\"wp-page\" data-elementor-id=\"6608\" class=\"elementor elementor-6608\" data-elementor-post-type=\"page\">\n\t\t\t\t\t\t<section class=\"elementor-section elementor-top-section elementor-element elementor-element-4cbac38 elementor-section-boxed elementor-section-height-default elementor-section-height-default\" data-id=\"4cbac38\" data-element_type=\"section\">\n\t\t\t\t\t\t<div class=\"elementor-container elementor-column-gap-default\">\n\t\t\t\t\t<div class=\"elementor-column elementor-col-100 elementor-top-column elementor-element elementor-element-1828650\" data-id=\"1828650\" data-element_type=\"column\">\n\t\t\t<div class=\"elementor-widget-wrap elementor-element-populated\">\n\t\t\t\t\t\t<div class=\"elementor-element elementor-element-76f2a85 elementor-widget-divider--view-line elementor-widget elementor-widget-divider\" data-id=\"76f2a85\" data-element_type=\"widget\" data-widget_type=\"divider.default\">\n\t\t\t\t<div class=\"elementor-widget-container\">\n\t\t\t\t\t\t\t<div class=\"elementor-divider\">\n\t\t\t<span class=\"elementor-divider-separator\">\n\t\t\t\t\t\t<\/span>\n\t\t<\/div>\n\t\t\t\t\t\t<\/div>\n\t\t\t\t<\/div>\n\t\t\t\t<div class=\"elementor-element elementor-element-2a15e8f elementor-align-center elementor-widget elementor-widget-button\" data-id=\"2a15e8f\" data-element_type=\"widget\" data-widget_type=\"button.default\">\n\t\t\t\t<div class=\"elementor-widget-container\">\n\t\t\t\t\t\t\t\t\t<div class=\"elementor-button-wrapper\">\n\t\t\t\t\t<a class=\"elementor-button elementor-button-link elementor-size-md elementor-animation-shrink\" href=\"https:\/\/birimler.atauni.edu.tr\/muhendislik-fakultesi\/wp-content\/uploads\/sites\/2\/2020\/07\/Ataturk-Universitesi-Muhendislik-Fak.-Stratejik-Plani-2023-AGUSTOS.xlsx\">\n\t\t\t\t\t\t<span class=\"elementor-button-content-wrapper\">\n\t\t\t\t\t\t\t\t\t<span class=\"elementor-button-text\">Strateji Plan\u0131 i\u00e7in T\u0131klay\u0131n<\/span>\n\t\t\t\t\t<\/span>\n\t\t\t\t\t<\/a>\n\t\t\t\t<\/div>\n\t\t\t\t\t\t\t\t<\/div>\n\t\t\t\t<\/div>\n\t\t\t\t\t<\/div>\n\t\t<\/div>\n\t\t\t\t\t<\/div>\n\t\t<\/section>\n\t\t\t\t<\/div>\n\t\t","protected":false},"excerpt":{"rendered":"<p>Strateji Plan\u0131 i\u00e7in T\u0131klay\u0131n<\/p>\n","protected":false},"author":247,"featured_media":0,"parent":0,"menu_order":0,"comment_status":"closed","ping_status":"closed","template":"","meta":{"footnotes":""},"class_list":["post-6608","page","type-page","status-publish","hentry"],"_links":{"self":[{"href":"https:\/\/atauni.edu.tr\/muhendislik-fakultesi\/wp-json\/wp\/v2\/pages\/6608","targetHints":{"allow":["GET"]}}],"collection":[{"href":"https:\/\/atauni.edu.tr\/muhendislik-fakultesi\/wp-json\/wp\/v2\/pages"}],"about":[{"href":"https:\/\/atauni.edu.tr\/muhendislik-fakultesi\/wp-json\/wp\/v2\/types\/page"}],"author":[{"embeddable":true,"href":"https:\/\/atauni.edu.tr\/muhendislik-fakultesi\/wp-json\/wp\/v2\/users\/247"}],"replies":[{"embeddable":true,"href":"https:\/\/atauni.edu.tr\/muhendislik-fakultesi\/wp-json\/wp\/v2\/comments?post=6608"}],"version-history":[{"count":25,"href":"https:\/\/atauni.edu.tr\/muhendislik-fakultesi\/wp-json\/wp\/v2\/pages\/6608\/revisions"}],"predecessor-version":[{"id":10902,"href":"https:\/\/atauni.edu.tr\/muhendislik-fakultesi\/wp-json\/wp\/v2\/pages\/6608\/revisions\/10902"}],"wp:attachment":[{"href":"https:\/\/atauni.edu.tr\/muhendislik-fakultesi\/wp-json\/wp\/v2\/media?parent=6608"}],"curies":[{"name":"wp","href":"https:\/\/api.w.org\/{rel}","templated":true}]}}