{"id":6641,"date":"2021-10-21T13:19:28","date_gmt":"2021-10-21T10:19:28","guid":{"rendered":"https:\/\/birimler.atauni.edu.tr\/muhendislik-fakultesi\/?page_id=6641"},"modified":"2022-06-01T15:25:28","modified_gmt":"2022-06-01T12:25:28","slug":"kalite-politikasi","status":"publish","type":"page","link":"https:\/\/atauni.edu.tr\/muhendislik-fakultesi\/kalite-politikasi\/","title":{"rendered":"Kalite Politikas\u0131"},"content":{"rendered":"\t\t<div data-elementor-type=\"wp-page\" data-elementor-id=\"6641\" class=\"elementor elementor-6641\" data-elementor-post-type=\"page\">\n\t\t\t\t\t\t<section class=\"elementor-section elementor-top-section elementor-element elementor-element-20f0741 elementor-section-boxed elementor-section-height-default elementor-section-height-default\" data-id=\"20f0741\" data-element_type=\"section\">\n\t\t\t\t\t\t<div class=\"elementor-container elementor-column-gap-default\">\n\t\t\t\t\t<div class=\"elementor-column elementor-col-100 elementor-top-column elementor-element elementor-element-6006eee\" data-id=\"6006eee\" data-element_type=\"column\">\n\t\t\t<div class=\"elementor-widget-wrap elementor-element-populated\">\n\t\t\t\t\t\t<div class=\"elementor-element elementor-element-e05508b elementor-widget-divider--view-line elementor-widget elementor-widget-divider\" data-id=\"e05508b\" data-element_type=\"widget\" data-widget_type=\"divider.default\">\n\t\t\t\t<div class=\"elementor-widget-container\">\n\t\t\t\t\t\t\t<div class=\"elementor-divider\">\n\t\t\t<span class=\"elementor-divider-separator\">\n\t\t\t\t\t\t<\/span>\n\t\t<\/div>\n\t\t\t\t\t\t<\/div>\n\t\t\t\t<\/div>\n\t\t\t\t<div class=\"elementor-element elementor-element-220c46e elementor-widget elementor-widget-text-editor\" data-id=\"220c46e\" data-element_type=\"widget\" data-widget_type=\"text-editor.default\">\n\t\t\t\t<div class=\"elementor-widget-container\">\n\t\t\t\t\t\t\t\t\t<div style=\"color: #63646b;font-size: 12px;background-color: #fafafa;text-align: justify\"><span style=\"font-size: 18px\">Kat\u0131l\u0131mc\u0131l\u0131k ve kapsay\u0131c\u0131l\u0131\u011f\u0131, \u00e7ok y\u00f6nl\u00fcl\u00fck ve payda\u015fl\u0131\u011f\u0131, s\u00fcrd\u00fcr\u00fclebilirli\u011fi, ortak gereksinim-beklentileri ve kurumsal misyon-vizyonumuzu i\u00e7ermektedir. Bu kurumsal kalite politikam\u0131z do\u011frultusunda y\u00fcr\u00fctt\u00fc\u011f\u00fcm\u00fcz \u00e7al\u0131\u015fmalar:<\/span><\/div><div style=\"color: #63646b;font-size: 12px;background-color: #fafafa;text-align: justify\" data-empty=\"true\">\u00a0<\/div><div style=\"color: #63646b;font-size: 12px;background-color: #fafafa;text-align: justify\"><span style=\"font-size: 18px\"><em>&#8211; E\u011fitim-\u00f6\u011fretim alan\u0131nda:\u00a0<\/em>Ulusal ve uluslararas\u0131 e\u011fitim standartlar\u0131n\u0131 i\u00e7eren kalite g\u00fcvence sistemimiz kapsam\u0131nda t\u00fcm e\u011fitim faaliyetlerinde; s\u00fcrd\u00fcr\u00fclebilir, kapsay\u0131c\u0131, i\u015f birli\u011fine ve akreditasyona a\u00e7\u0131k, ihtiya\u00e7 merkezli bir e\u011fitim hizmeti vermek,<\/span><\/div><div style=\"color: #63646b;font-size: 12px;background-color: #fafafa;text-align: justify\"><span style=\"font-style: italic;font-size: 18px\"><br \/><\/span><span style=\"font-size: 18px\"><em>&#8211; Bilimsel ara\u015ft\u0131rma alan\u0131nda:\u00a0<\/em>Ulusal ve uluslararas\u0131 e\u011fitim standartlar\u0131n\u0131 i\u00e7eren kalite g\u00fcvence sistemimiz kapsam\u0131nda; ara\u015ft\u0131rmac\u0131lar\u0131n ve payda\u015flar\u0131n proje tekliflerine e\u011fitim kapsam\u0131nda destek vererek \u00f6zg\u00fcr ve ba\u011f\u0131ms\u0131z bilimsel ara\u015ft\u0131rmalar\u0131 y\u00fcr\u00fctmelerine katk\u0131 sa\u011flamak,<\/span><\/div><div style=\"color: #63646b;font-size: 12px;background-color: #fafafa;text-align: justify\"><span style=\"font-style: italic;font-size: 18px\"><br \/><\/span><span style=\"font-size: 18px\"><em>&#8211; Y\u00f6netim ve organizasyon alan\u0131nda:\u00a0<\/em>Ulusal ve uluslararas\u0131 e\u011fitim standartlar\u0131n\u0131 i\u00e7eren kalite g\u00fcvence sistemimiz kapsam\u0131nda; Kurumumuzun t\u00fcm e\u011fitim ve idari birimlerindeki kurumsal i\u00e7 i\u015fleyi\u015f s\u00fcre\u00e7lerinin; kat\u0131l\u0131mc\u0131, kapsay\u0131c\u0131, \u015feffaf, tak\u0131m ruhu odakl\u0131, de\u011fi\u015fim ve geli\u015fim motivasyonunu i\u00e7eren kurumsal s\u00fcrd\u00fcr\u00fclebilirlikle y\u00fcr\u00fctmek,<\/span><\/div><div style=\"color: #63646b;font-size: 12px;background-color: #fafafa;text-align: justify\"><em><br \/><\/em><span style=\"font-size: 18px\"><em>&#8211; Toplumsal geli\u015fime katk\u0131 alan\u0131nda:\u00a0<\/em>Ulusal ve uluslararas\u0131 e\u011fitim standartlar\u0131n\u0131 i\u00e7eren kalite g\u00fcvence sistemimiz kapsam\u0131nda; yerel, ulusal ve uluslararas\u0131 alandaki sorunlar\u0131n \u00e7\u00f6z\u00fcm\u00fcne, disiplinler aras\u0131 i\u015f birli\u011fi ve bilimsel ara\u015ft\u0131rma odakl\u0131 sosyal sorumluluk ve duyarl\u0131l\u0131kla katk\u0131 sunmak.<\/span><\/div>\t\t\t\t\t\t\t\t<\/div>\n\t\t\t\t<\/div>\n\t\t\t\t\t<\/div>\n\t\t<\/div>\n\t\t\t\t\t<\/div>\n\t\t<\/section>\n\t\t\t\t<\/div>\n\t\t","protected":false},"excerpt":{"rendered":"<p>Kat\u0131l\u0131mc\u0131l\u0131k ve kapsay\u0131c\u0131l\u0131\u011f\u0131, \u00e7ok y\u00f6nl\u00fcl\u00fck ve payda\u015fl\u0131\u011f\u0131, s\u00fcrd\u00fcr\u00fclebilirli\u011fi, ortak gereksinim-beklentileri ve kurumsal misyon-vizyonumuzu i\u00e7ermektedir. Bu kurumsal kalite politikam\u0131z do\u011frultusunda y\u00fcr\u00fctt\u00fc\u011f\u00fcm\u00fcz \u00e7al\u0131\u015fmalar:\u00a0&#8211; E\u011fitim-\u00f6\u011fretim alan\u0131nda:\u00a0Ulusal ve uluslararas\u0131 e\u011fitim standartlar\u0131n\u0131 i\u00e7eren kalite g\u00fcvence sistemimiz kapsam\u0131nda t\u00fcm e\u011fitim faaliyetlerinde; s\u00fcrd\u00fcr\u00fclebilir, kapsay\u0131c\u0131, i\u015f birli\u011fine ve akreditasyona a\u00e7\u0131k, ihtiya\u00e7 merkezli bir e\u011fitim hizmeti vermek,&#8211; Bilimsel ara\u015ft\u0131rma alan\u0131nda:\u00a0Ulusal ve uluslararas\u0131 e\u011fitim standartlar\u0131n\u0131 [&hellip;]<\/p>\n","protected":false},"author":247,"featured_media":0,"parent":0,"menu_order":0,"comment_status":"closed","ping_status":"closed","template":"","meta":{"footnotes":""},"class_list":["post-6641","page","type-page","status-publish","hentry"],"_links":{"self":[{"href":"https:\/\/atauni.edu.tr\/muhendislik-fakultesi\/wp-json\/wp\/v2\/pages\/6641","targetHints":{"allow":["GET"]}}],"collection":[{"href":"https:\/\/atauni.edu.tr\/muhendislik-fakultesi\/wp-json\/wp\/v2\/pages"}],"about":[{"href":"https:\/\/atauni.edu.tr\/muhendislik-fakultesi\/wp-json\/wp\/v2\/types\/page"}],"author":[{"embeddable":true,"href":"https:\/\/atauni.edu.tr\/muhendislik-fakultesi\/wp-json\/wp\/v2\/users\/247"}],"replies":[{"embeddable":true,"href":"https:\/\/atauni.edu.tr\/muhendislik-fakultesi\/wp-json\/wp\/v2\/comments?post=6641"}],"version-history":[{"count":10,"href":"https:\/\/atauni.edu.tr\/muhendislik-fakultesi\/wp-json\/wp\/v2\/pages\/6641\/revisions"}],"predecessor-version":[{"id":8814,"href":"https:\/\/atauni.edu.tr\/muhendislik-fakultesi\/wp-json\/wp\/v2\/pages\/6641\/revisions\/8814"}],"wp:attachment":[{"href":"https:\/\/atauni.edu.tr\/muhendislik-fakultesi\/wp-json\/wp\/v2\/media?parent=6641"}],"curies":[{"name":"wp","href":"https:\/\/api.w.org\/{rel}","templated":true}]}}