{"id":7557,"date":"2021-12-21T14:36:21","date_gmt":"2021-12-21T11:36:21","guid":{"rendered":"https:\/\/birimler.atauni.edu.tr\/muhendislik-fakultesi\/?page_id=7557"},"modified":"2022-06-01T16:13:32","modified_gmt":"2022-06-01T13:13:32","slug":"duyurular-azami-sure","status":"publish","type":"page","link":"https:\/\/atauni.edu.tr\/muhendislik-fakultesi\/duyurular-azami-sure\/","title":{"rendered":"Duyurular (Azami S\u00fcre)"},"content":{"rendered":"\t\t<div data-elementor-type=\"wp-page\" data-elementor-id=\"7557\" class=\"elementor elementor-7557\" data-elementor-post-type=\"page\">\n\t\t\t\t\t\t<section class=\"elementor-section elementor-top-section elementor-element elementor-element-46c2cb5d elementor-section-boxed elementor-section-height-default elementor-section-height-default\" data-id=\"46c2cb5d\" data-element_type=\"section\">\n\t\t\t\t\t\t<div class=\"elementor-container elementor-column-gap-default\">\n\t\t\t\t\t<div class=\"elementor-column elementor-col-100 elementor-top-column elementor-element elementor-element-299813e7\" data-id=\"299813e7\" data-element_type=\"column\">\n\t\t\t<div class=\"elementor-widget-wrap elementor-element-populated\">\n\t\t\t\t\t\t<div class=\"elementor-element elementor-element-3ec495a9 elementor-widget elementor-widget-heading\" data-id=\"3ec495a9\" data-element_type=\"widget\" data-widget_type=\"heading.default\">\n\t\t\t\t<div class=\"elementor-widget-container\">\n\t\t\t\t\t<h2 class=\"elementor-heading-title elementor-size-default\">Azami S\u00fcre Sonu S\u0131navlar\u0131 - Duyurular<\/h2>\t\t\t\t<\/div>\n\t\t\t\t<\/div>\n\t\t\t\t<div class=\"elementor-element elementor-element-2092e3b3 elementor-widget-divider--view-line elementor-widget elementor-widget-divider\" data-id=\"2092e3b3\" data-element_type=\"widget\" data-widget_type=\"divider.default\">\n\t\t\t\t<div class=\"elementor-widget-container\">\n\t\t\t\t\t\t\t<div class=\"elementor-divider\">\n\t\t\t<span class=\"elementor-divider-separator\">\n\t\t\t\t\t\t<\/span>\n\t\t<\/div>\n\t\t\t\t\t\t<\/div>\n\t\t\t\t<\/div>\n\t\t\t\t\t<\/div>\n\t\t<\/div>\n\t\t\t\t\t<\/div>\n\t\t<\/section>\n\t\t\t\t<section class=\"elementor-section elementor-top-section elementor-element elementor-element-41f8f63 elementor-section-boxed elementor-section-height-default elementor-section-height-default\" data-id=\"41f8f63\" data-element_type=\"section\">\n\t\t\t\t\t\t<div class=\"elementor-container elementor-column-gap-default\">\n\t\t\t\t\t<div class=\"elementor-column elementor-col-100 elementor-top-column elementor-element elementor-element-6290938\" data-id=\"6290938\" data-element_type=\"column\">\n\t\t\t<div class=\"elementor-widget-wrap elementor-element-populated\">\n\t\t\t\t\t\t<div class=\"elementor-element elementor-element-09ea8ae elementor-widget elementor-widget-toggle\" data-id=\"09ea8ae\" data-element_type=\"widget\" data-widget_type=\"toggle.default\">\n\t\t\t\t<div class=\"elementor-widget-container\">\n\t\t\t\t\t\t\t<div class=\"elementor-toggle\">\n\t\t\t\t\t\t\t<div class=\"elementor-toggle-item\">\n\t\t\t\t\t<div id=\"elementor-tab-title-1031\" class=\"elementor-tab-title\" data-tab=\"1\" role=\"button\" aria-controls=\"elementor-tab-content-1031\" aria-expanded=\"false\">\n\t\t\t\t\t\t\t\t\t\t\t\t<span class=\"elementor-toggle-icon elementor-toggle-icon-left\" aria-hidden=\"true\">\n\t\t\t\t\t\t\t\t\t\t\t\t\t\t\t<span class=\"elementor-toggle-icon-closed\"><i class=\"fas fa-caret-right\"><\/i><\/span>\n\t\t\t\t\t\t\t\t<span class=\"elementor-toggle-icon-opened\"><i class=\"elementor-toggle-icon-opened fas fa-caret-up\"><\/i><\/span>\n\t\t\t\t\t\t\t\t\t\t\t\t\t<\/span>\n\t\t\t\t\t\t\t\t\t\t\t\t<a class=\"elementor-toggle-title\" tabindex=\"0\">27.01.2022<\/a>\n\t\t\t\t\t<\/div>\n\n\t\t\t\t\t<div id=\"elementor-tab-content-1031\" class=\"elementor-tab-content elementor-clearfix\" data-tab=\"1\" role=\"region\" aria-labelledby=\"elementor-tab-title-1031\"><h6>Azami s\u00fcresini \u00a0dolduran \u00f6\u011frenciler i\u00e7in 1. Ek S\u0131navlar 07-<span id=\"OBJ_PREFIX_DWT53_com_zimbra_date\" class=\"Object\" role=\"link\"><span id=\"OBJ_PREFIX_DWT56_com_zimbra_date\" class=\"Object\" role=\"link\"><span id=\"OBJ_PREFIX_DWT59_com_zimbra_date\" class=\"Object\" role=\"link\"><span id=\"OBJ_PREFIX_DWT62_com_zimbra_date\" class=\"Object\" role=\"link\">20 \u015eubat 2022<\/span><\/span><\/span><\/span>, 2. Ek S\u0131navlar ise 21 \u015eubat-<span id=\"OBJ_PREFIX_DWT54_com_zimbra_date\" class=\"Object\" role=\"link\"><span id=\"OBJ_PREFIX_DWT57_com_zimbra_date\" class=\"Object\" role=\"link\"><span id=\"OBJ_PREFIX_DWT60_com_zimbra_date\" class=\"Object\" role=\"link\"><span id=\"OBJ_PREFIX_DWT63_com_zimbra_date\" class=\"Object\" role=\"link\">06 Mart 2022<\/span><\/span><\/span><\/span>\u00a0tarihleri aras\u0131nda yap\u0131lacakt\u0131r. S\u0131nav programlar\u0131, ba\u015fvurular\u0131n bitiminde Fak\u00fcltemiz Web sayfas\u0131ndan ilan edilecektir.<\/h6><\/div>\n\t\t\t\t<\/div>\n\t\t\t\t\t\t\t<div class=\"elementor-toggle-item\">\n\t\t\t\t\t<div id=\"elementor-tab-title-1032\" class=\"elementor-tab-title\" data-tab=\"2\" role=\"button\" aria-controls=\"elementor-tab-content-1032\" aria-expanded=\"false\">\n\t\t\t\t\t\t\t\t\t\t\t\t<span class=\"elementor-toggle-icon elementor-toggle-icon-left\" aria-hidden=\"true\">\n\t\t\t\t\t\t\t\t\t\t\t\t\t\t\t<span class=\"elementor-toggle-icon-closed\"><i class=\"fas fa-caret-right\"><\/i><\/span>\n\t\t\t\t\t\t\t\t<span class=\"elementor-toggle-icon-opened\"><i class=\"elementor-toggle-icon-opened fas fa-caret-up\"><\/i><\/span>\n\t\t\t\t\t\t\t\t\t\t\t\t\t<\/span>\n\t\t\t\t\t\t\t\t\t\t\t\t<a class=\"elementor-toggle-title\" tabindex=\"0\">21.12.2021<\/a>\n\t\t\t\t\t<\/div>\n\n\t\t\t\t\t<div id=\"elementor-tab-content-1032\" class=\"elementor-tab-content elementor-clearfix\" data-tab=\"2\" role=\"region\" aria-labelledby=\"elementor-tab-title-1032\"><h6>Azami s\u00fcresi sona eren lisans program\u0131 \u00f6\u011frencileri, ek s\u0131navlar i\u00e7in 17 Ocak-31 Ocak 2022 tarihleri aras\u0131nda ba\u015fvuru yapacaklard\u0131r. Ba\u015fvuru ve s\u0131navlar i\u00e7in gerekli ko\u015fullar ve s\u0131nav takvimi daha sonra Fak\u00fcltemiz Web sayfas\u0131nda ilan edilecektir.\u00a0<\/h6><\/div>\n\t\t\t\t<\/div>\n\t\t\t\t\t\t\t\t<\/div>\n\t\t\t\t\t\t<\/div>\n\t\t\t\t<\/div>\n\t\t\t\t\t<\/div>\n\t\t<\/div>\n\t\t\t\t\t<\/div>\n\t\t<\/section>\n\t\t\t\t<\/div>\n\t\t","protected":false},"excerpt":{"rendered":"<p>Azami S\u00fcre Sonu S\u0131navlar\u0131 &#8211; Duyurular 27.01.2022 Azami s\u00fcresini \u00a0dolduran \u00f6\u011frenciler i\u00e7in 1. Ek S\u0131navlar 07-20 \u015eubat 2022, 2. Ek S\u0131navlar ise 21 \u015eubat-06 Mart 2022\u00a0tarihleri aras\u0131nda yap\u0131lacakt\u0131r. S\u0131nav programlar\u0131, ba\u015fvurular\u0131n bitiminde Fak\u00fcltemiz Web sayfas\u0131ndan ilan edilecektir. 21.12.2021 Azami s\u00fcresi sona eren lisans program\u0131 \u00f6\u011frencileri, ek s\u0131navlar i\u00e7in 17 Ocak-31 Ocak 2022 tarihleri aras\u0131nda ba\u015fvuru [&hellip;]<\/p>\n","protected":false},"author":247,"featured_media":0,"parent":0,"menu_order":0,"comment_status":"closed","ping_status":"closed","template":"elementor_header_footer","meta":{"footnotes":""},"class_list":["post-7557","page","type-page","status-publish","hentry"],"_links":{"self":[{"href":"https:\/\/atauni.edu.tr\/muhendislik-fakultesi\/wp-json\/wp\/v2\/pages\/7557","targetHints":{"allow":["GET"]}}],"collection":[{"href":"https:\/\/atauni.edu.tr\/muhendislik-fakultesi\/wp-json\/wp\/v2\/pages"}],"about":[{"href":"https:\/\/atauni.edu.tr\/muhendislik-fakultesi\/wp-json\/wp\/v2\/types\/page"}],"author":[{"embeddable":true,"href":"https:\/\/atauni.edu.tr\/muhendislik-fakultesi\/wp-json\/wp\/v2\/users\/247"}],"replies":[{"embeddable":true,"href":"https:\/\/atauni.edu.tr\/muhendislik-fakultesi\/wp-json\/wp\/v2\/comments?post=7557"}],"version-history":[{"count":13,"href":"https:\/\/atauni.edu.tr\/muhendislik-fakultesi\/wp-json\/wp\/v2\/pages\/7557\/revisions"}],"predecessor-version":[{"id":8947,"href":"https:\/\/atauni.edu.tr\/muhendislik-fakultesi\/wp-json\/wp\/v2\/pages\/7557\/revisions\/8947"}],"wp:attachment":[{"href":"https:\/\/atauni.edu.tr\/muhendislik-fakultesi\/wp-json\/wp\/v2\/media?parent=7557"}],"curies":[{"name":"wp","href":"https:\/\/api.w.org\/{rel}","templated":true}]}}