{"id":7576,"date":"2021-12-21T14:45:07","date_gmt":"2021-12-21T11:45:07","guid":{"rendered":"https:\/\/birimler.atauni.edu.tr\/muhendislik-fakultesi\/?page_id=7576"},"modified":"2022-06-01T16:13:03","modified_gmt":"2022-06-01T13:13:03","slug":"duyurular-azami-sure-2","status":"publish","type":"page","link":"https:\/\/atauni.edu.tr\/muhendislik-fakultesi\/duyurular-azami-sure-2\/","title":{"rendered":"Azami S\u00fcre Sonu S\u0131navlar\u0131 &#8211; Duyurular i\u00e7in Formlar\u200b"},"content":{"rendered":"\t\t<div data-elementor-type=\"wp-page\" data-elementor-id=\"7576\" class=\"elementor elementor-7576\" data-elementor-post-type=\"page\">\n\t\t\t\t\t\t<section class=\"elementor-section elementor-top-section elementor-element elementor-element-46c2cb5d elementor-section-boxed elementor-section-height-default elementor-section-height-default\" data-id=\"46c2cb5d\" data-element_type=\"section\">\n\t\t\t\t\t\t<div class=\"elementor-container elementor-column-gap-default\">\n\t\t\t\t\t<div class=\"elementor-column elementor-col-100 elementor-top-column elementor-element elementor-element-299813e7\" data-id=\"299813e7\" data-element_type=\"column\">\n\t\t\t<div class=\"elementor-widget-wrap elementor-element-populated\">\n\t\t\t\t\t\t<div class=\"elementor-element elementor-element-3ec495a9 elementor-widget elementor-widget-heading\" data-id=\"3ec495a9\" data-element_type=\"widget\" data-widget_type=\"heading.default\">\n\t\t\t\t<div class=\"elementor-widget-container\">\n\t\t\t\t\t<h2 class=\"elementor-heading-title elementor-size-default\">Azami S\u00fcre Sonu S\u0131navlar\u0131 - Formlar<\/h2>\t\t\t\t<\/div>\n\t\t\t\t<\/div>\n\t\t\t\t<div class=\"elementor-element elementor-element-2092e3b3 elementor-widget-divider--view-line elementor-widget elementor-widget-divider\" data-id=\"2092e3b3\" data-element_type=\"widget\" data-widget_type=\"divider.default\">\n\t\t\t\t<div class=\"elementor-widget-container\">\n\t\t\t\t\t\t\t<div class=\"elementor-divider\">\n\t\t\t<span class=\"elementor-divider-separator\">\n\t\t\t\t\t\t<\/span>\n\t\t<\/div>\n\t\t\t\t\t\t<\/div>\n\t\t\t\t<\/div>\n\t\t\t\t\t<\/div>\n\t\t<\/div>\n\t\t\t\t\t<\/div>\n\t\t<\/section>\n\t\t\t\t<section class=\"elementor-section elementor-top-section elementor-element elementor-element-4c76024 elementor-section-boxed elementor-section-height-default elementor-section-height-default\" data-id=\"4c76024\" data-element_type=\"section\">\n\t\t\t\t\t\t<div class=\"elementor-container elementor-column-gap-default\">\n\t\t\t\t\t<div class=\"elementor-column elementor-col-100 elementor-top-column elementor-element elementor-element-9904ef5\" data-id=\"9904ef5\" data-element_type=\"column\">\n\t\t\t<div class=\"elementor-widget-wrap elementor-element-populated\">\n\t\t\t\t\t\t<div class=\"elementor-element elementor-element-25f7a1e elementor-icon-list--layout-traditional elementor-list-item-link-full_width elementor-widget elementor-widget-icon-list\" data-id=\"25f7a1e\" data-element_type=\"widget\" data-widget_type=\"icon-list.default\">\n\t\t\t\t<div class=\"elementor-widget-container\">\n\t\t\t\t\t\t\t<ul class=\"elementor-icon-list-items\">\n\t\t\t\t\t\t\t<li class=\"elementor-icon-list-item\">\n\t\t\t\t\t\t\t\t\t\t\t<a href=\"https:\/\/birimler.atauni.edu.tr\/muhendislik-fakultesi\/wp-content\/uploads\/sites\/2\/2020\/07\/AZAMI-OGRENIM-SURESI-SONU-SINAVLARI-BASVURU-DILEKCESI.doc\">\n\n\t\t\t\t\t\t\t\t\t\t\t\t<span class=\"elementor-icon-list-icon\">\n\t\t\t\t\t\t\t<i aria-hidden=\"true\" class=\"fas fa-arrow-circle-down\"><\/i>\t\t\t\t\t\t<\/span>\n\t\t\t\t\t\t\t\t\t\t<span class=\"elementor-icon-list-text\">              AZAM\u0130 \u00d6\u011eREN\u0130M S\u00dcRES\u0130 SONU SINAVLARI BA\u015eVURU D\u0130LEK\u00c7ES\u0130<\/span>\n\t\t\t\t\t\t\t\t\t\t\t<\/a>\n\t\t\t\t\t\t\t\t\t<\/li>\n\t\t\t\t\t\t<\/ul>\n\t\t\t\t\t\t<\/div>\n\t\t\t\t<\/div>\n\t\t\t\t\t<\/div>\n\t\t<\/div>\n\t\t\t\t\t<\/div>\n\t\t<\/section>\n\t\t\t\t<\/div>\n\t\t","protected":false},"excerpt":{"rendered":"<p>Azami S\u00fcre Sonu S\u0131navlar\u0131 &#8211; Formlar AZAM\u0130 \u00d6\u011eREN\u0130M S\u00dcRES\u0130 SONU SINAVLARI BA\u015eVURU D\u0130LEK\u00c7ES\u0130<\/p>\n","protected":false},"author":247,"featured_media":0,"parent":0,"menu_order":0,"comment_status":"closed","ping_status":"closed","template":"elementor_header_footer","meta":{"footnotes":""},"class_list":["post-7576","page","type-page","status-publish","hentry"],"_links":{"self":[{"href":"https:\/\/atauni.edu.tr\/muhendislik-fakultesi\/wp-json\/wp\/v2\/pages\/7576","targetHints":{"allow":["GET"]}}],"collection":[{"href":"https:\/\/atauni.edu.tr\/muhendislik-fakultesi\/wp-json\/wp\/v2\/pages"}],"about":[{"href":"https:\/\/atauni.edu.tr\/muhendislik-fakultesi\/wp-json\/wp\/v2\/types\/page"}],"author":[{"embeddable":true,"href":"https:\/\/atauni.edu.tr\/muhendislik-fakultesi\/wp-json\/wp\/v2\/users\/247"}],"replies":[{"embeddable":true,"href":"https:\/\/atauni.edu.tr\/muhendislik-fakultesi\/wp-json\/wp\/v2\/comments?post=7576"}],"version-history":[{"count":16,"href":"https:\/\/atauni.edu.tr\/muhendislik-fakultesi\/wp-json\/wp\/v2\/pages\/7576\/revisions"}],"predecessor-version":[{"id":8944,"href":"https:\/\/atauni.edu.tr\/muhendislik-fakultesi\/wp-json\/wp\/v2\/pages\/7576\/revisions\/8944"}],"wp:attachment":[{"href":"https:\/\/atauni.edu.tr\/muhendislik-fakultesi\/wp-json\/wp\/v2\/media?parent=7576"}],"curies":[{"name":"wp","href":"https:\/\/api.w.org\/{rel}","templated":true}]}}