{"id":6283,"date":"2022-09-29T15:18:15","date_gmt":"2022-09-29T12:18:15","guid":{"rendered":"https:\/\/birimler.atauni.edu.tr\/mutercim-tercumanlik\/?page_id=6283"},"modified":"2022-10-03T11:57:10","modified_gmt":"2022-10-03T08:57:10","slug":"dilekce-formlar","status":"publish","type":"page","link":"https:\/\/atauni.edu.tr\/mutercim-ve-tercumanlik\/dilekce-formlar\/","title":{"rendered":"Dilek\u00e7e &amp; Formlar"},"content":{"rendered":"\t\t<div data-elementor-type=\"wp-page\" data-elementor-id=\"6283\" class=\"elementor elementor-6283\" data-elementor-post-type=\"page\">\n\t\t\t\t\t\t<section class=\"elementor-section elementor-top-section elementor-element elementor-element-7838c10 elementor-section-boxed elementor-section-height-default elementor-section-height-default\" data-id=\"7838c10\" data-element_type=\"section\">\n\t\t\t\t\t\t<div class=\"elementor-container elementor-column-gap-default\">\n\t\t\t\t\t<div class=\"elementor-column elementor-col-100 elementor-top-column elementor-element elementor-element-f515aa2\" data-id=\"f515aa2\" data-element_type=\"column\">\n\t\t\t<div class=\"elementor-widget-wrap elementor-element-populated\">\n\t\t\t\t\t\t<div class=\"elementor-element elementor-element-0fccc45 elementor-widget elementor-widget-button\" data-id=\"0fccc45\" data-element_type=\"widget\" data-widget_type=\"button.default\">\n\t\t\t\t<div class=\"elementor-widget-container\">\n\t\t\t\t\t\t\t\t\t<div class=\"elementor-button-wrapper\">\n\t\t\t\t\t<a class=\"elementor-button elementor-button-link elementor-size-md elementor-animation-grow\" href=\"https:\/\/birimler.atauni.edu.tr\/mutercim-tercumanlik\/wp-content\/uploads\/sites\/765\/2020\/07\/MERKEZI-PUAN-ILE-KABUL-EDILEN-OGR.-KESIN-KAYIT-DILEKCESI.docx\">\n\t\t\t\t\t\t<span class=\"elementor-button-content-wrapper\">\n\t\t\t\t\t\t<span class=\"elementor-button-icon\">\n\t\t\t\t<i aria-hidden=\"true\" class=\"fas fa-download\"><\/i>\t\t\t<\/span>\n\t\t\t\t\t\t\t\t\t<span class=\"elementor-button-text\">Merkezi Puan ile Yatay Ge\u00e7i\u015f Kay\u0131t Dilek\u00e7esi<\/span>\n\t\t\t\t\t<\/span>\n\t\t\t\t\t<\/a>\n\t\t\t\t<\/div>\n\t\t\t\t\t\t\t\t<\/div>\n\t\t\t\t<\/div>\n\t\t\t\t<div class=\"elementor-element elementor-element-fd58dfe elementor-widget elementor-widget-button\" data-id=\"fd58dfe\" data-element_type=\"widget\" data-widget_type=\"button.default\">\n\t\t\t\t<div class=\"elementor-widget-container\">\n\t\t\t\t\t\t\t\t\t<div class=\"elementor-button-wrapper\">\n\t\t\t\t\t<a class=\"elementor-button elementor-button-link elementor-size-md elementor-animation-grow\" href=\"https:\/\/birimler.atauni.edu.tr\/mutercim-tercumanlik\/wp-content\/uploads\/sites\/765\/2020\/07\/AGNO-ILE-YATAY-GECIS-KABUL-EDILEN-OGR.-KESIN-KAYIT-DILEKCESI-1.docx\">\n\t\t\t\t\t\t<span class=\"elementor-button-content-wrapper\">\n\t\t\t\t\t\t<span class=\"elementor-button-icon\">\n\t\t\t\t<i aria-hidden=\"true\" class=\"fas fa-download\"><\/i>\t\t\t<\/span>\n\t\t\t\t\t\t\t\t\t<span class=\"elementor-button-text\">Agno ile Yatay Ge\u00e7i\u015f  Kesin Kay\u0131t Dilek\u00e7esi<\/span>\n\t\t\t\t\t<\/span>\n\t\t\t\t\t<\/a>\n\t\t\t\t<\/div>\n\t\t\t\t\t\t\t\t<\/div>\n\t\t\t\t<\/div>\n\t\t\t\t<div class=\"elementor-element elementor-element-9531931 elementor-widget elementor-widget-button\" data-id=\"9531931\" data-element_type=\"widget\" data-widget_type=\"button.default\">\n\t\t\t\t<div class=\"elementor-widget-container\">\n\t\t\t\t\t\t\t\t\t<div class=\"elementor-button-wrapper\">\n\t\t\t\t\t<a class=\"elementor-button elementor-button-link elementor-size-md elementor-animation-grow\" href=\"https:\/\/birimler.atauni.edu.tr\/mutercim-tercumanlik\/wp-content\/uploads\/sites\/765\/2020\/07\/DERS-MUAFIYET-BASVURU-DILEKCESI-7.docx\">\n\t\t\t\t\t\t<span class=\"elementor-button-content-wrapper\">\n\t\t\t\t\t\t<span class=\"elementor-button-icon\">\n\t\t\t\t<i aria-hidden=\"true\" class=\"fas fa-download\"><\/i>\t\t\t<\/span>\n\t\t\t\t\t\t\t\t\t<span class=\"elementor-button-text\">Ders Muafiyet Dilek\u00e7esi<\/span>\n\t\t\t\t\t<\/span>\n\t\t\t\t\t<\/a>\n\t\t\t\t<\/div>\n\t\t\t\t\t\t\t\t<\/div>\n\t\t\t\t<\/div>\n\t\t\t\t<div class=\"elementor-element elementor-element-e087ecd elementor-widget elementor-widget-button\" data-id=\"e087ecd\" data-element_type=\"widget\" data-widget_type=\"button.default\">\n\t\t\t\t<div class=\"elementor-widget-container\">\n\t\t\t\t\t\t\t\t\t<div class=\"elementor-button-wrapper\">\n\t\t\t\t\t<a class=\"elementor-button elementor-button-link elementor-size-md elementor-animation-grow\" href=\"https:\/\/birimler.atauni.edu.tr\/mutercim-tercumanlik\/wp-content\/uploads\/sites\/765\/2020\/07\/SINAV-NOTU-ITIRAZI-DILEKCESI-2.docx\">\n\t\t\t\t\t\t<span class=\"elementor-button-content-wrapper\">\n\t\t\t\t\t\t<span class=\"elementor-button-icon\">\n\t\t\t\t<i aria-hidden=\"true\" class=\"fas fa-download\"><\/i>\t\t\t<\/span>\n\t\t\t\t\t\t\t\t\t<span class=\"elementor-button-text\">S\u0131nav Notu \u0130tiraz Dilek\u00e7esi<\/span>\n\t\t\t\t\t<\/span>\n\t\t\t\t\t<\/a>\n\t\t\t\t<\/div>\n\t\t\t\t\t\t\t\t<\/div>\n\t\t\t\t<\/div>\n\t\t\t\t<div class=\"elementor-element elementor-element-c1adc41 elementor-widget elementor-widget-button\" data-id=\"c1adc41\" data-element_type=\"widget\" data-widget_type=\"button.default\">\n\t\t\t\t<div class=\"elementor-widget-container\">\n\t\t\t\t\t\t\t\t\t<div class=\"elementor-button-wrapper\">\n\t\t\t\t\t<a class=\"elementor-button elementor-button-link elementor-size-md elementor-animation-grow\" href=\"https:\/\/birimler.atauni.edu.tr\/mutercim-tercumanlik\/wp-content\/uploads\/sites\/765\/2020\/07\/MAZERET-SINAVI-BASVURU-DILEKCESI.docx\">\n\t\t\t\t\t\t<span class=\"elementor-button-content-wrapper\">\n\t\t\t\t\t\t<span class=\"elementor-button-icon\">\n\t\t\t\t<i aria-hidden=\"true\" class=\"fas fa-download\"><\/i>\t\t\t<\/span>\n\t\t\t\t\t\t\t\t\t<span class=\"elementor-button-text\">Mazeret S\u0131nav\u0131 Ba\u015fvuru Dilek\u00e7esi<\/span>\n\t\t\t\t\t<\/span>\n\t\t\t\t\t<\/a>\n\t\t\t\t<\/div>\n\t\t\t\t\t\t\t\t<\/div>\n\t\t\t\t<\/div>\n\t\t\t\t<div class=\"elementor-element elementor-element-1a6d82e elementor-widget elementor-widget-button\" data-id=\"1a6d82e\" data-element_type=\"widget\" data-widget_type=\"button.default\">\n\t\t\t\t<div class=\"elementor-widget-container\">\n\t\t\t\t\t\t\t\t\t<div class=\"elementor-button-wrapper\">\n\t\t\t\t\t<a class=\"elementor-button elementor-button-link elementor-size-md elementor-animation-grow\" href=\"https:\/\/birimler.atauni.edu.tr\/mutercim-tercumanlik\/wp-content\/uploads\/sites\/765\/2020\/07\/KAYIT-DONDURMA-DILEKCESI-1.docx\">\n\t\t\t\t\t\t<span class=\"elementor-button-content-wrapper\">\n\t\t\t\t\t\t<span class=\"elementor-button-icon\">\n\t\t\t\t<i aria-hidden=\"true\" class=\"fas fa-download\"><\/i>\t\t\t<\/span>\n\t\t\t\t\t\t\t\t\t<span class=\"elementor-button-text\">Kay\u0131t Dondurma Dilek\u00e7esi<\/span>\n\t\t\t\t\t<\/span>\n\t\t\t\t\t<\/a>\n\t\t\t\t<\/div>\n\t\t\t\t\t\t\t\t<\/div>\n\t\t\t\t<\/div>\n\t\t\t\t<div class=\"elementor-element elementor-element-f91b871 elementor-widget elementor-widget-button\" data-id=\"f91b871\" data-element_type=\"widget\" data-widget_type=\"button.default\">\n\t\t\t\t<div class=\"elementor-widget-container\">\n\t\t\t\t\t\t\t\t\t<div class=\"elementor-button-wrapper\">\n\t\t\t\t\t<a class=\"elementor-button elementor-button-link elementor-size-md elementor-animation-grow\" href=\"https:\/\/birimler.atauni.edu.tr\/mutercim-tercumanlik\/wp-content\/uploads\/sites\/765\/2020\/07\/KAYIT-SILDIRME-DILEKCESI.docx\">\n\t\t\t\t\t\t<span class=\"elementor-button-content-wrapper\">\n\t\t\t\t\t\t<span class=\"elementor-button-icon\">\n\t\t\t\t<i aria-hidden=\"true\" class=\"fas fa-download\"><\/i>\t\t\t<\/span>\n\t\t\t\t\t\t\t\t\t<span class=\"elementor-button-text\">Kay\u0131t Sildirme Dilek\u00e7esi<\/span>\n\t\t\t\t\t<\/span>\n\t\t\t\t\t<\/a>\n\t\t\t\t<\/div>\n\t\t\t\t\t\t\t\t<\/div>\n\t\t\t\t<\/div>\n\t\t\t\t\t<\/div>\n\t\t<\/div>\n\t\t\t\t\t<\/div>\n\t\t<\/section>\n\t\t\t\t<\/div>\n\t\t","protected":false},"excerpt":{"rendered":"<p>Merkezi Puan ile Yatay Ge\u00e7i\u015f Kay\u0131t Dilek\u00e7esi Agno ile Yatay Ge\u00e7i\u015f Kesin Kay\u0131t Dilek\u00e7esi Ders Muafiyet Dilek\u00e7esi S\u0131nav Notu \u0130tiraz Dilek\u00e7esi Mazeret S\u0131nav\u0131 Ba\u015fvuru Dilek\u00e7esi Kay\u0131t Dondurma Dilek\u00e7esi Kay\u0131t Sildirme Dilek\u00e7esi<\/p>\n","protected":false},"author":527,"featured_media":0,"parent":0,"menu_order":0,"comment_status":"closed","ping_status":"closed","template":"","meta":{"footnotes":""},"class_list":["post-6283","page","type-page","status-publish","hentry"],"_links":{"self":[{"href":"https:\/\/atauni.edu.tr\/mutercim-ve-tercumanlik\/wp-json\/wp\/v2\/pages\/6283","targetHints":{"allow":["GET"]}}],"collection":[{"href":"https:\/\/atauni.edu.tr\/mutercim-ve-tercumanlik\/wp-json\/wp\/v2\/pages"}],"about":[{"href":"https:\/\/atauni.edu.tr\/mutercim-ve-tercumanlik\/wp-json\/wp\/v2\/types\/page"}],"author":[{"embeddable":true,"href":"https:\/\/atauni.edu.tr\/mutercim-ve-tercumanlik\/wp-json\/wp\/v2\/users\/527"}],"replies":[{"embeddable":true,"href":"https:\/\/atauni.edu.tr\/mutercim-ve-tercumanlik\/wp-json\/wp\/v2\/comments?post=6283"}],"version-history":[{"count":31,"href":"https:\/\/atauni.edu.tr\/mutercim-ve-tercumanlik\/wp-json\/wp\/v2\/pages\/6283\/revisions"}],"predecessor-version":[{"id":6335,"href":"https:\/\/atauni.edu.tr\/mutercim-ve-tercumanlik\/wp-json\/wp\/v2\/pages\/6283\/revisions\/6335"}],"wp:attachment":[{"href":"https:\/\/atauni.edu.tr\/mutercim-ve-tercumanlik\/wp-json\/wp\/v2\/media?parent=6283"}],"curies":[{"name":"wp","href":"https:\/\/api.w.org\/{rel}","templated":true}]}}