{"id":6660,"date":"2025-08-12T16:38:02","date_gmt":"2025-08-12T13:38:02","guid":{"rendered":"https:\/\/birimler.atauni.edu.tr\/mutercim-ve-tercumanlik\/?page_id=6660"},"modified":"2025-08-12T16:38:02","modified_gmt":"2025-08-12T13:38:02","slug":"duyurular","status":"publish","type":"page","link":"https:\/\/atauni.edu.tr\/mutercim-ve-tercumanlik\/duyurular\/","title":{"rendered":"Duyurular"},"content":{"rendered":"<form method=\"get\" class=\"row g-3\" style=\"margin-bottom: 20px;\"><div class=\"col-md-3\"><input type=\"text\" name=\"Duyuru_ara\" class=\"form-control\" placeholder=\"Duyuru ara...\" value=\"\"><\/div><div class=\"col-md-3\"><input type=\"date\" name=\"baslangic_tarihi\" class=\"form-control\" value=\"\"><\/div><div class=\"col-md-3\"><input type=\"date\" name=\"bitis_tarihi\" class=\"form-control\" value=\"\"><\/div><div class=\"col-md-3\"><button type=\"submit\" class=\"btn btn-secondary w-50\">Filtrele<\/button><\/div><\/form><ul class=\"kategori-yazilari-liste\"><li style=\"display: flex; margin-bottom: 10px; align-items: center;\"><div class=\"post-content\" style=\"flex-grow: 1;\"><span class=\"post-date Duyurutarih\" style=\"display: block; font-weight: bold; margin-bottom: 5px;\">17 Mart 2026<\/span><a class=\"Duyurubaslik\" href=\"https:\/\/atauni.edu.tr\/mutercim-ve-tercumanlik\/fanzin-lotus-dil-edebiyat-ve-ceviri-yolculugu\/\">Fanzin Lotus: Dil, Edebiyat ve \u00c7eviri Yolculu\u011fu<\/a><\/div><\/li><li style=\"display: flex; margin-bottom: 10px; align-items: center;\"><div class=\"post-content\" style=\"flex-grow: 1;\"><span class=\"post-date Duyurutarih\" style=\"display: block; font-weight: bold; margin-bottom: 5px;\">17 Mart 2026<\/span><a class=\"Duyurubaslik\" href=\"https:\/\/atauni.edu.tr\/mutercim-ve-tercumanlik\/2025-2026-bahar-ara-sinav-programi\/\">2025-2026 Bahar Ara S\u0131nav Program\u0131<\/a><\/div><\/li><li style=\"display: flex; margin-bottom: 10px; align-items: center;\"><div class=\"post-content\" style=\"flex-grow: 1;\"><span class=\"post-date Duyurutarih\" style=\"display: block; font-weight: bold; margin-bottom: 5px;\">19 Aral\u0131k 2025<\/span><a class=\"Duyurubaslik\" href=\"https:\/\/atauni.edu.tr\/mutercim-ve-tercumanlik\/2025-2026-guz-yariyil-sonu-ve-butunleme-sinav-programlari\/\">2025-2026 G\u00fcz Yar\u0131y\u0131l Sonu ve B\u00fct\u00fcnleme S\u0131nav Programlar\u0131<\/a><\/div><\/li><li style=\"display: flex; margin-bottom: 10px; align-items: center;\"><div class=\"post-content\" style=\"flex-grow: 1;\"><span class=\"post-date Duyurutarih\" style=\"display: block; font-weight: bold; margin-bottom: 5px;\">12 Kas\u0131m 2025<\/span><a class=\"Duyurubaslik\" href=\"https:\/\/atauni.edu.tr\/mutercim-ve-tercumanlik\/2025-2026-yili-guz-donemi-i-ogretim-ara-sinav-programi\/\">2025-2026 YILI G\u00dcZ D\u00d6NEM\u0130 I. \u00d6\u011eRET\u0130M ARA SINAV PROGRAMI<\/a><\/div><\/li><li style=\"display: flex; margin-bottom: 10px; align-items: center;\"><div class=\"post-content\" style=\"flex-grow: 1;\"><span class=\"post-date Duyurutarih\" style=\"display: block; font-weight: bold; margin-bottom: 5px;\">29 Eyl\u00fcl 2025<\/span><a class=\"Duyurubaslik\" href=\"https:\/\/atauni.edu.tr\/mutercim-ve-tercumanlik\/mutercim-ve-tercumanlik-bolumu-whatsapp-kanali\/\">M\u00fctercim ve Terc\u00fcmanl\u0131k B\u00f6l\u00fcm\u00fc WhatsApp Kanal\u0131<\/a><\/div><\/li><li style=\"display: flex; margin-bottom: 10px; align-items: center;\"><div class=\"post-content\" style=\"flex-grow: 1;\"><span class=\"post-date Duyurutarih\" style=\"display: block; font-weight: bold; margin-bottom: 5px;\">2 Temmuz 2025<\/span><a class=\"Duyurubaslik\" href=\"https:\/\/atauni.edu.tr\/mutercim-ve-tercumanlik\/%f0%9f%8e%89-translation-challenge-2025-sonuclari-ve-sertifika-erisimi-%f0%9f%8e%89\/\">\ud83c\udf89 Translation Challenge 2025 Sonu\u00e7lar\u0131 ve Sertifika Eri\u015fimi! \ud83c\udf89<\/a><\/div><\/li><li style=\"display: flex; margin-bottom: 10px; align-items: center;\"><div class=\"post-content\" style=\"flex-grow: 1;\"><span class=\"post-date Duyurutarih\" style=\"display: block; font-weight: bold; margin-bottom: 5px;\">2 Temmuz 2025<\/span><a class=\"Duyurubaslik\" href=\"https:\/\/atauni.edu.tr\/mutercim-ve-tercumanlik\/tubitak-2209-a-surecinde-ceviri-projesi-gelistirme-semineri\/\">T\u00dcB\u0130TAK 2209-A S\u00fcrecinde \u00c7eviri Projesi Geli\u015ftirme Semineri<\/a><\/div><\/li><li style=\"display: flex; margin-bottom: 10px; align-items: center;\"><div class=\"post-content\" style=\"flex-grow: 1;\"><span class=\"post-date Duyurutarih\" style=\"display: block; font-weight: bold; margin-bottom: 5px;\">26 Haziran 2025<\/span><a class=\"Duyurubaslik\" href=\"https:\/\/atauni.edu.tr\/mutercim-ve-tercumanlik\/kariyer-planlama-semineri\/\">Kariyer Planlama Semineri<\/a><\/div><\/li><li style=\"display: flex; margin-bottom: 10px; align-items: center;\"><div class=\"post-content\" style=\"flex-grow: 1;\"><span class=\"post-date Duyurutarih\" style=\"display: block; font-weight: bold; margin-bottom: 5px;\">26 Haziran 2025<\/span><a class=\"Duyurubaslik\" href=\"https:\/\/atauni.edu.tr\/mutercim-ve-tercumanlik\/fulbright-yuksek-lisans-doktora-bursu-tanitim-toplantisi\/\">Fulbright Y\u00fcksek Lisans &amp; Doktora Bursu Tan\u0131t\u0131m Toplant\u0131s\u0131<\/a><\/div><\/li><li style=\"display: flex; margin-bottom: 10px; align-items: center;\"><div class=\"post-content\" style=\"flex-grow: 1;\"><span class=\"post-date Duyurutarih\" style=\"display: block; font-weight: bold; margin-bottom: 5px;\">26 Haziran 2025<\/span><a class=\"Duyurubaslik\" href=\"https:\/\/atauni.edu.tr\/mutercim-ve-tercumanlik\/filoloji-kulubu-muzik-ekibi-seni-sahneye-cagiriyor\/\">Filoloji Kul\u00fcb\u00fc M\u00fczik Ekibi Seni Sahneye \u00c7a\u011f\u0131r\u0131yor!<\/a><\/div><\/li><\/ul><nav class=\"pagination\" style=\"margin-top: 20px;\"><ul class='page-numbers'>\n\t<li><span aria-current=\"page\" class=\"page-numbers current\">1<\/span><\/li>\n\t<li><a class=\"page-numbers\" href=\"https:\/\/atauni.edu.tr\/mutercim-ve-tercumanlik\/wp-json\/wp\/v2\/pages\/6660\/page\/2\/\">2<\/a><\/li>\n\t<li><a class=\"next page-numbers\" href=\"https:\/\/atauni.edu.tr\/mutercim-ve-tercumanlik\/wp-json\/wp\/v2\/pages\/6660\/page\/2\/\">Sonraki &raquo;<\/a><\/li>\n<\/ul>\n<\/nav>\n\n\n\n<p><\/p>\n","protected":false},"excerpt":{"rendered":"","protected":false},"author":1,"featured_media":0,"parent":0,"menu_order":0,"comment_status":"closed","ping_status":"closed","template":"","meta":{"footnotes":""},"class_list":["post-6660","page","type-page","status-publish","hentry"],"_links":{"self":[{"href":"https:\/\/atauni.edu.tr\/mutercim-ve-tercumanlik\/wp-json\/wp\/v2\/pages\/6660","targetHints":{"allow":["GET"]}}],"collection":[{"href":"https:\/\/atauni.edu.tr\/mutercim-ve-tercumanlik\/wp-json\/wp\/v2\/pages"}],"about":[{"href":"https:\/\/atauni.edu.tr\/mutercim-ve-tercumanlik\/wp-json\/wp\/v2\/types\/page"}],"author":[{"embeddable":true,"href":"https:\/\/atauni.edu.tr\/mutercim-ve-tercumanlik\/wp-json\/wp\/v2\/users\/1"}],"replies":[{"embeddable":true,"href":"https:\/\/atauni.edu.tr\/mutercim-ve-tercumanlik\/wp-json\/wp\/v2\/comments?post=6660"}],"version-history":[{"count":1,"href":"https:\/\/atauni.edu.tr\/mutercim-ve-tercumanlik\/wp-json\/wp\/v2\/pages\/6660\/revisions"}],"predecessor-version":[{"id":6663,"href":"https:\/\/atauni.edu.tr\/mutercim-ve-tercumanlik\/wp-json\/wp\/v2\/pages\/6660\/revisions\/6663"}],"wp:attachment":[{"href":"https:\/\/atauni.edu.tr\/mutercim-ve-tercumanlik\/wp-json\/wp\/v2\/media?parent=6660"}],"curies":[{"name":"wp","href":"https:\/\/api.w.org\/{rel}","templated":true}]}}