{"id":6661,"date":"2025-08-12T16:38:10","date_gmt":"2025-08-12T13:38:10","guid":{"rendered":"https:\/\/birimler.atauni.edu.tr\/mutercim-ve-tercumanlik\/?page_id=6661"},"modified":"2025-08-12T16:38:10","modified_gmt":"2025-08-12T13:38:10","slug":"haberler","status":"publish","type":"page","link":"https:\/\/atauni.edu.tr\/mutercim-ve-tercumanlik\/haberler\/","title":{"rendered":"Haberler"},"content":{"rendered":"<form method=\"get\" class=\"row g-3\" style=\"margin-bottom: 20px;\"><div class=\"col-md-3\"><input type=\"text\" name=\"haber_ara\" class=\"form-control\" placeholder=\"Haber ara...\" value=\"\"><\/div><div class=\"col-md-3\"><input type=\"date\" name=\"baslangic_tarihi\" class=\"form-control\" value=\"\"><\/div><div class=\"col-md-3\"><input type=\"date\" name=\"bitis_tarihi\" class=\"form-control\" value=\"\"><\/div><div class=\"col-md-3\"><button type=\"submit\" class=\"btn btn-secondary w-50\">Filtrele<\/button><\/div><\/form><ul class=\"kategori-yazilari-liste\"><li style=\"display: flex; margin-bottom: 10px; align-items: center;\"><div class=\"post-thumbnail\" style=\"margin-right: 15px;\"><a href=\"https:\/\/atauni.edu.tr\/mutercim-ve-tercumanlik\/%f0%9f%8e%89-translation-challenge-2025-sonuclari-ve-sertifika-erisimi-%f0%9f%8e%89\/\"><img decoding=\"async\" width=\"150\" height=\"150\" src=\"https:\/\/atauni.edu.tr\/mutercim-ve-tercumanlik\/wp-content\/uploads\/sites\/765\/2025\/06\/WhatsApp-Image-2025-06-26-at-13.21.09-1-150x150.jpeg\" class=\"attachment-thumbnail size-thumbnail wp-post-image\" alt=\"\" \/><\/a><\/div><div class=\"post-content\" style=\"flex-grow: 1;\"><span class=\"post-date habertarih\" style=\"display: block; font-weight: bold; margin-bottom: 5px;\">2 Temmuz 2025<\/span><a class=\"haberbaslik\" href=\"https:\/\/atauni.edu.tr\/mutercim-ve-tercumanlik\/%f0%9f%8e%89-translation-challenge-2025-sonuclari-ve-sertifika-erisimi-%f0%9f%8e%89\/\">\ud83c\udf89 Translation Challenge 2025 Sonu\u00e7lar\u0131 ve Sertifika Eri\u015fimi! \ud83c\udf89<\/a><\/div><\/li><\/ul>\n\n\n\n<p><\/p>\n","protected":false},"excerpt":{"rendered":"","protected":false},"author":1,"featured_media":0,"parent":0,"menu_order":0,"comment_status":"closed","ping_status":"closed","template":"","meta":{"footnotes":""},"class_list":["post-6661","page","type-page","status-publish","hentry"],"_links":{"self":[{"href":"https:\/\/atauni.edu.tr\/mutercim-ve-tercumanlik\/wp-json\/wp\/v2\/pages\/6661","targetHints":{"allow":["GET"]}}],"collection":[{"href":"https:\/\/atauni.edu.tr\/mutercim-ve-tercumanlik\/wp-json\/wp\/v2\/pages"}],"about":[{"href":"https:\/\/atauni.edu.tr\/mutercim-ve-tercumanlik\/wp-json\/wp\/v2\/types\/page"}],"author":[{"embeddable":true,"href":"https:\/\/atauni.edu.tr\/mutercim-ve-tercumanlik\/wp-json\/wp\/v2\/users\/1"}],"replies":[{"embeddable":true,"href":"https:\/\/atauni.edu.tr\/mutercim-ve-tercumanlik\/wp-json\/wp\/v2\/comments?post=6661"}],"version-history":[{"count":1,"href":"https:\/\/atauni.edu.tr\/mutercim-ve-tercumanlik\/wp-json\/wp\/v2\/pages\/6661\/revisions"}],"predecessor-version":[{"id":6664,"href":"https:\/\/atauni.edu.tr\/mutercim-ve-tercumanlik\/wp-json\/wp\/v2\/pages\/6661\/revisions\/6664"}],"wp:attachment":[{"href":"https:\/\/atauni.edu.tr\/mutercim-ve-tercumanlik\/wp-json\/wp\/v2\/media?parent=6661"}],"curies":[{"name":"wp","href":"https:\/\/api.w.org\/{rel}","templated":true}]}}