{"id":5638,"date":"2021-07-13T09:49:25","date_gmt":"2021-07-13T06:49:25","guid":{"rendered":"https:\/\/portaltest.atauni.edu.tr\/bilgisayar-muhendisligi\/?page_id=5638"},"modified":"2026-02-06T11:10:11","modified_gmt":"2026-02-06T08:10:11","slug":"tarihce","status":"publish","type":"page","link":"https:\/\/atauni.edu.tr\/muzik-bilimleri-bolumu\/tarihce\/","title":{"rendered":"Tarih\u00e7e"},"content":{"rendered":"\t\t<div data-elementor-type=\"wp-page\" data-elementor-id=\"5638\" class=\"elementor elementor-5638\" data-elementor-post-type=\"page\">\n\t\t\t\t\t\t<section class=\"elementor-section elementor-top-section elementor-element elementor-element-730d320 elementor-section-boxed elementor-section-height-default elementor-section-height-default\" data-id=\"730d320\" data-element_type=\"section\">\n\t\t\t\t\t\t<div class=\"elementor-container elementor-column-gap-default\">\n\t\t\t\t\t<div class=\"elementor-column elementor-col-100 elementor-top-column elementor-element elementor-element-753d0860\" data-id=\"753d0860\" data-element_type=\"column\">\n\t\t\t<div class=\"elementor-widget-wrap\">\n\t\t\t\t\t\t\t<\/div>\n\t\t<\/div>\n\t\t\t\t\t<\/div>\n\t\t<\/section>\n\t\t\t\t<section class=\"elementor-section elementor-top-section elementor-element elementor-element-9be811a elementor-section-boxed elementor-section-height-default elementor-section-height-default\" data-id=\"9be811a\" data-element_type=\"section\">\n\t\t\t\t\t\t<div class=\"elementor-container elementor-column-gap-default\">\n\t\t\t\t\t<div class=\"elementor-column elementor-col-100 elementor-top-column elementor-element elementor-element-1ed847b7\" data-id=\"1ed847b7\" data-element_type=\"column\">\n\t\t\t<div class=\"elementor-widget-wrap elementor-element-populated\">\n\t\t\t\t\t\t<div class=\"elementor-element elementor-element-4ce0d07f elementor-widget elementor-widget-heading\" data-id=\"4ce0d07f\" data-element_type=\"widget\" data-widget_type=\"heading.default\">\n\t\t\t\t<div class=\"elementor-widget-container\">\n\t\t\t\t\t<h2 class=\"elementor-heading-title elementor-size-default\">Tarih\u00e7e<\/h2>\t\t\t\t<\/div>\n\t\t\t\t<\/div>\n\t\t\t\t<div class=\"elementor-element elementor-element-63260862 elementor-widget-divider--view-line elementor-widget elementor-widget-divider\" data-id=\"63260862\" data-element_type=\"widget\" data-widget_type=\"divider.default\">\n\t\t\t\t<div class=\"elementor-widget-container\">\n\t\t\t\t\t\t\t<div class=\"elementor-divider\">\n\t\t\t<span class=\"elementor-divider-separator\">\n\t\t\t\t\t\t<\/span>\n\t\t<\/div>\n\t\t\t\t\t\t<\/div>\n\t\t\t\t<\/div>\n\t\t\t\t\t<\/div>\n\t\t<\/div>\n\t\t\t\t\t<\/div>\n\t\t<\/section>\n\t\t\t\t<section class=\"elementor-section elementor-top-section elementor-element elementor-element-681db8b elementor-section-boxed elementor-section-height-default elementor-section-height-default\" data-id=\"681db8b\" data-element_type=\"section\">\n\t\t\t\t\t\t<div class=\"elementor-container elementor-column-gap-default\">\n\t\t\t\t\t<div class=\"elementor-column elementor-col-100 elementor-top-column elementor-element elementor-element-ad4dac5\" data-id=\"ad4dac5\" data-element_type=\"column\">\n\t\t\t<div class=\"elementor-widget-wrap elementor-element-populated\">\n\t\t\t\t\t\t<div class=\"elementor-element elementor-element-2f96b3d elementor-widget__width-initial elementor-widget elementor-widget-text-editor\" data-id=\"2f96b3d\" data-element_type=\"widget\" data-widget_type=\"text-editor.default\">\n\t\t\t\t<div class=\"elementor-widget-container\">\n\t\t\t\t\t\t\t\t\t<div><h2>Kurulu\u015f<\/h2><p>Atat\u00fcrk \u00dcniversitesi G\u00fczel Sanatlar Fak\u00fcltesi, 11.07.1992 tarih 21281 say\u0131l\u0131 Resm\u00ee Gazete\u2019de yay\u0131nlanan 3837 say\u0131l\u0131 Y\u00fcksek \u00d6\u011frenim Kurumlar\u0131 Te\u015fkilat\u0131 hakk\u0131nda 41 kanun h\u00fckm\u00fcndeki kararnamenin de\u011fi\u015ftirilerek yap\u0131lmas\u0131 hakk\u0131nda karar gere\u011fince, 16.07.1993 tarih ve 2703 say\u0131l\u0131 karar\u0131 ile kurulmu\u015ftur. 1994-1995 e\u011fitim-\u00f6\u011fretim y\u0131l\u0131ndan itibaren a\u015famal\u0131 olarak e\u011fitim-\u00f6\u011fretime ba\u015flanm\u0131\u015f olan fak\u00fcltede M\u00fczik Bilimleri B\u00f6l\u00fcm\u00fc, 1995-1996 e\u011fitim-\u00f6\u011fretim y\u0131l\u0131nda faaliyete ge\u00e7mi\u015f olup, 2009-2010 e\u011fitim \u00f6\u011fretim y\u0131l\u0131nda ikinci \u00f6\u011fretim program\u0131n\u0131 da aktif hale getirmi\u015ftir. \u0130kinci \u00f6\u011fretim program\u0131na 2021-2022 \u00f6\u011fretim y\u0131l\u0131ndan itibaren \u00f6\u011frenci al\u0131m\u0131 sonland\u0131r\u0131lm\u0131\u015ft\u0131r. Rekt\u00f6rl\u00fck\u00e7e 2020 y\u0131l\u0131nda ba\u015flat\u0131lan ve \u00fcniversite genelinde y\u00fcr\u00fct\u00fclen m\u00fcfredat g\u00fcncelleme \u00e7al\u0131\u015fmalar\u0131yla birlikte M\u00fczik Bilimleri B\u00f6l\u00fcm\u00fc&#8217;n\u00fcn ad\u0131 &#8220;M\u00fczikoloji B\u00f6l\u00fcm\u00fc&#8221; olarak , lisans program\u0131n\u0131n ad\u0131 da &#8220;M\u00fczikoloji&#8221; olarak g\u00fcncellenmi\u015ftir. 2022-2023 \u00f6\u011fretim y\u0131l\u0131ndan itibaren M\u00fczikoloji B\u00f6l\u00fcm\u00fc&#8217;nde yaln\u0131z M\u00fczikoloji lisans program\u0131na \u00f6\u011frenci kabul edilmekte olup, di\u011fer programlar pasif ya da yar\u0131 pasif durumda olduklar\u0131ndan onlara \u00f6\u011frenci al\u0131nmamaktad\u0131r.\u00a0<\/p><\/div><div><h2>B\u00f6l\u00fcm Hakk\u0131nda<\/h2><h5>Fiziki Altyap\u0131<\/h5><p>M\u00fczikoloji B\u00f6l\u00fcm\u00fc&#8217;nde 6 derslik, 1 bilgisayar laboratuvar\u0131, 24 bireysel \u00e7al\u0131\u015fma odas\u0131, 1 enstr\u00fcman bak\u0131m at\u00f6lyesi ve 1 ar\u015fiv odas\u0131 bulunmaktad\u0131r.<\/p><h5>Akademik Kadro<\/h5><p>Yurdumuzun ihtiya\u00e7 duydu\u011fu m\u00fczik bilimcisi, m\u00fczik yap\u0131mc\u0131s\u0131, kompozit\u00f6r, ses ve saz sanat\u00e7\u0131s\u0131 yeti\u015ftirmek, evrensel ve milli m\u00fczi\u011fin kayna\u011f\u0131n\u0131, tarihsel geli\u015fimini ara\u015ft\u0131rmak, bu alanda ara\u015ft\u0131rma ve inceleme yapmak i\u00e7in gerekli y\u00f6ntem ve teknikleri i\u00e7eren genel k\u00fclt\u00fcr\u00fc kazand\u0131rmak amac\u0131yla kurulmu\u015f olan M\u00fczikoloji B\u00f6l\u00fcm\u00fc\u2019nde, 4 Profes\u00f6r, 8 Do\u00e7ent, 1 Dr. \u00d6\u011fr. \u00dcyesi, 1 Ara\u015ft\u0131rma G\u00f6revlisi Dr. ve 1 Ara\u015ft\u0131rma G\u00f6revlisi olmak \u00fczere toplam 15 \u00f6\u011fretim eleman\u0131 g\u00f6rev yapmaktad\u0131r.<\/p><h5>Program Ama\u00e7lar\u0131<\/h5><p>Genellikle alan ara\u015ft\u0131rmac\u0131s\u0131 ve teorisyeni yeti\u015ftirmeyi ama\u00e7layan M\u00fczikoloji B\u00f6l\u00fcm\u00fc\u2019nden mezun olan arkada\u015flar\u0131m\u0131z, bu \u00e7al\u0131\u015fmalar\u0131n\u0131 \u00e7e\u015fitli kamu kurum ve kurulu\u015flar\u0131 b\u00fcnyesinde y\u00fcr\u00fctme imk\u00e2n\u0131 bulabilecekleri gibi lisans\u00fcst\u00fc e\u011fitime de devam edebilmektedirler. M\u00fczikoloji B\u00f6l\u00fcm\u00fc lisans program\u0131ndan mezun olan \u00f6\u011frencilerimiz g\u00fczel sanatlarla ilgili e\u011fitim ve ara\u015ft\u0131rma kurumlar\u0131nda <em>Akademik Eleman<\/em>, \u00f6zel ve kamu kurulu\u015flar\u0131nda <em>M\u00fczik\/Sanat Dan\u0131\u015fman\u0131, M\u00fczik\/Sanat Y\u00f6neticisi<\/em>, Mill\u00ee E\u011fitim Bakanl\u0131\u011f\u0131\u2019na ba\u011fl\u0131 ve\/veya \u00f6zel e\u011fitim kurumlar\u0131nda<em> \u00d6\u011fretmen\/E\u011fitmen<\/em>, TRT ve K\u00fclt\u00fcr Bakanl\u0131\u011f\u0131 gibi kurumlarda <em>Ses ve\/veya Saz Sanat\u00e7\u0131s\u0131<\/em> olarak g\u00f6rev yapmaktad\u0131rlar.<\/p><h5>E\u011fitim-\u00d6\u011fretim<\/h5><p>B\u00f6l\u00fcm\u00fcm\u00fczde geleneksel T\u00fcrk m\u00fczi\u011finin kuram ve uygulamalar\u0131na y\u00f6nelik derslerin, evrensel m\u00fczik kuram ve uygulamalar\u0131na y\u00f6nelik derslerin ve teknoloji derslerinin yan\u0131 s\u0131ra m\u00fczik ara\u015ft\u0131rmac\u0131l\u0131\u011f\u0131nda gerekli olan y\u00f6ntem ve tekniklere odakl\u0131 derslerin yer ald\u0131\u011f\u0131 \u00e7ok y\u00f6nl\u00fc bir e\u011fitim program\u0131 takip edilmekte, \u00f6\u011frencilere kendilerinin se\u00e7ecekleri bir \u00e7alg\u0131 (geleneksel T\u00fcrk m\u00fczik k\u00fclt\u00fcr\u00fcnden ya da Bat\u0131 m\u00fczik k\u00fclt\u00fcr\u00fcnden) \u00fczerinde yeteneklerini geli\u015ftirme olana\u011f\u0131 da tan\u0131nmaktad\u0131r. E\u011fitim ve \u00f6\u011fretim \u00e7al\u0131\u015fmalar\u0131, \u00f6\u011frencilerin var olan yeteneklerini geli\u015ftirmelerinin yan\u0131nda, yarat\u0131c\u0131 yeteneklerini geli\u015ftirecek ve onlara mesleklerinde g\u00fc\u00e7l\u00fc bir ki\u015filik kazand\u0131racak ara\u015ft\u0131rmac\u0131 ve bilimsel d\u00fc\u015f\u00fcnme g\u00fc\u00e7lerini art\u0131racak \u015fekilde y\u00fcr\u00fct\u00fclmektedir. \u00d6\u011frenimin ilk iki y\u0131l\u0131nda temel m\u00fczik e\u011fitimi verilmekte, genel m\u00fczik bilgisi alan\u0131nda yarat\u0131c\u0131 sanat yeteneklerinin geli\u015ftirilmesi i\u00e7in bilgi, y\u00f6ntem ve teknikler kazand\u0131r\u0131lmaktad\u0131r. \u00d6\u011frenim s\u00fcrecinin son iki y\u0131l\u0131nda ise, m\u00fczik bilimi, m\u00fczik ara\u015ft\u0131rmac\u0131l\u0131\u011f\u0131 ve inceleme alan\u0131ndaki programlar uygulanmaktad\u0131r. M\u00fczikoloji B\u00f6l\u00fcm\u00fc\u2019nde lisans \u00f6\u011frencileri, e\u011fitimlerinin son y\u0131l\u0131nda \u201cDiploma \u00c7al\u0131\u015fmas\u0131\u201d olarak, m\u00fczik alan\u0131yla ilgili bir konuda m\u00fczik bilimsel ara\u015ft\u0131rma y\u00f6ntemlerini kullanarak y\u00fcr\u00fctt\u00fckleri \u00e7al\u0131\u015fmalar\u0131yla alana katk\u0131 sa\u011flamaktad\u0131rlar. Bu \u00e7al\u0131\u015fmalardan ulusal ve\/veya uluslararas\u0131 akademik dergilerde yay\u0131nlananlar da bulunmaktad\u0131r. B\u00f6ylece, m\u00fczikoloji alan\u0131nda nitelikli ara\u015ft\u0131rmac\u0131 yeti\u015ftirilmesine lisans d\u00fczeyinden ba\u015flayarak katk\u0131 sa\u011flanmaktad\u0131r. Ayr\u0131ca, b\u00f6l\u00fcm \u00f6\u011fretim elemanlar\u0131 di\u011fer bilim ve sanat disiplinleriyle i\u015f birli\u011fi i\u00e7inde y\u00fcr\u00fctt\u00fckleri projeleriyle, disiplinleraras\u0131 ara\u015ft\u0131rmac\u0131l\u0131kta \u00f6\u011frencilere rol model olmaya \u00e7al\u0131\u015fmaktad\u0131r. T\u00fcm bunlar\u0131n yan\u0131nda, M\u00fczikoloji B\u00f6l\u00fcm\u00fc \u00f6\u011fretim elemanlar\u0131 taraf\u0131ndan haz\u0131rlanan ve \u00f6\u011frencilerin de aktif kat\u0131l\u0131m\u0131yla ger\u00e7ekle\u015fen sanatsal etkinliklerle toplumun sanatsal ihtiya\u00e7lar\u0131n\u0131n kar\u015f\u0131lanmas\u0131 b\u00f6ylece toplumsal katk\u0131 hedeflerine ula\u015f\u0131lmas\u0131 da sa\u011flanmaktad\u0131r.\u00a0<\/p><p>E\u011fitim plan\u0131 ile ilgili detaylar i\u00e7in <a href=\"http:\/\/birimler.atauni.edu.tr\/muzik-bilimleri-bolumu\/lisans-ders-listesi\/\">t\u0131klay\u0131n<\/a>.<\/p><h5>Programa Kabul<\/h5><p>M\u00fczikoloji B\u00f6l\u00fcm\u00fc&#8217;ne Y\u00fcksek\u00f6\u011fretim Kurumlar\u0131 S\u0131nav\u0131 (YKS) K\u0131lavuzu\u2019nun 6. Maddesinde belirtilen hususlar kapsam\u0131nda ve ilgili y\u0131l\u0131n TYT s\u0131nav\u0131ndan en az 150 (Y\u00fczelli) puan alm\u0131\u015f adaylar\u0131n ba\u015fvuru yapabildi\u011fi, bilimsel ve sanatsal \u00f6l\u00e7\u00fctlerin dikkate al\u0131nd\u0131\u011f\u0131 \u00f6zel yetenek s\u0131nav\u0131 ile \u00f6\u011frenci kabul edilmektedir. bilimsel ve sanatsal \u00f6l\u00e7\u00fctlerin dikkate al\u0131nd\u0131\u011f\u0131 <a href=\"http:\/\/birimler.atauni.edu.tr\/muzik-bilimleri-bolumu\/ogrenci-deneyimi\/\">\u00f6zel yetenek s\u0131nav\u0131<\/a> ile \u00f6\u011frenci kabul edilmektedir. Yetenek s\u0131nav\u0131na ili\u015fkin ko\u015fullar, kontenjanlar ve a\u00e7\u0131klamalar her y\u0131l s\u0131nav \u00f6ncesinde Atat\u00fcrk \u00dcniversitesi&#8217;nin resmi web sayfas\u0131ndan ilan edilmektedir.\u00a0<\/p><h5>\u00d6\u011frenci Say\u0131lar\u0131 ve Dan\u0131\u015fmanl\u0131k Hizmetleri<\/h5><p>G\u00fczel Sanatlar Fak\u00fcltesi M\u00fczikoloji B\u00f6l\u00fcm\u00fc, M\u00fczikoloji lisans program\u0131yla ve G\u00fczel Sanatlar Enstit\u00fcs\u00fc M\u00fczik Bilimleri Ana Bilim Dal\u0131&#8217;nda M\u00fczikoloji tezli y\u00fcksek lisans program\u0131yla e\u011fitime katk\u0131 vermektedir. 2025-2026 e\u011fitim-\u00f6\u011fretim y\u0131l\u0131 verilerine g\u00f6re lisans program\u0131nda \u00f6rg\u00fcn \u00f6\u011fretimde 157 ve m\u00fczikoloji y\u00fcksek lisans program\u0131nda da 48 \u00f6\u011frenci bulunmaktad\u0131r. B\u00f6l\u00fcmdeki lisans \u00f6\u011frenci dan\u0131\u015fmanl\u0131klar\u0131 \u00f6\u011fretim \u00fcyeleri taraf\u0131ndan y\u00fcr\u00fct\u00fclmektedir. Takip ve denetim i\u015flemleri hem b\u00f6l\u00fcm ba\u015fkanl\u0131\u011f\u0131 taraf\u0131ndan hem de dekanl\u0131k makam\u0131nca g\u00f6revlendirilen temsilciler taraf\u0131ndan yap\u0131lmaktad\u0131r. Fak\u00fcltemizde dan\u0131\u015fmanl\u0131k s\u00fcre\u00e7lerini takip ve denetleme mekanizmas\u0131 ba\u011flam\u0131nda, 2021-2022 e\u011fitim-\u00f6\u011fretim y\u0131l\u0131 i\u00e7in b\u00f6l\u00fcm ba\u015fkanlar\u0131yla 17.08.2021 tarihinde y\u00fcz y\u00fcze yap\u0131lan toplant\u0131da dan\u0131\u015fmanlar\u0131n \u00f6\u011frenciler ile 15 g\u00fcnde bir toplant\u0131 yapmalar\u0131, ayda bir kez de b\u00f6l\u00fcm ba\u015fkanlar\u0131 ile bu toplant\u0131lar\u0131n \u00e7\u0131kt\u0131lar\u0131n\u0131 payla\u015fmalar\u0131 karar\u0131 al\u0131nm\u0131\u015ft\u0131r. Bu do\u011frultuda periyodik toplant\u0131lar d\u00fczenlenmektedir.<\/p><h5>\u00d6\u011frenci Kul\u00fcp \u00c7al\u0131\u015fmalar\u0131<\/h5><p><a href=\"https:\/\/kulupler.atauni.edu.tr\/index.php\/clubs\/kulup_detay\/342\">\u0130MECEFORTE<\/a>\u00a0<\/p><p class=\"altbaslik\">Birim: G\u00fczel Sanatlar Fak\u00fcltesi<\/p><p class=\"altbaslik\">Ama\u00e7lar<\/p><ul><li class=\"altbaslik\">K\u00f6y okullar\u0131nda \u00e7ocuklarla e\u011flenceli aktiviteler d\u00fczenlemek.<\/li><li class=\"altbaslik\">\u00d6zel e\u011fitim kurumlar\u0131na, ya\u015fl\u0131 bak\u0131m merkezlerine, yeti\u015ftirme yurtlar\u0131na ziyaret ve etkinlikler d\u00fczenlemek.<\/li><li class=\"altbaslik\">M\u00fczi\u011fi seven ve m\u00fczikle insanlar\u0131 mutlu edecek \u00fcyeler toplamak.<\/li><li class=\"altbaslik\">M\u00fczi\u011fe ilgisi olan insanlar\u0131 do\u011fru y\u00f6nlendirmek.<\/li><li class=\"altbaslik\">M\u00fczikal etkinlikler, konserler, tiyatrolar yapmak.<\/li><li class=\"altbaslik\">Farkl\u0131 m\u00fczik t\u00fcrlerini insanlara tan\u0131tmak.<\/li><li class=\"altbaslik\">Ayr\u0131ca kendini toplum ad\u0131na sorumlu hissedecek bireyleri b\u00fcnyemize katmak kul\u00fcp ama\u00e7lar\u0131n\u0131 olu\u015fturmaktad\u0131r.<\/li><\/ul><p class=\"Kuluphakkindabaslik yonetimBaslik\">Kul\u00fcp Dan\u0131\u015fman\u0131: Do\u00e7.Dr. Koray \u00c7ELENK<\/p><p class=\"altbaslik\">Ba\u015fkan: Ebrar Visal AKAY<\/p><p class=\"altbaslik\">Ba\u015fkan Yard\u0131mc\u0131s\u0131: Berrin ATE\u015e<\/p><\/div>\t\t\t\t\t\t\t\t<\/div>\n\t\t\t\t<\/div>\n\t\t\t\t\t<\/div>\n\t\t<\/div>\n\t\t\t\t\t<\/div>\n\t\t<\/section>\n\t\t\t\t<\/div>\n\t\t","protected":false},"excerpt":{"rendered":"<p>Tarih\u00e7e Kurulu\u015f Atat\u00fcrk \u00dcniversitesi G\u00fczel Sanatlar Fak\u00fcltesi, 11.07.1992 tarih 21281 say\u0131l\u0131 Resm\u00ee Gazete\u2019de yay\u0131nlanan 3837 say\u0131l\u0131 Y\u00fcksek \u00d6\u011frenim Kurumlar\u0131 Te\u015fkilat\u0131 hakk\u0131nda 41 kanun h\u00fckm\u00fcndeki kararnamenin de\u011fi\u015ftirilerek yap\u0131lmas\u0131 hakk\u0131nda karar gere\u011fince, 16.07.1993 tarih ve 2703 say\u0131l\u0131 karar\u0131 ile kurulmu\u015ftur. 1994-1995 e\u011fitim-\u00f6\u011fretim y\u0131l\u0131ndan itibaren a\u015famal\u0131 olarak e\u011fitim-\u00f6\u011fretime ba\u015flanm\u0131\u015f olan fak\u00fcltede M\u00fczik Bilimleri B\u00f6l\u00fcm\u00fc, 1995-1996 e\u011fitim-\u00f6\u011fretim y\u0131l\u0131nda faaliyete [&hellip;]<\/p>\n","protected":false},"author":1,"featured_media":0,"parent":0,"menu_order":0,"comment_status":"closed","ping_status":"closed","template":"","meta":{"footnotes":""},"class_list":["post-5638","page","type-page","status-publish","hentry"],"_links":{"self":[{"href":"https:\/\/atauni.edu.tr\/muzik-bilimleri-bolumu\/wp-json\/wp\/v2\/pages\/5638","targetHints":{"allow":["GET"]}}],"collection":[{"href":"https:\/\/atauni.edu.tr\/muzik-bilimleri-bolumu\/wp-json\/wp\/v2\/pages"}],"about":[{"href":"https:\/\/atauni.edu.tr\/muzik-bilimleri-bolumu\/wp-json\/wp\/v2\/types\/page"}],"author":[{"embeddable":true,"href":"https:\/\/atauni.edu.tr\/muzik-bilimleri-bolumu\/wp-json\/wp\/v2\/users\/1"}],"replies":[{"embeddable":true,"href":"https:\/\/atauni.edu.tr\/muzik-bilimleri-bolumu\/wp-json\/wp\/v2\/comments?post=5638"}],"version-history":[{"count":85,"href":"https:\/\/atauni.edu.tr\/muzik-bilimleri-bolumu\/wp-json\/wp\/v2\/pages\/5638\/revisions"}],"predecessor-version":[{"id":7992,"href":"https:\/\/atauni.edu.tr\/muzik-bilimleri-bolumu\/wp-json\/wp\/v2\/pages\/5638\/revisions\/7992"}],"wp:attachment":[{"href":"https:\/\/atauni.edu.tr\/muzik-bilimleri-bolumu\/wp-json\/wp\/v2\/media?parent=5638"}],"curies":[{"name":"wp","href":"https:\/\/api.w.org\/{rel}","templated":true}]}}