{"id":5682,"date":"2021-07-13T10:10:01","date_gmt":"2021-07-13T07:10:01","guid":{"rendered":"https:\/\/portaltest.atauni.edu.tr\/bilgisayar-muhendisligi\/?page_id=5682"},"modified":"2026-02-17T13:54:56","modified_gmt":"2026-02-17T10:54:56","slug":"misyon-vizyon-ve-temel-degerler","status":"publish","type":"page","link":"https:\/\/atauni.edu.tr\/muzik-bilimleri-bolumu\/misyon-vizyon-ve-temel-degerler\/","title":{"rendered":"Misyon, Vizyon ve Temel De\u011ferler"},"content":{"rendered":"\t\t<div data-elementor-type=\"wp-page\" data-elementor-id=\"5682\" class=\"elementor elementor-5682\" data-elementor-post-type=\"page\">\n\t\t\t\t\t\t<section class=\"elementor-section elementor-top-section elementor-element elementor-element-730d320 elementor-section-boxed elementor-section-height-default elementor-section-height-default\" data-id=\"730d320\" data-element_type=\"section\">\n\t\t\t\t\t\t<div class=\"elementor-container elementor-column-gap-default\">\n\t\t\t\t\t<div class=\"elementor-column elementor-col-100 elementor-top-column elementor-element elementor-element-753d0860\" data-id=\"753d0860\" data-element_type=\"column\">\n\t\t\t<div class=\"elementor-widget-wrap\">\n\t\t\t\t\t\t\t<\/div>\n\t\t<\/div>\n\t\t\t\t\t<\/div>\n\t\t<\/section>\n\t\t\t\t<section class=\"elementor-section elementor-top-section elementor-element elementor-element-9be811a elementor-section-boxed elementor-section-height-default elementor-section-height-default\" data-id=\"9be811a\" data-element_type=\"section\">\n\t\t\t\t\t\t<div class=\"elementor-container elementor-column-gap-default\">\n\t\t\t\t\t<div class=\"elementor-column elementor-col-100 elementor-top-column elementor-element elementor-element-1ed847b7\" data-id=\"1ed847b7\" data-element_type=\"column\">\n\t\t\t<div class=\"elementor-widget-wrap elementor-element-populated\">\n\t\t\t\t\t\t<div class=\"elementor-element elementor-element-4ce0d07f elementor-widget elementor-widget-heading\" data-id=\"4ce0d07f\" data-element_type=\"widget\" data-widget_type=\"heading.default\">\n\t\t\t\t<div class=\"elementor-widget-container\">\n\t\t\t\t\t<h2 class=\"elementor-heading-title elementor-size-default\">Misyon, Vizyon ve Temel De\u011ferler<\/h2>\t\t\t\t<\/div>\n\t\t\t\t<\/div>\n\t\t\t\t<div class=\"elementor-element elementor-element-63260862 elementor-widget-divider--view-line elementor-widget elementor-widget-divider\" data-id=\"63260862\" data-element_type=\"widget\" data-widget_type=\"divider.default\">\n\t\t\t\t<div class=\"elementor-widget-container\">\n\t\t\t\t\t\t\t<div class=\"elementor-divider\">\n\t\t\t<span class=\"elementor-divider-separator\">\n\t\t\t\t\t\t<\/span>\n\t\t<\/div>\n\t\t\t\t\t\t<\/div>\n\t\t\t\t<\/div>\n\t\t\t\t\t<\/div>\n\t\t<\/div>\n\t\t\t\t\t<\/div>\n\t\t<\/section>\n\t\t\t\t<section class=\"elementor-section elementor-top-section elementor-element elementor-element-681db8b elementor-section-boxed elementor-section-height-default elementor-section-height-default\" data-id=\"681db8b\" data-element_type=\"section\">\n\t\t\t\t\t\t<div class=\"elementor-container elementor-column-gap-default\">\n\t\t\t\t\t<div class=\"elementor-column elementor-col-100 elementor-top-column elementor-element elementor-element-ad4dac5\" data-id=\"ad4dac5\" data-element_type=\"column\">\n\t\t\t<div class=\"elementor-widget-wrap elementor-element-populated\">\n\t\t\t\t\t\t<div class=\"elementor-element elementor-element-2f96b3d elementor-widget elementor-widget-text-editor\" data-id=\"2f96b3d\" data-element_type=\"widget\" data-widget_type=\"text-editor.default\">\n\t\t\t\t<div class=\"elementor-widget-container\">\n\t\t\t\t\t\t\t\t\t<div><h2>\u00d6Z G\u00d6REV (M\u0130SYON)<\/h2><p>\u201cG\u00fc\u00e7l\u00fc bilim\u201d<\/p><p>B\u00f6lgeye ve \u00fclkeye katk\u0131 sa\u011flamak; y\u00fcksek teknolojiye dayal\u0131 tasar\u0131m ve inovasyon faaliyetleri ger\u00e7ekle\u015ftirmek; \u00f6rg\u00fcn\u00a0ve\u00a0uzaktan e\u011fitim yoluyla nitelikli bireyler yeti\u015ftirmek, bilime\u00a0ve\u00a0sanata\u00a0evrensel\u00a0d\u00fczeyde\u00a0de\u011fer\u00a0katmakt\u0131r.<\/p><p>M\u00fczikoloji B\u00f6l\u00fcm\u00fc\u2019n\u00fcn \u201cG\u00fc\u00e7l\u00fc bilim\u201d misyonu \u00e7er\u00e7evesinde en temel g\u00f6revi, T\u00fcrkiye Cumhuriyeti\u2019nin m\u00fczik alan\u0131nda ihtiya\u00e7 duydu\u011fu nitelikli insanlar\u0131 yeti\u015ftirebilmektir. Bu bak\u0131mdan b\u00f6l\u00fcm\u00fcm\u00fcz\u00fcn misyonu, \u00fclkemizin ihtiyac\u0131 olan m\u00fczik ara\u015ft\u0131rmac\u0131s\u0131, akademisyen, derlemeci, m\u00fczik yap\u0131mc\u0131s\u0131, kompozit\u00f6r, ses ve saz sanat\u00e7\u0131lar\u0131n\u0131 yeti\u015ftirmek; evrensel ve milli m\u00fczi\u011fin kayna\u011f\u0131n\u0131, tarihsel geli\u015fim s\u00fcre\u00e7lerini g\u00fcncel bilimsel yakla\u015f\u0131mlarla ara\u015ft\u0131rmak, bu alanda ara\u015ft\u0131rma ve inceleme yapmak i\u00e7in gerekli y\u00f6ntem ve teknikleri i\u00e7eren genel k\u00fclt\u00fcr\u00fc \u00f6\u011frencilerine kazand\u0131rmakt\u0131r.<\/p><h2><span style=\"color: #202b5d;font-family: Ubuntu;font-size: 1.75rem;font-weight: 600;letter-spacing: 0px\">\u00d6Z \u00dcLK\u00dc (V\u0130ZYON)<\/span><\/h2><p>\u201cParlak gelecek\u201d<\/p><p>Kendisini s\u00fcrekli geli\u015ftirdi\u011fi gibi b\u00f6lgesindeki d\u00f6n\u00fc\u015f\u00fcmlerde de \u2018ad\u0131 gibi \u00f6nc\u00fc\u2019 ve yeni nesil bir d\u00fcnya \u00fcniversitesi olmak.<\/p><p>\u00d6\u011frenci odakl\u0131 e\u011fitim anlay\u0131\u015f\u0131yla, aktif e\u011fitim modelini uygulayan ve gelecek nesilleri \u00e7a\u011fda\u015f gerekliliklerle donatan M\u00fczikoloji B\u00f6l\u00fcm\u00fc\u2019n\u00fcn gelece\u011fe y\u00f6nelik hedefleri gerek b\u00f6lgenin gerekse \u00fclkemizin nitelikli insan g\u00fcc\u00fcne katk\u0131 sa\u011flayacak, T\u00fcrkiye Cumhuriyeti\u2019nin kazan\u0131mlar\u0131nda imzas\u0131 bulunacak gen\u00e7 ve dinamik beyinleri yeti\u015ftirmek; uluslararas\u0131 tan\u0131n\u0131rl\u0131\u011f\u0131 ve marka de\u011feri y\u00fcksek bir b\u00f6l\u00fcm olarak toplumsal katma de\u011feri en \u00fcst d\u00fczeye \u00e7\u0131karmakt\u0131r.<\/p><h2><span style=\"color: #003366\">TEMEL DE\u011eERLER<\/span><\/h2><div><!-- \/* Style Definitions *\/ p.MsoNormal, li.MsoNormal, div.MsoNormal {mso-style-unhide:no; mso-style-qformat:yes; mso-style-parent:\"\"; margin-top:10.0pt; margin-right:0cm; margin-bottom:10.0pt; margin-left:0cm; text-align:justify; text-justify:inter-ideograph; line-height:115%; mso-pagination:widow-orphan; font-size:11.0pt; font-family:\"Cambria\",serif; mso-ascii-font-family:Cambria; mso-ascii-theme-font:minor-latin; mso-fareast-font-family:\"MS Mincho\"; mso-fareast-theme-font:minor-fareast; mso-hansi-font-family:Cambria; mso-hansi-theme-font:minor-latin; mso-bidi-font-family:\"Times New Roman\"; mso-bidi-theme-font:minor-bidi; mso-ansi-language:EN-US; mso-fareast-language:EN-US;} p.MsoListParagraph, li.MsoListParagraph, div.MsoListParagraph {mso-style-priority:34; mso-style-unhide:no; mso-style-qformat:yes; margin-top:10.0pt; margin-right:0cm; margin-bottom:10.0pt; margin-left:36.0pt; mso-add-space:auto; text-align:justify; text-justify:inter-ideograph; line-height:115%; mso-pagination:widow-orphan; font-size:11.0pt; font-family:\"Cambria\",serif; mso-ascii-font-family:Cambria; mso-ascii-theme-font:minor-latin; mso-fareast-font-family:\"MS Mincho\"; mso-fareast-theme-font:minor-fareast; mso-hansi-font-family:Cambria; mso-hansi-theme-font:minor-latin; mso-bidi-font-family:\"Times New Roman\"; mso-bidi-theme-font:minor-bidi; mso-ansi-language:EN-US; mso-fareast-language:EN-US;} p.MsoListParagraphCxSpFirst, li.MsoListParagraphCxSpFirst, div.MsoListParagraphCxSpFirst {mso-style-priority:34; mso-style-unhide:no; mso-style-qformat:yes; mso-style-type:export-only; margin-top:10.0pt; margin-right:0cm; margin-bottom:0cm; margin-left:36.0pt; mso-add-space:auto; text-align:justify; text-justify:inter-ideograph; line-height:115%; mso-pagination:widow-orphan; font-size:11.0pt; font-family:\"Cambria\",serif; mso-ascii-font-family:Cambria; mso-ascii-theme-font:minor-latin; mso-fareast-font-family:\"MS Mincho\"; mso-fareast-theme-font:minor-fareast; mso-hansi-font-family:Cambria; mso-hansi-theme-font:minor-latin; mso-bidi-font-family:\"Times New Roman\"; mso-bidi-theme-font:minor-bidi; mso-ansi-language:EN-US; mso-fareast-language:EN-US;} p.MsoListParagraphCxSpMiddle, li.MsoListParagraphCxSpMiddle, div.MsoListParagraphCxSpMiddle {mso-style-priority:34; mso-style-unhide:no; mso-style-qformat:yes; mso-style-type:export-only; margin-top:0cm; margin-right:0cm; margin-bottom:0cm; margin-left:36.0pt; mso-add-space:auto; text-align:justify; text-justify:inter-ideograph; line-height:115%; mso-pagination:widow-orphan; font-size:11.0pt; font-family:\"Cambria\",serif; mso-ascii-font-family:Cambria; mso-ascii-theme-font:minor-latin; mso-fareast-font-family:\"MS Mincho\"; mso-fareast-theme-font:minor-fareast; mso-hansi-font-family:Cambria; mso-hansi-theme-font:minor-latin; mso-bidi-font-family:\"Times New Roman\"; mso-bidi-theme-font:minor-bidi; mso-ansi-language:EN-US; mso-fareast-language:EN-US;} p.MsoListParagraphCxSpLast, li.MsoListParagraphCxSpLast, div.MsoListParagraphCxSpLast {mso-style-priority:34; mso-style-unhide:no; mso-style-qformat:yes; mso-style-type:export-only; margin-top:0cm; margin-right:0cm; margin-bottom:10.0pt; margin-left:36.0pt; mso-add-space:auto; text-align:justify; text-justify:inter-ideograph; line-height:115%; mso-pagination:widow-orphan; font-size:11.0pt; font-family:\"Cambria\",serif; mso-ascii-font-family:Cambria; mso-ascii-theme-font:minor-latin; mso-fareast-font-family:\"MS Mincho\"; mso-fareast-theme-font:minor-fareast; mso-hansi-font-family:Cambria; mso-hansi-theme-font:minor-latin; mso-bidi-font-family:\"Times New Roman\"; mso-bidi-theme-font:minor-bidi; mso-ansi-language:EN-US; mso-fareast-language:EN-US;} .MsoChpDefault {mso-style-type:export-only; mso-default-props:yes; font-size:11.0pt; mso-ansi-font-size:11.0pt; mso-bidi-font-size:11.0pt; font-family:\"Cambria\",serif; mso-ascii-font-family:Cambria; mso-ascii-theme-font:minor-latin; mso-fareast-font-family:\"MS Mincho\"; mso-fareast-theme-font:minor-fareast; mso-hansi-font-family:Cambria; mso-hansi-theme-font:minor-latin; mso-bidi-font-family:\"Times New Roman\"; mso-bidi-theme-font:minor-bidi; mso-ansi-language:EN-US; mso-fareast-language:EN-US;} .MsoPapDefault {mso-style-type:export-only; margin-top:10.0pt; margin-right:0cm; margin-bottom:10.0pt; margin-left:0cm; line-height:115%;} @page WordSection1 {size:612.0pt 792.0pt; margin:70.85pt 70.85pt 70.85pt 70.85pt; mso-header-margin:35.4pt; mso-footer-margin:35.4pt; mso-paper-source:0;} div.WordSection1 {page:WordSection1;} \/* List Definitions *\/ @list l0 {mso-list-id:1265378792; mso-list-type:hybrid; mso-list-template-ids:-624918674 67698693 1013587784 2100311792 311456318 1329350336 -1922004400 -1614257024 -6899440 1220173690;} @list l0:level1 {mso-level-number-format:bullet; mso-level-text:\uf0a7; mso-level-tab-stop:none; mso-level-number-position:left; margin-left:50.9pt; text-indent:-18.0pt; mso-ansi-font-size:11.0pt; mso-bidi-font-size:11.0pt; font-family:Wingdings; color:#231F20; mso-font-width:88%; mso-ansi-language:EN-GB; mso-fareast-language:EN-GB; mso-bidi-language:EN-GB;} @list l0:level2 {mso-level-start-at:0; mso-level-number-format:bullet; mso-level-text:\u2022; mso-level-tab-stop:none; mso-level-number-position:left; margin-left:150.75pt; text-indent:-12.05pt; mso-ansi-font-size:11.0pt; mso-bidi-font-size:11.0pt; font-family:\"Times New Roman\",serif; mso-fareast-font-family:\"Times New Roman\"; color:#231F20; mso-font-width:88%; mso-ansi-language:EN-GB; mso-fareast-language:EN-GB; mso-bidi-language:EN-GB;} @list l0:level3 {mso-level-start-at:0; mso-level-number-format:bullet; mso-level-text:\u2022; mso-level-tab-stop:none; mso-level-number-position:left; margin-left:178.0pt; text-indent:-12.05pt; mso-ansi-language:EN-GB; mso-fareast-language:EN-GB; mso-bidi-language:EN-GB;} @list l0:level4 {mso-level-start-at:0; mso-level-number-format:bullet; mso-level-text:\u2022; mso-level-tab-stop:none; mso-level-number-position:left; margin-left:230.15pt; text-indent:-12.05pt; mso-ansi-language:EN-GB; mso-fareast-language:EN-GB; mso-bidi-language:EN-GB;} @list l0:level5 {mso-level-start-at:0; mso-level-number-format:bullet; mso-level-text:\u2022; mso-level-tab-stop:none; mso-level-number-position:left; margin-left:282.3pt; text-indent:-12.05pt; mso-ansi-language:EN-GB; mso-fareast-language:EN-GB; mso-bidi-language:EN-GB;} @list l0:level6 {mso-level-start-at:0; mso-level-number-format:bullet; mso-level-text:\u2022; mso-level-tab-stop:none; mso-level-number-position:left; margin-left:334.45pt; text-indent:-12.05pt; mso-ansi-language:EN-GB; mso-fareast-language:EN-GB; mso-bidi-language:EN-GB;} @list l0:level7 {mso-level-start-at:0; mso-level-number-format:bullet; mso-level-text:\u2022; mso-level-tab-stop:none; mso-level-number-position:left; margin-left:386.6pt; text-indent:-12.05pt; mso-ansi-language:EN-GB; mso-fareast-language:EN-GB; mso-bidi-language:EN-GB;} @list l0:level8 {mso-level-start-at:0; mso-level-number-format:bullet; mso-level-text:\u2022; mso-level-tab-stop:none; mso-level-number-position:left; margin-left:438.75pt; text-indent:-12.05pt; mso-ansi-language:EN-GB; mso-fareast-language:EN-GB; mso-bidi-language:EN-GB;} @list l0:level9 {mso-level-start-at:0; mso-level-number-format:bullet; mso-level-text:\u2022; mso-level-tab-stop:none; mso-level-number-position:left; margin-left:490.95pt; text-indent:-12.05pt; mso-ansi-language:EN-GB; mso-fareast-language:EN-GB; mso-bidi-language:EN-GB;} --><\/div><p class=\"MsoListParagraphCxSpFirst\" style=\"margin-top: 7.75pt;margin-bottom: 10pt;margin-left: 50.9pt;text-indent: -18pt\"><!-- [if !supportLists]--><span lang=\"EN-GB\" style=\"font-family: Wingdings;color: #231f20\">\u00a7<span style=\"font-size: 7pt;line-height: normal;font-family: 'Times New Roman'\">\u00a0\u00a0\u00a0<\/span><\/span><!--[endif]--><em>Bilimsellik:<\/em> Ald\u0131\u011f\u0131 karar ve uygulamalarda bilimsel kriter ve do\u011frular\u0131 temel al\u0131r.<\/p><p class=\"MsoListParagraphCxSpMiddle\" style=\"margin-top: 7.75pt;margin-bottom: 10pt;margin-left: 50.9pt;text-indent: -18pt\"><!-- [if !supportLists]--><span lang=\"EN-GB\" style=\"font-family: Wingdings;color: #231f20\">\u00a7<span style=\"font-size: 7pt;line-height: normal;font-family: 'Times New Roman'\">\u00a0\u00a0\u00a0<\/span><\/span><!--[endif]--><em><span style=\"letter-spacing: -0.15pt\">Yenilik\u00e7ilik\u00a0<\/span><span style=\"letter-spacing: -0.2pt\">ve<\/span><span style=\"letter-spacing: -0.45pt\">\u00a0<\/span>Giri\u015fimcilik:<\/em> Etkinli\u011fini art\u0131racak alanlarda yeni ve farkl\u0131 uygulamalar\u0131 hayata ge\u00e7irir.<\/p><p class=\"MsoListParagraphCxSpMiddle\" style=\"margin-top: 7.8pt;margin-bottom: 10pt;margin-left: 50.9pt;text-indent: -18pt\"><!-- [if !supportLists]--><span lang=\"EN-GB\" style=\"font-family: Wingdings;color: #231f20\">\u00a7<span style=\"font-size: 7pt;line-height: normal;font-family: 'Times New Roman'\">\u00a0\u00a0\u00a0<\/span><\/span><!--[endif]--><em>Kat\u0131l\u0131mc\u0131l\u0131k\u00a0<span style=\"letter-spacing: -0.2pt\">ve<\/span><span style=\"letter-spacing: -0.6pt\">\u00a0<\/span>Payla\u015f\u0131mc\u0131l\u0131k:<\/em> Kararlar kat\u0131l\u0131ml\u0131 \u015fekilde al\u0131n\u0131r, bilgiler \u015feffaf \u015fekilde payla\u015f\u0131l\u0131r.<\/p><p class=\"MsoListParagraphCxSpMiddle\" style=\"margin-top: 7.75pt;margin-bottom: 10pt;margin-left: 50.9pt;text-indent: -18pt\"><!-- [if !supportLists]--><span lang=\"EN-GB\" style=\"font-family: Wingdings;color: #231f20\">\u00a7<span style=\"font-size: 7pt;line-height: normal;font-family: 'Times New Roman'\">\u00a0\u00a0\u00a0<\/span><\/span><!--[endif]--><span style=\"letter-spacing: -0.25pt\"><em>\u00d6\u011frenme Odakl\u0131l\u0131k:<\/em> T\u00fcm bireylerin \u00f6\u011frenme deneyimlerini kolayla\u015ft\u0131r\u0131r ve geli\u015ftirir.\u00a0<\/span><\/p><p class=\"MsoListParagraphCxSpMiddle\" style=\"margin-top: 7.75pt;margin-bottom: 10pt;margin-left: 50.9pt;text-indent: -18pt\"><!-- [if !supportLists]--><span lang=\"EN-GB\" style=\"font-family: Wingdings;color: #231f20\">\u00a7<span style=\"font-size: 7pt;line-height: normal;font-family: 'Times New Roman'\">\u00a0\u00a0<em>\u00a0<\/em><\/span><\/span><em><!--[endif]--><span style=\"letter-spacing: -0.15pt\">Eme\u011fe S<\/span><span style=\"letter-spacing: -0.2pt\">ayg\u0131 G\u00f6sterme ve B<\/span>a\u015far\u0131y\u0131 Takdir Etme<\/em><em><span style=\"letter-spacing: -2pt\">:<\/span><\/em>\u00a0G\u00f6sterilen \u00e7abalara sayg\u0131 g\u00f6sterilir ve ba\u015far\u0131lar tan\u0131n\u0131r.<\/p><p class=\"MsoListParagraphCxSpMiddle\" style=\"margin-top: 7.75pt;margin-bottom: 10pt;margin-left: 50.9pt;text-indent: -18pt\"><!-- [if !supportLists]--><span lang=\"EN-GB\" style=\"font-family: Wingdings;color: #231f20\">\u00a7<span style=\"font-size: 7pt;line-height: normal;font-family: 'Times New Roman'\">\u00a0\u00a0\u00a0<\/span><\/span><!--[endif]--><em>Ulusal\u00a0<span style=\"letter-spacing: -0.2pt\">ve E<\/span><span style=\"letter-spacing: -0.15pt\">vrensel De\u011ferlere<\/span><span style=\"letter-spacing: -0.7pt\"> B<\/span>a\u011fl\u0131l\u0131k:<\/em> \u00dclkemizin de\u011ferlerine ba\u011fl\u0131l\u0131\u011f\u0131n yan\u0131nda evrensel de\u011ferlere de sahip \u00e7\u0131k\u0131l\u0131r. Milli m\u00fczik k\u00fclt\u00fcr\u00fcm\u00fcz\u00fcn hem ge\u00e7mi\u015fine sahip \u00e7\u0131k\u0131l\u0131p korunur hem de k\u00fclt\u00fcr\u00fcn devaml\u0131l\u0131\u011f\u0131 ve geli\u015fimi i\u00e7in yeni \u00fcretimler te\u015fvik edilir.<\/p><p class=\"MsoListParagraphCxSpLast\" style=\"margin-top: 7.75pt;margin-left: 50.9pt;text-indent: -18pt\"><!-- [if !supportLists]--><span lang=\"EN-GB\" style=\"font-family: Wingdings;color: #231f20\">\u00a7<span style=\"font-size: 7pt;line-height: normal;font-family: 'Times New Roman'\">\u00a0\u00a0\u00a0<\/span><\/span><!--[endif]--><em><span style=\"letter-spacing: -0.15pt\">Toplumsal, K<\/span>\u00fclt\u00fcrel, \u00c7evresel <span style=\"letter-spacing: -0.2pt\">ve S<\/span>anatsal Duyarl\u0131l\u0131k:<\/em> Toplumsal alanlardaki sorun ve ihtiya\u00e7lara kar\u015f\u0131 duyarl\u0131 davran\u0131l\u0131r. Sanatsal pratikler yoluyla bu duyarl\u0131l\u0131k ifade edilir ve toplumun dikkati s\u00f6z konusu sorun ve ihtiya\u00e7lara \u00e7ekilir.<\/p><p>M\u00fczikoloji B\u00f6l\u00fcm\u00fc ba\u015far\u0131 b\u00f6lgesi tercihinde, Birle\u015fmi\u015f Milletlerin S\u00fcrd\u00fcr\u00fclebilir Kalk\u0131nma Hedeflerinden\u00a0 alt\u0131 tanesini \u00f6nceliklendirmi\u015ftir. Bunlara ek olarak M\u00fczikoloji B\u00f6l\u00fcm\u00fc&#8217;n\u00fcn alana \u00f6zg\u00fc \u00f6ncelikleri \u015funlard\u0131r:<\/p><ul><li><em>Milli m\u00fczikal miras\u0131n korunmas\u0131 ve geli\u015ftirilmesi,<\/em><\/li><li><em>Disiplinler aras\u0131 m\u00fczik ara\u015ft\u0131rmalar\u0131,<\/em><\/li><li><em>M\u00fczik alan\u0131nda akademik kadrolara nitelikli eleman yeti\u015ftirmek,<\/em><\/li><li><em>Toplumsal ve k\u00fclt\u00fcrel katk\u0131,<\/em><\/li><li><em>Sosyal sorumluluk projeleri,<\/em><\/li><li><em>Teknolojik entegrasyon ve dijitalle\u015fme.<\/em><\/li><\/ul><\/div><p style=\"margin: 10pt 0cm;line-height: 16.866666793823242px;font-size: 11pt;font-family: Cambria, serif;color: #000000\">\u00a0<\/p>\t\t\t\t\t\t\t\t<\/div>\n\t\t\t\t<\/div>\n\t\t\t\t<div class=\"elementor-element elementor-element-681bbab elementor-widget elementor-widget-image\" data-id=\"681bbab\" data-element_type=\"widget\" data-widget_type=\"image.default\">\n\t\t\t\t<div class=\"elementor-widget-container\">\n\t\t\t\t\t\t\t\t\t\t\t\t\t\t\t<img fetchpriority=\"high\" decoding=\"async\" width=\"773\" height=\"133\" src=\"https:\/\/atauni.edu.tr\/muzik-bilimleri-bolumu\/wp-content\/uploads\/sites\/143\/2020\/07\/Ekran-Resmi-2022-06-09-16.31.14.png\" class=\"attachment-large size-large wp-image-6656\" alt=\"\" srcset=\"https:\/\/atauni.edu.tr\/muzik-bilimleri-bolumu\/wp-content\/uploads\/sites\/143\/2020\/07\/Ekran-Resmi-2022-06-09-16.31.14.png 773w, https:\/\/atauni.edu.tr\/muzik-bilimleri-bolumu\/wp-content\/uploads\/sites\/143\/2020\/07\/Ekran-Resmi-2022-06-09-16.31.14-300x52.png 300w, https:\/\/atauni.edu.tr\/muzik-bilimleri-bolumu\/wp-content\/uploads\/sites\/143\/2020\/07\/Ekran-Resmi-2022-06-09-16.31.14-768x132.png 768w, https:\/\/atauni.edu.tr\/muzik-bilimleri-bolumu\/wp-content\/uploads\/sites\/143\/2020\/07\/Ekran-Resmi-2022-06-09-16.31.14-600x103.png 600w, https:\/\/atauni.edu.tr\/muzik-bilimleri-bolumu\/wp-content\/uploads\/sites\/143\/2020\/07\/Ekran-Resmi-2022-06-09-16.31.14-560x96.png 560w\" sizes=\"(max-width: 773px) 100vw, 773px\" \/>\t\t\t\t\t\t\t\t\t\t\t\t\t\t\t<\/div>\n\t\t\t\t<\/div>\n\t\t\t\t\t<\/div>\n\t\t<\/div>\n\t\t\t\t\t<\/div>\n\t\t<\/section>\n\t\t\t\t<\/div>\n\t\t","protected":false},"excerpt":{"rendered":"<p>Misyon, Vizyon ve Temel De\u011ferler \u00d6Z G\u00d6REV (M\u0130SYON) \u201cG\u00fc\u00e7l\u00fc bilim\u201d B\u00f6lgeye ve \u00fclkeye katk\u0131 sa\u011flamak; y\u00fcksek teknolojiye dayal\u0131 tasar\u0131m ve inovasyon faaliyetleri ger\u00e7ekle\u015ftirmek; \u00f6rg\u00fcn\u00a0ve\u00a0uzaktan e\u011fitim yoluyla nitelikli bireyler yeti\u015ftirmek, bilime\u00a0ve\u00a0sanata\u00a0evrensel\u00a0d\u00fczeyde\u00a0de\u011fer\u00a0katmakt\u0131r. M\u00fczikoloji B\u00f6l\u00fcm\u00fc\u2019n\u00fcn \u201cG\u00fc\u00e7l\u00fc bilim\u201d misyonu \u00e7er\u00e7evesinde en temel g\u00f6revi, T\u00fcrkiye Cumhuriyeti\u2019nin m\u00fczik alan\u0131nda ihtiya\u00e7 duydu\u011fu nitelikli insanlar\u0131 yeti\u015ftirebilmektir. Bu bak\u0131mdan b\u00f6l\u00fcm\u00fcm\u00fcz\u00fcn misyonu, \u00fclkemizin ihtiyac\u0131 olan [&hellip;]<\/p>\n","protected":false},"author":1,"featured_media":0,"parent":0,"menu_order":0,"comment_status":"closed","ping_status":"closed","template":"elementor_header_footer","meta":{"footnotes":""},"class_list":["post-5682","page","type-page","status-publish","hentry"],"_links":{"self":[{"href":"https:\/\/atauni.edu.tr\/muzik-bilimleri-bolumu\/wp-json\/wp\/v2\/pages\/5682","targetHints":{"allow":["GET"]}}],"collection":[{"href":"https:\/\/atauni.edu.tr\/muzik-bilimleri-bolumu\/wp-json\/wp\/v2\/pages"}],"about":[{"href":"https:\/\/atauni.edu.tr\/muzik-bilimleri-bolumu\/wp-json\/wp\/v2\/types\/page"}],"author":[{"embeddable":true,"href":"https:\/\/atauni.edu.tr\/muzik-bilimleri-bolumu\/wp-json\/wp\/v2\/users\/1"}],"replies":[{"embeddable":true,"href":"https:\/\/atauni.edu.tr\/muzik-bilimleri-bolumu\/wp-json\/wp\/v2\/comments?post=5682"}],"version-history":[{"count":32,"href":"https:\/\/atauni.edu.tr\/muzik-bilimleri-bolumu\/wp-json\/wp\/v2\/pages\/5682\/revisions"}],"predecessor-version":[{"id":8060,"href":"https:\/\/atauni.edu.tr\/muzik-bilimleri-bolumu\/wp-json\/wp\/v2\/pages\/5682\/revisions\/8060"}],"wp:attachment":[{"href":"https:\/\/atauni.edu.tr\/muzik-bilimleri-bolumu\/wp-json\/wp\/v2\/media?parent=5682"}],"curies":[{"name":"wp","href":"https:\/\/api.w.org\/{rel}","templated":true}]}}