{"id":5734,"date":"2021-07-13T11:37:45","date_gmt":"2021-07-13T08:37:45","guid":{"rendered":"https:\/\/portaltest.atauni.edu.tr\/bilgisayar-muhendisligi\/?page_id=5734"},"modified":"2025-09-03T11:40:46","modified_gmt":"2025-09-03T08:40:46","slug":"ogrenci-deneyimi","status":"publish","type":"page","link":"https:\/\/atauni.edu.tr\/muzik-bilimleri-bolumu\/ogrenci-deneyimi\/","title":{"rendered":"\u00d6zel Yetenek S\u0131nav\u0131"},"content":{"rendered":"\t\t<div data-elementor-type=\"wp-page\" data-elementor-id=\"5734\" class=\"elementor elementor-5734\" data-elementor-post-type=\"page\">\n\t\t\t\t\t\t<section class=\"elementor-section elementor-top-section elementor-element elementor-element-1015b85 elementor-section-boxed elementor-section-height-default elementor-section-height-default\" data-id=\"1015b85\" data-element_type=\"section\">\n\t\t\t\t\t\t<div class=\"elementor-container elementor-column-gap-default\">\n\t\t\t\t\t<div class=\"elementor-column elementor-col-100 elementor-top-column elementor-element elementor-element-9ee4e69\" data-id=\"9ee4e69\" data-element_type=\"column\">\n\t\t\t<div class=\"elementor-widget-wrap elementor-element-populated\">\n\t\t\t\t\t\t<div class=\"elementor-element elementor-element-4b97f8f elementor-widget elementor-widget-text-editor\" data-id=\"4b97f8f\" data-element_type=\"widget\" data-widget_type=\"text-editor.default\">\n\t\t\t\t<div class=\"elementor-widget-container\">\n\t\t\t\t\t\t\t\t\t<h3>Genel Kabul Ko\u015fullar\u0131<\/h3><p>M\u00fczik Bilimleri B\u00f6l\u00fcm\u00fc&#8217;ne Y\u00fcksek\u00f6\u011fretim Kurumlar\u0131 S\u0131nav\u0131 (YKS) K\u0131lavuzu\u2019nun 6. Maddesinde belirtilen hususlar kapsam\u0131nda ve ilgili y\u0131l\u0131n TYT s\u0131nav\u0131ndan en az 150 (Y\u00fczelli) puan alm\u0131\u015f adaylar\u0131n ba\u015fvuru yapabildi\u011fi, bilimsel ve sanatsal \u00f6l\u00e7\u00fctlerin dikkate al\u0131nd\u0131\u011f\u0131 \u00f6zel yetenek s\u0131nav\u0131 ile \u00f6\u011frenci kabul edilmektedir. Yetenek s\u0131nav\u0131na ili\u015fkin ko\u015fullar, kontenjanlar ve a\u00e7\u0131klamalar her y\u0131l s\u0131nav \u00f6ncesinde Atat\u00fcrk \u00dcniversitesi\u2019nin resmi web sayfas\u0131ndan ilan edilmektedir.<\/p><p>\u00d6\u011frencinin M\u00fczik Bilimleri B\u00f6l\u00fcm\u00fc&#8217;ne kay\u0131t yapt\u0131rabilmesi i\u00e7in, \u00d6SYM taraf\u0131ndan yap\u0131lan TYT s\u0131nav\u0131ndan en az 150 (Y\u00fczelli) puan alm\u0131\u015f olmalar\u0131 ve daha sonra yap\u0131lacak \u00f6zel yetenek s\u0131nav\u0131n\u0131 ba\u015farmalar\u0131 gerekmektedir. Adaylar\u0131n<em> ses, konu\u015fma<\/em> ve <em>bedensel \u00f6zellikler<\/em> gibi \u00f6n ko\u015ful \u00f6zellikleri de\u011ferlendirildikten sonra, kendilerinin m\u00fczikal \u00f6zellikleri \u00f6l\u00e7\u00fcl\u00fcr ve de\u011ferlendirme bu \u00f6l\u00e7\u00fcmlere g\u00f6re yap\u0131l\u0131r. S\u0131nav\u0131n nas\u0131l yap\u0131laca\u011f\u0131na dair detaylar, ilgili y\u0131lda \u00dcniversite taraf\u0131ndan a\u00e7\u0131klanan &#8220;Yetenek S\u0131nav K\u0131lavuzu&#8221;nda belirtilir.\u00a0<\/p><h3>Yatay &#8211; Dikey Ge\u00e7i\u015f<\/h3><p>M\u00fczik Bilimleri B\u00f6l\u00fcm\u00fc&#8217;ne yatay ge\u00e7i\u015f i\u015flemleri, Atat\u00fcrk \u00dcniversitesi taraf\u0131ndan ilan edilen &#8220;Yatay Ge\u00e7i\u015f Bilgilendirme Rehberi&#8221; \u00e7er\u00e7evesinde \u00a0yap\u0131labilmektedir. Rehbere eri\u015fim i\u00e7in <a href=\"https:\/\/birimler.atauni.edu.tr\/ogrenci-isleri-daire-baskanligi\/yatay-gecis\/\">t\u0131klay\u0131n.<\/a><\/p><p>Denkli\u011fi Y\u00fcksek\u00f6\u011fretim Kurulu taraf\u0131ndan kabul edilen kurumlardan \u00f6\u011frenci kabul edilebilir. Dikey ge\u00e7i\u015f s\u0131nav\u0131ndan ba\u015far\u0131l\u0131 olan Meslek Y\u00fcksek Okulu mezunlar\u0131 da lisans derecesi almak \u00fczere e\u011fitimlerine devam edebilmeleri i\u00e7in kabul edilebilirler. T\u00fcrkiye\u2019deki y\u00fcksek\u00f6\u011fretim kurumlar\u0131nda \u00f6nceki formal olmayan ve formal e\u011fitimin tan\u0131nmas\u0131 hen\u00fcz ba\u015flang\u0131\u00e7 a\u015famas\u0131ndad\u0131r. \u00d6zellikle Mesleki M\u00fczik E\u011fitiminde hen\u00fcz \u00f6n lisans uygulamas\u0131 yayg\u0131nla\u015fmam\u0131\u015ft\u0131r.<\/p><h3>\u00c7ift Anadal &#8211; Yandal<\/h3><p>B\u00f6l\u00fcm\u00fcm\u00fczde \u00e7ift anadal ve\/veya yandal uygulamas\u0131 bulunmamaktad\u0131r.\u00a0<\/p><p>E\u011fitim-\u00f6\u011fretim ve \u00f6\u011frenci i\u015fleri ile ilgili her t\u00fcrl\u00fc bilgilendirme i\u00e7in <a href=\"https:\/\/birimler.atauni.edu.tr\/ogrenci-isleri-daire-baskanligi\/\">\u00d6\u011frenci \u0130\u015fleri Daire Ba\u015fkanl\u0131\u011f\u0131<\/a> sayfas\u0131n\u0131 ziyaret edebilirsiniz.\u00a0<\/p>\t\t\t\t\t\t\t\t<\/div>\n\t\t\t\t<\/div>\n\t\t\t\t\t<\/div>\n\t\t<\/div>\n\t\t\t\t\t<\/div>\n\t\t<\/section>\n\t\t\t\t<section class=\"elementor-section elementor-top-section elementor-element elementor-element-9be811a elementor-section-boxed elementor-section-height-default elementor-section-height-default\" data-id=\"9be811a\" data-element_type=\"section\">\n\t\t\t\t\t\t<div class=\"elementor-container elementor-column-gap-default\">\n\t\t\t\t\t<div class=\"elementor-column elementor-col-100 elementor-top-column elementor-element elementor-element-1ed847b7\" data-id=\"1ed847b7\" data-element_type=\"column\">\n\t\t\t<div class=\"elementor-widget-wrap elementor-element-populated\">\n\t\t\t\t\t\t<div class=\"elementor-element elementor-element-4ce0d07f elementor-widget elementor-widget-heading\" data-id=\"4ce0d07f\" data-element_type=\"widget\" data-widget_type=\"heading.default\">\n\t\t\t\t<div class=\"elementor-widget-container\">\n\t\t\t\t\t<h2 class=\"elementor-heading-title elementor-size-default\"><a href=\"https:\/\/birimler.atauni.edu.tr\/ogrenci-isleri-daire-baskanligi\/ozel-yetenek-sinavi\/\">\u00d6zel Yetenek S\u0131navlar\u0131 hakk\u0131nda detayl\u0131 bilgi almak i\u00e7in t\u0131klay\u0131n<\/a><\/h2>\t\t\t\t<\/div>\n\t\t\t\t<\/div>\n\t\t\t\t<div class=\"elementor-element elementor-element-63260862 elementor-widget-divider--view-line elementor-widget elementor-widget-divider\" data-id=\"63260862\" data-element_type=\"widget\" data-widget_type=\"divider.default\">\n\t\t\t\t<div class=\"elementor-widget-container\">\n\t\t\t\t\t\t\t<div class=\"elementor-divider\">\n\t\t\t<span class=\"elementor-divider-separator\">\n\t\t\t\t\t\t<\/span>\n\t\t<\/div>\n\t\t\t\t\t\t<\/div>\n\t\t\t\t<\/div>\n\t\t\t\t\t<\/div>\n\t\t<\/div>\n\t\t\t\t\t<\/div>\n\t\t<\/section>\n\t\t\t\t<\/div>\n\t\t","protected":false},"excerpt":{"rendered":"<p>Genel Kabul Ko\u015fullar\u0131 M\u00fczik Bilimleri B\u00f6l\u00fcm\u00fc&#8217;ne Y\u00fcksek\u00f6\u011fretim Kurumlar\u0131 S\u0131nav\u0131 (YKS) K\u0131lavuzu\u2019nun 6. Maddesinde belirtilen hususlar kapsam\u0131nda ve ilgili y\u0131l\u0131n TYT s\u0131nav\u0131ndan en az 150 (Y\u00fczelli) puan alm\u0131\u015f adaylar\u0131n ba\u015fvuru yapabildi\u011fi, bilimsel ve sanatsal \u00f6l\u00e7\u00fctlerin dikkate al\u0131nd\u0131\u011f\u0131 \u00f6zel yetenek s\u0131nav\u0131 ile \u00f6\u011frenci kabul edilmektedir. Yetenek s\u0131nav\u0131na ili\u015fkin ko\u015fullar, kontenjanlar ve a\u00e7\u0131klamalar her y\u0131l s\u0131nav \u00f6ncesinde Atat\u00fcrk [&hellip;]<\/p>\n","protected":false},"author":1,"featured_media":0,"parent":0,"menu_order":0,"comment_status":"closed","ping_status":"closed","template":"elementor_header_footer","meta":{"footnotes":""},"class_list":["post-5734","page","type-page","status-publish","hentry"],"_links":{"self":[{"href":"https:\/\/atauni.edu.tr\/muzik-bilimleri-bolumu\/wp-json\/wp\/v2\/pages\/5734","targetHints":{"allow":["GET"]}}],"collection":[{"href":"https:\/\/atauni.edu.tr\/muzik-bilimleri-bolumu\/wp-json\/wp\/v2\/pages"}],"about":[{"href":"https:\/\/atauni.edu.tr\/muzik-bilimleri-bolumu\/wp-json\/wp\/v2\/types\/page"}],"author":[{"embeddable":true,"href":"https:\/\/atauni.edu.tr\/muzik-bilimleri-bolumu\/wp-json\/wp\/v2\/users\/1"}],"replies":[{"embeddable":true,"href":"https:\/\/atauni.edu.tr\/muzik-bilimleri-bolumu\/wp-json\/wp\/v2\/comments?post=5734"}],"version-history":[{"count":69,"href":"https:\/\/atauni.edu.tr\/muzik-bilimleri-bolumu\/wp-json\/wp\/v2\/pages\/5734\/revisions"}],"predecessor-version":[{"id":7742,"href":"https:\/\/atauni.edu.tr\/muzik-bilimleri-bolumu\/wp-json\/wp\/v2\/pages\/5734\/revisions\/7742"}],"wp:attachment":[{"href":"https:\/\/atauni.edu.tr\/muzik-bilimleri-bolumu\/wp-json\/wp\/v2\/media?parent=5734"}],"curies":[{"name":"wp","href":"https:\/\/api.w.org\/{rel}","templated":true}]}}