{"id":5762,"date":"2021-07-13T12:55:48","date_gmt":"2021-07-13T09:55:48","guid":{"rendered":"https:\/\/portaltest.atauni.edu.tr\/bilgisayar-muhendisligi\/?page_id=5762"},"modified":"2026-02-16T13:05:54","modified_gmt":"2026-02-16T10:05:54","slug":"lisans-ders-listesi","status":"publish","type":"page","link":"https:\/\/atauni.edu.tr\/muzik-bilimleri-bolumu\/lisans-ders-listesi\/","title":{"rendered":"E\u011fitim Plan\u0131"},"content":{"rendered":"\t\t<div data-elementor-type=\"wp-page\" data-elementor-id=\"5762\" class=\"elementor elementor-5762\" data-elementor-post-type=\"page\">\n\t\t\t\t\t\t<section class=\"elementor-section elementor-top-section elementor-element elementor-element-ff12562 elementor-section-boxed elementor-section-height-default elementor-section-height-default\" data-id=\"ff12562\" data-element_type=\"section\">\n\t\t\t\t\t\t<div class=\"elementor-container elementor-column-gap-default\">\n\t\t\t\t\t<div class=\"elementor-column elementor-col-100 elementor-top-column elementor-element elementor-element-2aa5f38\" data-id=\"2aa5f38\" data-element_type=\"column\">\n\t\t\t<div class=\"elementor-widget-wrap elementor-element-populated\">\n\t\t\t\t\t\t<div class=\"elementor-element elementor-element-3f6c81d elementor-widget elementor-widget-text-editor\" data-id=\"3f6c81d\" data-element_type=\"widget\" data-widget_type=\"text-editor.default\">\n\t\t\t\t<div class=\"elementor-widget-container\">\n\t\t\t\t\t\t\t\t\t<h2>M\u00fczikoloji Program\u0131 E\u011fitim Plan\u0131 (2025-2026)<\/h2><p>M\u00fczikoloji B\u00f6l\u00fcm\u00fc lisans program\u0131nda a\u015fa\u011f\u0131daki dersler okutulmaktad\u0131r. E\u011fitim plan\u0131 yap\u0131sal olarak; zorunlu, se\u00e7meli ve \u00fcniversite se\u00e7meli tiplerinde olmak \u00fczere, alan i\u00e7i ve alan d\u0131\u015f\u0131 derslerden olu\u015fmaktad\u0131r. Alan i\u00e7i zorunlu ve se\u00e7meli dersler y\u00fcz y\u00fcze, alan d\u0131\u015f\u0131 ve \u00fcniversite se\u00e7meli dersler y\u00fcz y\u00fcze ve\/veya \u00e7evrimi\u00e7i \u015fekilde yap\u0131labilmektedir.\u00a0<\/p><h5>E\u011fitim plan\u0131 ders da\u011f\u0131l\u0131m\u0131 tablosu<\/h5><table style=\"font-weight: 400\"><tbody><tr><td width=\"208\"><p><strong>Ders T\u00fcr\u00fc<\/strong><\/p><\/td><td width=\"66\"><p><strong>Kredi<\/strong><\/p><\/td><td width=\"132\"><p><strong>Toplam Krediye Oran\u0131 (%)<\/strong><\/p><\/td><td width=\"76\"><p><strong>AKTS<\/strong><\/p><\/td><td width=\"122\"><p><strong>Toplam AKTS\u2019ye Oran\u0131 (%)<\/strong><\/p><\/td><\/tr><tr><td width=\"208\"><p>Alan i\u00e7i zorunlu ders<\/p><\/td><td width=\"66\"><p>104<\/p><\/td><td width=\"132\"><p>65<\/p><\/td><td width=\"76\"><p>164<\/p><\/td><td width=\"122\"><p>70<\/p><\/td><\/tr><tr><td width=\"208\"><p>Alan i\u00e7i se\u00e7meli ders<\/p><\/td><td width=\"66\"><p>20<\/p><\/td><td width=\"132\"><p>12,5<\/p><\/td><td width=\"76\"><p>30<\/p><\/td><td width=\"122\"><p>12,5<\/p><\/td><\/tr><tr><td width=\"208\"><p>Ortak zorunlu ders<\/p><\/td><td width=\"66\"><p>24<\/p><\/td><td width=\"132\"><p>15<\/p><\/td><td width=\"76\"><p>28<\/p><\/td><td width=\"122\"><p>10<\/p><\/td><\/tr><tr><td width=\"208\"><p>\u00dcniversite se\u00e7meli ders<\/p><\/td><td width=\"66\"><p>12<\/p><\/td><td width=\"132\"><p>7,5<\/p><\/td><td width=\"76\"><p>18<\/p><\/td><td width=\"122\"><p>7,5<\/p><\/td><\/tr><tr><td width=\"208\"><p><strong>TOPLAM<\/strong><\/p><\/td><td width=\"66\"><p><strong>160<\/strong><\/p><\/td><td width=\"132\"><p>100<\/p><\/td><td width=\"76\"><p><strong>240<\/strong><\/p><\/td><td width=\"122\"><p>100<\/p><\/td><\/tr><\/tbody><\/table><p>Alan i\u00e7i zorunlu ders say\u0131s\u0131 &#8211; 66<\/p><p>Alan i\u00e7i se\u00e7meli ders havuzunda yer alan ders say\u0131s\u0131 &#8211; 25\u00a0<\/p><p><a href=\"http:\/\/atauni.edu.tr\/muzik-bilimleri-bolumu\/wp-content\/uploads\/sites\/143\/2026\/02\/Ekran-Resmi-2026-02-16-12.47.33.jpg\"><img fetchpriority=\"high\" decoding=\"async\" class=\"wp-image-8028 size-full\" src=\"http:\/\/atauni.edu.tr\/muzik-bilimleri-bolumu\/wp-content\/uploads\/sites\/143\/2026\/02\/Ekran-Resmi-2026-02-16-12.47.33.jpg\" alt=\"\" width=\"2006\" height=\"1174\" srcset=\"https:\/\/atauni.edu.tr\/muzik-bilimleri-bolumu\/wp-content\/uploads\/sites\/143\/2026\/02\/Ekran-Resmi-2026-02-16-12.47.33.jpg 2006w, https:\/\/atauni.edu.tr\/muzik-bilimleri-bolumu\/wp-content\/uploads\/sites\/143\/2026\/02\/Ekran-Resmi-2026-02-16-12.47.33-300x176.jpg 300w, https:\/\/atauni.edu.tr\/muzik-bilimleri-bolumu\/wp-content\/uploads\/sites\/143\/2026\/02\/Ekran-Resmi-2026-02-16-12.47.33-1024x599.jpg 1024w, https:\/\/atauni.edu.tr\/muzik-bilimleri-bolumu\/wp-content\/uploads\/sites\/143\/2026\/02\/Ekran-Resmi-2026-02-16-12.47.33-768x449.jpg 768w, https:\/\/atauni.edu.tr\/muzik-bilimleri-bolumu\/wp-content\/uploads\/sites\/143\/2026\/02\/Ekran-Resmi-2026-02-16-12.47.33-1536x899.jpg 1536w, https:\/\/atauni.edu.tr\/muzik-bilimleri-bolumu\/wp-content\/uploads\/sites\/143\/2026\/02\/Ekran-Resmi-2026-02-16-12.47.33-600x351.jpg 600w, https:\/\/atauni.edu.tr\/muzik-bilimleri-bolumu\/wp-content\/uploads\/sites\/143\/2026\/02\/Ekran-Resmi-2026-02-16-12.47.33-560x328.jpg 560w\" sizes=\"(max-width: 2006px) 100vw, 2006px\" \/><\/a><\/p><p><a href=\"http:\/\/atauni.edu.tr\/muzik-bilimleri-bolumu\/wp-content\/uploads\/sites\/143\/2026\/02\/Ekran-Resmi-2026-02-16-12.47.51.png\"><img decoding=\"async\" class=\"alignnone wp-image-8029 size-full\" src=\"http:\/\/atauni.edu.tr\/muzik-bilimleri-bolumu\/wp-content\/uploads\/sites\/143\/2026\/02\/Ekran-Resmi-2026-02-16-12.47.51.png\" alt=\"\" width=\"1998\" height=\"1320\" srcset=\"https:\/\/atauni.edu.tr\/muzik-bilimleri-bolumu\/wp-content\/uploads\/sites\/143\/2026\/02\/Ekran-Resmi-2026-02-16-12.47.51.png 1998w, https:\/\/atauni.edu.tr\/muzik-bilimleri-bolumu\/wp-content\/uploads\/sites\/143\/2026\/02\/Ekran-Resmi-2026-02-16-12.47.51-300x198.png 300w, https:\/\/atauni.edu.tr\/muzik-bilimleri-bolumu\/wp-content\/uploads\/sites\/143\/2026\/02\/Ekran-Resmi-2026-02-16-12.47.51-1024x677.png 1024w, https:\/\/atauni.edu.tr\/muzik-bilimleri-bolumu\/wp-content\/uploads\/sites\/143\/2026\/02\/Ekran-Resmi-2026-02-16-12.47.51-768x507.png 768w, https:\/\/atauni.edu.tr\/muzik-bilimleri-bolumu\/wp-content\/uploads\/sites\/143\/2026\/02\/Ekran-Resmi-2026-02-16-12.47.51-1536x1015.png 1536w, https:\/\/atauni.edu.tr\/muzik-bilimleri-bolumu\/wp-content\/uploads\/sites\/143\/2026\/02\/Ekran-Resmi-2026-02-16-12.47.51-600x396.png 600w, https:\/\/atauni.edu.tr\/muzik-bilimleri-bolumu\/wp-content\/uploads\/sites\/143\/2026\/02\/Ekran-Resmi-2026-02-16-12.47.51-560x370.png 560w\" sizes=\"(max-width: 1998px) 100vw, 1998px\" \/><\/a><\/p><p><a href=\"http:\/\/atauni.edu.tr\/muzik-bilimleri-bolumu\/wp-content\/uploads\/sites\/143\/2026\/02\/Ekran-Resmi-2026-02-16-12.48.14.png\"><img decoding=\"async\" class=\"alignnone wp-image-8030 size-full\" src=\"http:\/\/atauni.edu.tr\/muzik-bilimleri-bolumu\/wp-content\/uploads\/sites\/143\/2026\/02\/Ekran-Resmi-2026-02-16-12.48.14.png\" alt=\"\" width=\"2040\" height=\"1488\" srcset=\"https:\/\/atauni.edu.tr\/muzik-bilimleri-bolumu\/wp-content\/uploads\/sites\/143\/2026\/02\/Ekran-Resmi-2026-02-16-12.48.14.png 2040w, https:\/\/atauni.edu.tr\/muzik-bilimleri-bolumu\/wp-content\/uploads\/sites\/143\/2026\/02\/Ekran-Resmi-2026-02-16-12.48.14-300x219.png 300w, https:\/\/atauni.edu.tr\/muzik-bilimleri-bolumu\/wp-content\/uploads\/sites\/143\/2026\/02\/Ekran-Resmi-2026-02-16-12.48.14-1024x747.png 1024w, https:\/\/atauni.edu.tr\/muzik-bilimleri-bolumu\/wp-content\/uploads\/sites\/143\/2026\/02\/Ekran-Resmi-2026-02-16-12.48.14-768x560.png 768w, https:\/\/atauni.edu.tr\/muzik-bilimleri-bolumu\/wp-content\/uploads\/sites\/143\/2026\/02\/Ekran-Resmi-2026-02-16-12.48.14-1536x1120.png 1536w, https:\/\/atauni.edu.tr\/muzik-bilimleri-bolumu\/wp-content\/uploads\/sites\/143\/2026\/02\/Ekran-Resmi-2026-02-16-12.48.14-600x438.png 600w, https:\/\/atauni.edu.tr\/muzik-bilimleri-bolumu\/wp-content\/uploads\/sites\/143\/2026\/02\/Ekran-Resmi-2026-02-16-12.48.14-560x408.png 560w\" sizes=\"(max-width: 2040px) 100vw, 2040px\" \/><\/a><\/p><p><a href=\"http:\/\/atauni.edu.tr\/muzik-bilimleri-bolumu\/wp-content\/uploads\/sites\/143\/2026\/02\/Ekran-Resmi-2026-02-16-12.48.57.png\"><img loading=\"lazy\" decoding=\"async\" class=\"alignnone wp-image-8031 size-full\" src=\"http:\/\/atauni.edu.tr\/muzik-bilimleri-bolumu\/wp-content\/uploads\/sites\/143\/2026\/02\/Ekran-Resmi-2026-02-16-12.48.57.png\" alt=\"\" width=\"1586\" height=\"981\" srcset=\"https:\/\/atauni.edu.tr\/muzik-bilimleri-bolumu\/wp-content\/uploads\/sites\/143\/2026\/02\/Ekran-Resmi-2026-02-16-12.48.57.png 1586w, https:\/\/atauni.edu.tr\/muzik-bilimleri-bolumu\/wp-content\/uploads\/sites\/143\/2026\/02\/Ekran-Resmi-2026-02-16-12.48.57-300x186.png 300w, https:\/\/atauni.edu.tr\/muzik-bilimleri-bolumu\/wp-content\/uploads\/sites\/143\/2026\/02\/Ekran-Resmi-2026-02-16-12.48.57-1024x633.png 1024w, https:\/\/atauni.edu.tr\/muzik-bilimleri-bolumu\/wp-content\/uploads\/sites\/143\/2026\/02\/Ekran-Resmi-2026-02-16-12.48.57-768x475.png 768w, https:\/\/atauni.edu.tr\/muzik-bilimleri-bolumu\/wp-content\/uploads\/sites\/143\/2026\/02\/Ekran-Resmi-2026-02-16-12.48.57-1536x950.png 1536w, https:\/\/atauni.edu.tr\/muzik-bilimleri-bolumu\/wp-content\/uploads\/sites\/143\/2026\/02\/Ekran-Resmi-2026-02-16-12.48.57-600x371.png 600w, https:\/\/atauni.edu.tr\/muzik-bilimleri-bolumu\/wp-content\/uploads\/sites\/143\/2026\/02\/Ekran-Resmi-2026-02-16-12.48.57-560x346.png 560w\" sizes=\"(max-width: 1586px) 100vw, 1586px\" \/><\/a><\/p><p>M\u00fczikoloji B\u00f6l\u00fcm\u00fc Lisans \u00d6\u011frencisi, 8 yar\u0131y\u0131l i\u00e7inde, programdaki toplam 160 kredi ve \u00a0240 AKTS de\u011ferinde dersi ba\u015fararak ve Diploma \u00c7al\u0131\u015fmas\u0131 olarak tan\u0131mlanan lisans tezini ba\u015far\u0131yla tamamlayarak mezun olur.<\/p><p><b>M\u00fczikoloji B\u00f6l\u00fcm\u00fc lisans program\u0131n\u0131n ge\u00e7mi\u015f d\u00f6nemlere ait e\u011fitim planlar\u0131na eri\u015fmek i\u00e7in <a href=\"https:\/\/obs.atauni.edu.tr\/moduller\/dbp\/eobs\/birimDetay\/1193\/M\u00fczik%20Bilimleri%20Program\u0131%20(1193)?\">buraya t\u0131klay\u0131n\u0131z.\u00a0<\/a><\/b><\/p><p><em>A\u00e7\u0131lan sayfada &#8220;M\u00fcfredat Dersleri ve AKTS Kredileri&#8221; d\u00fc\u011fmesi t\u0131kland\u0131ktan sonra giri\u015f y\u0131l\u0131n\u0131 se\u00e7erek diledi\u011finiz y\u0131la ait m\u00fcfredat i\u00e7eri\u011fine eri\u015febilirsiniz.\u00a0<\/em><\/p>\t\t\t\t\t\t\t\t<\/div>\n\t\t\t\t<\/div>\n\t\t\t\t\t<\/div>\n\t\t<\/div>\n\t\t\t\t\t<\/div>\n\t\t<\/section>\n\t\t\t\t<\/div>\n\t\t","protected":false},"excerpt":{"rendered":"<p>M\u00fczikoloji Program\u0131 E\u011fitim Plan\u0131 (2025-2026) M\u00fczikoloji B\u00f6l\u00fcm\u00fc lisans program\u0131nda a\u015fa\u011f\u0131daki dersler okutulmaktad\u0131r. E\u011fitim plan\u0131 yap\u0131sal olarak; zorunlu, se\u00e7meli ve \u00fcniversite se\u00e7meli tiplerinde olmak \u00fczere, alan i\u00e7i ve alan d\u0131\u015f\u0131 derslerden olu\u015fmaktad\u0131r. Alan i\u00e7i zorunlu ve se\u00e7meli dersler y\u00fcz y\u00fcze, alan d\u0131\u015f\u0131 ve \u00fcniversite se\u00e7meli dersler y\u00fcz y\u00fcze ve\/veya \u00e7evrimi\u00e7i \u015fekilde yap\u0131labilmektedir.\u00a0 E\u011fitim plan\u0131 ders da\u011f\u0131l\u0131m\u0131 [&hellip;]<\/p>\n","protected":false},"author":1,"featured_media":0,"parent":0,"menu_order":0,"comment_status":"closed","ping_status":"closed","template":"elementor_header_footer","meta":{"footnotes":""},"class_list":["post-5762","page","type-page","status-publish","hentry"],"_links":{"self":[{"href":"https:\/\/atauni.edu.tr\/muzik-bilimleri-bolumu\/wp-json\/wp\/v2\/pages\/5762","targetHints":{"allow":["GET"]}}],"collection":[{"href":"https:\/\/atauni.edu.tr\/muzik-bilimleri-bolumu\/wp-json\/wp\/v2\/pages"}],"about":[{"href":"https:\/\/atauni.edu.tr\/muzik-bilimleri-bolumu\/wp-json\/wp\/v2\/types\/page"}],"author":[{"embeddable":true,"href":"https:\/\/atauni.edu.tr\/muzik-bilimleri-bolumu\/wp-json\/wp\/v2\/users\/1"}],"replies":[{"embeddable":true,"href":"https:\/\/atauni.edu.tr\/muzik-bilimleri-bolumu\/wp-json\/wp\/v2\/comments?post=5762"}],"version-history":[{"count":72,"href":"https:\/\/atauni.edu.tr\/muzik-bilimleri-bolumu\/wp-json\/wp\/v2\/pages\/5762\/revisions"}],"predecessor-version":[{"id":8035,"href":"https:\/\/atauni.edu.tr\/muzik-bilimleri-bolumu\/wp-json\/wp\/v2\/pages\/5762\/revisions\/8035"}],"wp:attachment":[{"href":"https:\/\/atauni.edu.tr\/muzik-bilimleri-bolumu\/wp-json\/wp\/v2\/media?parent=5762"}],"curies":[{"name":"wp","href":"https:\/\/api.w.org\/{rel}","templated":true}]}}