{"id":5800,"date":"2021-07-13T13:12:45","date_gmt":"2021-07-13T10:12:45","guid":{"rendered":"https:\/\/portaltest.atauni.edu.tr\/bilgisayar-muhendisligi\/?page_id=5800"},"modified":"2026-02-25T12:16:49","modified_gmt":"2026-02-25T09:16:49","slug":"bitirme-projeleri","status":"publish","type":"page","link":"https:\/\/atauni.edu.tr\/muzik-bilimleri-bolumu\/bitirme-projeleri\/","title":{"rendered":"Diploma \u00c7al\u0131\u015fmas\u0131 (Lisans Tezleri)"},"content":{"rendered":"\t\t<div data-elementor-type=\"wp-page\" data-elementor-id=\"5800\" class=\"elementor elementor-5800\" data-elementor-post-type=\"page\">\n\t\t\t\t\t\t<section class=\"elementor-section elementor-top-section elementor-element elementor-element-370e786 elementor-section-boxed elementor-section-height-default elementor-section-height-default\" data-id=\"370e786\" data-element_type=\"section\">\n\t\t\t\t\t\t<div class=\"elementor-container elementor-column-gap-default\">\n\t\t\t\t\t<div class=\"elementor-column elementor-col-100 elementor-top-column elementor-element elementor-element-d9d07d1\" data-id=\"d9d07d1\" data-element_type=\"column\">\n\t\t\t<div class=\"elementor-widget-wrap elementor-element-populated\">\n\t\t\t\t\t\t<div class=\"elementor-element elementor-element-7ecba2a elementor-widget elementor-widget-text-editor\" data-id=\"7ecba2a\" data-element_type=\"widget\" data-widget_type=\"text-editor.default\">\n\t\t\t\t<div class=\"elementor-widget-container\">\n\t\t\t\t\t\t\t\t\t<div><h2>M\u00fczikoloji B\u00f6l\u00fcm\u00fc&#8217;nde Diploma \u00c7al\u0131\u015fmas\u0131 kapsam\u0131nda y\u00fcr\u00fct\u00fclen \u00e7al\u0131\u015fmalardan yap\u0131lan yay\u0131nlar<\/h2><p class=\"p1\">Ak\u00e7ay, \u015e. \u00d6., &amp; \u0130spirli \u015e. T. (2025). \u00dcniversite \u00f6\u011frencilerinin m\u00fczik dinleme davran\u0131\u015flar\u0131 ile tercih ettikleri m\u00fcziklerin incelenmesi: Atat\u00fcrk \u00dcniversitesi \u00f6rne\u011fi. <i>Turkish Studies<\/i>, <i>20<\/i>(2), 667-700. <a href=\"https:\/\/dx.doi.org\/10.7827\/TurkishStudies.78600\">https:\/\/dx.doi.org\/10.7827\/TurkishStudies.78600<\/a><\/p><div><div class=\"page\" title=\"Page 1\"><div class=\"layoutArea\"><div class=\"column\"><p>\u015een, Y., &amp; Akba\u015f, M. (2025). T\u00fcrkiye\u2019de M\u00fczikle Tedavi Alan\u0131nda Yap\u0131lan Lisans\u00fcst\u00fc Tezlerin Bibliyografik \u0130ncelenmesi. <em>Art Vision, 31<\/em>(54), 121-135. <a href=\"https:\/\/doi.org\/10.32547\/artvision.1599812\">https:\/\/doi.org\/10.32547\/artvision.1599812<\/a><\/p><p>Peliko\u011flu, M. C., &amp; Ba\u015fbu\u011f, F. (2025). T\u00fcrk m\u00fczi\u011fi nefesli \u00e7alg\u0131lar\u0131ndan balaban saz\u0131 \u00fczerine kar\u015f\u0131la\u015ft\u0131rmal\u0131 bir inceleme. <em>Musartia journal<\/em>, <em>1<\/em>(1), 40-50. <a href=\"https:\/\/doi.org\/10.5281\/zenodo.17198709\" target=\"_blank\" rel=\"noopener\">https:\/\/doi.org\/10.5281\/zenodo.17198709<\/a><\/p><p>Okcu, S., &amp; Yanar, M. (2024). Callisto Guatelli\u2019nin Sultan Abd\u00fclaziz\u2019in M\u00fczikal Kimli\u011fi \u00dczerindeki Etkileri. <em>Yegah M\u00fczikoloji Dergisi, 7<\/em>(3), 393-419. <a href=\"https:\/\/dergipark.org.tr\/tr\/pub\/ymd\/issue\/87183\/1521862\">https:\/\/doi.org\/10.51576\/ymd.1521862<\/a><\/p><p>Akc\u0327ay, S\u0327. O\u0308., &amp; K\u0131z\u0131ly\u0131ld\u0131z, V. (2022). Genc\u0327lik Merkezleri ve Halk Eg\u0306itim Merkezleri\u2019nde verilen c\u0327alg\u0131 eg\u0306itiminin kars\u0327\u0131las\u0327t\u0131rmal\u0131 incelenmesi. <em>Online Journal of Music Sciences, 7<\/em>(2), 212-240. <a href=\"https:\/\/doi.org\/10.31811\/ojomus.1208657\">https:\/\/doi.org\/10.31811\/ojomus.1208657<\/a><\/p><\/div><\/div><\/div><p>Ak\u00e7ay, \u015e. \u00d6., &amp; S\u00fcrmeli, \u00d6. (2022). G\u00fczel Sanatlar Lisesi m\u00fczik \u00f6\u011fretmenlerinin Covid-19 pandemisi s\u00fcrecindeki uzaktan e\u011fitim hakk\u0131ndaki g\u00f6r\u00fc\u015fleri. <em>Mu\u011fla S\u0131tk\u0131 Ko\u00e7man \u00dcniversitesi E\u011fitim Fak\u00fcltesi Dergisi, 9<\/em>(2), 648-668.\u00a0<a href=\"https:\/\/doi.org\/10.21666\/muefd.1009210\">https:\/\/doi.org\/10.21666\/muefd.1009210<\/a><\/p><p>Karata\u015f, \u00d6. S., &amp; Deryal\u0131, Y. (2022). Kem\u00e2n\u00ee Sarkis Efendi\u2019nin rast eserleri \u00f6rnekleminde kanto formu \u00fczerine bir inceleme. <em>Social Sciences Studies Journal,<\/em> (97), 1490-1499. <a href=\"https:\/\/doi.org\/10.29228\/sssj.62083\">https:\/\/doi.org\/10.29228\/sssj.62083<\/a><\/p><p>D\u00f6ner-Akta\u015f, N., &amp; Kahyao\u011flu, Y. (2021). B\u00f6lge E\u011fitim ve Ara\u015ft\u0131rma Hastanesinde \u00c7al\u0131\u015fan Doktorlar\u0131n M\u00fczik Terapi Hakk\u0131nda D\u00fc\u015f\u00fcnceleri: <em>Tan\u0131mlay\u0131c\u0131 Ara\u015ft\u0131rma. Geleneksel Tamamlay\u0131c\u0131 T\u0131p Dergisi, 4<\/em>(2), 196-202. <a href=\"https:\/\/doi.org\/10.5336\/jtracom.2020-80766\">https:\/\/doi.org\/10.5336\/jtracom.2020-80766<\/a> \u00a0<\/p><p>Ak\u00e7ay, \u015e. \u00d6., &amp; Erden, E. (2020). T\u00fcrkiye&#8217;de m\u00fczik be\u011fenisi \u00fczerine yap\u0131lm\u0131\u015f olan akademik \u00e7al\u0131\u015fmalar\u0131n bibliyografik y\u00f6ntemle incelenmesi.<em> Sanat Dergisi,<\/em> (36), 117-134.\u00a0<a href=\"https:\/\/dergipark.org.tr\/tr\/pub\/ataunigsfd\/issue\/57492\/763079\">https:\/\/doi.org\/10.47571\/ataunigsfd.763079<\/a><\/p><p>\u015een, Y., &amp; \u00dcnal, E.(2019). 8. s\u0131n\u0131f \u00f6\u011frencilerinin m\u00fczik dersi \u00f6\u011fretim program\u0131nda yer alan m\u00fczik t\u00fcrlerini dinleme durumlar\u0131n\u0131n incelenmesi. <em>Uluslararas\u0131 Sosyal Ara\u015ft\u0131rmalar Dergisi, 12<\/em>(67), 788-800.\u00a0<a href=\"https:\/\/dx.doi.org\/10.17719\/jisr.2019.3765\">https:\/\/dx.doi.org\/10.17719\/jisr.2019.3765<\/a><\/p><p>Lehimler, E., &amp; \u00c7inar, \u00dc. (2019). Mesleki m\u00fczik e\u011fitiminde web 2.0 ara\u00e7lar\u0131n\u0131n kullan\u0131m\u0131. <i>G\u00fczel Sanatlar Alan\u0131nda Yeni Ufuklar <\/i>i\u00e7inde (ss. 47-77)<i>. <\/i>Gece Akademi.<\/p><p>Ak\u00e7ay, \u015e. \u00d6., &amp; Karaaslan, S. (2018). Joe Satriani&#8217;nin &#8220;ASIK VEYSEL&#8221; adli eserinin m\u00fczikal \u00f6zelliklerinin incelenmesi. <em>\u00c7evrimi\u00e7i M\u00fczik Bilimleri Dergisi, 3<\/em>(3), 46-69.\u00a0<a href=\"https:\/\/dergipark.org.tr\/tr\/pub\/ojomus\/issue\/41561\/504507\">https:\/\/doi.org\/10.31811\/ojomus.504507<\/a><\/p><p>Demirta\u015f, E., &amp; Lehimler, E. (2018). Johann Sebastian Bach\u2019\u0131n BWV 1031 Numaral\u0131 Mi Bemol Maj\u00f6r Fl\u00fct Sonat\u0131n\u0131n \u0130crasal Y\u00f6nden Analizi. <i>Atat\u00fcrk \u00dcniversitesi Sosyal Bilimler Enstit\u00fcs\u00fc Dergisi<\/i>, <i>22<\/i>(\u00d6zel Say\u0131 3), 2889-2902. <a href=\"https:\/\/dergipark.org.tr\/en\/download\/article-file\/622415\">https:\/\/dergipark.org.tr\/en\/download\/article-file\/622415<\/a>\u00a0<\/p><p>\u015een, Y., &amp; \u0130nan\u0131c\u0131, M. (2016).\u00a0<a href=\"http:\/\/birimler.atauni.edu.tr\/muzik-bilimleri-bolumu\/wp-content\/uploads\/sites\/143\/2020\/07\/Yavuz-SEN-Mehmet-INANICI.pdf\">T\u00fcrkiye&#8217;de \u00f6\u011frenim g\u00f6ren yabanc\u0131 uyruklu \u00f6\u011frencilerin m\u00fczik tercihleri.<\/a>\u00a0<em>Uluslararas\u0131 Sosyal Ara\u015ft\u0131rmalar Dergisi, 9<\/em>(46), 1019-1029.<\/p><\/div><\/div><div><p>M\u00fczikoloji B\u00f6l\u00fcm\u00fc&#8217;nde 4 s\u0131n\u0131f \u00f6\u011frencileri, Diploma \u00c7al\u0131\u015fmas\u0131 dersi kapsam\u0131nda, bilimsel ara\u015ft\u0131rma y\u00f6ntemlerini kullanarak yapt\u0131klar\u0131 m\u00fczikolojik bir ara\u015ft\u0131rmay\u0131, tez format\u0131nda sunmaktad\u0131rlar. Tezler b\u00f6l\u00fcm ve fak\u00fclte ar\u015fivinde saklanmakta olup, yak\u0131n zamanda tamamlanmas\u0131 planlanan dijital d\u00f6n\u00fc\u015f\u00fcm \u00e7al\u0131\u015fmas\u0131 sonucunda t\u00fcm ar\u015fivin dijital ortama aktar\u0131lmas\u0131 sa\u011flanacakt\u0131r.\u00a0<\/p><\/div>\t\t\t\t\t\t\t\t<\/div>\n\t\t\t\t<\/div>\n\t\t\t\t\t<\/div>\n\t\t<\/div>\n\t\t\t\t\t<\/div>\n\t\t<\/section>\n\t\t\t\t<section class=\"elementor-section elementor-top-section elementor-element elementor-element-9be811a elementor-section-boxed elementor-section-height-default elementor-section-height-default\" data-id=\"9be811a\" data-element_type=\"section\">\n\t\t\t\t\t\t<div class=\"elementor-container elementor-column-gap-default\">\n\t\t\t\t\t<div class=\"elementor-column elementor-col-100 elementor-top-column elementor-element elementor-element-1ed847b7\" data-id=\"1ed847b7\" data-element_type=\"column\">\n\t\t\t<div class=\"elementor-widget-wrap elementor-element-populated\">\n\t\t\t\t\t\t<div class=\"elementor-element elementor-element-4ce0d07f elementor-widget elementor-widget-heading\" data-id=\"4ce0d07f\" data-element_type=\"widget\" data-widget_type=\"heading.default\">\n\t\t\t\t<div class=\"elementor-widget-container\">\n\t\t\t\t\t<h2 class=\"elementor-heading-title elementor-size-default\">Diploma \u00c7al\u0131\u015fmas\u0131 \u015eablon Dosyalar\u0131<\/h2>\t\t\t\t<\/div>\n\t\t\t\t<\/div>\n\t\t\t\t\t<\/div>\n\t\t<\/div>\n\t\t\t\t\t<\/div>\n\t\t<\/section>\n\t\t\t\t<section class=\"elementor-section elementor-top-section elementor-element elementor-element-7d0ba93 elementor-section-boxed elementor-section-height-default elementor-section-height-default\" data-id=\"7d0ba93\" data-element_type=\"section\">\n\t\t\t\t\t\t<div class=\"elementor-container elementor-column-gap-default\">\n\t\t\t\t\t<div class=\"elementor-column elementor-col-100 elementor-top-column elementor-element elementor-element-035ddee\" data-id=\"035ddee\" data-element_type=\"column\">\n\t\t\t<div class=\"elementor-widget-wrap elementor-element-populated\">\n\t\t\t\t\t\t<div class=\"elementor-element elementor-element-d0e19ec elementor-widget elementor-widget-text-editor\" data-id=\"d0e19ec\" data-element_type=\"widget\" data-widget_type=\"text-editor.default\">\n\t\t\t\t<div class=\"elementor-widget-container\">\n\t\t\t\t\t\t\t\t\t<h4><a href=\"https:\/\/atauni.edu.tr\/muzik-bilimleri-bolumu\/tez-sablonu-ana-bolumler\/\" rel=\"attachment wp-att-7287\">Tez \u015eablonu Ana B\u00f6l\u00fcmler<\/a><\/h4><h4><a href=\"https:\/\/atauni.edu.tr\/muzik-bilimleri-bolumu\/tez-sablonu-on-bolumler-2\/\" rel=\"attachment wp-att-8071\">Tez \u015eablonu \u00d6n B\u00f6l\u00fcm<\/a><\/h4>\t\t\t\t\t\t\t\t<\/div>\n\t\t\t\t<\/div>\n\t\t\t\t\t<\/div>\n\t\t<\/div>\n\t\t\t\t\t<\/div>\n\t\t<\/section>\n\t\t\t\t<section class=\"elementor-section elementor-top-section elementor-element elementor-element-6964607 elementor-section-boxed elementor-section-height-default elementor-section-height-default\" data-id=\"6964607\" data-element_type=\"section\">\n\t\t\t\t\t\t<div class=\"elementor-container elementor-column-gap-default\">\n\t\t\t\t\t<div class=\"elementor-column elementor-col-100 elementor-top-column elementor-element elementor-element-68933f3\" data-id=\"68933f3\" data-element_type=\"column\">\n\t\t\t<div class=\"elementor-widget-wrap elementor-element-populated\">\n\t\t\t\t\t\t<div class=\"elementor-element elementor-element-c092723 elementor-widget elementor-widget-heading\" data-id=\"c092723\" data-element_type=\"widget\" data-widget_type=\"heading.default\">\n\t\t\t\t<div class=\"elementor-widget-container\">\n\t\t\t\t\t<h2 class=\"elementor-heading-title elementor-size-default\">2023-2025 Aras\u0131nda Tamamlanan Diploma \u00c7al\u0131\u015fmalar\u0131 <\/h2>\t\t\t\t<\/div>\n\t\t\t\t<\/div>\n\t\t\t\t\t<\/div>\n\t\t<\/div>\n\t\t\t\t\t<\/div>\n\t\t<\/section>\n\t\t\t\t<section class=\"elementor-section elementor-top-section elementor-element elementor-element-9037d03 elementor-section-boxed elementor-section-height-default elementor-section-height-default\" data-id=\"9037d03\" data-element_type=\"section\">\n\t\t\t\t\t\t<div class=\"elementor-container elementor-column-gap-default\">\n\t\t\t\t\t<div class=\"elementor-column elementor-col-100 elementor-top-column elementor-element elementor-element-c756d61\" data-id=\"c756d61\" data-element_type=\"column\">\n\t\t\t<div class=\"elementor-widget-wrap elementor-element-populated\">\n\t\t\t\t\t\t<div class=\"elementor-element elementor-element-d57dad0 elementor-widget elementor-widget-text-editor\" data-id=\"d57dad0\" data-element_type=\"widget\" data-widget_type=\"text-editor.default\">\n\t\t\t\t<div class=\"elementor-widget-container\">\n\t\t\t\t\t\t\t\t\t<p>Diploma \u00e7al\u0131\u015fmas\u0131 kapsam\u0131nda tamamlanan lisans tezlerinin jenerik ve kaynak\u00e7a b\u00f6l\u00fcmlerine tez adlar\u0131na t\u0131klayarak eri\u015febilirsiniz.<\/p><h5>2025<\/h5><p>Acar, A. (2025). <a href=\"http:\/\/birimler.atauni.edu.tr\/muzik-bilimleri-bolumu\/wp-content\/uploads\/sites\/143\/2025\/07\/Ahmet-Acar-Jenerik.pdf\">Atat\u00fcrk\u2019\u00fcn Sevdi\u011fi Eserler ve Eserlerin Makamsal Analizi<\/a>. (Yay\u0131mlanmam\u0131\u015f lisans tezi) Atat\u00fcrk \u00dcniversitesi.\u00a0<\/p><p>Aras, \u0130. N. (2025). <a href=\"http:\/\/birimler.atauni.edu.tr\/muzik-bilimleri-bolumu\/wp-content\/uploads\/sites\/143\/2025\/07\/Ilayda-Nur-Aras-Jenerik.pdf\">G\u00fczel Sanatlar Lisesi \u201cBat\u0131 M\u00fczi\u011fi Teori ve Uygulama\u201d Dersinde \u00d6\u011frenme Kal\u0131c\u0131l\u0131\u011f\u0131n\u0131n \u0130ncelenmesi: Erzurum \u0130li \u00d6rne\u011fi.<\/a> (Yay\u0131mlanmam\u0131\u015f lisans tezi) Atat\u00fcrk \u00dcniversitesi.\u00a0<\/p><p>Ba\u015fbu\u011f, F. (2025). <a href=\"http:\/\/birimler.atauni.edu.tr\/muzik-bilimleri-bolumu\/wp-content\/uploads\/sites\/143\/2025\/07\/Fekrullah-Basbug-Jenerik.pdf\">Nefesli \u00c7alg\u0131lardan Balaban \u00dczerine Bir \u0130nceleme.<\/a> (Yay\u0131mlanmam\u0131\u015f lisans tezi) Atat\u00fcrk \u00dcniversitesi.\u00a0<\/p><p>\u00c7elik, E. (2025). <a href=\"http:\/\/birimler.atauni.edu.tr\/muzik-bilimleri-bolumu\/wp-content\/uploads\/sites\/143\/2025\/08\/Edanur-Celik-Jenerik.pdf\">TRT Nota Repertuvar\u0131nda Yer Alan Y\u00fcz\u00fck Terimi ile \u0130lgili T\u00fcrk\u00fclerin \u0130ncelenmesi.<\/a> (Yay\u0131mlanmam\u0131\u015f lisans tezi) Atat\u00fcrk \u00dcniversitesi.<\/p><p>\u00c7elik, S. (2025). <a href=\"http:\/\/birimler.atauni.edu.tr\/muzik-bilimleri-bolumu\/wp-content\/uploads\/sites\/143\/2025\/07\/Sila-Celik-Jenerik.pdf\">Piyano E\u011fitiminde Pedal Kullan\u0131m\u0131n\u0131n Yeri ve \u00d6nemi.<\/a> (Yay\u0131mlanmam\u0131\u015f lisans tezi) Atat\u00fcrk \u00dcniversitesi.\u00a0<\/p><p>\u00c7i\u011fdem, H. (2025). <a href=\"http:\/\/birimler.atauni.edu.tr\/muzik-bilimleri-bolumu\/wp-content\/uploads\/sites\/143\/2025\/07\/Hatice-Cigdem-Jenerik.pdf\">Fl\u00fct Ailesinin Tarihi ve Anatomisi.<\/a> (Yay\u0131mlanmam\u0131\u015f lisans tezi) Atat\u00fcrk \u00dcniversitesi.\u00a0<\/p><p>Dumlu, A. (2025). <a href=\"http:\/\/birimler.atauni.edu.tr\/muzik-bilimleri-bolumu\/wp-content\/uploads\/sites\/143\/2025\/07\/Aslihan-Dumlu-Jenerik.pdf\">Cumhuriyet D\u00f6neminde Andrea Paleologos ve \u00d6\u011frencilerinin Klasik Gitar \u00dczerine Etkileri.<\/a> (Yay\u0131mlanmam\u0131\u015f lisans tezi) Atat\u00fcrk \u00dcniversitesi.\u00a0<\/p><p>Girgin, H. (2025). <a href=\"http:\/\/birimler.atauni.edu.tr\/muzik-bilimleri-bolumu\/wp-content\/uploads\/sites\/143\/2025\/07\/Hilal-Girgin-Jenerik-1.pdf\">G\u00fczel Sanatlar Fak\u00fcltesi \u00d6\u011frencilerinin Sanata Olan \u0130lgisi.<\/a> (Yay\u0131mlanmam\u0131\u015f lisans tezi) Atat\u00fcrk \u00dcniversitesi.\u00a0<\/p><p>G\u00f6kta\u015f, A. (2025). <a href=\"http:\/\/birimler.atauni.edu.tr\/muzik-bilimleri-bolumu\/wp-content\/uploads\/sites\/143\/2025\/07\/Abdullah-Goktas-Jenerik.pdf\">Erzurum A\u015fkale \u0130l\u00e7esi M\u00fczik K\u00fclt\u00fcr\u00fc ve TRT Repertuvar\u0131na Kay\u0131tl\u0131 T\u00fcrk\u00fclerinin M\u00fczikal \u00d6zellikleri \u00dczerine Bir \u0130nceleme.<\/a> (Yay\u0131mlanmam\u0131\u015f lisans tezi) Atat\u00fcrk \u00dcniversitesi.\u00a0<\/p><p>\u0130\u00e7o\u011flu, H. N. (2025). <a href=\"http:\/\/birimler.atauni.edu.tr\/muzik-bilimleri-bolumu\/wp-content\/uploads\/sites\/143\/2025\/07\/Hacer-Nur-Icoglu-Jenerik.pdf\">Cinu\u00e7en Tanr\u0131korur\u2019un Beste K\u00fclliyat\u0131nda Yer Alan \u00c7ocuklar ve Gen\u00e7ler \u0130\u00e7in Besteledi\u011fi Eserlerin De\u011ferler A\u00e7\u0131s\u0131ndan \u0130ncelenmesi.<\/a> (Yay\u0131mlanmam\u0131\u015f lisans tezi) Atat\u00fcrk \u00dcniversitesi.\u00a0<\/p><p>Karc\u0131, E. (2025). <a href=\"http:\/\/birimler.atauni.edu.tr\/muzik-bilimleri-bolumu\/wp-content\/uploads\/sites\/143\/2025\/07\/Emirhan-Karci-Jenerik.pdf\">TRT Repertuvar\u0131nda Yer Alan A\u015f\u0131k Emrah Mahlasl\u0131 T\u00fcrk\u00fcler \u00dczerine Bir \u0130nceleme.<\/a> (Yay\u0131mlanmam\u0131\u015f lisans tezi) Atat\u00fcrk \u00dcniversitesi.\u00a0<\/p><p>Pu\u011f, E. (2025). <a href=\"http:\/\/birimler.atauni.edu.tr\/muzik-bilimleri-bolumu\/wp-content\/uploads\/sites\/143\/2025\/07\/Emir-Pug-Jenerik.pdf\">Erzurum Raci Alk\u0131r G\u00fczel Sanatlar Lisesi \u00d6\u011frencilerinin TSM Dersine \u0130li\u015fkin \u00d6z Yeterliliklerinin \u0130ncelenmesi.<\/a> (Yay\u0131mlanmam\u0131\u015f lisans tezi) Atat\u00fcrk \u00dcniversitesi.\u00a0<\/p><p>S\u00fcl\u00fcker, E. (2025). <a href=\"http:\/\/birimler.atauni.edu.tr\/muzik-bilimleri-bolumu\/wp-content\/uploads\/sites\/143\/2025\/07\/Emircan-Suluker-Jenerik.pdf\">T\u00fcrkiye\u2019de Gitar E\u011fitimi Hakk\u0131nda Yaz\u0131lm\u0131\u015f Lisans\u00fcst\u00fc Tezlerin Bibliyometrik \u00c7al\u0131\u015fmas\u0131.<\/a> (Yay\u0131mlanmam\u0131\u015f lisans tezi) Atat\u00fcrk \u00dcniversitesi.\u00a0<\/p><p>\u015eahin, Y. E. (2025). <a href=\"http:\/\/birimler.atauni.edu.tr\/muzik-bilimleri-bolumu\/wp-content\/uploads\/sites\/143\/2025\/08\/Yunus-Emre-Sahin-Jenerik.pdf\">TRT Repertuvar\u0131nda Yer Alan Do\u011fu Anadolu B\u00f6lgesi T\u00fcrk\u00fclerindeki Elma Motifinin \u0130ncelenmesi.<\/a> (Yay\u0131mlanmam\u0131\u015f lisans tezi) Atat\u00fcrk \u00dcniversitesi.\u00a0<\/p><p>Tohumcu, Y. (2025). <a href=\"http:\/\/birimler.atauni.edu.tr\/muzik-bilimleri-bolumu\/wp-content\/uploads\/sites\/143\/2025\/07\/Yasin-Tohumcu-Jenerik.pdf\">Gitarist Besteciler Matteo Carcassi ve Ferdinando Carulli\u2019nin Ba\u015flang\u0131\u00e7 Metotlar\u0131n\u0131n Kar\u015f\u0131la\u015ft\u0131rmal\u0131 \u0130ncelenmesi.<\/a> (Yay\u0131mlanmam\u0131\u015f lisans tezi) Atat\u00fcrk \u00dcniversitesi.\u00a0<\/p><p style=\"font-weight: 400\">Uzer, T. (2025). <a href=\"http:\/\/birimler.atauni.edu.tr\/muzik-bilimleri-bolumu\/wp-content\/uploads\/sites\/143\/2025\/07\/Tuba-Uzer-Jenerik.pdf\">Van Akdamar Kilisesine Ba\u011fl\u0131 Kurtulu\u015f Kilisesi Ayinlerinde \u0130cra Edilen Eserlere Y\u00f6nelik Bir \u0130nceleme.<\/a> (Yay\u0131mlanmam\u0131\u015f lisans tezi) Atat\u00fcrk \u00dcniversitesi.\u00a0<\/p><p style=\"font-weight: 400\">Y\u0131ld\u0131r\u0131m, G. (2025). <a href=\"http:\/\/birimler.atauni.edu.tr\/muzik-bilimleri-bolumu\/wp-content\/uploads\/sites\/143\/2025\/07\/Guney-Yildirim-Jenerik.pdf\">Bireysel \u00c7alg\u0131 E\u011fitimi Alan \u00d6\u011frencilerin Sporla \u0130lgilenmelerinin Ders Disiplinlerine ve \u00c7al\u0131\u015fma Rutinlerine Etkisi.<\/a> (Yay\u0131mlanmam\u0131\u015f lisans tezi) Atat\u00fcrk \u00dcniversitesi.\u00a0<\/p><h5>2024<\/h5><p>Ata\u00e7, R. (2024). <a href=\"http:\/\/birimler.atauni.edu.tr\/muzik-bilimleri-bolumu\/wp-content\/uploads\/sites\/143\/2025\/07\/Rumeysa-Atac-Jenerik.pdf\">T\u00fcrk M\u00fczi\u011findeki Makamlar\u0131n M\u00fczikle Tedavideki Etkilerinin \u0130ncelenmesi.<\/a> (Yay\u0131mlanmam\u0131\u015f lisans tezi) Atat\u00fcrk \u00dcniversitesi.\u00a0<\/p><p>\u00c7elik, E. (2024). <a href=\"http:\/\/birimler.atauni.edu.tr\/muzik-bilimleri-bolumu\/wp-content\/uploads\/sites\/143\/2025\/07\/Eda-Celik-Jenerik.pdf\">2010-2023 Y\u0131llar\u0131 Aras\u0131nda Viyola ve Viyola E\u011fitimi \u00dczerine Yap\u0131lm\u0131\u015f Olan Lisans\u00fcst\u00fc Tezlerin \u0130ncelenmesi.<\/a> (Yay\u0131mlanmam\u0131\u015f lisans tezi) Atat\u00fcrk \u00dcniversitesi.\u00a0<\/p><p>Gen\u00e7, B. (2024). <a href=\"http:\/\/birimler.atauni.edu.tr\/muzik-bilimleri-bolumu\/wp-content\/uploads\/sites\/143\/2025\/07\/Berkay-Genc-Jenerik.pdf\">Bekir K\u00fc\u00e7\u00fckay ve Ahmet Kanneci\u2019ye Ait Ba\u015flang\u0131\u00e7 Gitar Metotlar\u0131n\u0131n Kar\u015f\u0131la\u015ft\u0131rmal\u0131 \u0130ncelenmesi.<\/a> (Yay\u0131mlanmam\u0131\u015f lisans tezi) Atat\u00fcrk \u00dcniversitesi.\u00a0<\/p><p>\u0130\u00e7o\u011flu, \u015e. (2024). <a href=\"http:\/\/birimler.atauni.edu.tr\/muzik-bilimleri-bolumu\/wp-content\/uploads\/sites\/143\/2025\/07\/Sahin-Icoglu-Jenerik.pdf\">2010-2024 Y\u0131llar\u0131 Aras\u0131nda Klarnet ve Klarnet E\u011fitimi \u00dczerine Yap\u0131lm\u0131\u015f Olan Lisans\u00fcst\u00fc Tezlerin \u0130ncelenmesi.<\/a> (Yay\u0131mlanmam\u0131\u015f lisans tezi) Atat\u00fcrk \u00dcniversitesi.\u00a0<\/p><p>Kaba, H. (2024). <a href=\"http:\/\/birimler.atauni.edu.tr\/muzik-bilimleri-bolumu\/wp-content\/uploads\/sites\/143\/2025\/08\/Hasan-Kaba-Jenerik.pdf\">TRT Repertuvar\u0131da Yer Alan Ya\u015f ile \u0130lgili T\u00fcrk\u00fclerin \u0130ncelenmesi.<\/a> (Yay\u0131mlanmam\u0131\u015f lisans tezi) Atat\u00fcrk \u00dcniversitesi.\u00a0<\/p><p>Nalbanto\u011flu, M. (2024).<a href=\"http:\/\/birimler.atauni.edu.tr\/muzik-bilimleri-bolumu\/wp-content\/uploads\/sites\/143\/2025\/07\/Murat-Nalbantoglu-Jenerik.pdf\"> Sivas, \u015eanl\u0131urfa, Tunceli Y\u00f6resi Semah Formundaki Eserlerin Ritimsel \u00d6zelliklerinin T\u00fcrk Sanat M\u00fczi\u011findeki Ritim Yap\u0131s\u0131yla Kar\u015f\u0131la\u015ft\u0131r\u0131lmas\u0131.<\/a> (Yay\u0131mlanmam\u0131\u015f lisans tezi) Atat\u00fcrk \u00dcniversitesi.\u00a0<\/p><p>T\u00fcrk, \u00d6. F. (2024). <a href=\"http:\/\/birimler.atauni.edu.tr\/muzik-bilimleri-bolumu\/wp-content\/uploads\/sites\/143\/2025\/08\/Omer-Faruk-Turk-Jenerik.pdf\">TRT Repertuvar\u0131nda Yer Alan Ocak Terimi ile \u0130lgili T\u00fcrk\u00fclerin \u0130ncelenmesi.<\/a> (Yay\u0131mlanmam\u0131\u015f lisans tezi) Atat\u00fcrk \u00dcniversitesi.\u00a0<\/p><h5>2023<\/h5><p>Alper, Y. (2023). <a href=\"http:\/\/birimler.atauni.edu.tr\/muzik-bilimleri-bolumu\/wp-content\/uploads\/sites\/143\/2025\/07\/Yagmur-Alper-Jenerik.pdf\">T\u00fcrkiye\u2019de Armoni Konusunda Yay\u0131mlanm\u0131\u015f Makalelerin Bibliyografik Y\u00f6ntemle \u0130ncelenmesi.<\/a> (Yay\u0131mlanmam\u0131\u015f lisans tezi) Atat\u00fcrk \u00dcniversitesi.\u00a0<\/p><p>Tolan, B. (2023). <a href=\"http:\/\/birimler.atauni.edu.tr\/muzik-bilimleri-bolumu\/wp-content\/uploads\/sites\/143\/2025\/07\/Bengisu-Tolan-Jenerik-.pdf\">T\u00fcrkiye\u2019de Armoni Konusunda Yap\u0131lm\u0131\u015f Lisans\u00fcst\u00fc Tezlerin Bibliyografik Y\u00f6ntemle \u0130ncelenmesi.<\/a> (Yay\u0131mlanmam\u0131\u015f lisans tezi) Atat\u00fcrk \u00dcniversitesi.\u00a0<\/p><p style=\"font-weight: 400\">\u00a0<\/p>\t\t\t\t\t\t\t\t<\/div>\n\t\t\t\t<\/div>\n\t\t\t\t\t<\/div>\n\t\t<\/div>\n\t\t\t\t\t<\/div>\n\t\t<\/section>\n\t\t\t\t<\/div>\n\t\t","protected":false},"excerpt":{"rendered":"<p>M\u00fczikoloji B\u00f6l\u00fcm\u00fc&#8217;nde Diploma \u00c7al\u0131\u015fmas\u0131 kapsam\u0131nda y\u00fcr\u00fct\u00fclen \u00e7al\u0131\u015fmalardan yap\u0131lan yay\u0131nlar Ak\u00e7ay, \u015e. \u00d6., &amp; \u0130spirli \u015e. T. (2025). \u00dcniversite \u00f6\u011frencilerinin m\u00fczik dinleme davran\u0131\u015flar\u0131 ile tercih ettikleri m\u00fcziklerin incelenmesi: Atat\u00fcrk \u00dcniversitesi \u00f6rne\u011fi. Turkish Studies, 20(2), 667-700. https:\/\/dx.doi.org\/10.7827\/TurkishStudies.78600 \u015een, Y., &amp; Akba\u015f, M. (2025). T\u00fcrkiye\u2019de M\u00fczikle Tedavi Alan\u0131nda Yap\u0131lan Lisans\u00fcst\u00fc Tezlerin Bibliyografik \u0130ncelenmesi. Art Vision, 31(54), 121-135. https:\/\/doi.org\/10.32547\/artvision.1599812 [&hellip;]<\/p>\n","protected":false},"author":1,"featured_media":0,"parent":0,"menu_order":0,"comment_status":"closed","ping_status":"closed","template":"elementor_header_footer","meta":{"footnotes":""},"class_list":["post-5800","page","type-page","status-publish","hentry"],"_links":{"self":[{"href":"https:\/\/atauni.edu.tr\/muzik-bilimleri-bolumu\/wp-json\/wp\/v2\/pages\/5800","targetHints":{"allow":["GET"]}}],"collection":[{"href":"https:\/\/atauni.edu.tr\/muzik-bilimleri-bolumu\/wp-json\/wp\/v2\/pages"}],"about":[{"href":"https:\/\/atauni.edu.tr\/muzik-bilimleri-bolumu\/wp-json\/wp\/v2\/types\/page"}],"author":[{"embeddable":true,"href":"https:\/\/atauni.edu.tr\/muzik-bilimleri-bolumu\/wp-json\/wp\/v2\/users\/1"}],"replies":[{"embeddable":true,"href":"https:\/\/atauni.edu.tr\/muzik-bilimleri-bolumu\/wp-json\/wp\/v2\/comments?post=5800"}],"version-history":[{"count":147,"href":"https:\/\/atauni.edu.tr\/muzik-bilimleri-bolumu\/wp-json\/wp\/v2\/pages\/5800\/revisions"}],"predecessor-version":[{"id":8087,"href":"https:\/\/atauni.edu.tr\/muzik-bilimleri-bolumu\/wp-json\/wp\/v2\/pages\/5800\/revisions\/8087"}],"wp:attachment":[{"href":"https:\/\/atauni.edu.tr\/muzik-bilimleri-bolumu\/wp-json\/wp\/v2\/media?parent=5800"}],"curies":[{"name":"wp","href":"https:\/\/api.w.org\/{rel}","templated":true}]}}