{"id":6071,"date":"2021-08-27T15:45:02","date_gmt":"2021-08-27T12:45:02","guid":{"rendered":"http:\/\/birimler.atauni.edu.tr\/muzik-bilimleri-bolumu\/?page_id=6071"},"modified":"2026-02-17T13:52:48","modified_gmt":"2026-02-17T10:52:48","slug":"bolum-kurulu-kararlari","status":"publish","type":"page","link":"https:\/\/atauni.edu.tr\/muzik-bilimleri-bolumu\/bolum-kurulu-kararlari\/","title":{"rendered":"B\u00f6l\u00fcm Komisyonlar\u0131"},"content":{"rendered":"\t\t<div data-elementor-type=\"wp-page\" data-elementor-id=\"6071\" class=\"elementor elementor-6071\" data-elementor-post-type=\"page\">\n\t\t\t\t\t\t<section class=\"elementor-section elementor-top-section elementor-element elementor-element-681db8b elementor-section-boxed elementor-section-height-default elementor-section-height-default\" data-id=\"681db8b\" data-element_type=\"section\">\n\t\t\t\t\t\t<div class=\"elementor-container elementor-column-gap-default\">\n\t\t\t\t\t<div class=\"elementor-column elementor-col-100 elementor-top-column elementor-element elementor-element-ad4dac5\" data-id=\"ad4dac5\" data-element_type=\"column\">\n\t\t\t<div class=\"elementor-widget-wrap elementor-element-populated\">\n\t\t\t\t\t\t<div class=\"elementor-element elementor-element-2f96b3d elementor-widget elementor-widget-text-editor\" data-id=\"2f96b3d\" data-element_type=\"widget\" data-widget_type=\"text-editor.default\">\n\t\t\t\t<div class=\"elementor-widget-container\">\n\t\t\t\t\t\t\t\t\t<h2>B\u00f6l\u00fcm Komisyonlar\u0131<\/h2><p class=\"p1\">Dekanl\u0131k makam\u0131ndan gelen 14.01.2026 tarihli ve E-79332546-000-2600010709 say\u0131l\u0131 yaz\u0131ya istinaden, b\u00f6l\u00fcm komisyonlar\u0131nda g\u00fcncelleme yap\u0131lm\u0131\u015ft\u0131r. Bu kapsamda &#8220;m\u00fcfredat ve \u00f6l\u00e7me-de\u011ferlendirme&#8221; ile &#8220;i\u00e7 de\u011ferlendirme&#8221; komisyonlar\u0131 la\u011fv edilmi\u015f olup, &#8220;faaliyetler&#8221;, &#8220;kariyer planlama ve mezun izleme&#8221; ile &#8220;uluslararas\u0131la\u015fma ve ara\u015ft\u0131rma&#8221; komisyonlar\u0131n\u0131n kurulmas\u0131, 16.01.2026 tarihli ve 230 say\u0131l\u0131 m\u00fczikoloji b\u00f6l\u00fcm bilim kurulu karar\u0131yla uygun g\u00f6r\u00fclm\u00fc\u015ft\u00fcr. G\u00fcncellenen komisyonlar a\u015fa\u011f\u0131da yer almaktad\u0131r.<\/p><h4>E\u011fitim Komisyonu<\/h4><ul><li>Do\u00e7. Dr. Yavuz \u015eEN (Ba\u015fkan)<\/li><li>Do\u00e7. Dr. Koray \u00c7ELENK (Ba\u015fkan Yard\u0131mc\u0131s\u0131)<\/li><li>Prof. Dr. Hasan Tahsin S\u00dcMB\u00dcLL\u00dc (\u00dcye)<\/li><li>Do\u00e7. Dr. \u015eevki \u00d6zer AK\u00c7AY (\u00dcye)<\/li><li>Derya KARABABA (\u00d6\u011frenci Temsilcisi)<\/li><\/ul><p><a href=\"http:\/\/atauni.edu.tr\/muzik-bilimleri-bolumu\/wp-content\/uploads\/sites\/143\/2026\/02\/Muzikoloji_EGITIM-KOMISYONU-YONERGESI.pdf\">E\u011e\u0130T\u0130M KOM\u0130SYONU Y\u00d6NERGES\u0130<\/a><\/p><h4>Kalite Komisyonu<\/h4><ul><li>Prof. Dr. \u00d6zg\u00fcr Sad\u0131k KARATA\u015e (Ba\u015fkan)<\/li><li>Do\u00e7. Dr. \u015eevki \u00d6zer AK\u00c7AY (B\u015fk. Yrd.)<\/li><li>Do\u00e7. Dr. Emrah LEH\u0130MLER (\u00dcye)<\/li><li>Do\u00e7. Dr. Semih OKCU (\u00dcye)<\/li><li>Alpaslan DEM\u0130R (\u00d6\u011frenci Temsilcisi)<\/li><\/ul><p><a href=\"http:\/\/atauni.edu.tr\/muzik-bilimleri-bolumu\/wp-content\/uploads\/sites\/143\/2026\/02\/Muzikoloji_KALITE-KOMISYONU-YONERGESI.pdf\">KAL\u0130TE KOM\u0130SYONU Y\u00d6NERGES\u0130<\/a><\/p><h4>Stratejik Planlama Komisyonu<\/h4><ul><li>Prof. Dr. Hasan Tahsin S\u00dcMB\u00dcLL\u00dc (Ba\u015fkan)<\/li><li>Do\u00e7. Dr. Y\u0131lmaz KAHYAO\u011eLU (B\u015fk. Yrd.)<\/li><li>Do\u00e7. Dr. Ferhat \u00c7EL\u0130KO\u011eLU (\u00dcye)<\/li><li>Ar\u015f. G\u00f6r. Ahmet ALUMUR (\u00dcye)<\/li><li>Abdulvahap KOTAN (\u00d6\u011frenci Temsilcisi)<\/li><\/ul><p><a href=\"http:\/\/atauni.edu.tr\/muzik-bilimleri-bolumu\/wp-content\/uploads\/sites\/143\/2026\/02\/Muzikoloji_STRATEJI-KOMISYONU-YONERGESI.pdf\">STRATEJ\u0130K PLANLAMA KOM\u0130SYONU Y\u00d6NERGES\u0130<\/a><\/p><h4>Faaliyetler Komisyonu<\/h4><ul><li>Prof. Dr. Mehmet Can PEL\u0130KO\u011eLU (Ba\u015fkan)<\/li><li>Dr. \u00d6\u011fr. \u00dcyesi Tuncay ARAS (B\u015fk. Yrd.)<\/li><li>Prof. Dr. Ahmet Selim DO\u011eAN (\u00dcye)<\/li><li>Prof. Dr. \u00d6zg\u00fcr Sad\u0131k KARATA\u015e (\u00dcye)<\/li><li>Hakan G\u00d6K (\u00d6\u011frenci Temsilcisi)<\/li><\/ul><p><a href=\"http:\/\/atauni.edu.tr\/muzik-bilimleri-bolumu\/wp-content\/uploads\/sites\/143\/2026\/02\/Muzikoloji_FAALIYETLER-KOMISYONU-YONERGESI.pdf\">FAAL\u0130YETLER KOM\u0130SYONU Y\u00d6NERGES\u0130<\/a><\/p><h4>Toplumsal Katk\u0131 Komisyonu<\/h4><ul><li>Do\u00e7. Dr. Emrah LEH\u0130MLER (Ba\u015fkan)<\/li><li>Do\u00e7. Dr. Ferhat \u00c7EL\u0130KO\u011eLU (B\u015fk. Yrd.)<\/li><li>Dr. \u00d6\u011fr. \u00dcyesi Tuncay ARAS (\u00dcye)<\/li><li>Ar\u015f. G\u00f6r. Ahmet ALUMUR (\u00dcye)<\/li><li>Yunus KULU\u015e (\u00d6\u011frenci Temsilcisi)<\/li><\/ul><p><a href=\"http:\/\/atauni.edu.tr\/muzik-bilimleri-bolumu\/wp-content\/uploads\/sites\/143\/2026\/02\/Muzikoloji_TOPLUMSAL-KATKI-KOMISYONU-YONERGESI.pdf\">TOPLUMSAL KATKI KOM\u0130SYONU Y\u00d6NERGES\u0130<\/a><\/p><h4>Kariyer Planlama ve Mezun \u0130zleme Komisyonu<\/h4><ul><li>Do\u00e7. Dr. Ferhat \u00c7EL\u0130KO\u011eLU (Ba\u015fkan)<\/li><li>Ar\u015f. G\u00f6r. Dr. Bahar \u00d6Z\u015eEN (B\u015fk. Yrd.)<\/li><li>Ar\u015f. G\u00f6r. Ahmet ALUMUR (\u00dcye)<\/li><\/ul><h4>Uluslararas\u0131la\u015fma ve Ara\u015ft\u0131rma Komisyonu<\/h4><ul><li>Do\u00e7. Dr. Koray \u00c7ELENK (Ba\u015fkan)<\/li><li>Do\u00e7. Dr. Vefa TERZ\u0130O\u011eLU (B\u015fk. Yrd.)<\/li><li>Dr. \u00d6\u011fr. \u00dcyesi Tuncay ARAS (\u00dcye)<\/li><\/ul><p><a href=\"http:\/\/atauni.edu.tr\/muzik-bilimleri-bolumu\/wp-content\/uploads\/sites\/143\/2026\/02\/Muzikoloji_ULUSLARARASILASMA-VE-ARASTIRMA-KOMISYONU-YONERGESI.pdf\">ULUSLARARASILA\u015eMA VE ARA\u015eTIRMA KOM\u0130SYONU Y\u00d6NERGES\u0130<\/a><\/p><h4>Akademik Performans Komisyonu<\/h4><ul><li>Prof. Dr. \u00d6zg\u00fcr Sad\u0131k KARATA\u015e (B\u00f6l\u00fcm Ba\u015fkan\u0131)<\/li><li>Do\u00e7. Dr. Koray \u00c7ELENK (\u00dcye)<\/li><li>Do\u00e7. Dr. Yavuz \u015eEN (\u00dcye)<\/li><\/ul><p><a href=\"http:\/\/atauni.edu.tr\/muzik-bilimleri-bolumu\/wp-content\/uploads\/sites\/143\/2026\/02\/Ek_2_AkademikPerformansDegerlendirme_UsulampampEsaslar_v5_27.07.2025.pdf\">Atat\u00fcrk \u00dcniversitesi Akademik Performans De\u011ferlendirme Uygulama ve Esaslar\u0131<\/a><\/p><h4>Akademik Te\u015fvik Ba\u015fvuru ve \u0130nceleme Komisyonu<\/h4><ul><li>Do\u00e7. Dr. Yavuz \u015eEN (Ba\u015fkan)<\/li><li>Do\u00e7. Dr. Koray \u00c7ELENK (\u00dcye)<\/li><li>Do\u00e7. Dr. Emrah LEH\u0130MLER (\u00dcye)<\/li><\/ul><h4>De\u011fi\u015fim Programlar\u0131 (Erasmus, Farabi, Mevlana, Bologna) Sorumlusu<\/h4><ul><li>Do\u00e7. Dr. Koray \u00c7ELENK<\/li><\/ul><h4>\u00d6\u011frenci Temsilcisi<\/h4><ul><li>Tuana KARAKO\u00c7 (3. s\u0131n\u0131f)<\/li><\/ul><h4 class=\"p1\">Web Sitesi Sorumlusu<\/h4><ul><li>Do\u00e7. Dr. \u015eevki \u00d6zer AK\u00c7AY<\/li><\/ul><h4>Sosyal Medya Sorumlusu<\/h4><ul><li>Do\u00e7. Dr. Emrah LEH\u0130MLER<\/li><\/ul>\t\t\t\t\t\t\t\t<\/div>\n\t\t\t\t<\/div>\n\t\t\t\t\t<\/div>\n\t\t<\/div>\n\t\t\t\t\t<\/div>\n\t\t<\/section>\n\t\t\t\t<\/div>\n\t\t","protected":false},"excerpt":{"rendered":"<p>B\u00f6l\u00fcm Komisyonlar\u0131 Dekanl\u0131k makam\u0131ndan gelen 14.01.2026 tarihli ve E-79332546-000-2600010709 say\u0131l\u0131 yaz\u0131ya istinaden, b\u00f6l\u00fcm komisyonlar\u0131nda g\u00fcncelleme yap\u0131lm\u0131\u015ft\u0131r. Bu kapsamda &#8220;m\u00fcfredat ve \u00f6l\u00e7me-de\u011ferlendirme&#8221; ile &#8220;i\u00e7 de\u011ferlendirme&#8221; komisyonlar\u0131 la\u011fv edilmi\u015f olup, &#8220;faaliyetler&#8221;, &#8220;kariyer planlama ve mezun izleme&#8221; ile &#8220;uluslararas\u0131la\u015fma ve ara\u015ft\u0131rma&#8221; komisyonlar\u0131n\u0131n kurulmas\u0131, 16.01.2026 tarihli ve 230 say\u0131l\u0131 m\u00fczikoloji b\u00f6l\u00fcm bilim kurulu karar\u0131yla uygun g\u00f6r\u00fclm\u00fc\u015ft\u00fcr. G\u00fcncellenen komisyonlar a\u015fa\u011f\u0131da [&hellip;]<\/p>\n","protected":false},"author":1,"featured_media":0,"parent":0,"menu_order":0,"comment_status":"closed","ping_status":"closed","template":"elementor_header_footer","meta":{"footnotes":""},"class_list":["post-6071","page","type-page","status-publish","hentry"],"_links":{"self":[{"href":"https:\/\/atauni.edu.tr\/muzik-bilimleri-bolumu\/wp-json\/wp\/v2\/pages\/6071","targetHints":{"allow":["GET"]}}],"collection":[{"href":"https:\/\/atauni.edu.tr\/muzik-bilimleri-bolumu\/wp-json\/wp\/v2\/pages"}],"about":[{"href":"https:\/\/atauni.edu.tr\/muzik-bilimleri-bolumu\/wp-json\/wp\/v2\/types\/page"}],"author":[{"embeddable":true,"href":"https:\/\/atauni.edu.tr\/muzik-bilimleri-bolumu\/wp-json\/wp\/v2\/users\/1"}],"replies":[{"embeddable":true,"href":"https:\/\/atauni.edu.tr\/muzik-bilimleri-bolumu\/wp-json\/wp\/v2\/comments?post=6071"}],"version-history":[{"count":74,"href":"https:\/\/atauni.edu.tr\/muzik-bilimleri-bolumu\/wp-json\/wp\/v2\/pages\/6071\/revisions"}],"predecessor-version":[{"id":8057,"href":"https:\/\/atauni.edu.tr\/muzik-bilimleri-bolumu\/wp-json\/wp\/v2\/pages\/6071\/revisions\/8057"}],"wp:attachment":[{"href":"https:\/\/atauni.edu.tr\/muzik-bilimleri-bolumu\/wp-json\/wp\/v2\/media?parent=6071"}],"curies":[{"name":"wp","href":"https:\/\/api.w.org\/{rel}","templated":true}]}}