{"id":7305,"date":"2025-05-30T09:56:39","date_gmt":"2025-05-30T06:56:39","guid":{"rendered":"https:\/\/birimler.atauni.edu.tr\/muzik-bilimleri-bolumu\/?page_id=7305"},"modified":"2026-02-04T14:07:38","modified_gmt":"2026-02-04T11:07:38","slug":"muzik-bilimleri-bolum-yasaminin-niteligi-anketi","status":"publish","type":"page","link":"https:\/\/atauni.edu.tr\/muzik-bilimleri-bolumu\/muzik-bilimleri-bolum-yasaminin-niteligi-anketi\/","title":{"rendered":"M\u00fczik Bilimleri B\u00f6l\u00fcm Ya\u015fam\u0131n\u0131n Niteli\u011fi Anketi"},"content":{"rendered":"\t\t<div data-elementor-type=\"wp-page\" data-elementor-id=\"7305\" class=\"elementor elementor-7305\" data-elementor-post-type=\"page\">\n\t\t\t\t\t\t<section class=\"elementor-section elementor-top-section elementor-element elementor-element-730d320 elementor-section-boxed elementor-section-height-default elementor-section-height-default\" data-id=\"730d320\" data-element_type=\"section\">\n\t\t\t\t\t\t<div class=\"elementor-container elementor-column-gap-default\">\n\t\t\t\t\t<div class=\"elementor-column elementor-col-100 elementor-top-column elementor-element elementor-element-753d0860\" data-id=\"753d0860\" data-element_type=\"column\">\n\t\t\t<div class=\"elementor-widget-wrap\">\n\t\t\t\t\t\t\t<\/div>\n\t\t<\/div>\n\t\t\t\t\t<\/div>\n\t\t<\/section>\n\t\t\t\t<section class=\"elementor-section elementor-top-section elementor-element elementor-element-370e786 elementor-section-boxed elementor-section-height-default elementor-section-height-default\" data-id=\"370e786\" data-element_type=\"section\">\n\t\t\t\t\t\t<div class=\"elementor-container elementor-column-gap-default\">\n\t\t\t\t\t<div class=\"elementor-column elementor-col-100 elementor-top-column elementor-element elementor-element-d9d07d1\" data-id=\"d9d07d1\" data-element_type=\"column\">\n\t\t\t<div class=\"elementor-widget-wrap elementor-element-populated\">\n\t\t\t\t\t\t<div class=\"elementor-element elementor-element-7ecba2a elementor-widget elementor-widget-text-editor\" data-id=\"7ecba2a\" data-element_type=\"widget\" data-widget_type=\"text-editor.default\">\n\t\t\t\t<div class=\"elementor-widget-container\">\n\t\t\t\t\t\t\t\t\t<h2><b>M\u00fczikoloji B\u00f6l\u00fcm Ya\u015fam\u0131n\u0131n Niteli\u011fi Anketi<\/b><\/h2><div><div class=\"page\" title=\"Page 1\"><div class=\"layoutArea\"><div class=\"column\"><p>Bu anket, M\u00fczikoloji B\u00f6l\u00fcm\u00fc \u00f6\u011frencilerinin b\u00f6l\u00fcmden, \u00f6\u011fretim elemanlar\u0131ndan, s\u0131n\u0131f ortam\u0131 ve \u00f6\u011frenci ili\u015fkilerinden memnuniyet d\u00fczeylerini belirlemek \u00fczere haz\u0131rlanm\u0131\u015ft\u0131r. Ki\u015fisel bilgi formu ve ankette yer alan ifadelere verece\u011finiz yan\u0131tlar b\u00f6l\u00fcm ya\u015fam\u0131n\u0131n niteli\u011finin belirlenmesi ve iyile\u015ftirilmesi amac\u0131yla yap\u0131lacak \u00e7al\u0131\u015fmalara katk\u0131 sa\u011flayacakt\u0131r. G\u00f6r\u00fc\u015fleriniz \u00e7er\u00e7evesinde size en uygun gelen se\u00e7ene\u011fi i\u015faretleyin. Ki\u015fisel de\u011ferlendirme yap\u0131lmayaca\u011f\u0131ndan isim belirtmenize gerek yoktur. T\u00fcm sorular\u0131 eksiksiz yan\u0131tlaman\u0131z \u00f6nemlidir. G\u00f6r\u00fc\u015fleriniz \u00e7er\u00e7evesinde size en uygun gelen se\u00e7ene\u011fi i\u015faretleyin ve\/veya ki\u015fisel d\u00fc\u015f\u00fcncelerinizi a\u00e7\u0131k\u00e7a yaz\u0131n. Elde edilen veriler 6698 say\u0131l\u0131 Ki\u015fisel Verilerin Korunmas\u0131 Kanunu (KVKK) uyar\u0131nca gizli kalacakt\u0131r.<\/p><p>Anketi doldurmak i\u00e7in <a href=\"https:\/\/docs.google.com\/forms\/d\/e\/1FAIpQLSf0p-XULcOBuQ5CSzp6mMw5kTYLs-SQo1BkQwDseL39HONhyQ\/viewform?usp=header\">t\u0131klay\u0131n<\/a>.<\/p><\/div><\/div><\/div><\/div>\t\t\t\t\t\t\t\t<\/div>\n\t\t\t\t<\/div>\n\t\t\t\t\t<\/div>\n\t\t<\/div>\n\t\t\t\t\t<\/div>\n\t\t<\/section>\n\t\t\t\t<\/div>\n\t\t","protected":false},"excerpt":{"rendered":"<p>M\u00fczikoloji B\u00f6l\u00fcm Ya\u015fam\u0131n\u0131n Niteli\u011fi Anketi Bu anket, M\u00fczikoloji B\u00f6l\u00fcm\u00fc \u00f6\u011frencilerinin b\u00f6l\u00fcmden, \u00f6\u011fretim elemanlar\u0131ndan, s\u0131n\u0131f ortam\u0131 ve \u00f6\u011frenci ili\u015fkilerinden memnuniyet d\u00fczeylerini belirlemek \u00fczere haz\u0131rlanm\u0131\u015ft\u0131r. Ki\u015fisel bilgi formu ve ankette yer alan ifadelere verece\u011finiz yan\u0131tlar b\u00f6l\u00fcm ya\u015fam\u0131n\u0131n niteli\u011finin belirlenmesi ve iyile\u015ftirilmesi amac\u0131yla yap\u0131lacak \u00e7al\u0131\u015fmalara katk\u0131 sa\u011flayacakt\u0131r. G\u00f6r\u00fc\u015fleriniz \u00e7er\u00e7evesinde size en uygun gelen se\u00e7ene\u011fi i\u015faretleyin. Ki\u015fisel de\u011ferlendirme yap\u0131lmayaca\u011f\u0131ndan [&hellip;]<\/p>\n","protected":false},"author":128,"featured_media":0,"parent":0,"menu_order":0,"comment_status":"closed","ping_status":"closed","template":"elementor_header_footer","meta":{"footnotes":""},"class_list":["post-7305","page","type-page","status-publish","hentry"],"_links":{"self":[{"href":"https:\/\/atauni.edu.tr\/muzik-bilimleri-bolumu\/wp-json\/wp\/v2\/pages\/7305","targetHints":{"allow":["GET"]}}],"collection":[{"href":"https:\/\/atauni.edu.tr\/muzik-bilimleri-bolumu\/wp-json\/wp\/v2\/pages"}],"about":[{"href":"https:\/\/atauni.edu.tr\/muzik-bilimleri-bolumu\/wp-json\/wp\/v2\/types\/page"}],"author":[{"embeddable":true,"href":"https:\/\/atauni.edu.tr\/muzik-bilimleri-bolumu\/wp-json\/wp\/v2\/users\/128"}],"replies":[{"embeddable":true,"href":"https:\/\/atauni.edu.tr\/muzik-bilimleri-bolumu\/wp-json\/wp\/v2\/comments?post=7305"}],"version-history":[{"count":7,"href":"https:\/\/atauni.edu.tr\/muzik-bilimleri-bolumu\/wp-json\/wp\/v2\/pages\/7305\/revisions"}],"predecessor-version":[{"id":7966,"href":"https:\/\/atauni.edu.tr\/muzik-bilimleri-bolumu\/wp-json\/wp\/v2\/pages\/7305\/revisions\/7966"}],"wp:attachment":[{"href":"https:\/\/atauni.edu.tr\/muzik-bilimleri-bolumu\/wp-json\/wp\/v2\/media?parent=7305"}],"curies":[{"name":"wp","href":"https:\/\/api.w.org\/{rel}","templated":true}]}}