{"id":7311,"date":"2025-05-30T10:01:48","date_gmt":"2025-05-30T07:01:48","guid":{"rendered":"http:\/\/birimler.atauni.edu.tr\/muzik-bilimleri-bolumu\/?page_id=7311"},"modified":"2026-02-04T14:09:34","modified_gmt":"2026-02-04T11:09:34","slug":"muzik-bilimleri-bolumu-dis-paydas-isveren-anketi","status":"publish","type":"page","link":"https:\/\/atauni.edu.tr\/muzik-bilimleri-bolumu\/muzik-bilimleri-bolumu-dis-paydas-isveren-anketi\/","title":{"rendered":"D\u0131\u015f Payda\u015f (\u0130\u015fveren) Anketi"},"content":{"rendered":"\t\t<div data-elementor-type=\"wp-page\" data-elementor-id=\"7311\" class=\"elementor elementor-7311\" data-elementor-post-type=\"page\">\n\t\t\t\t\t\t<section class=\"elementor-section elementor-top-section elementor-element elementor-element-730d320 elementor-section-boxed elementor-section-height-default elementor-section-height-default\" data-id=\"730d320\" data-element_type=\"section\">\n\t\t\t\t\t\t<div class=\"elementor-container elementor-column-gap-default\">\n\t\t\t\t\t<div class=\"elementor-column elementor-col-100 elementor-top-column elementor-element elementor-element-753d0860\" data-id=\"753d0860\" data-element_type=\"column\">\n\t\t\t<div class=\"elementor-widget-wrap\">\n\t\t\t\t\t\t\t<\/div>\n\t\t<\/div>\n\t\t\t\t\t<\/div>\n\t\t<\/section>\n\t\t\t\t<section class=\"elementor-section elementor-top-section elementor-element elementor-element-370e786 elementor-section-boxed elementor-section-height-default elementor-section-height-default\" data-id=\"370e786\" data-element_type=\"section\">\n\t\t\t\t\t\t<div class=\"elementor-container elementor-column-gap-default\">\n\t\t\t\t\t<div class=\"elementor-column elementor-col-100 elementor-top-column elementor-element elementor-element-d9d07d1\" data-id=\"d9d07d1\" data-element_type=\"column\">\n\t\t\t<div class=\"elementor-widget-wrap elementor-element-populated\">\n\t\t\t\t\t\t<div class=\"elementor-element elementor-element-7ecba2a elementor-widget elementor-widget-text-editor\" data-id=\"7ecba2a\" data-element_type=\"widget\" data-widget_type=\"text-editor.default\">\n\t\t\t\t<div class=\"elementor-widget-container\">\n\t\t\t\t\t\t\t\t\t<h2><b>M\u00fczikoloji B\u00f6l\u00fcm\u00fc D\u0131\u015f Payda\u015f (\u0130\u015fveren) Anketi<\/b><\/h2><div><div class=\"page\" title=\"Page 1\"><div class=\"layoutArea\"><div class=\"column\"><p>Say\u0131n \u0130\u015fveren,<\/p><p>Atat\u00fcrk \u00dcniversitesi G\u00fczel Sanatlar Fak\u00fcltesi M\u00fczikoloji B\u00f6l\u00fcm\u00fcn\u00fcn e\u011fitim kalitesini ve mezunlar\u0131m\u0131z\u0131n i\u015f hayat\u0131ndaki performans\u0131n\u0131 de\u011ferlendirmek amac\u0131yla siz de\u011ferli i\u015fverenlerimizin g\u00f6r\u00fc\u015flerine ihtiya\u00e7 duymaktay\u0131z. Bu anket, b\u00f6l\u00fcm\u00fcm\u00fcz\u00fcn e\u011fitim programlar\u0131n\u0131 geli\u015ftirmek ve mezunlar\u0131m\u0131z\u0131n sekt\u00f6r ihtiya\u00e7lar\u0131na daha iyi haz\u0131rlanmalar\u0131n\u0131 sa\u011flamak i\u00e7in haz\u0131rlanm\u0131\u015ft\u0131r. Verece\u011finiz bilgiler 6698 say\u0131l\u0131 Ki\u015fisel Verilerin Korunmas\u0131 Kanunu (KVKK) uyar\u0131nca tamamen gizli tutulacak olup, yaln\u0131zca kalite geli\u015ftirme s\u00fcre\u00e7lerinde kullan\u0131lacakt\u0131r.\u00a0<\/p><p>Kat\u0131l\u0131m\u0131n\u0131z i\u00e7in te\u015fekk\u00fcr ederiz.<\/p><p>Anketi doldurmak i\u00e7in <a href=\"https:\/\/docs.google.com\/forms\/d\/e\/1FAIpQLSdMUXW99BH7mBwSu5tKfcf0SIb-MNN3xiD9WhL0jL05f4OZQQ\/viewform?usp=header\">t\u0131klay\u0131n<\/a>.<\/p><\/div><\/div><\/div><\/div>\t\t\t\t\t\t\t\t<\/div>\n\t\t\t\t<\/div>\n\t\t\t\t\t<\/div>\n\t\t<\/div>\n\t\t\t\t\t<\/div>\n\t\t<\/section>\n\t\t\t\t<\/div>\n\t\t","protected":false},"excerpt":{"rendered":"<p>M\u00fczikoloji B\u00f6l\u00fcm\u00fc D\u0131\u015f Payda\u015f (\u0130\u015fveren) Anketi Say\u0131n \u0130\u015fveren, Atat\u00fcrk \u00dcniversitesi G\u00fczel Sanatlar Fak\u00fcltesi M\u00fczikoloji B\u00f6l\u00fcm\u00fcn\u00fcn e\u011fitim kalitesini ve mezunlar\u0131m\u0131z\u0131n i\u015f hayat\u0131ndaki performans\u0131n\u0131 de\u011ferlendirmek amac\u0131yla siz de\u011ferli i\u015fverenlerimizin g\u00f6r\u00fc\u015flerine ihtiya\u00e7 duymaktay\u0131z. Bu anket, b\u00f6l\u00fcm\u00fcm\u00fcz\u00fcn e\u011fitim programlar\u0131n\u0131 geli\u015ftirmek ve mezunlar\u0131m\u0131z\u0131n sekt\u00f6r ihtiya\u00e7lar\u0131na daha iyi haz\u0131rlanmalar\u0131n\u0131 sa\u011flamak i\u00e7in haz\u0131rlanm\u0131\u015ft\u0131r. Verece\u011finiz bilgiler 6698 say\u0131l\u0131 Ki\u015fisel Verilerin Korunmas\u0131 Kanunu (KVKK) [&hellip;]<\/p>\n","protected":false},"author":128,"featured_media":0,"parent":0,"menu_order":0,"comment_status":"closed","ping_status":"closed","template":"elementor_header_footer","meta":{"footnotes":""},"class_list":["post-7311","page","type-page","status-publish","hentry"],"_links":{"self":[{"href":"https:\/\/atauni.edu.tr\/muzik-bilimleri-bolumu\/wp-json\/wp\/v2\/pages\/7311","targetHints":{"allow":["GET"]}}],"collection":[{"href":"https:\/\/atauni.edu.tr\/muzik-bilimleri-bolumu\/wp-json\/wp\/v2\/pages"}],"about":[{"href":"https:\/\/atauni.edu.tr\/muzik-bilimleri-bolumu\/wp-json\/wp\/v2\/types\/page"}],"author":[{"embeddable":true,"href":"https:\/\/atauni.edu.tr\/muzik-bilimleri-bolumu\/wp-json\/wp\/v2\/users\/128"}],"replies":[{"embeddable":true,"href":"https:\/\/atauni.edu.tr\/muzik-bilimleri-bolumu\/wp-json\/wp\/v2\/comments?post=7311"}],"version-history":[{"count":14,"href":"https:\/\/atauni.edu.tr\/muzik-bilimleri-bolumu\/wp-json\/wp\/v2\/pages\/7311\/revisions"}],"predecessor-version":[{"id":7972,"href":"https:\/\/atauni.edu.tr\/muzik-bilimleri-bolumu\/wp-json\/wp\/v2\/pages\/7311\/revisions\/7972"}],"wp:attachment":[{"href":"https:\/\/atauni.edu.tr\/muzik-bilimleri-bolumu\/wp-json\/wp\/v2\/media?parent=7311"}],"curies":[{"name":"wp","href":"https:\/\/api.w.org\/{rel}","templated":true}]}}