{"id":7327,"date":"2025-05-30T12:37:13","date_gmt":"2025-05-30T09:37:13","guid":{"rendered":"http:\/\/birimler.atauni.edu.tr\/muzik-bilimleri-bolumu\/?page_id=7327"},"modified":"2026-02-04T14:08:28","modified_gmt":"2026-02-04T11:08:28","slug":"muzik-bilimleri-bolumu-dis-paydas-mezun-anketi","status":"publish","type":"page","link":"https:\/\/atauni.edu.tr\/muzik-bilimleri-bolumu\/muzik-bilimleri-bolumu-dis-paydas-mezun-anketi\/","title":{"rendered":"D\u0131\u015f Payda\u015f (Mezun) Anketi"},"content":{"rendered":"\t\t<div data-elementor-type=\"wp-page\" data-elementor-id=\"7327\" class=\"elementor elementor-7327\" data-elementor-post-type=\"page\">\n\t\t\t\t\t\t<section class=\"elementor-section elementor-top-section elementor-element elementor-element-730d320 elementor-section-boxed elementor-section-height-default elementor-section-height-default\" data-id=\"730d320\" data-element_type=\"section\">\n\t\t\t\t\t\t<div class=\"elementor-container elementor-column-gap-default\">\n\t\t\t\t\t<div class=\"elementor-column elementor-col-100 elementor-top-column elementor-element elementor-element-753d0860\" data-id=\"753d0860\" data-element_type=\"column\">\n\t\t\t<div class=\"elementor-widget-wrap\">\n\t\t\t\t\t\t\t<\/div>\n\t\t<\/div>\n\t\t\t\t\t<\/div>\n\t\t<\/section>\n\t\t\t\t<section class=\"elementor-section elementor-top-section elementor-element elementor-element-370e786 elementor-section-boxed elementor-section-height-default elementor-section-height-default\" data-id=\"370e786\" data-element_type=\"section\">\n\t\t\t\t\t\t<div class=\"elementor-container elementor-column-gap-default\">\n\t\t\t\t\t<div class=\"elementor-column elementor-col-100 elementor-top-column elementor-element elementor-element-d9d07d1\" data-id=\"d9d07d1\" data-element_type=\"column\">\n\t\t\t<div class=\"elementor-widget-wrap elementor-element-populated\">\n\t\t\t\t\t\t<div class=\"elementor-element elementor-element-7ecba2a elementor-widget elementor-widget-text-editor\" data-id=\"7ecba2a\" data-element_type=\"widget\" data-widget_type=\"text-editor.default\">\n\t\t\t\t<div class=\"elementor-widget-container\">\n\t\t\t\t\t\t\t\t\t<h2><b>M\u00fczikoloji B\u00f6l\u00fcm\u00fc D\u0131\u015f Payda\u015f (Mezun) Anketi<\/b><\/h2><div><div class=\"page\" title=\"Page 1\"><div class=\"layoutArea\"><div class=\"column\"><p>De\u011ferli Mezunumuz,\u00a0<\/p><p>B\u00f6l\u00fcm\u00fcm\u00fcz\u00fcn e\u011fitim kalitesini ve hizmetlerini geli\u015ftirmek amac\u0131yla siz de\u011ferli mezunlar\u0131m\u0131z\u0131n g\u00f6r\u00fc\u015flerine ihtiya\u00e7 duymaktay\u0131z. Bu anket, b\u00f6l\u00fcm\u00fcm\u00fcz\u00fcn kalite standartlar\u0131n\u0131 de\u011ferlendirmek ve iyile\u015ftirme \u00e7al\u0131\u015fmalar\u0131na y\u00f6n vermek i\u00e7in haz\u0131rlanm\u0131\u015ft\u0131r.\u00a0Verece\u011finiz bilgiler 6698 say\u0131l\u0131 Ki\u015fisel Verilerin Korunmas\u0131 Kanunu (KVKK) uyar\u0131nca tamamen gizli tutulacak olup, yaln\u0131zca kalite geli\u015ftirme s\u00fcre\u00e7lerinde kullan\u0131lacakt\u0131r.\u00a0<\/p><p>\u0130lginize ve kat\u0131l\u0131m\u0131n\u0131za te\u015fekk\u00fcr ederiz.<\/p><p>Anketi doldurmak i\u00e7in <a href=\"https:\/\/docs.google.com\/forms\/d\/e\/1FAIpQLSdMgO12uFi6GtiUahqCKYm46laCzPNb2IXe-amh6Gp7Ng66Cw\/viewform?usp=header\">t\u0131klay\u0131n<\/a>.<\/p><\/div><\/div><\/div><\/div>\t\t\t\t\t\t\t\t<\/div>\n\t\t\t\t<\/div>\n\t\t\t\t\t<\/div>\n\t\t<\/div>\n\t\t\t\t\t<\/div>\n\t\t<\/section>\n\t\t\t\t<\/div>\n\t\t","protected":false},"excerpt":{"rendered":"<p>M\u00fczikoloji B\u00f6l\u00fcm\u00fc D\u0131\u015f Payda\u015f (Mezun) Anketi De\u011ferli Mezunumuz,\u00a0 B\u00f6l\u00fcm\u00fcm\u00fcz\u00fcn e\u011fitim kalitesini ve hizmetlerini geli\u015ftirmek amac\u0131yla siz de\u011ferli mezunlar\u0131m\u0131z\u0131n g\u00f6r\u00fc\u015flerine ihtiya\u00e7 duymaktay\u0131z. Bu anket, b\u00f6l\u00fcm\u00fcm\u00fcz\u00fcn kalite standartlar\u0131n\u0131 de\u011ferlendirmek ve iyile\u015ftirme \u00e7al\u0131\u015fmalar\u0131na y\u00f6n vermek i\u00e7in haz\u0131rlanm\u0131\u015ft\u0131r.\u00a0Verece\u011finiz bilgiler 6698 say\u0131l\u0131 Ki\u015fisel Verilerin Korunmas\u0131 Kanunu (KVKK) uyar\u0131nca tamamen gizli tutulacak olup, yaln\u0131zca kalite geli\u015ftirme s\u00fcre\u00e7lerinde kullan\u0131lacakt\u0131r.\u00a0 \u0130lginize ve kat\u0131l\u0131m\u0131n\u0131za [&hellip;]<\/p>\n","protected":false},"author":128,"featured_media":0,"parent":0,"menu_order":0,"comment_status":"closed","ping_status":"closed","template":"elementor_header_footer","meta":{"footnotes":""},"class_list":["post-7327","page","type-page","status-publish","hentry"],"_links":{"self":[{"href":"https:\/\/atauni.edu.tr\/muzik-bilimleri-bolumu\/wp-json\/wp\/v2\/pages\/7327","targetHints":{"allow":["GET"]}}],"collection":[{"href":"https:\/\/atauni.edu.tr\/muzik-bilimleri-bolumu\/wp-json\/wp\/v2\/pages"}],"about":[{"href":"https:\/\/atauni.edu.tr\/muzik-bilimleri-bolumu\/wp-json\/wp\/v2\/types\/page"}],"author":[{"embeddable":true,"href":"https:\/\/atauni.edu.tr\/muzik-bilimleri-bolumu\/wp-json\/wp\/v2\/users\/128"}],"replies":[{"embeddable":true,"href":"https:\/\/atauni.edu.tr\/muzik-bilimleri-bolumu\/wp-json\/wp\/v2\/comments?post=7327"}],"version-history":[{"count":11,"href":"https:\/\/atauni.edu.tr\/muzik-bilimleri-bolumu\/wp-json\/wp\/v2\/pages\/7327\/revisions"}],"predecessor-version":[{"id":7969,"href":"https:\/\/atauni.edu.tr\/muzik-bilimleri-bolumu\/wp-json\/wp\/v2\/pages\/7327\/revisions\/7969"}],"wp:attachment":[{"href":"https:\/\/atauni.edu.tr\/muzik-bilimleri-bolumu\/wp-json\/wp\/v2\/media?parent=7327"}],"curies":[{"name":"wp","href":"https:\/\/api.w.org\/{rel}","templated":true}]}}