{"id":7501,"date":"2025-07-03T17:19:48","date_gmt":"2025-07-03T14:19:48","guid":{"rendered":"https:\/\/birimler.atauni.edu.tr\/muzik-bilimleri-bolumu\/?page_id=7501"},"modified":"2026-02-04T11:28:55","modified_gmt":"2026-02-04T08:28:55","slug":"program-amaclari","status":"publish","type":"page","link":"https:\/\/atauni.edu.tr\/muzik-bilimleri-bolumu\/program-amaclari\/","title":{"rendered":"Program Ama\u00e7lar\u0131"},"content":{"rendered":"\t\t<div data-elementor-type=\"wp-page\" data-elementor-id=\"7501\" class=\"elementor elementor-7501\" data-elementor-post-type=\"page\">\n\t\t\t\t\t\t<section class=\"elementor-section elementor-top-section elementor-element elementor-element-65309d9 elementor-section-boxed elementor-section-height-default elementor-section-height-default\" data-id=\"65309d9\" data-element_type=\"section\">\n\t\t\t\t\t\t<div class=\"elementor-container elementor-column-gap-default\">\n\t\t\t\t\t<div class=\"elementor-column elementor-col-100 elementor-top-column elementor-element elementor-element-7984549\" data-id=\"7984549\" data-element_type=\"column\">\n\t\t\t<div class=\"elementor-widget-wrap elementor-element-populated\">\n\t\t\t\t\t\t<div class=\"elementor-element elementor-element-21b3c2a elementor-widget elementor-widget-text-editor\" data-id=\"21b3c2a\" data-element_type=\"widget\" data-widget_type=\"text-editor.default\">\n\t\t\t\t<div class=\"elementor-widget-container\">\n\t\t\t\t\t\t\t\t\t<p>Genellikle alan ara\u015ft\u0131rmac\u0131s\u0131 ve teorisyeni yeti\u015ftirmeyi ama\u00e7layan M\u00fczikoloji program\u0131ndan mezun olan arkada\u015flar\u0131m\u0131z, bu \u00e7al\u0131\u015fmalar\u0131n\u0131 \u00e7e\u015fitli kamu kurum ve kurulu\u015flar\u0131 b\u00fcnyesinde y\u00fcr\u00fctme imk\u00e2n\u0131 bulabilecekleri gibi lisans\u00fcst\u00fc e\u011fitime de devam edebilmektedirler. M\u00fczikoloji \u00a0lisans program\u0131ndan mezun olan \u00f6\u011frencilerimiz g\u00fczel sanatlarla ilgili e\u011fitim ve ara\u015ft\u0131rma kurumlar\u0131nda <strong><em>akademik eleman<\/em><\/strong>, \u00f6zel ve kamu kurulu\u015flar\u0131nda <strong><em>m\u00fczik\/sanat dan\u0131\u015fman\u0131, m\u00fczik\/sanat y\u00f6neticisi<\/em><\/strong>, Mill\u00ee E\u011fitim Bakanl\u0131\u011f\u0131\u2019na ba\u011fl\u0131 ve\/veya \u00f6zel e\u011fitim kurumlar\u0131nda<strong><em> \u00f6\u011fretmen\/e\u011fitmen<\/em><\/strong>, TRT ve K\u00fclt\u00fcr Bakanl\u0131\u011f\u0131 gibi kurumlarda<strong> <em>ses ve\/veya saz sanat\u00e7\u0131s\u0131<\/em><\/strong> olarak g\u00f6rev yapmaktad\u0131rlar.<\/p>\t\t\t\t\t\t\t\t<\/div>\n\t\t\t\t<\/div>\n\t\t\t\t\t<\/div>\n\t\t<\/div>\n\t\t\t\t\t<\/div>\n\t\t<\/section>\n\t\t\t\t<\/div>\n\t\t","protected":false},"excerpt":{"rendered":"<p>Genellikle alan ara\u015ft\u0131rmac\u0131s\u0131 ve teorisyeni yeti\u015ftirmeyi ama\u00e7layan M\u00fczikoloji program\u0131ndan mezun olan arkada\u015flar\u0131m\u0131z, bu \u00e7al\u0131\u015fmalar\u0131n\u0131 \u00e7e\u015fitli kamu kurum ve kurulu\u015flar\u0131 b\u00fcnyesinde y\u00fcr\u00fctme imk\u00e2n\u0131 bulabilecekleri gibi lisans\u00fcst\u00fc e\u011fitime de devam edebilmektedirler. M\u00fczikoloji \u00a0lisans program\u0131ndan mezun olan \u00f6\u011frencilerimiz g\u00fczel sanatlarla ilgili e\u011fitim ve ara\u015ft\u0131rma kurumlar\u0131nda akademik eleman, \u00f6zel ve kamu kurulu\u015flar\u0131nda m\u00fczik\/sanat dan\u0131\u015fman\u0131, m\u00fczik\/sanat y\u00f6neticisi, Mill\u00ee E\u011fitim Bakanl\u0131\u011f\u0131\u2019na [&hellip;]<\/p>\n","protected":false},"author":128,"featured_media":0,"parent":0,"menu_order":0,"comment_status":"closed","ping_status":"closed","template":"","meta":{"footnotes":""},"class_list":["post-7501","page","type-page","status-publish","hentry"],"_links":{"self":[{"href":"https:\/\/atauni.edu.tr\/muzik-bilimleri-bolumu\/wp-json\/wp\/v2\/pages\/7501","targetHints":{"allow":["GET"]}}],"collection":[{"href":"https:\/\/atauni.edu.tr\/muzik-bilimleri-bolumu\/wp-json\/wp\/v2\/pages"}],"about":[{"href":"https:\/\/atauni.edu.tr\/muzik-bilimleri-bolumu\/wp-json\/wp\/v2\/types\/page"}],"author":[{"embeddable":true,"href":"https:\/\/atauni.edu.tr\/muzik-bilimleri-bolumu\/wp-json\/wp\/v2\/users\/128"}],"replies":[{"embeddable":true,"href":"https:\/\/atauni.edu.tr\/muzik-bilimleri-bolumu\/wp-json\/wp\/v2\/comments?post=7501"}],"version-history":[{"count":6,"href":"https:\/\/atauni.edu.tr\/muzik-bilimleri-bolumu\/wp-json\/wp\/v2\/pages\/7501\/revisions"}],"predecessor-version":[{"id":7948,"href":"https:\/\/atauni.edu.tr\/muzik-bilimleri-bolumu\/wp-json\/wp\/v2\/pages\/7501\/revisions\/7948"}],"wp:attachment":[{"href":"https:\/\/atauni.edu.tr\/muzik-bilimleri-bolumu\/wp-json\/wp\/v2\/media?parent=7501"}],"curies":[{"name":"wp","href":"https:\/\/api.w.org\/{rel}","templated":true}]}}