{"id":7507,"date":"2025-07-03T17:26:22","date_gmt":"2025-07-03T14:26:22","guid":{"rendered":"https:\/\/birimler.atauni.edu.tr\/muzik-bilimleri-bolumu\/?page_id=7507"},"modified":"2025-07-03T17:26:28","modified_gmt":"2025-07-03T14:26:28","slug":"program-ciktilari","status":"publish","type":"page","link":"https:\/\/atauni.edu.tr\/muzik-bilimleri-bolumu\/program-ciktilari\/","title":{"rendered":"Program \u00c7\u0131kt\u0131lar\u0131"},"content":{"rendered":"\t\t<div data-elementor-type=\"wp-page\" data-elementor-id=\"7507\" class=\"elementor elementor-7507\" data-elementor-post-type=\"page\">\n\t\t\t\t\t\t<section class=\"elementor-section elementor-top-section elementor-element elementor-element-65309d9 elementor-section-boxed elementor-section-height-default elementor-section-height-default\" data-id=\"65309d9\" data-element_type=\"section\">\n\t\t\t\t\t\t<div class=\"elementor-container elementor-column-gap-default\">\n\t\t\t\t\t<div class=\"elementor-column elementor-col-100 elementor-top-column elementor-element elementor-element-7984549\" data-id=\"7984549\" data-element_type=\"column\">\n\t\t\t<div class=\"elementor-widget-wrap elementor-element-populated\">\n\t\t\t\t\t\t<div class=\"elementor-element elementor-element-21b3c2a elementor-widget elementor-widget-text-editor\" data-id=\"21b3c2a\" data-element_type=\"widget\" data-widget_type=\"text-editor.default\">\n\t\t\t\t<div class=\"elementor-widget-container\">\n\t\t\t\t\t\t\t\t\t<table id=\"DataTables_Table_0\" class=\"table table-bordered datatable dataTable table-striped no-footer\" role=\"grid\"><tbody class=\"tablo_icerikler\"><tr class=\"odd\" title=\"\" role=\"row\"><td id=\"Sira_0\">1<\/td><td id=\"ProgramYeterlilik_0\">M\u00fczik alan\u0131n\u0131n gerektirdi\u011fi Kuramsal, Olgusal (Teorik) bilgileri kavrar ve alan\u0131nda etkin \u015fekilde kullan\u0131r.<\/td><\/tr><tr class=\"even\" title=\"\" role=\"row\"><td id=\"Sira_1\">2<\/td><td id=\"ProgramYeterlilik_1\">Teorik bilgilerin yan\u0131nda m\u00fczik alan\u0131 ile ilgili piyano, \u00e7alg\u0131 e\u011fitimi, repertuar v.b. derslerde oldu\u011fu gibi Bili\u015fsel, Uygulamal\u0131 hedeflere y\u00f6nelik bilgileri kavrar ve alan\u0131nda etkin \u015fekilde kullan\u0131r.<\/td><\/tr><tr class=\"odd\" title=\"\" role=\"row\"><td id=\"Sira_2\">3<\/td><td id=\"ProgramYeterlilik_2\">M\u00fczik alan\u0131 ile ilgili etkinliklerde ba\u011f\u0131ms\u0131z \u00e7al\u0131\u015fabilme ve sorumluluk alabilme yetkinli\u011fini etkin \u015fekilde kullan\u0131r.<\/td><\/tr><tr class=\"even\" title=\"\" role=\"row\"><td id=\"Sira_3\">4<\/td><td id=\"ProgramYeterlilik_3\">M\u00fczik alan\u0131 ile ilgili teorik ve uygulamaya y\u00f6nelik bilgileri \u00f6\u011frenir. Alan\u0131nda hayat boyu \u00f6\u011frenme ilkesini benimser.<\/td><\/tr><tr class=\"odd\" title=\"\" role=\"row\"><td id=\"Sira_4\">5<\/td><td id=\"ProgramYeterlilik_4\">M\u00fczikal faaliyetler vas\u0131tas\u0131yla sosyal anlamda topluluk ve ki\u015fisel ileti\u015fim g\u00fcc\u00fcn\u00fc art\u0131r\u0131r.<\/td><\/tr><tr class=\"even\" title=\"\" role=\"row\"><td id=\"Sira_5\">6<\/td><td id=\"ProgramYeterlilik_5\">M\u00fczik alan\u0131 ile ilgili t\u00fcm platformlarda alana \u00f6zg\u00fc bilgisini kullanarak kestirim ve \u00e7\u0131kar\u0131mlarda bulunabilir.<\/td><\/tr><\/tbody><\/table>\t\t\t\t\t\t\t\t<\/div>\n\t\t\t\t<\/div>\n\t\t\t\t\t<\/div>\n\t\t<\/div>\n\t\t\t\t\t<\/div>\n\t\t<\/section>\n\t\t\t\t<\/div>\n\t\t","protected":false},"excerpt":{"rendered":"<p>1 M\u00fczik alan\u0131n\u0131n gerektirdi\u011fi Kuramsal, Olgusal (Teorik) bilgileri kavrar ve alan\u0131nda etkin \u015fekilde kullan\u0131r. 2 Teorik bilgilerin yan\u0131nda m\u00fczik alan\u0131 ile ilgili piyano, \u00e7alg\u0131 e\u011fitimi, repertuar v.b. derslerde oldu\u011fu gibi Bili\u015fsel, Uygulamal\u0131 hedeflere y\u00f6nelik bilgileri kavrar ve alan\u0131nda etkin \u015fekilde kullan\u0131r. 3 M\u00fczik alan\u0131 ile ilgili etkinliklerde ba\u011f\u0131ms\u0131z \u00e7al\u0131\u015fabilme ve sorumluluk alabilme yetkinli\u011fini etkin \u015fekilde [&hellip;]<\/p>\n","protected":false},"author":128,"featured_media":0,"parent":0,"menu_order":0,"comment_status":"closed","ping_status":"closed","template":"","meta":{"footnotes":""},"class_list":["post-7507","page","type-page","status-publish","hentry"],"_links":{"self":[{"href":"https:\/\/atauni.edu.tr\/muzik-bilimleri-bolumu\/wp-json\/wp\/v2\/pages\/7507","targetHints":{"allow":["GET"]}}],"collection":[{"href":"https:\/\/atauni.edu.tr\/muzik-bilimleri-bolumu\/wp-json\/wp\/v2\/pages"}],"about":[{"href":"https:\/\/atauni.edu.tr\/muzik-bilimleri-bolumu\/wp-json\/wp\/v2\/types\/page"}],"author":[{"embeddable":true,"href":"https:\/\/atauni.edu.tr\/muzik-bilimleri-bolumu\/wp-json\/wp\/v2\/users\/128"}],"replies":[{"embeddable":true,"href":"https:\/\/atauni.edu.tr\/muzik-bilimleri-bolumu\/wp-json\/wp\/v2\/comments?post=7507"}],"version-history":[{"count":4,"href":"https:\/\/atauni.edu.tr\/muzik-bilimleri-bolumu\/wp-json\/wp\/v2\/pages\/7507\/revisions"}],"predecessor-version":[{"id":7511,"href":"https:\/\/atauni.edu.tr\/muzik-bilimleri-bolumu\/wp-json\/wp\/v2\/pages\/7507\/revisions\/7511"}],"wp:attachment":[{"href":"https:\/\/atauni.edu.tr\/muzik-bilimleri-bolumu\/wp-json\/wp\/v2\/media?parent=7507"}],"curies":[{"name":"wp","href":"https:\/\/api.w.org\/{rel}","templated":true}]}}