{"id":7624,"date":"2025-07-05T16:42:35","date_gmt":"2025-07-05T13:42:35","guid":{"rendered":"https:\/\/birimler.atauni.edu.tr\/muzik-bilimleri-bolumu\/?page_id=7624"},"modified":"2025-09-23T11:08:18","modified_gmt":"2025-09-23T08:08:18","slug":"elementor-sayfa-7624","status":"publish","type":"page","link":"https:\/\/atauni.edu.tr\/muzik-bilimleri-bolumu\/elementor-sayfa-7624\/","title":{"rendered":"Payda\u015flar\u0131m\u0131z"},"content":{"rendered":"\t\t<div data-elementor-type=\"wp-page\" data-elementor-id=\"7624\" class=\"elementor elementor-7624\" data-elementor-post-type=\"page\">\n\t\t\t\t\t\t<section class=\"elementor-section elementor-top-section elementor-element elementor-element-6b848d4 elementor-section-boxed elementor-section-height-default elementor-section-height-default\" data-id=\"6b848d4\" data-element_type=\"section\">\n\t\t\t\t\t\t<div class=\"elementor-container elementor-column-gap-default\">\n\t\t\t\t\t<div class=\"elementor-column elementor-col-100 elementor-top-column elementor-element elementor-element-dc5edce\" data-id=\"dc5edce\" data-element_type=\"column\">\n\t\t\t<div class=\"elementor-widget-wrap elementor-element-populated\">\n\t\t\t\t\t\t<div class=\"elementor-element elementor-element-9e6566e elementor-widget elementor-widget-text-editor\" data-id=\"9e6566e\" data-element_type=\"widget\" data-widget_type=\"text-editor.default\">\n\t\t\t\t<div class=\"elementor-widget-container\">\n\t\t\t\t\t\t\t\t\t<h3>\u0130\u00e7 Payda\u015flar\u0131m\u0131z<\/h3><ul><li>B\u00f6l\u00fcm \u00f6\u011fretim elemanlar\u0131<\/li><li>Kurum d\u0131\u015f\u0131 konuk \u00f6\u011fretim elemanlar\u0131<\/li><li>\u00d6\u011frencilerimiz<\/li><li>\u0130dari personel<\/li><\/ul><h3>D\u0131\u015f Payda\u015flar\u0131m\u0131z<\/h3><ul><li>Mezunlar\u0131m\u0131z<\/li><li>\u00dcniversitemizin di\u011fer birimlerinde m\u00fcziksel faaliyetler i\u00e7in kurulu \u00f6\u011frenci kul\u00fcpleri<\/li><li>Sivil Toplum Kurulu\u015flar\u0131 (Birka\u00e7 \u00f6rnek STK ad\u0131 verilmi\u015f olup ama\u00e7 ve faaliyet alanlar\u0131 i\u00e7inde m\u00fczik ile ili\u015fkili konulara yer veren t\u00fcm STK&#8217;ler d\u0131\u015f payda\u015f olarak kabul edilir.)<ul><li>M\u00fczik E\u011fitimcileri Derne\u011fi (M\u00dcZED)<\/li><li>\u0130novatif Gitar Projeleri Derne\u011fi\u00a0<\/li><\/ul><\/li><li>Meslek birlikleri<ul><li>M\u00dc-YAP Ba\u011flant\u0131l\u0131 Hak Sahibi Fonogram Yap\u0131mc\u0131lar\u0131 Meslek Birli\u011fi<\/li><li>M\u00dcYORB\u0130R M\u00fczik Yorumcular\u0131 Meslek Birli\u011fi<\/li><li>M\u00dcYAB\u0130R Ba\u011flant\u0131l\u0131 Hak Sahibi Fonogram Yap\u0131mc\u0131lar\u0131 Meslek Birli\u011fi<\/li><li>MESAM T\u00fcrkiye Musiki Eseri Sahipleri Meslek Birli\u011fi<\/li><li>MSG Musiki Eseri Sahipleri Grubu Meslek Birli\u011fi<\/li><li>TSMB \u0130crac\u0131 Sanat\u00e7\u0131lar Ve M\u00fczisyenler Meslek Birli\u011fi<\/li><li>MSF M\u00fczik Sekt\u00f6r\u00fcnde Eser Sahipleri Federasyonu<\/li><li>M\u00dcZFED M\u00fczik Federasyonu<\/li><\/ul><\/li><li>T\u00fcrkiye Radyo Televizyon Kurumu (TRT)<\/li><li>T.C. K\u00fclt\u00fcr ve Turizm Bakanl\u0131\u011f\u0131<\/li><li>T.C. Mill\u00ee E\u011fitim Bakanl\u0131\u011f\u0131<\/li><li>T.C. Gen\u00e7lik ve Spor Bakanl\u0131\u011f\u0131<\/li><li>MEB&#8217;e ba\u011fl\u0131 okullarda ve Halk E\u011fitim Merkezlerinde, Gen\u00e7lik ve Spor Bakanl\u0131\u011f\u0131&#8217;na ba\u011fl\u0131 Gen\u00e7lik Merkezlerinde, \u00f6zel e\u011fitim kurumlar\u0131nda g\u00f6rev yapan m\u00fczik e\u011fitimcileri<\/li><li>M\u00fczisyenler\/sanat\u00e7\u0131lar, m\u00fczik kurumlar\u0131 (orkestra, koro vb.) y\u00f6neticileri, m\u00fczik ve e\u011flence sekt\u00f6r\u00fc \u00e7al\u0131\u015fanlar\u0131, i\u015f yeri\/firma y\u00f6neticileri<\/li><li>M\u00fczik alan\u0131nda \u00e7al\u0131\u015fmalar yapan akademisyenler, ba\u011f\u0131ms\u0131z ara\u015ft\u0131rmac\u0131lar ve destek kurulu\u015flar\u0131<\/li><li>M\u00fczik yay\u0131nc\u0131l\u0131\u011f\u0131 yapan bas\u0131n kurulu\u015flar\u0131 ba\u015fta olmak \u00fczere t\u00fcm medya organizasyonlar\u0131<\/li><\/ul>\t\t\t\t\t\t\t\t<\/div>\n\t\t\t\t<\/div>\n\t\t\t\t\t<\/div>\n\t\t<\/div>\n\t\t\t\t\t<\/div>\n\t\t<\/section>\n\t\t\t\t<\/div>\n\t\t","protected":false},"excerpt":{"rendered":"<p>\u0130\u00e7 Payda\u015flar\u0131m\u0131z B\u00f6l\u00fcm \u00f6\u011fretim elemanlar\u0131 Kurum d\u0131\u015f\u0131 konuk \u00f6\u011fretim elemanlar\u0131 \u00d6\u011frencilerimiz \u0130dari personel D\u0131\u015f Payda\u015flar\u0131m\u0131z Mezunlar\u0131m\u0131z \u00dcniversitemizin di\u011fer birimlerinde m\u00fcziksel faaliyetler i\u00e7in kurulu \u00f6\u011frenci kul\u00fcpleri Sivil Toplum Kurulu\u015flar\u0131 (Birka\u00e7 \u00f6rnek STK ad\u0131 verilmi\u015f olup ama\u00e7 ve faaliyet alanlar\u0131 i\u00e7inde m\u00fczik ile ili\u015fkili konulara yer veren t\u00fcm STK&#8217;ler d\u0131\u015f payda\u015f olarak kabul edilir.) M\u00fczik E\u011fitimcileri Derne\u011fi [&hellip;]<\/p>\n","protected":false},"author":128,"featured_media":0,"parent":0,"menu_order":0,"comment_status":"closed","ping_status":"closed","template":"","meta":{"footnotes":""},"class_list":["post-7624","page","type-page","status-publish","hentry"],"_links":{"self":[{"href":"https:\/\/atauni.edu.tr\/muzik-bilimleri-bolumu\/wp-json\/wp\/v2\/pages\/7624","targetHints":{"allow":["GET"]}}],"collection":[{"href":"https:\/\/atauni.edu.tr\/muzik-bilimleri-bolumu\/wp-json\/wp\/v2\/pages"}],"about":[{"href":"https:\/\/atauni.edu.tr\/muzik-bilimleri-bolumu\/wp-json\/wp\/v2\/types\/page"}],"author":[{"embeddable":true,"href":"https:\/\/atauni.edu.tr\/muzik-bilimleri-bolumu\/wp-json\/wp\/v2\/users\/128"}],"replies":[{"embeddable":true,"href":"https:\/\/atauni.edu.tr\/muzik-bilimleri-bolumu\/wp-json\/wp\/v2\/comments?post=7624"}],"version-history":[{"count":14,"href":"https:\/\/atauni.edu.tr\/muzik-bilimleri-bolumu\/wp-json\/wp\/v2\/pages\/7624\/revisions"}],"predecessor-version":[{"id":7755,"href":"https:\/\/atauni.edu.tr\/muzik-bilimleri-bolumu\/wp-json\/wp\/v2\/pages\/7624\/revisions\/7755"}],"wp:attachment":[{"href":"https:\/\/atauni.edu.tr\/muzik-bilimleri-bolumu\/wp-json\/wp\/v2\/media?parent=7624"}],"curies":[{"name":"wp","href":"https:\/\/api.w.org\/{rel}","templated":true}]}}