{"id":5682,"date":"2021-07-13T10:10:01","date_gmt":"2021-07-13T07:10:01","guid":{"rendered":"https:\/\/portaltest.atauni.edu.tr\/bilgisayar-muhendisligi\/?page_id=5682"},"modified":"2022-06-24T13:04:59","modified_gmt":"2022-06-24T10:04:59","slug":"misyon-vizyon-ve-temel-degerler","status":"publish","type":"page","link":"https:\/\/atauni.edu.tr\/muzik-egitimi-abd\/misyon-vizyon-ve-temel-degerler\/","title":{"rendered":"Misyon, Vizyon ve Temel De\u011ferler"},"content":{"rendered":"\t\t<div data-elementor-type=\"wp-page\" data-elementor-id=\"5682\" class=\"elementor elementor-5682\" data-elementor-post-type=\"page\">\n\t\t\t\t\t\t<section class=\"elementor-section elementor-top-section elementor-element elementor-element-730d320 elementor-section-boxed elementor-section-height-default elementor-section-height-default\" data-id=\"730d320\" data-element_type=\"section\">\n\t\t\t\t\t\t<div class=\"elementor-container elementor-column-gap-default\">\n\t\t\t\t\t<div class=\"elementor-column elementor-col-100 elementor-top-column elementor-element elementor-element-753d0860\" data-id=\"753d0860\" data-element_type=\"column\">\n\t\t\t<div class=\"elementor-widget-wrap\">\n\t\t\t\t\t\t\t<\/div>\n\t\t<\/div>\n\t\t\t\t\t<\/div>\n\t\t<\/section>\n\t\t\t\t<section class=\"elementor-section elementor-top-section elementor-element elementor-element-9be811a elementor-section-boxed elementor-section-height-default elementor-section-height-default\" data-id=\"9be811a\" data-element_type=\"section\">\n\t\t\t\t\t\t<div class=\"elementor-container elementor-column-gap-default\">\n\t\t\t\t\t<div class=\"elementor-column elementor-col-100 elementor-top-column elementor-element elementor-element-1ed847b7\" data-id=\"1ed847b7\" data-element_type=\"column\">\n\t\t\t<div class=\"elementor-widget-wrap elementor-element-populated\">\n\t\t\t\t\t\t<div class=\"elementor-element elementor-element-4ce0d07f elementor-widget elementor-widget-heading\" data-id=\"4ce0d07f\" data-element_type=\"widget\" data-widget_type=\"heading.default\">\n\t\t\t\t<div class=\"elementor-widget-container\">\n\t\t\t\t\t<h2 class=\"elementor-heading-title elementor-size-default\">Misyon, Vizyon ve Temel De\u011ferler<\/h2>\t\t\t\t<\/div>\n\t\t\t\t<\/div>\n\t\t\t\t<div class=\"elementor-element elementor-element-63260862 elementor-widget-divider--view-line elementor-widget elementor-widget-divider\" data-id=\"63260862\" data-element_type=\"widget\" data-widget_type=\"divider.default\">\n\t\t\t\t<div class=\"elementor-widget-container\">\n\t\t\t\t\t\t\t<div class=\"elementor-divider\">\n\t\t\t<span class=\"elementor-divider-separator\">\n\t\t\t\t\t\t<\/span>\n\t\t<\/div>\n\t\t\t\t\t\t<\/div>\n\t\t\t\t<\/div>\n\t\t\t\t\t<\/div>\n\t\t<\/div>\n\t\t\t\t\t<\/div>\n\t\t<\/section>\n\t\t\t\t<section class=\"elementor-section elementor-top-section elementor-element elementor-element-681db8b elementor-section-boxed elementor-section-height-default elementor-section-height-default\" data-id=\"681db8b\" data-element_type=\"section\">\n\t\t\t\t\t\t<div class=\"elementor-container elementor-column-gap-default\">\n\t\t\t\t\t<div class=\"elementor-column elementor-col-100 elementor-top-column elementor-element elementor-element-ad4dac5\" data-id=\"ad4dac5\" data-element_type=\"column\">\n\t\t\t<div class=\"elementor-widget-wrap elementor-element-populated\">\n\t\t\t\t\t\t<div class=\"elementor-element elementor-element-2f96b3d elementor-widget elementor-widget-text-editor\" data-id=\"2f96b3d\" data-element_type=\"widget\" data-widget_type=\"text-editor.default\">\n\t\t\t\t<div class=\"elementor-widget-container\">\n\t\t\t\t\t\t\t\t\t<p><strong>Misyonumuz<\/strong><\/p><p>M\u00fczik e\u011fitimi alan\u0131nda yeti\u015ftirdi\u011fi bireylerin yeterliklerini evrensel de\u011ferler \u0131\u015f\u0131\u011f\u0131nda, bilim ve teknolojiden yararlanarak beklentilerin \u00f6tesine ta\u015f\u0131yan, fiziksel,\u00a0<span style=\"letter-spacing: 0px\">devini\u015fsel, duyu\u015fsal ve bili\u015fsel olarak e\u011fitilmi\u015f bireyler ve dolay\u0131s\u0131yla bir toplum yaratmaya \u00f6nc\u00fcl\u00fck eden, yapt\u0131\u011f\u0131 \u00e7al\u0131\u015fmalar ve mezun edece\u011fi \u00f6\u011frenciler\u00a0<\/span><span style=\"letter-spacing: 0px\">arac\u0131l\u0131\u011f\u0131 ile ulusal ve uluslararas\u0131 bilimsel ara\u015ft\u0131rma kalitesinin y\u00fckselmesine katk\u0131 sa\u011flayan bir b\u00f6l\u00fcm olmakt\u0131r.<\/span><\/p><p><b>Vizyonumuz<\/b><\/p><p>Sanat\u0131n ulusal ve uluslararas\u0131 d\u00fczeyde tan\u0131t\u0131lmas\u0131, \u00f6neminin vurgulanmas\u0131 ve yayg\u0131nla\u015ft\u0131r\u0131lmas\u0131 i\u00e7in \u00f6nc\u00fc nitelikli \u00e7al\u0131\u015fmalar yapmak; s<span style=\"letter-spacing: 0px\">anat alan\u0131nda etkin g\u00f6rev alabilecek, \u00e7a\u011fda\u015f y\u00f6ntem ve g\u00f6r\u00fc\u015fler \u0131\u015f\u0131\u011f\u0131nda sanata katk\u0131da bulunabilecek, ileri d\u00fczeyde bilgi ve becerilerle donat\u0131lm\u0131\u015f yenilik\u00e7i\u00a0<\/span><span style=\"letter-spacing: 0px\">\u00f6\u011fretmen ve ara\u015ft\u0131rmac\u0131lar yeti\u015ftirmektir.<\/span><\/p><p><span style=\"letter-spacing: 0px\"><b>PROGRAM \u00d6\u011eRET\u0130M AMA\u00c7LARI<\/b><\/span><\/p><p>1. \u00c7a\u011fda\u015f bilim ve e\u011fitim esaslar\u0131 \u00e7er\u00e7evesinde, \u00f6\u011fretmenlik mesle\u011fi i\u00e7in gerekli bilgi ve becerilerle donat\u0131lm\u0131\u015f e\u011fitim ve \u00f6\u011fretim ile ilgili y\u00f6ntem ve tekniklere hakim, etik ve estetik de\u011ferlere \u00f6nem veren, toplumsal de\u011ferlere sayg\u0131l\u0131, sorgulay\u0131c\u0131, ara\u015ft\u0131rmac\u0131, ileti\u015fim yetene\u011fi g\u00fc\u00e7l\u00fc, alan\u0131nda<br \/>donan\u0131ml\u0131, \u00f6zg\u00fcvenli ve \u00e7a\u011fda\u015f m\u00fczik \u00f6\u011fretmenleri yeti\u015ftirmektir.<br \/>2. M\u00fczik \u00f6\u011fretmenli\u011fi program\u0131 T\u00fcrk milli e\u011fitiminin ihtiya\u00e7lar\u0131 ve g\u00fcn\u00fcm\u00fcz m\u00fczik e\u011fitimi s\u00fcre\u00e7lerinin gerekleri do\u011frultusunda \u00f6\u011frenci yeti\u015ftirmekte ve \u00f6\u011fretmen adaylar\u0131n\u0131n donan\u0131ml\u0131 bir \u015fekilde mezun olmalar\u0131n\u0131 sa\u011flayarak gelecekte \u00f6rnek birer m\u00fczik\u00a0\u00f6\u011fretmeni veya sanat e\u011fitimcisi olmalar\u0131n\u0131 sa\u011flamaktad\u0131r.<br \/>3. T\u00fcrk milli e\u011fitiminin ve m\u00fczik\u00a0e\u011fitiminin esaslar\u0131 d\u00fc\u015f\u00fcn\u00fclerek yeti\u015ftirilen \u00f6\u011frenciler, T\u00fcrk m\u00fczik\u00a0e\u011fitimi sisteminin \u00f6nemli bir par\u00e7as\u0131 haline gelmektedir.<span style=\"letter-spacing: 0px\"><br \/><\/span><\/p>\t\t\t\t\t\t\t\t<\/div>\n\t\t\t\t<\/div>\n\t\t\t\t\t<\/div>\n\t\t<\/div>\n\t\t\t\t\t<\/div>\n\t\t<\/section>\n\t\t\t\t<\/div>\n\t\t","protected":false},"excerpt":{"rendered":"<p>Misyon, Vizyon ve Temel De\u011ferler Misyonumuz M\u00fczik e\u011fitimi alan\u0131nda yeti\u015ftirdi\u011fi bireylerin yeterliklerini evrensel de\u011ferler \u0131\u015f\u0131\u011f\u0131nda, bilim ve teknolojiden yararlanarak beklentilerin \u00f6tesine ta\u015f\u0131yan, fiziksel,\u00a0devini\u015fsel, duyu\u015fsal ve bili\u015fsel olarak e\u011fitilmi\u015f bireyler ve dolay\u0131s\u0131yla bir toplum yaratmaya \u00f6nc\u00fcl\u00fck eden, yapt\u0131\u011f\u0131 \u00e7al\u0131\u015fmalar ve mezun edece\u011fi \u00f6\u011frenciler\u00a0arac\u0131l\u0131\u011f\u0131 ile ulusal ve uluslararas\u0131 bilimsel ara\u015ft\u0131rma kalitesinin y\u00fckselmesine katk\u0131 sa\u011flayan bir b\u00f6l\u00fcm olmakt\u0131r. [&hellip;]<\/p>\n","protected":false},"author":1,"featured_media":0,"parent":0,"menu_order":0,"comment_status":"closed","ping_status":"closed","template":"elementor_header_footer","meta":{"footnotes":""},"class_list":["post-5682","page","type-page","status-publish","hentry"],"_links":{"self":[{"href":"https:\/\/atauni.edu.tr\/muzik-egitimi-abd\/wp-json\/wp\/v2\/pages\/5682","targetHints":{"allow":["GET"]}}],"collection":[{"href":"https:\/\/atauni.edu.tr\/muzik-egitimi-abd\/wp-json\/wp\/v2\/pages"}],"about":[{"href":"https:\/\/atauni.edu.tr\/muzik-egitimi-abd\/wp-json\/wp\/v2\/types\/page"}],"author":[{"embeddable":true,"href":"https:\/\/atauni.edu.tr\/muzik-egitimi-abd\/wp-json\/wp\/v2\/users\/1"}],"replies":[{"embeddable":true,"href":"https:\/\/atauni.edu.tr\/muzik-egitimi-abd\/wp-json\/wp\/v2\/comments?post=5682"}],"version-history":[{"count":14,"href":"https:\/\/atauni.edu.tr\/muzik-egitimi-abd\/wp-json\/wp\/v2\/pages\/5682\/revisions"}],"predecessor-version":[{"id":6234,"href":"https:\/\/atauni.edu.tr\/muzik-egitimi-abd\/wp-json\/wp\/v2\/pages\/5682\/revisions\/6234"}],"wp:attachment":[{"href":"https:\/\/atauni.edu.tr\/muzik-egitimi-abd\/wp-json\/wp\/v2\/media?parent=5682"}],"curies":[{"name":"wp","href":"https:\/\/api.w.org\/{rel}","templated":true}]}}