{"id":6427,"date":"2025-07-02T11:36:29","date_gmt":"2025-07-02T08:36:29","guid":{"rendered":"https:\/\/birimler.atauni.edu.tr\/muzik-egitimi-abd\/?page_id=6427"},"modified":"2025-07-02T11:39:01","modified_gmt":"2025-07-02T08:39:01","slug":"akreditasyon","status":"publish","type":"page","link":"https:\/\/atauni.edu.tr\/muzik-egitimi-abd\/akreditasyon\/","title":{"rendered":"Akreditasyon"},"content":{"rendered":"\n<p>Akreditasyon y\u00fcksek\u00f6\u011fretim programlar\u0131nda y\u00fcr\u00fct\u00fclen&nbsp;e\u011fitim-\u00f6\u011fretim ve ara\u015ft\u0131rma faaliyetleri ile idari hizmetlerin, ba\u011f\u0131ms\u0131z ve yetkin kurulu\u015flar taraf\u0131ndan,&nbsp;kalite ve evrensel \u00f6l\u00e7\u00fctler do\u011frultusunda&nbsp;onaylanmas\u0131 ve belli aral\u0131klarla tekrar de\u011ferlendirilmesi i\u015flemidir.<\/p>\n\n\n\n<p>Kaz\u0131m Karabekir E\u011fitim Fak\u00fcltesi b\u00fcnyesinde \u00f6\u011fretim kalitemizin daha da y\u00fckseltilmesine katk\u0131da bulunmak amac\u0131yla akreditasyon kapsam\u0131ndaki bir\u00e7ok faaliyet ilgili komisyonlar taraf\u0131ndan y\u00fcr\u00fct\u00fclmektedir.<\/p>\n\n\n\n<p><strong>Program Koordinat\u00f6r\u00fc:<\/strong>&nbsp;Do\u00e7. Dr. Ozan G\u00dcL\u00dcM<\/p>\n\n\n\n<p><strong>Program Koordinat\u00f6r Yard\u0131mc\u0131s\u0131:<\/strong>&nbsp;Do\u00e7. Dr. Murat Kamil \u0130NANICI<\/p>\n\n\n\n<p><strong>\u00dcye:&nbsp;<\/strong>Do\u00e7. Dr. Muhsin SARIKAYA<br><strong>\u00dcye:<\/strong>&nbsp;Ar\u015f. G\u00f6r. Gizem GED\u0130K&nbsp;<\/p>\n","protected":false},"excerpt":{"rendered":"<p>Akreditasyon y\u00fcksek\u00f6\u011fretim programlar\u0131nda y\u00fcr\u00fct\u00fclen&nbsp;e\u011fitim-\u00f6\u011fretim ve ara\u015ft\u0131rma faaliyetleri ile idari hizmetlerin, ba\u011f\u0131ms\u0131z ve yetkin kurulu\u015flar taraf\u0131ndan,&nbsp;kalite ve evrensel \u00f6l\u00e7\u00fctler do\u011frultusunda&nbsp;onaylanmas\u0131 ve belli aral\u0131klarla tekrar de\u011ferlendirilmesi i\u015flemidir. Kaz\u0131m Karabekir E\u011fitim Fak\u00fcltesi b\u00fcnyesinde \u00f6\u011fretim kalitemizin daha da y\u00fckseltilmesine katk\u0131da bulunmak amac\u0131yla akreditasyon kapsam\u0131ndaki bir\u00e7ok faaliyet ilgili komisyonlar taraf\u0131ndan y\u00fcr\u00fct\u00fclmektedir. Program Koordinat\u00f6r\u00fc:&nbsp;Do\u00e7. Dr. Ozan G\u00dcL\u00dcM Program Koordinat\u00f6r Yard\u0131mc\u0131s\u0131:&nbsp;Do\u00e7. Dr. [&hellip;]<\/p>\n","protected":false},"author":662,"featured_media":0,"parent":0,"menu_order":0,"comment_status":"closed","ping_status":"closed","template":"","meta":{"footnotes":""},"class_list":["post-6427","page","type-page","status-publish","hentry"],"_links":{"self":[{"href":"https:\/\/atauni.edu.tr\/muzik-egitimi-abd\/wp-json\/wp\/v2\/pages\/6427","targetHints":{"allow":["GET"]}}],"collection":[{"href":"https:\/\/atauni.edu.tr\/muzik-egitimi-abd\/wp-json\/wp\/v2\/pages"}],"about":[{"href":"https:\/\/atauni.edu.tr\/muzik-egitimi-abd\/wp-json\/wp\/v2\/types\/page"}],"author":[{"embeddable":true,"href":"https:\/\/atauni.edu.tr\/muzik-egitimi-abd\/wp-json\/wp\/v2\/users\/662"}],"replies":[{"embeddable":true,"href":"https:\/\/atauni.edu.tr\/muzik-egitimi-abd\/wp-json\/wp\/v2\/comments?post=6427"}],"version-history":[{"count":2,"href":"https:\/\/atauni.edu.tr\/muzik-egitimi-abd\/wp-json\/wp\/v2\/pages\/6427\/revisions"}],"predecessor-version":[{"id":6431,"href":"https:\/\/atauni.edu.tr\/muzik-egitimi-abd\/wp-json\/wp\/v2\/pages\/6427\/revisions\/6431"}],"wp:attachment":[{"href":"https:\/\/atauni.edu.tr\/muzik-egitimi-abd\/wp-json\/wp\/v2\/media?parent=6427"}],"curies":[{"name":"wp","href":"https:\/\/api.w.org\/{rel}","templated":true}]}}