{"id":6472,"date":"2025-08-06T15:43:22","date_gmt":"2025-08-06T12:43:22","guid":{"rendered":"https:\/\/birimler.atauni.edu.tr\/muzik-egitimi-abd\/?page_id=6472"},"modified":"2025-08-06T15:43:22","modified_gmt":"2025-08-06T12:43:22","slug":"haberler","status":"publish","type":"page","link":"https:\/\/atauni.edu.tr\/muzik-egitimi-abd\/haberler\/","title":{"rendered":"Haberler"},"content":{"rendered":"<form method=\"get\" class=\"row g-3\" style=\"margin-bottom: 20px;\"><div class=\"col-md-3\"><input type=\"text\" name=\"haber_ara\" class=\"form-control\" placeholder=\"Haber ara...\" value=\"\"><\/div><div class=\"col-md-3\"><input type=\"date\" name=\"baslangic_tarihi\" class=\"form-control\" value=\"\"><\/div><div class=\"col-md-3\"><input type=\"date\" name=\"bitis_tarihi\" class=\"form-control\" value=\"\"><\/div><div class=\"col-md-3\"><button type=\"submit\" class=\"btn btn-secondary w-50\">Filtrele<\/button><\/div><\/form><ul class=\"kategori-yazilari-liste\"><li style=\"display: flex; margin-bottom: 10px; align-items: center;\"><div class=\"post-thumbnail\" style=\"margin-right: 15px;\"><a href=\"https:\/\/atauni.edu.tr\/muzik-egitimi-abd\/2025\/11\/19\/muzik-egitimi-anabilim-dali-ve-resim-is-egitimi-anabilim-dali-ortak-oryantasyon-toplantisi\/\"><img decoding=\"async\" width=\"150\" height=\"150\" src=\"https:\/\/atauni.edu.tr\/muzik-egitimi-abd\/wp-content\/uploads\/sites\/344\/2025\/11\/WhatsApp-Gorsel-2025-11-29-saat-21.23.36_c96583dd-1-150x150.jpg\" class=\"attachment-thumbnail size-thumbnail wp-post-image\" alt=\"\" \/><\/a><\/div><div class=\"post-content\" style=\"flex-grow: 1;\"><span class=\"post-date habertarih\" style=\"display: block; font-weight: bold; margin-bottom: 5px;\">19 Kas\u0131m 2025<\/span><a class=\"haberbaslik\" href=\"https:\/\/atauni.edu.tr\/muzik-egitimi-abd\/2025\/11\/19\/muzik-egitimi-anabilim-dali-ve-resim-is-egitimi-anabilim-dali-ortak-oryantasyon-toplantisi\/\">M\u00fczik E\u011fitimi Anabilim Dal\u0131 ve Resim-\u0130\u015f E\u011fitimi Anabilim Dal\u0131 Ortak Oryantasyon Toplant\u0131s\u0131<\/a><\/div><\/li><li style=\"display: flex; margin-bottom: 10px; align-items: center;\"><div class=\"post-thumbnail\" style=\"margin-right: 15px;\"><a href=\"https:\/\/atauni.edu.tr\/muzik-egitimi-abd\/2025\/11\/17\/muzik-egitimi-anabilim-dali-bilgisayar-laboratuvari-hizmete-acildi\/\"><img decoding=\"async\" width=\"150\" height=\"150\" src=\"https:\/\/atauni.edu.tr\/muzik-egitimi-abd\/wp-content\/uploads\/sites\/344\/2025\/11\/WhatsApp-Gorsel-2025-11-30-saat-00.49.23_b18a9206-150x150.jpg\" class=\"attachment-thumbnail size-thumbnail wp-post-image\" alt=\"\" \/><\/a><\/div><div class=\"post-content\" style=\"flex-grow: 1;\"><span class=\"post-date habertarih\" style=\"display: block; font-weight: bold; margin-bottom: 5px;\">17 Kas\u0131m 2025<\/span><a class=\"haberbaslik\" href=\"https:\/\/atauni.edu.tr\/muzik-egitimi-abd\/2025\/11\/17\/muzik-egitimi-anabilim-dali-bilgisayar-laboratuvari-hizmete-acildi\/\">M\u00fczik E\u011fitimi Anabilim Dal\u0131 Bilgisayar Laboratuvar\u0131 Hizmete A\u00e7\u0131ld\u0131<\/a><\/div><\/li><li style=\"display: flex; margin-bottom: 10px; align-items: center;\"><div class=\"post-thumbnail\" style=\"margin-right: 15px;\"><a href=\"https:\/\/atauni.edu.tr\/muzik-egitimi-abd\/2025\/11\/14\/qr-kod-destekli-entegre-bilgi-sistemi-kullanima-acildi\/\"><img decoding=\"async\" width=\"150\" height=\"150\" src=\"https:\/\/atauni.edu.tr\/muzik-egitimi-abd\/wp-content\/uploads\/sites\/344\/2025\/11\/WhatsApp-Gorsel-2025-11-30-saat-00.56.07_37f7a3d1-e1764454225561-150x150.jpg\" class=\"attachment-thumbnail size-thumbnail wp-post-image\" alt=\"\" \/><\/a><\/div><div class=\"post-content\" style=\"flex-grow: 1;\"><span class=\"post-date habertarih\" style=\"display: block; font-weight: bold; margin-bottom: 5px;\">14 Kas\u0131m 2025<\/span><a class=\"haberbaslik\" href=\"https:\/\/atauni.edu.tr\/muzik-egitimi-abd\/2025\/11\/14\/qr-kod-destekli-entegre-bilgi-sistemi-kullanima-acildi\/\">QR Kod Destekli Entegre Bilgi Sistemi Kullan\u0131ma A\u00e7\u0131ld\u0131<\/a><\/div><\/li><li style=\"display: flex; margin-bottom: 10px; align-items: center;\"><div class=\"post-thumbnail\" style=\"margin-right: 15px;\"><a href=\"https:\/\/atauni.edu.tr\/muzik-egitimi-abd\/2025\/06\/23\/mezuniyet-programi-ve-konseri\/\"><img loading=\"lazy\" decoding=\"async\" width=\"150\" height=\"150\" src=\"https:\/\/atauni.edu.tr\/muzik-egitimi-abd\/wp-content\/uploads\/sites\/344\/2025\/06\/WhatsApp-Gorsel-2025-06-23-saat-16.02.48_47ce6067-1-e1751120349474-150x150.jpg\" class=\"attachment-thumbnail size-thumbnail wp-post-image\" alt=\"\" \/><\/a><\/div><div class=\"post-content\" style=\"flex-grow: 1;\"><span class=\"post-date habertarih\" style=\"display: block; font-weight: bold; margin-bottom: 5px;\">23 Haziran 2025<\/span><a class=\"haberbaslik\" href=\"https:\/\/atauni.edu.tr\/muzik-egitimi-abd\/2025\/06\/23\/mezuniyet-programi-ve-konseri\/\">Mezuniyet Program\u0131 ve Konseri<\/a><\/div><\/li><li style=\"display: flex; margin-bottom: 10px; align-items: center;\"><div class=\"post-thumbnail\" style=\"margin-right: 15px;\"><a href=\"https:\/\/atauni.edu.tr\/muzik-egitimi-abd\/2025\/06\/13\/atauni-oda-orkestrasi-konseri\/\"><img loading=\"lazy\" decoding=\"async\" width=\"150\" height=\"150\" src=\"https:\/\/atauni.edu.tr\/muzik-egitimi-abd\/wp-content\/uploads\/sites\/344\/2025\/06\/WhatsApp-Gorsel-2025-06-17-saat-15.44.38_9abc1007-768x576-1-150x150.jpg\" class=\"attachment-thumbnail size-thumbnail wp-post-image\" alt=\"\" \/><\/a><\/div><div class=\"post-content\" style=\"flex-grow: 1;\"><span class=\"post-date habertarih\" style=\"display: block; font-weight: bold; margin-bottom: 5px;\">13 Haziran 2025<\/span><a class=\"haberbaslik\" href=\"https:\/\/atauni.edu.tr\/muzik-egitimi-abd\/2025\/06\/13\/atauni-oda-orkestrasi-konseri\/\">Atauni Oda Orkestras\u0131 Konseri<\/a><\/div><\/li><li style=\"display: flex; margin-bottom: 10px; align-items: center;\"><div class=\"post-thumbnail\" style=\"margin-right: 15px;\"><a href=\"https:\/\/atauni.edu.tr\/muzik-egitimi-abd\/2025\/05\/23\/ogrencilerimiz-ile-dekanlik-ziyaretimiz\/\"><img loading=\"lazy\" decoding=\"async\" width=\"150\" height=\"150\" src=\"https:\/\/atauni.edu.tr\/muzik-egitimi-abd\/wp-content\/uploads\/sites\/344\/2025\/05\/IMG_6760-150x150.jpg\" class=\"attachment-thumbnail size-thumbnail wp-post-image\" alt=\"\" \/><\/a><\/div><div class=\"post-content\" style=\"flex-grow: 1;\"><span class=\"post-date habertarih\" style=\"display: block; font-weight: bold; margin-bottom: 5px;\">23 May\u0131s 2025<\/span><a class=\"haberbaslik\" href=\"https:\/\/atauni.edu.tr\/muzik-egitimi-abd\/2025\/05\/23\/ogrencilerimiz-ile-dekanlik-ziyaretimiz\/\">\u00d6\u011frencilerimize Ba\u015far\u0131 Belgesi Takdimi<\/a><\/div><\/li><li style=\"display: flex; margin-bottom: 10px; align-items: center;\"><div class=\"post-thumbnail\" style=\"margin-right: 15px;\"><a href=\"https:\/\/atauni.edu.tr\/muzik-egitimi-abd\/2025\/05\/23\/muzik-egitimi-ana-bilim-dali-ogrencilerimizin-satranc-turnuvasi-basarisi\/\"><img loading=\"lazy\" decoding=\"async\" width=\"150\" height=\"150\" src=\"https:\/\/atauni.edu.tr\/muzik-egitimi-abd\/wp-content\/uploads\/sites\/344\/2025\/05\/IMG_6479-scaled-e1750340723743-150x150.jpg\" class=\"attachment-thumbnail size-thumbnail wp-post-image\" alt=\"\" \/><\/a><\/div><div class=\"post-content\" style=\"flex-grow: 1;\"><span class=\"post-date habertarih\" style=\"display: block; font-weight: bold; margin-bottom: 5px;\">23 May\u0131s 2025<\/span><a class=\"haberbaslik\" href=\"https:\/\/atauni.edu.tr\/muzik-egitimi-abd\/2025\/05\/23\/muzik-egitimi-ana-bilim-dali-ogrencilerimizin-satranc-turnuvasi-basarisi\/\">Satran\u00e7 Turnuvas\u0131 Ba\u015far\u0131s\u0131<\/a><\/div><\/li><\/ul>\n\n\n\n<p><\/p>\n","protected":false},"excerpt":{"rendered":"","protected":false},"author":1,"featured_media":0,"parent":0,"menu_order":0,"comment_status":"closed","ping_status":"closed","template":"","meta":{"footnotes":""},"class_list":["post-6472","page","type-page","status-publish","hentry"],"_links":{"self":[{"href":"https:\/\/atauni.edu.tr\/muzik-egitimi-abd\/wp-json\/wp\/v2\/pages\/6472","targetHints":{"allow":["GET"]}}],"collection":[{"href":"https:\/\/atauni.edu.tr\/muzik-egitimi-abd\/wp-json\/wp\/v2\/pages"}],"about":[{"href":"https:\/\/atauni.edu.tr\/muzik-egitimi-abd\/wp-json\/wp\/v2\/types\/page"}],"author":[{"embeddable":true,"href":"https:\/\/atauni.edu.tr\/muzik-egitimi-abd\/wp-json\/wp\/v2\/users\/1"}],"replies":[{"embeddable":true,"href":"https:\/\/atauni.edu.tr\/muzik-egitimi-abd\/wp-json\/wp\/v2\/comments?post=6472"}],"version-history":[{"count":1,"href":"https:\/\/atauni.edu.tr\/muzik-egitimi-abd\/wp-json\/wp\/v2\/pages\/6472\/revisions"}],"predecessor-version":[{"id":6477,"href":"https:\/\/atauni.edu.tr\/muzik-egitimi-abd\/wp-json\/wp\/v2\/pages\/6472\/revisions\/6477"}],"wp:attachment":[{"href":"https:\/\/atauni.edu.tr\/muzik-egitimi-abd\/wp-json\/wp\/v2\/media?parent=6472"}],"curies":[{"name":"wp","href":"https:\/\/api.w.org\/{rel}","templated":true}]}}