{"id":5638,"date":"2021-07-13T09:49:25","date_gmt":"2021-07-13T06:49:25","guid":{"rendered":"https:\/\/portaltest.atauni.edu.tr\/bilgisayar-muhendisligi\/?page_id=5638"},"modified":"2021-09-13T10:21:35","modified_gmt":"2021-09-13T07:21:35","slug":"tarihce","status":"publish","type":"page","link":"https:\/\/atauni.edu.tr\/muzikoloji-anasanat-dali\/tarihce\/","title":{"rendered":"Tarih\u00e7e"},"content":{"rendered":"\t\t<div data-elementor-type=\"wp-page\" data-elementor-id=\"5638\" class=\"elementor elementor-5638\" data-elementor-post-type=\"page\">\n\t\t\t\t\t\t<section class=\"elementor-section elementor-top-section elementor-element elementor-element-730d320 elementor-section-boxed elementor-section-height-default elementor-section-height-default\" data-id=\"730d320\" data-element_type=\"section\">\n\t\t\t\t\t\t<div class=\"elementor-container elementor-column-gap-default\">\n\t\t\t\t\t<div class=\"elementor-column elementor-col-100 elementor-top-column elementor-element elementor-element-753d0860\" data-id=\"753d0860\" data-element_type=\"column\">\n\t\t\t<div class=\"elementor-widget-wrap\">\n\t\t\t\t\t\t\t<\/div>\n\t\t<\/div>\n\t\t\t\t\t<\/div>\n\t\t<\/section>\n\t\t\t\t<section class=\"elementor-section elementor-top-section elementor-element elementor-element-9be811a elementor-section-boxed elementor-section-height-default elementor-section-height-default\" data-id=\"9be811a\" data-element_type=\"section\">\n\t\t\t\t\t\t<div class=\"elementor-container elementor-column-gap-default\">\n\t\t\t\t\t<div class=\"elementor-column elementor-col-100 elementor-top-column elementor-element elementor-element-1ed847b7\" data-id=\"1ed847b7\" data-element_type=\"column\">\n\t\t\t<div class=\"elementor-widget-wrap elementor-element-populated\">\n\t\t\t\t\t\t<div class=\"elementor-element elementor-element-4ce0d07f elementor-widget elementor-widget-heading\" data-id=\"4ce0d07f\" data-element_type=\"widget\" data-widget_type=\"heading.default\">\n\t\t\t\t<div class=\"elementor-widget-container\">\n\t\t\t\t\t<h2 class=\"elementor-heading-title elementor-size-default\">Tarih\u00e7e<\/h2>\t\t\t\t<\/div>\n\t\t\t\t<\/div>\n\t\t\t\t<div class=\"elementor-element elementor-element-63260862 elementor-widget-divider--view-line elementor-widget elementor-widget-divider\" data-id=\"63260862\" data-element_type=\"widget\" data-widget_type=\"divider.default\">\n\t\t\t\t<div class=\"elementor-widget-container\">\n\t\t\t\t\t\t\t<div class=\"elementor-divider\">\n\t\t\t<span class=\"elementor-divider-separator\">\n\t\t\t\t\t\t<\/span>\n\t\t<\/div>\n\t\t\t\t\t\t<\/div>\n\t\t\t\t<\/div>\n\t\t\t\t\t<\/div>\n\t\t<\/div>\n\t\t\t\t\t<\/div>\n\t\t<\/section>\n\t\t\t\t<section class=\"elementor-section elementor-top-section elementor-element elementor-element-681db8b elementor-section-boxed elementor-section-height-default elementor-section-height-default\" data-id=\"681db8b\" data-element_type=\"section\">\n\t\t\t\t\t\t<div class=\"elementor-container elementor-column-gap-default\">\n\t\t\t\t\t<div class=\"elementor-column elementor-col-100 elementor-top-column elementor-element elementor-element-ad4dac5\" data-id=\"ad4dac5\" data-element_type=\"column\">\n\t\t\t<div class=\"elementor-widget-wrap elementor-element-populated\">\n\t\t\t\t\t\t<div class=\"elementor-element elementor-element-2f96b3d elementor-widget elementor-widget-text-editor\" data-id=\"2f96b3d\" data-element_type=\"widget\" data-widget_type=\"text-editor.default\">\n\t\t\t\t<div class=\"elementor-widget-container\">\n\t\t\t\t\t\t\t\t\t<p>Atat\u00fcrk \u00dcniversitesi M\u00fczikoloji Anasanat Dal\u0131&#8217;n\u0131n tarih\u00e7esi, m\u00fczik e\u011fitimine verilen \u00f6nem ve bu alanda yap\u0131lan \u00e7al\u0131\u015fmalarla \u015fekillenmi\u015ftir. Bilimsel ve sanatsal faaliyetlerin bir arada y\u00fcr\u00fct\u00fcld\u00fc\u011f\u00fc bir ortamda, \u00f6\u011frencilere geni\u015f kapsaml\u0131 bir m\u00fczik e\u011fitimi verilmesi hedeflenmi\u015ftir.<\/p>\n<p>M\u00fczikoloji Anasanat Dal\u0131, m\u00fczik teorisi, m\u00fczik tarihi, etnom\u00fczikoloji gibi farkl\u0131 disiplinleri kapsayan bir yakla\u015f\u0131mla kurulmu\u015ftur. \u00d6\u011frencilerin m\u00fczikal yeteneklerini geli\u015ftirmelerine ve m\u00fczikle ilgili akademik bilgiyi derinle\u015ftirmelerine olanak tan\u0131yan bir program sunmaktad\u0131r.<\/p>\n<p>Dal\u0131n ama\u00e7lar\u0131 aras\u0131nda, \u00f6\u011frencilere m\u00fczik alan\u0131nda temel ve ileri d\u00fczeyde bilgi kazand\u0131rmak, onlar\u0131 m\u00fczikle ilgili mesleklerde ba\u015far\u0131l\u0131 olmaya haz\u0131rlamak ve m\u00fczik k\u00fclt\u00fcr\u00fcn\u00fcn zenginle\u015ftirilmesine katk\u0131da bulunmak yer almaktad\u0131r. Ayr\u0131ca, m\u00fczik e\u011fitimi veren di\u011fer kurumlarla i\u015fbirli\u011fi yaparak, m\u00fczik camias\u0131n\u0131n geli\u015fimine destek olmak da hedeflenmektedir.<\/p>\n<p>M\u00fczikoloji Anasanat Dal\u0131, akademik ve sanatsal \u00e7al\u0131\u015fmalar\u0131n\u0131 s\u00fcrd\u00fcr\u00fcrken, \u00f6\u011frencilerin kendi m\u00fczikal ilgi ve yeteneklerine uygun bir \u015fekilde yeti\u015fmelerini sa\u011flamak i\u00e7in \u00e7e\u015fitli olanaklar sunmaktad\u0131r. M\u00fczik performans\u0131, beste, m\u00fczikoloji ara\u015ft\u0131rmalar\u0131 gibi alanlarda deneyim kazanmalar\u0131 te\u015fvik edilmektedir.<\/p>\n<p>Dal\u0131n tarihi boyunca, bir\u00e7ok mezun musicoloji ve ilgili alanlarda ba\u015far\u0131l\u0131 bir \u015fekilde kariyerlerini s\u00fcrd\u00fcrm\u00fc\u015flerdir. Bu durum, Atat\u00fcrk \u00dcniversitesi M\u00fczikoloji Anasanat Dal\u0131&#8217;n\u0131n m\u00fczik e\u011fitiminde \u00f6nemli bir yere sahip oldu\u011funu g\u00f6stermektedir.<\/p>\t\t\t\t\t\t\t\t<\/div>\n\t\t\t\t<\/div>\n\t\t\t\t\t<\/div>\n\t\t<\/div>\n\t\t\t\t\t<\/div>\n\t\t<\/section>\n\t\t\t\t<\/div>\n\t\t","protected":false},"excerpt":{"rendered":"<p>Tarih\u00e7e Lorem Ipsum Nedir? Lorem Ipsum, dizgi ve bask\u0131 end\u00fcstrisinde kullan\u0131lan m\u0131g\u0131r metinlerdir. Lorem Ipsum, ad\u0131 bilinmeyen bir matbaac\u0131n\u0131n bir hurufat numune kitab\u0131 olu\u015fturmak \u00fczere bir yaz\u0131 galerisini alarak kar\u0131\u015ft\u0131rd\u0131\u011f\u0131 1500&#8217;lerden beri end\u00fcstri standard\u0131 sahte metinler olarak kullan\u0131lm\u0131\u015ft\u0131r. Be\u015fy\u00fcz y\u0131l boyunca varl\u0131\u011f\u0131n\u0131 s\u00fcrd\u00fcrmekle kalmam\u0131\u015f, ayn\u0131 zamanda pek de\u011fi\u015fmeden elektronik dizgiye de s\u0131\u00e7ram\u0131\u015ft\u0131r. 1960&#8217;larda Lorem Ipsum [&hellip;]<\/p>\n","protected":false},"author":1,"featured_media":0,"parent":0,"menu_order":0,"comment_status":"closed","ping_status":"closed","template":"","meta":{"footnotes":""},"class_list":["post-5638","page","type-page","status-publish","hentry"],"_links":{"self":[{"href":"https:\/\/atauni.edu.tr\/muzikoloji-anasanat-dali\/wp-json\/wp\/v2\/pages\/5638","targetHints":{"allow":["GET"]}}],"collection":[{"href":"https:\/\/atauni.edu.tr\/muzikoloji-anasanat-dali\/wp-json\/wp\/v2\/pages"}],"about":[{"href":"https:\/\/atauni.edu.tr\/muzikoloji-anasanat-dali\/wp-json\/wp\/v2\/types\/page"}],"author":[{"embeddable":true,"href":"https:\/\/atauni.edu.tr\/muzikoloji-anasanat-dali\/wp-json\/wp\/v2\/users\/1"}],"replies":[{"embeddable":true,"href":"https:\/\/atauni.edu.tr\/muzikoloji-anasanat-dali\/wp-json\/wp\/v2\/comments?post=5638"}],"version-history":[{"count":22,"href":"https:\/\/atauni.edu.tr\/muzikoloji-anasanat-dali\/wp-json\/wp\/v2\/pages\/5638\/revisions"}],"predecessor-version":[{"id":6117,"href":"https:\/\/atauni.edu.tr\/muzikoloji-anasanat-dali\/wp-json\/wp\/v2\/pages\/5638\/revisions\/6117"}],"wp:attachment":[{"href":"https:\/\/atauni.edu.tr\/muzikoloji-anasanat-dali\/wp-json\/wp\/v2\/media?parent=5638"}],"curies":[{"name":"wp","href":"https:\/\/api.w.org\/{rel}","templated":true}]}}