{"id":5765,"date":"2021-07-13T12:56:51","date_gmt":"2021-07-13T09:56:51","guid":{"rendered":"https:\/\/portaltest.atauni.edu.tr\/bilgisayar-muhendisligi\/?page_id=5765"},"modified":"2026-05-06T12:40:39","modified_gmt":"2026-05-06T09:40:39","slug":"anabilim-dallari","status":"publish","type":"page","link":"https:\/\/atauni.edu.tr\/muzikoloji\/anabilim-dallari\/","title":{"rendered":"Ana Sanat Dallar\u0131"},"content":{"rendered":"\t\t<div data-elementor-type=\"wp-page\" data-elementor-id=\"5765\" class=\"elementor elementor-5765\" data-elementor-post-type=\"page\">\n\t\t\t\t\t\t<section class=\"elementor-section elementor-top-section elementor-element elementor-element-730d320 elementor-section-boxed elementor-section-height-default elementor-section-height-default\" data-id=\"730d320\" data-element_type=\"section\">\n\t\t\t\t\t\t<div class=\"elementor-container elementor-column-gap-default\">\n\t\t\t\t\t<div class=\"elementor-column elementor-col-100 elementor-top-column elementor-element elementor-element-753d0860\" data-id=\"753d0860\" data-element_type=\"column\">\n\t\t\t<div class=\"elementor-widget-wrap\">\n\t\t\t\t\t\t\t<\/div>\n\t\t<\/div>\n\t\t\t\t\t<\/div>\n\t\t<\/section>\n\t\t\t\t<section class=\"elementor-section elementor-top-section elementor-element elementor-element-9be811a elementor-section-boxed elementor-section-height-default elementor-section-height-default\" data-id=\"9be811a\" data-element_type=\"section\">\n\t\t\t\t\t\t<div class=\"elementor-container elementor-column-gap-default\">\n\t\t\t\t\t<div class=\"elementor-column elementor-col-100 elementor-top-column elementor-element elementor-element-1ed847b7\" data-id=\"1ed847b7\" data-element_type=\"column\">\n\t\t\t<div class=\"elementor-widget-wrap elementor-element-populated\">\n\t\t\t\t\t\t<div class=\"elementor-element elementor-element-4ce0d07f elementor-widget elementor-widget-heading\" data-id=\"4ce0d07f\" data-element_type=\"widget\" data-widget_type=\"heading.default\">\n\t\t\t\t<div class=\"elementor-widget-container\">\n\t\t\t\t\t<h2 class=\"elementor-heading-title elementor-size-default\">Ana Sanat Dallar\u0131<\/h2>\t\t\t\t<\/div>\n\t\t\t\t<\/div>\n\t\t\t\t<div class=\"elementor-element elementor-element-63260862 elementor-widget-divider--view-line elementor-widget elementor-widget-divider\" data-id=\"63260862\" data-element_type=\"widget\" data-widget_type=\"divider.default\">\n\t\t\t\t<div class=\"elementor-widget-container\">\n\t\t\t\t\t\t\t<div class=\"elementor-divider\">\n\t\t\t<span class=\"elementor-divider-separator\">\n\t\t\t\t\t\t<\/span>\n\t\t<\/div>\n\t\t\t\t\t\t<\/div>\n\t\t\t\t<\/div>\n\t\t\t\t\t<\/div>\n\t\t<\/div>\n\t\t\t\t\t<\/div>\n\t\t<\/section>\n\t\t\t\t<section class=\"elementor-section elementor-top-section elementor-element elementor-element-681db8b elementor-section-boxed elementor-section-height-default elementor-section-height-default\" data-id=\"681db8b\" data-element_type=\"section\">\n\t\t\t\t\t\t<div class=\"elementor-container elementor-column-gap-default\">\n\t\t\t\t\t<div class=\"elementor-column elementor-col-100 elementor-top-column elementor-element elementor-element-ad4dac5\" data-id=\"ad4dac5\" data-element_type=\"column\">\n\t\t\t<div class=\"elementor-widget-wrap elementor-element-populated\">\n\t\t\t\t\t\t<div class=\"elementor-element elementor-element-2f96b3d elementor-widget elementor-widget-text-editor\" data-id=\"2f96b3d\" data-element_type=\"widget\" data-widget_type=\"text-editor.default\">\n\t\t\t\t<div class=\"elementor-widget-container\">\n\t\t\t\t\t\t\t\t\t<h4>M\u00fczikoloji B\u00f6l\u00fcm\u00fc&#8217;nde a\u015fa\u011f\u0131daki ana sanat dallar\u0131 mevcut olup, yaln\u0131zca M\u00fczikoloji Ana Sanat Dal\u0131&#8217;na \u00f6\u011frenci kabul edilmektedir.\u00a0<\/h4><ul><li><em>Kompozisyon Ana Sanat Dal\u0131 &#8211; Do\u00e7. Dr. Yavuz \u015eEN (ASD Ba\u015fkan\u0131)<\/em><\/li><li><em><a href=\"https:\/\/birimler.atauni.edu.tr\/muzik-bilimleri-bolumu\/tarihce\/\">M\u00fczikoloji Ana Sanat Dal\u0131<\/a> &#8211; Prof. Dr. \u00d6zg\u00fcr Sad\u0131k KARATA\u015e (ASD Ba\u015fkan\u0131)<\/em><\/li><li><em>Piyano ve Arp Ana Sanat Dal\u0131 &#8211; Do\u00e7. Dr. Vefa TERZ\u0130O\u011eLU (ASD Ba\u015fkan\u0131)\u00a0<\/em><\/li><li><em>Solo \u015eark\u0131 \u015ean Ana Sanat Dal\u0131 &#8211; Prof.Dr. Hasan TAHS\u0130N S\u00dcMB\u00dcLL\u00dc (ASD Ba\u015fkan\u0131)<\/em><\/li><li><em>\u00dcflemeli ve Vurmal\u0131 \u00c7alg\u0131lar Ana Sanat Dal\u0131 &#8211; Do\u00e7. Dr. Ferhat \u00c7EL\u0130KO\u011eLU (ASD Ba\u015fkan\u0131)<\/em><\/li><li><em>Yayl\u0131 Sazlar Ana Sanat Dal\u0131 &#8211; Do\u00e7. Dr. Koray \u00c7ELENK (ASD Ba\u015fkan\u0131)<\/em><\/li><\/ul>\t\t\t\t\t\t\t\t<\/div>\n\t\t\t\t<\/div>\n\t\t\t\t\t<\/div>\n\t\t<\/div>\n\t\t\t\t\t<\/div>\n\t\t<\/section>\n\t\t\t\t<\/div>\n\t\t","protected":false},"excerpt":{"rendered":"<p>Ana Sanat Dallar\u0131 M\u00fczikoloji B\u00f6l\u00fcm\u00fc&#8217;nde a\u015fa\u011f\u0131daki ana sanat dallar\u0131 mevcut olup, yaln\u0131zca M\u00fczikoloji Ana Sanat Dal\u0131&#8217;na \u00f6\u011frenci kabul edilmektedir.\u00a0 Kompozisyon Ana Sanat Dal\u0131 &#8211; Do\u00e7. Dr. Yavuz \u015eEN (ASD Ba\u015fkan\u0131) M\u00fczikoloji Ana Sanat Dal\u0131 &#8211; Prof. Dr. \u00d6zg\u00fcr Sad\u0131k KARATA\u015e (ASD Ba\u015fkan\u0131) Piyano ve Arp Ana Sanat Dal\u0131 &#8211; Do\u00e7. Dr. Vefa TERZ\u0130O\u011eLU (ASD Ba\u015fkan\u0131)\u00a0 [&hellip;]<\/p>\n","protected":false},"author":1,"featured_media":0,"parent":0,"menu_order":0,"comment_status":"closed","ping_status":"closed","template":"elementor_header_footer","meta":{"footnotes":""},"class_list":["post-5765","page","type-page","status-publish","hentry"],"_links":{"self":[{"href":"https:\/\/atauni.edu.tr\/muzikoloji\/wp-json\/wp\/v2\/pages\/5765","targetHints":{"allow":["GET"]}}],"collection":[{"href":"https:\/\/atauni.edu.tr\/muzikoloji\/wp-json\/wp\/v2\/pages"}],"about":[{"href":"https:\/\/atauni.edu.tr\/muzikoloji\/wp-json\/wp\/v2\/types\/page"}],"author":[{"embeddable":true,"href":"https:\/\/atauni.edu.tr\/muzikoloji\/wp-json\/wp\/v2\/users\/1"}],"replies":[{"embeddable":true,"href":"https:\/\/atauni.edu.tr\/muzikoloji\/wp-json\/wp\/v2\/comments?post=5765"}],"version-history":[{"count":24,"href":"https:\/\/atauni.edu.tr\/muzikoloji\/wp-json\/wp\/v2\/pages\/5765\/revisions"}],"predecessor-version":[{"id":8131,"href":"https:\/\/atauni.edu.tr\/muzikoloji\/wp-json\/wp\/v2\/pages\/5765\/revisions\/8131"}],"wp:attachment":[{"href":"https:\/\/atauni.edu.tr\/muzikoloji\/wp-json\/wp\/v2\/media?parent=5765"}],"curies":[{"name":"wp","href":"https:\/\/api.w.org\/{rel}","templated":true}]}}