{"id":5638,"date":"2021-07-13T09:49:25","date_gmt":"2021-07-13T06:49:25","guid":{"rendered":"https:\/\/portaltest.atauni.edu.tr\/bilgisayar-muhendisligi\/?page_id=5638"},"modified":"2022-02-01T20:21:01","modified_gmt":"2022-02-01T17:21:01","slug":"tarihce","status":"publish","type":"page","link":"https:\/\/atauni.edu.tr\/narman-meslek-yuksekokulu\/tarihce\/","title":{"rendered":"Tarih\u00e7e"},"content":{"rendered":"\t\t<div data-elementor-type=\"wp-page\" data-elementor-id=\"5638\" class=\"elementor elementor-5638\" data-elementor-post-type=\"page\">\n\t\t\t\t\t\t<section class=\"elementor-section elementor-top-section elementor-element elementor-element-730d320 elementor-section-boxed elementor-section-height-default elementor-section-height-default\" data-id=\"730d320\" data-element_type=\"section\">\n\t\t\t\t\t\t<div class=\"elementor-container elementor-column-gap-default\">\n\t\t\t\t\t<div class=\"elementor-column elementor-col-100 elementor-top-column elementor-element elementor-element-753d0860\" data-id=\"753d0860\" data-element_type=\"column\">\n\t\t\t<div class=\"elementor-widget-wrap\">\n\t\t\t\t\t\t\t<\/div>\n\t\t<\/div>\n\t\t\t\t\t<\/div>\n\t\t<\/section>\n\t\t\t\t<section class=\"elementor-section elementor-top-section elementor-element elementor-element-9be811a elementor-section-boxed elementor-section-height-default elementor-section-height-default\" data-id=\"9be811a\" data-element_type=\"section\">\n\t\t\t\t\t\t<div class=\"elementor-container elementor-column-gap-default\">\n\t\t\t\t\t<div class=\"elementor-column elementor-col-100 elementor-top-column elementor-element elementor-element-1ed847b7\" data-id=\"1ed847b7\" data-element_type=\"column\">\n\t\t\t<div class=\"elementor-widget-wrap elementor-element-populated\">\n\t\t\t\t\t\t<div class=\"elementor-element elementor-element-4ce0d07f elementor-widget elementor-widget-heading\" data-id=\"4ce0d07f\" data-element_type=\"widget\" data-widget_type=\"heading.default\">\n\t\t\t\t<div class=\"elementor-widget-container\">\n\t\t\t\t\t<h2 class=\"elementor-heading-title elementor-size-default\">Genel Bilgi<\/h2>\t\t\t\t<\/div>\n\t\t\t\t<\/div>\n\t\t\t\t<div class=\"elementor-element elementor-element-63260862 elementor-widget-divider--view-line elementor-widget elementor-widget-divider\" data-id=\"63260862\" data-element_type=\"widget\" data-widget_type=\"divider.default\">\n\t\t\t\t<div class=\"elementor-widget-container\">\n\t\t\t\t\t\t\t<div class=\"elementor-divider\">\n\t\t\t<span class=\"elementor-divider-separator\">\n\t\t\t\t\t\t<\/span>\n\t\t<\/div>\n\t\t\t\t\t\t<\/div>\n\t\t\t\t<\/div>\n\t\t\t\t\t<\/div>\n\t\t<\/div>\n\t\t\t\t\t<\/div>\n\t\t<\/section>\n\t\t\t\t<section class=\"elementor-section elementor-top-section elementor-element elementor-element-681db8b elementor-section-boxed elementor-section-height-default elementor-section-height-default\" data-id=\"681db8b\" data-element_type=\"section\">\n\t\t\t\t\t\t<div class=\"elementor-container elementor-column-gap-default\">\n\t\t\t\t\t<div class=\"elementor-column elementor-col-100 elementor-top-column elementor-element elementor-element-ad4dac5\" data-id=\"ad4dac5\" data-element_type=\"column\">\n\t\t\t<div class=\"elementor-widget-wrap elementor-element-populated\">\n\t\t\t\t\t\t<div class=\"elementor-element elementor-element-2f96b3d elementor-widget elementor-widget-text-editor\" data-id=\"2f96b3d\" data-element_type=\"widget\" data-widget_type=\"text-editor.default\">\n\t\t\t\t<div class=\"elementor-widget-container\">\n\t\t\t\t\t\t\t\t\t<p><span style=\"color: #868681;font-family: Ubuntu;font-size: 13px;text-align: left;background-color: #fafafa\">Y\u00fcksekokul`umuz Rekt\u00f6rl\u00fck Makam\u0131n\u0131n, 2547 say\u0131l\u0131 kanunun 2880 say\u0131l\u0131 kanunla de\u011fi\u015fik 7\/4-2 maddesi uyar\u0131nca yapt\u0131\u011f\u0131 teklif ve Y\u00fcksek\u00f6\u011fretim Kurulu Ba\u015fkanl\u0131\u011f\u0131`n\u0131n 16\/06\/1995 tarihli oluru ile a\u00e7\u0131lm\u0131\u015f olup, 1997-1998 y\u0131l\u0131nda, 6 \u00d6\u011fretim Eleman\u0131 ve 2 Programla e\u011fitim-\u00f6\u011fretime ba\u015flam\u0131\u015ft\u0131r. Bug\u00fcn itibariyle Bankac\u0131l\u0131k ve Sigortac\u0131l\u0131k, T\u0131bbi Dok\u00fcmantasyon ve Sekreterlik, Laborant ve Veteriner Sa\u011fl\u0131k, \u0130n\u015faat Teknolojisi, \u0130\u015f Sa\u011fl\u0131\u011f\u0131 ve G\u00fcvenli\u011fi program\u0131 olmak \u00fczere toplam 5 programda, 670 \u00f6\u011frenci ve 12 \u00f6\u011fretim eleman\u0131 ile e\u011fitim-\u00f6\u011fretime devam etmektedir.<\/span><\/p>\t\t\t\t\t\t\t\t<\/div>\n\t\t\t\t<\/div>\n\t\t\t\t\t<\/div>\n\t\t<\/div>\n\t\t\t\t\t<\/div>\n\t\t<\/section>\n\t\t\t\t<\/div>\n\t\t","protected":false},"excerpt":{"rendered":"<p>Genel Bilgi Y\u00fcksekokul`umuz Rekt\u00f6rl\u00fck Makam\u0131n\u0131n, 2547 say\u0131l\u0131 kanunun 2880 say\u0131l\u0131 kanunla de\u011fi\u015fik 7\/4-2 maddesi uyar\u0131nca yapt\u0131\u011f\u0131 teklif ve Y\u00fcksek\u00f6\u011fretim Kurulu Ba\u015fkanl\u0131\u011f\u0131`n\u0131n 16\/06\/1995 tarihli oluru ile a\u00e7\u0131lm\u0131\u015f olup, 1997-1998 y\u0131l\u0131nda, 6 \u00d6\u011fretim Eleman\u0131 ve 2 Programla e\u011fitim-\u00f6\u011fretime ba\u015flam\u0131\u015ft\u0131r. Bug\u00fcn itibariyle Bankac\u0131l\u0131k ve Sigortac\u0131l\u0131k, T\u0131bbi Dok\u00fcmantasyon ve Sekreterlik, Laborant ve Veteriner Sa\u011fl\u0131k, \u0130n\u015faat Teknolojisi, \u0130\u015f Sa\u011fl\u0131\u011f\u0131 ve [&hellip;]<\/p>\n","protected":false},"author":1,"featured_media":0,"parent":0,"menu_order":0,"comment_status":"closed","ping_status":"closed","template":"","meta":{"footnotes":""},"class_list":["post-5638","page","type-page","status-publish","hentry"],"_links":{"self":[{"href":"https:\/\/atauni.edu.tr\/narman-meslek-yuksekokulu\/wp-json\/wp\/v2\/pages\/5638","targetHints":{"allow":["GET"]}}],"collection":[{"href":"https:\/\/atauni.edu.tr\/narman-meslek-yuksekokulu\/wp-json\/wp\/v2\/pages"}],"about":[{"href":"https:\/\/atauni.edu.tr\/narman-meslek-yuksekokulu\/wp-json\/wp\/v2\/types\/page"}],"author":[{"embeddable":true,"href":"https:\/\/atauni.edu.tr\/narman-meslek-yuksekokulu\/wp-json\/wp\/v2\/users\/1"}],"replies":[{"embeddable":true,"href":"https:\/\/atauni.edu.tr\/narman-meslek-yuksekokulu\/wp-json\/wp\/v2\/comments?post=5638"}],"version-history":[{"count":25,"href":"https:\/\/atauni.edu.tr\/narman-meslek-yuksekokulu\/wp-json\/wp\/v2\/pages\/5638\/revisions"}],"predecessor-version":[{"id":6250,"href":"https:\/\/atauni.edu.tr\/narman-meslek-yuksekokulu\/wp-json\/wp\/v2\/pages\/5638\/revisions\/6250"}],"wp:attachment":[{"href":"https:\/\/atauni.edu.tr\/narman-meslek-yuksekokulu\/wp-json\/wp\/v2\/media?parent=5638"}],"curies":[{"name":"wp","href":"https:\/\/api.w.org\/{rel}","templated":true}]}}