{"id":5728,"date":"2021-07-13T11:33:38","date_gmt":"2021-07-13T08:33:38","guid":{"rendered":"https:\/\/portaltest.atauni.edu.tr\/bilgisayar-muhendisligi\/?page_id=5728"},"modified":"2021-08-27T15:49:46","modified_gmt":"2021-08-27T12:49:46","slug":"bolum-tanitimi","status":"publish","type":"page","link":"https:\/\/atauni.edu.tr\/narman-meslek-yuksekokulu\/bolum-tanitimi\/","title":{"rendered":"B\u00f6l\u00fcm Tan\u0131t\u0131m\u0131"},"content":{"rendered":"\t\t<div data-elementor-type=\"wp-page\" data-elementor-id=\"5728\" class=\"elementor elementor-5728\" data-elementor-post-type=\"page\">\n\t\t\t\t\t\t<section class=\"elementor-section elementor-top-section elementor-element elementor-element-730d320 elementor-section-boxed elementor-section-height-default elementor-section-height-default\" data-id=\"730d320\" data-element_type=\"section\">\n\t\t\t\t\t\t<div class=\"elementor-container elementor-column-gap-default\">\n\t\t\t\t\t<div class=\"elementor-column elementor-col-100 elementor-top-column elementor-element elementor-element-753d0860\" data-id=\"753d0860\" data-element_type=\"column\">\n\t\t\t<div class=\"elementor-widget-wrap\">\n\t\t\t\t\t\t\t<\/div>\n\t\t<\/div>\n\t\t\t\t\t<\/div>\n\t\t<\/section>\n\t\t\t\t<section class=\"elementor-section elementor-top-section elementor-element elementor-element-9be811a elementor-section-boxed elementor-section-height-default elementor-section-height-default\" data-id=\"9be811a\" data-element_type=\"section\">\n\t\t\t\t\t\t<div class=\"elementor-container elementor-column-gap-default\">\n\t\t\t\t\t<div class=\"elementor-column elementor-col-100 elementor-top-column elementor-element elementor-element-1ed847b7\" data-id=\"1ed847b7\" data-element_type=\"column\">\n\t\t\t<div class=\"elementor-widget-wrap elementor-element-populated\">\n\t\t\t\t\t\t<div class=\"elementor-element elementor-element-4ce0d07f elementor-widget elementor-widget-heading\" data-id=\"4ce0d07f\" data-element_type=\"widget\" data-widget_type=\"heading.default\">\n\t\t\t\t<div class=\"elementor-widget-container\">\n\t\t\t\t\t<h2 class=\"elementor-heading-title elementor-size-default\">B\u00f6l\u00fcm Tan\u0131t\u0131m\u0131<\/h2>\t\t\t\t<\/div>\n\t\t\t\t<\/div>\n\t\t\t\t<div class=\"elementor-element elementor-element-63260862 elementor-widget-divider--view-line elementor-widget elementor-widget-divider\" data-id=\"63260862\" data-element_type=\"widget\" data-widget_type=\"divider.default\">\n\t\t\t\t<div class=\"elementor-widget-container\">\n\t\t\t\t\t\t\t<div class=\"elementor-divider\">\n\t\t\t<span class=\"elementor-divider-separator\">\n\t\t\t\t\t\t<\/span>\n\t\t<\/div>\n\t\t\t\t\t\t<\/div>\n\t\t\t\t<\/div>\n\t\t\t\t\t<\/div>\n\t\t<\/div>\n\t\t\t\t\t<\/div>\n\t\t<\/section>\n\t\t\t\t<section class=\"elementor-section elementor-top-section elementor-element elementor-element-681db8b elementor-section-boxed elementor-section-height-default elementor-section-height-default\" data-id=\"681db8b\" data-element_type=\"section\">\n\t\t\t\t\t\t<div class=\"elementor-container elementor-column-gap-default\">\n\t\t\t\t\t<div class=\"elementor-column elementor-col-100 elementor-top-column elementor-element elementor-element-ad4dac5\" data-id=\"ad4dac5\" data-element_type=\"column\">\n\t\t\t<div class=\"elementor-widget-wrap elementor-element-populated\">\n\t\t\t\t\t\t<div class=\"elementor-element elementor-element-2f96b3d elementor-widget elementor-widget-text-editor\" data-id=\"2f96b3d\" data-element_type=\"widget\" data-widget_type=\"text-editor.default\">\n\t\t\t\t<div class=\"elementor-widget-container\">\n\t\t\t\t\t\t\t\t\t<p>Atat\u00fcrk \u00dcniversitesi Narman Meslek Y\u00fcksekokulu, \u00f6\u011frencilere \u00e7e\u015fitli alanlarda e\u011fitim ve \u00f6\u011fretim imk\u00e2nlar\u0131 sunan bir y\u00fcksek\u00f6\u011fretim kurumudur. Bu y\u00fcksekokulun amac\u0131, \u00f6\u011frencilerin se\u00e7tikleri b\u00f6l\u00fcmlerde uzmanla\u015fmalar\u0131n\u0131 sa\u011flamak ve onlar\u0131 i\u015f hayat\u0131na haz\u0131rlamakt\u0131r.<\/p>\n<p>B\u00f6l\u00fcm tan\u0131t\u0131m\u0131 kapsam\u0131nda, Narman Meslek Y\u00fcksekokulu&#8217;nun sundu\u011fu programlar aras\u0131nda; sa\u011fl\u0131k hizmetleri, teknoloji ve m\u00fchendislik alanlar\u0131 gibi \u00e7e\u015fitli dallar bulunmaktad\u0131r. \u00d6\u011frenciler bu b\u00f6l\u00fcmlerde teorik ve pratik e\u011fitim alarak, kendi ilgi ve yeteneklerine g\u00f6re kariyerlerini \u015fekillendirebilmektedirler.<\/p>\n<p>Y\u00fcksekokulun e\u011fitim kadrosu, deneyimli ve uzman \u00f6\u011fretim \u00fcyelerinden olu\u015fmaktad\u0131r. \u00d6\u011fretim \u00fcyeleri, \u00f6\u011frencilere gerekli bilgi ve becerileri kazand\u0131rarak onlar\u0131 gelecekte ba\u015far\u0131l\u0131\u804c\u4e1alara haz\u0131rlamaktad\u0131r.<\/p>\n<p>Narman Meslek Y\u00fcksekokulu&#8217;nun amac\u0131, sadece \u00f6\u011frencilerin e\u011fitimlerini tamamlamalar\u0131n\u0131 sa\u011flamak de\u011fil, ayn\u0131 zamanda onlara sosyal ve k\u00fclt\u00fcrel a\u00e7\u0131dan da zengin bir experiencia sunmakt\u0131r. \u00d6\u011frenciler, y\u00fcksekokulun organizasyonlar\u0131nda aktif olarak yer alabilir ve farkl\u0131 alanlarda geli\u015fme f\u0131rsatlar\u0131 bulabilirler.<\/p>\n<p>\u00d6\u011frencilere verilen e\u011fitim ve \u00f6\u011fretimin yan\u0131 s\u0131ra, Narman Meslek Y\u00fcksekokulu&#8217;nun kamp\u00fcs\u00fcnde \u00e7e\u015fitli sosyal tesisler ve imkanlar da bulunmaktad\u0131r. Bunlar aras\u0131nda k\u00fct\u00fcphane, spor salonu, yemekhane gibi tesisler yer almaktad\u0131r.<\/p>\n<p>Narman Meslek Y\u00fcksekokulu, \u00f6\u011frencilerin kendilerini geli\u015ftirmeleri ve ba\u015far\u0131l\u0131 bir gelecek i\u00e7in gerekli donan\u0131m\u0131 kazanmalar\u0131 amac\u0131yla \u00e7al\u0131\u015fmaktad\u0131r. \u00d6\u011frencilere sunulan imkanlar ve e\u011fitim kalitesi, y\u00fcksekokulun misyonunu yerine getirdi\u011fini g\u00f6stermektedir.<\/p>\t\t\t\t\t\t\t\t<\/div>\n\t\t\t\t<\/div>\n\t\t\t\t\t<\/div>\n\t\t<\/div>\n\t\t\t\t\t<\/div>\n\t\t<\/section>\n\t\t\t\t<\/div>\n\t\t","protected":false},"excerpt":{"rendered":"<p>B\u00f6l\u00fcm Tan\u0131t\u0131m\u0131 Lorem Ipsum Nedir? Lorem Ipsum, dizgi ve bask\u0131 end\u00fcstrisinde kullan\u0131lan m\u0131g\u0131r metinlerdir. Lorem Ipsum, ad\u0131 bilinmeyen bir matbaac\u0131n\u0131n bir hurufat numune kitab\u0131 olu\u015fturmak \u00fczere bir yaz\u0131 galerisini alarak kar\u0131\u015ft\u0131rd\u0131\u011f\u0131 1500&#8217;lerden beri end\u00fcstri standard\u0131 sahte metinler olarak kullan\u0131lm\u0131\u015ft\u0131r. Be\u015fy\u00fcz y\u0131l boyunca varl\u0131\u011f\u0131n\u0131 s\u00fcrd\u00fcrmekle kalmam\u0131\u015f, ayn\u0131 zamanda pek de\u011fi\u015fmeden elektronik dizgiye de s\u0131\u00e7ram\u0131\u015ft\u0131r. 1960&#8217;larda Lorem [&hellip;]<\/p>\n","protected":false},"author":1,"featured_media":0,"parent":0,"menu_order":0,"comment_status":"closed","ping_status":"closed","template":"elementor_header_footer","meta":{"footnotes":""},"class_list":["post-5728","page","type-page","status-publish","hentry"],"_links":{"self":[{"href":"https:\/\/atauni.edu.tr\/narman-meslek-yuksekokulu\/wp-json\/wp\/v2\/pages\/5728","targetHints":{"allow":["GET"]}}],"collection":[{"href":"https:\/\/atauni.edu.tr\/narman-meslek-yuksekokulu\/wp-json\/wp\/v2\/pages"}],"about":[{"href":"https:\/\/atauni.edu.tr\/narman-meslek-yuksekokulu\/wp-json\/wp\/v2\/types\/page"}],"author":[{"embeddable":true,"href":"https:\/\/atauni.edu.tr\/narman-meslek-yuksekokulu\/wp-json\/wp\/v2\/users\/1"}],"replies":[{"embeddable":true,"href":"https:\/\/atauni.edu.tr\/narman-meslek-yuksekokulu\/wp-json\/wp\/v2\/comments?post=5728"}],"version-history":[{"count":8,"href":"https:\/\/atauni.edu.tr\/narman-meslek-yuksekokulu\/wp-json\/wp\/v2\/pages\/5728\/revisions"}],"predecessor-version":[{"id":6100,"href":"https:\/\/atauni.edu.tr\/narman-meslek-yuksekokulu\/wp-json\/wp\/v2\/pages\/5728\/revisions\/6100"}],"wp:attachment":[{"href":"https:\/\/atauni.edu.tr\/narman-meslek-yuksekokulu\/wp-json\/wp\/v2\/media?parent=5728"}],"curies":[{"name":"wp","href":"https:\/\/api.w.org\/{rel}","templated":true}]}}