{"id":6226,"date":"2022-02-01T14:29:43","date_gmt":"2022-02-01T11:29:43","guid":{"rendered":"http:\/\/birimler.atauni.edu.tr\/narman-meslek-yuksekokulu\/?page_id=6226"},"modified":"2022-02-01T20:13:20","modified_gmt":"2022-02-01T17:13:20","slug":"toplumsal-duyarlilik-projeleri-ve-etkinliklerimiz","status":"publish","type":"page","link":"https:\/\/atauni.edu.tr\/narman-meslek-yuksekokulu\/toplumsal-duyarlilik-projeleri-ve-etkinliklerimiz\/","title":{"rendered":"Toplumsal Duyarl\u0131l\u0131k Projeleri ve Etkinliklerimiz"},"content":{"rendered":"\t\t<div data-elementor-type=\"wp-page\" data-elementor-id=\"6226\" class=\"elementor elementor-6226\" data-elementor-post-type=\"page\">\n\t\t\t\t\t\t<section class=\"elementor-section elementor-top-section elementor-element elementor-element-1d72e582 elementor-section-boxed elementor-section-height-default elementor-section-height-default\" data-id=\"1d72e582\" data-element_type=\"section\">\n\t\t\t\t\t\t<div class=\"elementor-container elementor-column-gap-default\">\n\t\t\t\t\t<div class=\"elementor-column elementor-col-100 elementor-top-column elementor-element elementor-element-762464d3\" data-id=\"762464d3\" data-element_type=\"column\">\n\t\t\t<div class=\"elementor-widget-wrap elementor-element-populated\">\n\t\t\t\t\t\t<div class=\"elementor-element elementor-element-745819b3 elementor-widget elementor-widget-text-editor\" data-id=\"745819b3\" data-element_type=\"widget\" data-widget_type=\"text-editor.default\">\n\t\t\t\t<div class=\"elementor-widget-container\">\n\t\t\t\t\t\t\t\t\t<p><\/p>\n<p>Toplumsal Duyarl\u0131l\u0131k Projelerimiz:<\/p>\n<p><\/p>\n<p><\/p>\n<ol class=\"wp-block-list\">\n<li>Bilim I\u015f\u0131\u011f\u0131nda Sa\u011fl\u0131kl\u0131 G\u00fcl\u00fc\u015fler&nbsp;<\/li>\n<li>Bir Kap Sevgi&nbsp;<\/li>\n<li>\u00c7ocuklarda Tasarruf Bilincinin Artt\u0131r\u0131lmas\u0131&nbsp;<\/li>\n<li>Dedemin Oyunu Bocce Oynuyorum&nbsp;<\/li>\n<li>En G\u00fczel Sokaka Hayvan\u0131 Foto\u011fraf Yar\u0131\u015fmas\u0131&nbsp;<\/li>\n<li>Giri\u015fimcilik-Finans-Bankac\u0131l\u0131k-Kariyer Semineri<\/li>\n<li>K\u00f6y Okullar\u0131nda E\u011fitim Seferberli\u011fi&nbsp;<\/li>\n<li>Masal D\u00fcnyas\u0131nda Ya\u015famak<\/li>\n<li>Meme Kanseri-Ge\u00e7 Olmadan<\/li>\n<li>Minikler \u00dc\u015f\u00fcmesin&nbsp;<\/li>\n<li>Okullar\u0131m\u0131z Renksiz Kalmas\u0131n&nbsp;<\/li>\n<li>Okumu Atar\u0131m Gazozumu Kapar\u0131m&nbsp;<\/li>\n<li>\u00d6zel S\u0131n\u0131fa \u00d6zel Materyal<\/li>\n<li>Sa\u011fl\u0131k Okuryazarl\u0131k Bilgi D\u00fczeyleri ve Etkileyen Fakt\u00f6rler<\/li>\n<li>Ya\u015f Alsan da Ya\u015flanma&nbsp;<\/li>\n<li>\u0130\u015faretlerle Sa\u011fl\u0131k ve G\u00fcvenlik&nbsp;<\/li>\n<li>Renklerin Sudaki Ahengi&nbsp;<\/li>\n<li>Matematik Evimizde&nbsp;<\/li>\n<\/ol>\n<p><\/p>\n<p><\/p>\n<p><\/p>\t\t\t\t\t\t\t\t<\/div>\n\t\t\t\t<\/div>\n\t\t\t\t\t<\/div>\n\t\t<\/div>\n\t\t\t\t\t<\/div>\n\t\t<\/section>\n\t\t\t\t<\/div>\n\t\t","protected":false},"excerpt":{"rendered":"<p>Toplumsal Duyarl\u0131l\u0131k Projelerimiz: Bilim I\u015f\u0131\u011f\u0131nda Sa\u011fl\u0131kl\u0131 G\u00fcl\u00fc\u015fler&nbsp; Bir Kap Sevgi&nbsp; \u00c7ocuklarda Tasarruf Bilincinin Artt\u0131r\u0131lmas\u0131&nbsp; Dedemin Oyunu Bocce Oynuyorum&nbsp; En G\u00fczel Sokaka Hayvan\u0131 Foto\u011fraf Yar\u0131\u015fmas\u0131&nbsp; Giri\u015fimcilik-Finans-Bankac\u0131l\u0131k-Kariyer Semineri K\u00f6y Okullar\u0131nda E\u011fitim Seferberli\u011fi&nbsp; Masal D\u00fcnyas\u0131nda Ya\u015famak Meme Kanseri-Ge\u00e7 Olmadan Minikler \u00dc\u015f\u00fcmesin&nbsp; Okullar\u0131m\u0131z Renksiz Kalmas\u0131n&nbsp; Okumu Atar\u0131m Gazozumu Kapar\u0131m&nbsp; \u00d6zel S\u0131n\u0131fa \u00d6zel Materyal Sa\u011fl\u0131k Okuryazarl\u0131k Bilgi D\u00fczeyleri ve Etkileyen [&hellip;]<\/p>\n","protected":false},"author":254,"featured_media":0,"parent":0,"menu_order":0,"comment_status":"closed","ping_status":"closed","template":"","meta":{"footnotes":""},"class_list":["post-6226","page","type-page","status-publish","hentry"],"_links":{"self":[{"href":"https:\/\/atauni.edu.tr\/narman-meslek-yuksekokulu\/wp-json\/wp\/v2\/pages\/6226","targetHints":{"allow":["GET"]}}],"collection":[{"href":"https:\/\/atauni.edu.tr\/narman-meslek-yuksekokulu\/wp-json\/wp\/v2\/pages"}],"about":[{"href":"https:\/\/atauni.edu.tr\/narman-meslek-yuksekokulu\/wp-json\/wp\/v2\/types\/page"}],"author":[{"embeddable":true,"href":"https:\/\/atauni.edu.tr\/narman-meslek-yuksekokulu\/wp-json\/wp\/v2\/users\/254"}],"replies":[{"embeddable":true,"href":"https:\/\/atauni.edu.tr\/narman-meslek-yuksekokulu\/wp-json\/wp\/v2\/comments?post=6226"}],"version-history":[{"count":6,"href":"https:\/\/atauni.edu.tr\/narman-meslek-yuksekokulu\/wp-json\/wp\/v2\/pages\/6226\/revisions"}],"predecessor-version":[{"id":6246,"href":"https:\/\/atauni.edu.tr\/narman-meslek-yuksekokulu\/wp-json\/wp\/v2\/pages\/6226\/revisions\/6246"}],"wp:attachment":[{"href":"https:\/\/atauni.edu.tr\/narman-meslek-yuksekokulu\/wp-json\/wp\/v2\/media?parent=6226"}],"curies":[{"name":"wp","href":"https:\/\/api.w.org\/{rel}","templated":true}]}}