{"id":5638,"date":"2021-07-13T09:49:25","date_gmt":"2021-07-13T06:49:25","guid":{"rendered":"https:\/\/portaltest.atauni.edu.tr\/sosyal-bilimler-enstitusu\/?page_id=5638"},"modified":"2025-02-18T10:49:37","modified_gmt":"2025-02-18T07:49:37","slug":"tarihce","status":"publish","type":"page","link":"https:\/\/atauni.edu.tr\/odak\/tarihce\/","title":{"rendered":"Tarih\u00e7e"},"content":{"rendered":"\t\t<div data-elementor-type=\"wp-page\" data-elementor-id=\"5638\" class=\"elementor elementor-5638\" data-elementor-post-type=\"page\">\n\t\t\t\t\t\t<section class=\"elementor-section elementor-top-section elementor-element elementor-element-83722e4 elementor-section-boxed elementor-section-height-default elementor-section-height-default\" data-id=\"83722e4\" data-element_type=\"section\">\n\t\t\t\t\t\t<div class=\"elementor-container elementor-column-gap-default\">\n\t\t\t\t\t<div class=\"elementor-column elementor-col-100 elementor-top-column elementor-element elementor-element-c8defb2\" data-id=\"c8defb2\" data-element_type=\"column\">\n\t\t\t<div class=\"elementor-widget-wrap elementor-element-populated\">\n\t\t\t\t\t\t<div class=\"elementor-element elementor-element-be148f8 elementor-widget elementor-widget-spacer\" data-id=\"be148f8\" data-element_type=\"widget\" data-widget_type=\"spacer.default\">\n\t\t\t\t<div class=\"elementor-widget-container\">\n\t\t\t\t\t\t\t<div class=\"elementor-spacer\">\n\t\t\t<div class=\"elementor-spacer-inner\"><\/div>\n\t\t<\/div>\n\t\t\t\t\t\t<\/div>\n\t\t\t\t<\/div>\n\t\t\t\t\t<\/div>\n\t\t<\/div>\n\t\t\t\t\t<\/div>\n\t\t<\/section>\n\t\t\t\t<section class=\"elementor-section elementor-top-section elementor-element elementor-element-f252515 elementor-section-boxed elementor-section-height-default elementor-section-height-default\" data-id=\"f252515\" data-element_type=\"section\">\n\t\t\t\t\t\t<div class=\"elementor-container elementor-column-gap-default\">\n\t\t\t\t\t<div class=\"elementor-column elementor-col-100 elementor-top-column elementor-element elementor-element-b67366d\" data-id=\"b67366d\" data-element_type=\"column\">\n\t\t\t<div class=\"elementor-widget-wrap elementor-element-populated\">\n\t\t\t\t\t\t<div class=\"elementor-element elementor-element-d0bdd52 elementor-widget elementor-widget-heading\" data-id=\"d0bdd52\" data-element_type=\"widget\" data-widget_type=\"heading.default\">\n\t\t\t\t<div class=\"elementor-widget-container\">\n\t\t\t\t\t<h2 class=\"elementor-heading-title elementor-size-default\">Tarih\u00e7e<\/h2>\t\t\t\t<\/div>\n\t\t\t\t<\/div>\n\t\t\t\t<div class=\"elementor-element elementor-element-e1df410 elementor-widget-divider--view-line elementor-widget elementor-widget-divider\" data-id=\"e1df410\" data-element_type=\"widget\" data-widget_type=\"divider.default\">\n\t\t\t\t<div class=\"elementor-widget-container\">\n\t\t\t\t\t\t\t<div class=\"elementor-divider\">\n\t\t\t<span class=\"elementor-divider-separator\">\n\t\t\t\t\t\t<\/span>\n\t\t<\/div>\n\t\t\t\t\t\t<\/div>\n\t\t\t\t<\/div>\n\t\t\t\t\t<\/div>\n\t\t<\/div>\n\t\t\t\t\t<\/div>\n\t\t<\/section>\n\t\t\t\t<section class=\"elementor-section elementor-top-section elementor-element elementor-element-2eaace3 elementor-section-boxed elementor-section-height-default elementor-section-height-default\" data-id=\"2eaace3\" data-element_type=\"section\">\n\t\t\t\t\t\t<div class=\"elementor-container elementor-column-gap-default\">\n\t\t\t\t\t<div class=\"elementor-column elementor-col-100 elementor-top-column elementor-element elementor-element-ea8a924\" data-id=\"ea8a924\" data-element_type=\"column\">\n\t\t\t<div class=\"elementor-widget-wrap elementor-element-populated\">\n\t\t\t\t\t\t<div class=\"elementor-element elementor-element-a98026f elementor-widget elementor-widget-text-editor\" data-id=\"a98026f\" data-element_type=\"widget\" data-widget_type=\"text-editor.default\">\n\t\t\t\t<div class=\"elementor-widget-container\">\n\t\t\t\t\t\t\t\t\t<p>Atat\u00fcrk \u00dcniversitesi E\u011fitim Bilimleri Enstit\u00fcs\u00fc, Bakanlar Kurulunun 01\/02\/2010 tarihinde alm\u0131\u015f oldu\u011fu karar ve bu karar\u0131n 26.02.2010 tarih 27505 say\u0131l\u0131 Resm\u00ee Gazete\u2019de yay\u0131nlanmas\u0131yla kurulmu\u015ftur &nbsp;Atat\u00fcrk \u00dcniversitesi b\u00fcnyesindeki lisans\u00fcst\u00fc \u00f6\u011frencilerin e\u011fitimi 2010 y\u0131l\u0131na kadar Sosyal Bilimler ve Fen Bilimleri Enstit\u00fcleri taraf\u0131ndan y\u00fcr\u00fct\u00fclmekteydi. Belirtilen tarihten itibaren,01\/07\/2010 tarihinde yap\u0131lan Y\u00fcksek\u00f6\u011fretim Genel Kurulu toplant\u0131s\u0131 ile \u201cLisans\u00fcst\u00fc E\u011fitim-\u00d6\u011fretim Enstit\u00fclerinin Te\u015fkilat ve \u0130\u015fleyi\u015f Y\u00f6netmeli\u011fi\u201dnin 4. ve 7. maddeleri uyar\u0131nca, Sosyal ve Fen Bilimleri Enstit\u00fcs\u00fc b\u00fcnyesinde faaliyetlerini s\u00fcrd\u00fcren t\u00fcm Ana Bilim Dallar\u0131 ve\/veya Bilim Dallar\u0131 Y\u00fcksek\u00f6\u011fretim Kurulunun 13\/07\/2010 tarih ve 23699 say\u0131l\u0131 yaz\u0131lar\u0131 do\u011frultusunda E\u011fitim Bilimleri Enstit\u00fcs\u00fcne aktar\u0131lm\u0131\u015ft\u0131r. Enstit\u00fcm\u00fczde e\u011fitim bilimleri (e\u011fitim programlar\u0131 ve \u00f6\u011fretim, psikolojik dan\u0131\u015fmanl\u0131k ve rehberlik, e\u011fitim y\u00f6netimi vb.) ve alan e\u011fitimi (matematik e\u011fitimi, kimya e\u011fitimi, fen bilgisi e\u011fitimi, sosyal bilgiler e\u011fitimi, T\u00fcrk\u00e7e e\u011fitimi, \u0130ngilizce e\u011fitimi vb.) konusunda lisans\u00fcst\u00fc programlar (tezsiz y\u00fcksek lisans, tezli y\u00fcksek lisans ve doktora) mevcuttur. Enstit\u00fcm\u00fczde mevcut programlar i\u00e7in Ana Bilim Dallar\u0131-Lisans\u00fcst\u00fc Programlar men\u00fcs\u00fcn\u00fc inceleyebilirsiniz.&nbsp;<\/p>\t\t\t\t\t\t\t\t<\/div>\n\t\t\t\t<\/div>\n\t\t\t\t\t<\/div>\n\t\t<\/div>\n\t\t\t\t\t<\/div>\n\t\t<\/section>\n\t\t\t\t<section class=\"elementor-section elementor-top-section elementor-element elementor-element-c11013b elementor-section-boxed elementor-section-height-default elementor-section-height-default\" data-id=\"c11013b\" data-element_type=\"section\">\n\t\t\t\t\t\t<div class=\"elementor-container elementor-column-gap-default\">\n\t\t\t\t\t<div class=\"elementor-column elementor-col-100 elementor-top-column elementor-element elementor-element-acab739\" data-id=\"acab739\" data-element_type=\"column\">\n\t\t\t<div class=\"elementor-widget-wrap elementor-element-populated\">\n\t\t\t\t\t\t<div class=\"elementor-element elementor-element-7375a9d elementor-widget elementor-widget-spacer\" data-id=\"7375a9d\" data-element_type=\"widget\" data-widget_type=\"spacer.default\">\n\t\t\t\t<div class=\"elementor-widget-container\">\n\t\t\t\t\t\t\t<div class=\"elementor-spacer\">\n\t\t\t<div class=\"elementor-spacer-inner\"><\/div>\n\t\t<\/div>\n\t\t\t\t\t\t<\/div>\n\t\t\t\t<\/div>\n\t\t\t\t\t<\/div>\n\t\t<\/div>\n\t\t\t\t\t<\/div>\n\t\t<\/section>\n\t\t\t\t<\/div>\n\t\t","protected":false},"excerpt":{"rendered":"<p>Tarih\u00e7e Atat\u00fcrk \u00dcniversitesi E\u011fitim Bilimleri Enstit\u00fcs\u00fc, Bakanlar Kurulunun 01\/02\/2010 tarihinde alm\u0131\u015f oldu\u011fu karar ve bu karar\u0131n 26.02.2010 tarih 27505 say\u0131l\u0131 Resm\u00ee Gazete\u2019de yay\u0131nlanmas\u0131yla kurulmu\u015ftur &nbsp;Atat\u00fcrk \u00dcniversitesi b\u00fcnyesindeki lisans\u00fcst\u00fc \u00f6\u011frencilerin e\u011fitimi 2010 y\u0131l\u0131na kadar Sosyal Bilimler ve Fen Bilimleri Enstit\u00fcleri taraf\u0131ndan y\u00fcr\u00fct\u00fclmekteydi. Belirtilen tarihten itibaren,01\/07\/2010 tarihinde yap\u0131lan Y\u00fcksek\u00f6\u011fretim Genel Kurulu toplant\u0131s\u0131 ile \u201cLisans\u00fcst\u00fc E\u011fitim-\u00d6\u011fretim Enstit\u00fclerinin Te\u015fkilat [&hellip;]<\/p>\n","protected":false},"author":1,"featured_media":0,"parent":0,"menu_order":0,"comment_status":"closed","ping_status":"closed","template":"","meta":{"footnotes":""},"class_list":["post-5638","page","type-page","status-publish","hentry"],"_links":{"self":[{"href":"https:\/\/atauni.edu.tr\/odak\/wp-json\/wp\/v2\/pages\/5638","targetHints":{"allow":["GET"]}}],"collection":[{"href":"https:\/\/atauni.edu.tr\/odak\/wp-json\/wp\/v2\/pages"}],"about":[{"href":"https:\/\/atauni.edu.tr\/odak\/wp-json\/wp\/v2\/types\/page"}],"author":[{"embeddable":true,"href":"https:\/\/atauni.edu.tr\/odak\/wp-json\/wp\/v2\/users\/1"}],"replies":[{"embeddable":true,"href":"https:\/\/atauni.edu.tr\/odak\/wp-json\/wp\/v2\/comments?post=5638"}],"version-history":[{"count":47,"href":"https:\/\/atauni.edu.tr\/odak\/wp-json\/wp\/v2\/pages\/5638\/revisions"}],"predecessor-version":[{"id":8406,"href":"https:\/\/atauni.edu.tr\/odak\/wp-json\/wp\/v2\/pages\/5638\/revisions\/8406"}],"wp:attachment":[{"href":"https:\/\/atauni.edu.tr\/odak\/wp-json\/wp\/v2\/media?parent=5638"}],"curies":[{"name":"wp","href":"https:\/\/api.w.org\/{rel}","templated":true}]}}