{"id":5999,"date":"2021-07-29T08:10:10","date_gmt":"2021-07-29T05:10:10","guid":{"rendered":"https:\/\/portaltest.atauni.edu.tr\/sosyal-bilimler-enstitusu\/?page_id=5999"},"modified":"2025-03-28T11:24:39","modified_gmt":"2025-03-28T08:24:39","slug":"etik","status":"publish","type":"page","link":"https:\/\/atauni.edu.tr\/odak\/etik\/","title":{"rendered":"Etik"},"content":{"rendered":"\t\t<div data-elementor-type=\"wp-page\" data-elementor-id=\"5999\" class=\"elementor elementor-5999\" data-elementor-post-type=\"page\">\n\t\t\t\t\t\t<section class=\"elementor-section elementor-top-section elementor-element elementor-element-730d320 elementor-section-boxed elementor-section-height-default elementor-section-height-default\" data-id=\"730d320\" data-element_type=\"section\">\n\t\t\t\t\t\t<div class=\"elementor-container elementor-column-gap-default\">\n\t\t\t\t\t<div class=\"elementor-column elementor-col-100 elementor-top-column elementor-element elementor-element-753d0860\" data-id=\"753d0860\" data-element_type=\"column\">\n\t\t\t<div class=\"elementor-widget-wrap elementor-element-populated\">\n\t\t\t\t\t\t<div class=\"elementor-element elementor-element-46c95ca elementor-widget elementor-widget-spacer\" data-id=\"46c95ca\" data-element_type=\"widget\" data-widget_type=\"spacer.default\">\n\t\t\t\t<div class=\"elementor-widget-container\">\n\t\t\t\t\t\t\t<div class=\"elementor-spacer\">\n\t\t\t<div class=\"elementor-spacer-inner\"><\/div>\n\t\t<\/div>\n\t\t\t\t\t\t<\/div>\n\t\t\t\t<\/div>\n\t\t\t\t\t<\/div>\n\t\t<\/div>\n\t\t\t\t\t<\/div>\n\t\t<\/section>\n\t\t\t\t<section class=\"elementor-section elementor-top-section elementor-element elementor-element-277248d elementor-section-boxed elementor-section-height-default elementor-section-height-default\" data-id=\"277248d\" data-element_type=\"section\">\n\t\t\t\t\t\t<div class=\"elementor-container elementor-column-gap-default\">\n\t\t\t\t\t<div class=\"elementor-column elementor-col-100 elementor-top-column elementor-element elementor-element-e8dfb63\" data-id=\"e8dfb63\" data-element_type=\"column\">\n\t\t\t<div class=\"elementor-widget-wrap elementor-element-populated\">\n\t\t\t\t\t\t<div class=\"elementor-element elementor-element-9beac0a elementor-widget elementor-widget-heading\" data-id=\"9beac0a\" data-element_type=\"widget\" data-widget_type=\"heading.default\">\n\t\t\t\t<div class=\"elementor-widget-container\">\n\t\t\t\t\t<h2 class=\"elementor-heading-title elementor-size-default\">Etik<\/h2>\t\t\t\t<\/div>\n\t\t\t\t<\/div>\n\t\t\t\t<div class=\"elementor-element elementor-element-a85ce1b elementor-widget-divider--view-line elementor-widget elementor-widget-divider\" data-id=\"a85ce1b\" data-element_type=\"widget\" data-widget_type=\"divider.default\">\n\t\t\t\t<div class=\"elementor-widget-container\">\n\t\t\t\t\t\t\t<div class=\"elementor-divider\">\n\t\t\t<span class=\"elementor-divider-separator\">\n\t\t\t\t\t\t<\/span>\n\t\t<\/div>\n\t\t\t\t\t\t<\/div>\n\t\t\t\t<\/div>\n\t\t\t\t\t<\/div>\n\t\t<\/div>\n\t\t\t\t\t<\/div>\n\t\t<\/section>\n\t\t\t\t<section class=\"elementor-section elementor-top-section elementor-element elementor-element-681db8b elementor-section-boxed elementor-section-height-default elementor-section-height-default\" data-id=\"681db8b\" data-element_type=\"section\">\n\t\t\t\t\t\t<div class=\"elementor-container elementor-column-gap-default\">\n\t\t\t\t\t<div class=\"elementor-column elementor-col-100 elementor-top-column elementor-element elementor-element-ad4dac5\" data-id=\"ad4dac5\" data-element_type=\"column\">\n\t\t\t<div class=\"elementor-widget-wrap elementor-element-populated\">\n\t\t\t\t\t\t<div class=\"elementor-element elementor-element-2f96b3d elementor-widget elementor-widget-text-editor\" data-id=\"2f96b3d\" data-element_type=\"widget\" data-widget_type=\"text-editor.default\">\n\t\t\t\t<div class=\"elementor-widget-container\">\n\t\t\t\t\t\t\t\t\t<p>E\u011fitim Bilimleri Birim Etik Kurulu Sosyal ve Be\u015feri Bilimler Etik Kurulu alt\u0131nda faaliyet g\u00f6steren ve daha \u00e7ok e\u011fitim bilimleriyle ilgili konularda ba\u015fvurular\u0131 de\u011ferlendiren alt etik kurullardan birisidir. Atat\u00fcrk \u00dcniversitesi Lisans\u00fcst\u00fc E\u011fitim ve \u00d6\u011fretim Uygulama Esaslar\u0131 Madde 9 (1), Madde 22 (2) ve Madde 31 (2) gere\u011fi <strong>\u201cKabul edilen tez konusu insandan anket, test, g\u00f6r\u00fc\u015fme, g\u00f6zlem vb. yollarla veri toplamay\u0131 gerektirmesi durumunda tez \u00e7al\u0131\u015fmas\u0131na ba\u015flan\u0131labilmesi i\u00e7in etik kurul onay\u0131 al\u0131nmas\u0131 zorunludur.\u201d<\/strong><\/p><p>Lisans\u00fcst\u00fc \u00f6\u011frencilerimizin tez \u00e7al\u0131\u015fmalar\u0131 ve\/veya ba\u011f\u0131ms\u0131z bilimsel ara\u015ft\u0131rmalar\u0131 i\u00e7in gereken Etik Kurul Onay Belgesi talepleri i\u00e7in \u00f6\u011frenci dan\u0131\u015fman\u0131 taraf\u0131ndan \u00dcBYS \u00fczerinden do\u011frudan E\u011fitim Bilimleri Birim Etik Kuruluna ba\u015fvuru yap\u0131lmal\u0131d\u0131r. Etik Kurul Onay Belgesi i\u00e7in yap\u0131lan ba\u015fvurularda ara\u015ft\u0131rma\/tez \u00f6nerisi ve ara\u015ft\u0131rmada kullan\u0131lacak \u00f6l\u00e7me ara\u00e7lar\u0131n\u0131n izin ba\u015fvuru dilek\u00e7esine eklenmesi gerekir. Etik Uygunluk Belgesi ile ilgili sorular\u0131n\u0131z i\u00e7in Enstit\u00fc Sekreteri ile ileti\u015fim kurabilirsiniz.<\/p><p>Etik Kurul izin belgelerinin al\u0131nmas\u0131yla ili\u015fkili s\u00fcre\u00e7 hakk\u0131nda daha fazla bilgi i\u00e7in Proje Geli\u015ftirme ve Koordinasyon Ofisinin web sayfas\u0131nda ve Bilimsel Ara\u015ft\u0131rma Projeleri Koordinasyon Birimi web sayfas\u0131nda belirtilen ad\u0131mlar takip edilmelidir.<\/p>\t\t\t\t\t\t\t\t<\/div>\n\t\t\t\t<\/div>\n\t\t\t\t\t<\/div>\n\t\t<\/div>\n\t\t\t\t\t<\/div>\n\t\t<\/section>\n\t\t\t\t<section class=\"elementor-section elementor-top-section elementor-element elementor-element-d4e6b7b elementor-section-boxed elementor-section-height-default elementor-section-height-default\" data-id=\"d4e6b7b\" data-element_type=\"section\">\n\t\t\t\t\t\t<div class=\"elementor-container elementor-column-gap-default\">\n\t\t\t\t\t<div class=\"elementor-column elementor-col-100 elementor-top-column elementor-element elementor-element-1711617\" data-id=\"1711617\" data-element_type=\"column\">\n\t\t\t<div class=\"elementor-widget-wrap elementor-element-populated\">\n\t\t\t\t\t\t<div class=\"elementor-element elementor-element-ca9ebe1 elementor-widget elementor-widget-heading\" data-id=\"ca9ebe1\" data-element_type=\"widget\" data-widget_type=\"heading.default\">\n\t\t\t\t<div class=\"elementor-widget-container\">\n\t\t\t\t\t<h2 class=\"elementor-heading-title elementor-size-default\">Etikle \u0130li\u015fkili Mevzuatlar<\/h2>\t\t\t\t<\/div>\n\t\t\t\t<\/div>\n\t\t\t\t<div class=\"elementor-element elementor-element-de9b300 elementor-widget-divider--view-line elementor-widget elementor-widget-divider\" data-id=\"de9b300\" data-element_type=\"widget\" data-widget_type=\"divider.default\">\n\t\t\t\t<div class=\"elementor-widget-container\">\n\t\t\t\t\t\t\t<div class=\"elementor-divider\">\n\t\t\t<span class=\"elementor-divider-separator\">\n\t\t\t\t\t\t<\/span>\n\t\t<\/div>\n\t\t\t\t\t\t<\/div>\n\t\t\t\t<\/div>\n\t\t\t\t\t<\/div>\n\t\t<\/div>\n\t\t\t\t\t<\/div>\n\t\t<\/section>\n\t\t\t\t<section class=\"elementor-section elementor-top-section elementor-element elementor-element-6d82a2f elementor-section-boxed elementor-section-height-default elementor-section-height-default\" data-id=\"6d82a2f\" data-element_type=\"section\">\n\t\t\t\t\t\t<div class=\"elementor-container elementor-column-gap-default\">\n\t\t\t\t\t<div class=\"elementor-column elementor-col-100 elementor-top-column elementor-element elementor-element-da1160d\" data-id=\"da1160d\" data-element_type=\"column\">\n\t\t\t<div class=\"elementor-widget-wrap elementor-element-populated\">\n\t\t\t\t\t\t<div class=\"elementor-element elementor-element-e968400 elementor-icon-list--layout-traditional elementor-list-item-link-full_width elementor-widget elementor-widget-icon-list\" data-id=\"e968400\" data-element_type=\"widget\" data-widget_type=\"icon-list.default\">\n\t\t\t\t<div class=\"elementor-widget-container\">\n\t\t\t\t\t\t\t<ul class=\"elementor-icon-list-items\">\n\t\t\t\t\t\t\t<li class=\"elementor-icon-list-item\">\n\t\t\t\t\t\t\t\t\t\t\t<a href=\"https:\/\/www.etik.gov.tr\/\">\n\n\t\t\t\t\t\t\t\t\t\t\t\t<span class=\"elementor-icon-list-icon\">\n\t\t\t\t\t\t\t<i aria-hidden=\"true\" class=\"fas fa-link\"><\/i>\t\t\t\t\t\t<\/span>\n\t\t\t\t\t\t\t\t\t\t<span class=\"elementor-icon-list-text\">Y\u00fcksek\u00f6\u011fretim Kurumlar\u0131 Etik davran\u0131\u015f \u0130lkeleri&nbsp; <\/span>\n\t\t\t\t\t\t\t\t\t\t\t<\/a>\n\t\t\t\t\t\t\t\t\t<\/li>\n\t\t\t\t\t\t\t\t<li class=\"elementor-icon-list-item\">\n\t\t\t\t\t\t\t\t\t\t\t<a href=\"https:\/\/www.yok.gov.tr\/Documents\/Mevzuat\/yuksekogretim-kurumlari-bilimsel-arastirma-ve-yayin-etigi-yonergesi.pdf\">\n\n\t\t\t\t\t\t\t\t\t\t\t\t<span class=\"elementor-icon-list-icon\">\n\t\t\t\t\t\t\t<i aria-hidden=\"true\" class=\"fas fa-link\"><\/i>\t\t\t\t\t\t<\/span>\n\t\t\t\t\t\t\t\t\t\t<span class=\"elementor-icon-list-text\">Y\u00fcksek\u00f6\u011fretim Kurumlar\u0131 Bilimsel Ara\u015ft\u0131rma ve Yay\u0131n Eti\u011fi Y\u00f6nergesi  <\/span>\n\t\t\t\t\t\t\t\t\t\t\t<\/a>\n\t\t\t\t\t\t\t\t\t<\/li>\n\t\t\t\t\t\t\t\t<li class=\"elementor-icon-list-item\">\n\t\t\t\t\t\t\t\t\t\t\t<a href=\"https:\/\/www.uak.gov.tr\/Documents\/mevzuat\/2023\/uakBilimselArastirmaveYayinEtigiYonergesi_05042023.pdf\">\n\n\t\t\t\t\t\t\t\t\t\t\t\t<span class=\"elementor-icon-list-icon\">\n\t\t\t\t\t\t\t<i aria-hidden=\"true\" class=\"fas fa-link\"><\/i>\t\t\t\t\t\t<\/span>\n\t\t\t\t\t\t\t\t\t\t<span class=\"elementor-icon-list-text\">\u00dcniversiteleraras\u0131 Kurul Bilimsel Ara\u015ft\u0131rma Ve Yay\u0131n Eti\u011fi Y\u00f6nergesi  <\/span>\n\t\t\t\t\t\t\t\t\t\t\t<\/a>\n\t\t\t\t\t\t\t\t\t<\/li>\n\t\t\t\t\t\t\t\t<li class=\"elementor-icon-list-item\">\n\t\t\t\t\t\t\t\t\t\t\t<a href=\"https:\/\/tubitak.gov.tr\/sites\/default\/files\/247_sayili_bk_islenmis_hali.pdf\">\n\n\t\t\t\t\t\t\t\t\t\t\t\t<span class=\"elementor-icon-list-icon\">\n\t\t\t\t\t\t\t<i aria-hidden=\"true\" class=\"fas fa-link\"><\/i>\t\t\t\t\t\t<\/span>\n\t\t\t\t\t\t\t\t\t\t<span class=\"elementor-icon-list-text\">T\u00dcB\u0130TAK Ara\u015ft\u0131rma ve Yay\u0131n Eti\u011fi Kurulu Y\u00f6netmeli\u011fi  <\/span>\n\t\t\t\t\t\t\t\t\t\t\t<\/a>\n\t\t\t\t\t\t\t\t\t<\/li>\n\t\t\t\t\t\t\t\t<li class=\"elementor-icon-list-item\">\n\t\t\t\t\t\t\t\t\t\t\t<a href=\"https:\/\/birimler.atauni.edu.tr\/egitim-bilimleri-enstitusu\/wp-content\/uploads\/sites\/788\/2025\/03\/Bilimsel_arastirma_ve_yayin_etigi_yonetmeligi.pdf\">\n\n\t\t\t\t\t\t\t\t\t\t\t\t<span class=\"elementor-icon-list-icon\">\n\t\t\t\t\t\t\t<i aria-hidden=\"true\" class=\"fas fa-link\"><\/i>\t\t\t\t\t\t<\/span>\n\t\t\t\t\t\t\t\t\t\t<span class=\"elementor-icon-list-text\">Atat\u00fcrk \u00dcniversitesi Bilimsel Ara\u015ft\u0131rma Yay\u0131n Eti\u011fi Y\u00f6nergesi<\/span>\n\t\t\t\t\t\t\t\t\t\t\t<\/a>\n\t\t\t\t\t\t\t\t\t<\/li>\n\t\t\t\t\t\t\t\t<li class=\"elementor-icon-list-item\">\n\t\t\t\t\t\t\t\t\t\t\t<a href=\"https:\/\/www.etik.gov.tr\/mevzuat\/etik-mevzuati\/\">\n\n\t\t\t\t\t\t\t\t\t\t\t\t<span class=\"elementor-icon-list-icon\">\n\t\t\t\t\t\t\t<i aria-hidden=\"true\" class=\"fas fa-link\"><\/i>\t\t\t\t\t\t<\/span>\n\t\t\t\t\t\t\t\t\t\t<span class=\"elementor-icon-list-text\">Kamu G\u00f6revlileri Etik Kurulu \u2013 Mevzuat<\/span>\n\t\t\t\t\t\t\t\t\t\t\t<\/a>\n\t\t\t\t\t\t\t\t\t<\/li>\n\t\t\t\t\t\t\t\t<li class=\"elementor-icon-list-item\">\n\t\t\t\t\t\t\t\t\t\t\t<a href=\"https:\/\/www.mevzuat.gov.tr\/mevzuat?MevzuatNo=8044&#038;MevzuatTur=7&#038;MevzuatTertip=5\">\n\n\t\t\t\t\t\t\t\t\t\t\t\t<span class=\"elementor-icon-list-icon\">\n\t\t\t\t\t\t\t<i aria-hidden=\"true\" class=\"fas fa-link\"><\/i>\t\t\t\t\t\t<\/span>\n\t\t\t\t\t\t\t\t\t\t<span class=\"elementor-icon-list-text\">Kamu G\u00f6revlileri Etik Davran\u0131\u015f \u0130lkeleri ile Ba\u015fvuru Usul ve Esaslar\u0131 Hakk\u0131nda Y\u00f6netmelik<\/span>\n\t\t\t\t\t\t\t\t\t\t\t<\/a>\n\t\t\t\t\t\t\t\t\t<\/li>\n\t\t\t\t\t\t\t\t<li class=\"elementor-icon-list-item\">\n\t\t\t\t\t\t\t\t\t\t\t<a href=\"https:\/\/birimler.atauni.edu.tr\/egitim-bilimleri-enstitusu\/wp-content\/uploads\/sites\/788\/2025\/02\/etik-kurul-basvuru-formu.docx\">\n\n\t\t\t\t\t\t\t\t\t\t\t\t<span class=\"elementor-icon-list-icon\">\n\t\t\t\t\t\t\t<i aria-hidden=\"true\" class=\"fas fa-link\"><\/i>\t\t\t\t\t\t<\/span>\n\t\t\t\t\t\t\t\t\t\t<span class=\"elementor-icon-list-text\">Etik Kurul Ba\u015fvuru Bilgileri ve Formlar\u0131.docx<\/span>\n\t\t\t\t\t\t\t\t\t\t\t<\/a>\n\t\t\t\t\t\t\t\t\t<\/li>\n\t\t\t\t\t\t<\/ul>\n\t\t\t\t\t\t<\/div>\n\t\t\t\t<\/div>\n\t\t\t\t\t<\/div>\n\t\t<\/div>\n\t\t\t\t\t<\/div>\n\t\t<\/section>\n\t\t\t\t<section class=\"elementor-section elementor-top-section elementor-element elementor-element-320e734 elementor-section-boxed elementor-section-height-default elementor-section-height-default\" data-id=\"320e734\" data-element_type=\"section\">\n\t\t\t\t\t\t<div class=\"elementor-container elementor-column-gap-default\">\n\t\t\t\t\t<div class=\"elementor-column elementor-col-100 elementor-top-column elementor-element elementor-element-0d6dbef\" data-id=\"0d6dbef\" data-element_type=\"column\">\n\t\t\t<div class=\"elementor-widget-wrap elementor-element-populated\">\n\t\t\t\t\t\t<div class=\"elementor-element elementor-element-1f2a892 elementor-widget elementor-widget-spacer\" data-id=\"1f2a892\" data-element_type=\"widget\" data-widget_type=\"spacer.default\">\n\t\t\t\t<div class=\"elementor-widget-container\">\n\t\t\t\t\t\t\t<div class=\"elementor-spacer\">\n\t\t\t<div class=\"elementor-spacer-inner\"><\/div>\n\t\t<\/div>\n\t\t\t\t\t\t<\/div>\n\t\t\t\t<\/div>\n\t\t\t\t\t<\/div>\n\t\t<\/div>\n\t\t\t\t\t<\/div>\n\t\t<\/section>\n\t\t\t\t<\/div>\n\t\t","protected":false},"excerpt":{"rendered":"<p>Etik E\u011fitim Bilimleri Birim Etik Kurulu Sosyal ve Be\u015feri Bilimler Etik Kurulu alt\u0131nda faaliyet g\u00f6steren ve daha \u00e7ok e\u011fitim bilimleriyle ilgili konularda ba\u015fvurular\u0131 de\u011ferlendiren alt etik kurullardan birisidir. Atat\u00fcrk \u00dcniversitesi Lisans\u00fcst\u00fc E\u011fitim ve \u00d6\u011fretim Uygulama Esaslar\u0131 Madde 9 (1), Madde 22 (2) ve Madde 31 (2) gere\u011fi \u201cKabul edilen tez konusu insandan anket, test, g\u00f6r\u00fc\u015fme, [&hellip;]<\/p>\n","protected":false},"author":1,"featured_media":0,"parent":0,"menu_order":0,"comment_status":"closed","ping_status":"closed","template":"","meta":{"footnotes":""},"class_list":["post-5999","page","type-page","status-publish","hentry"],"_links":{"self":[{"href":"https:\/\/atauni.edu.tr\/odak\/wp-json\/wp\/v2\/pages\/5999","targetHints":{"allow":["GET"]}}],"collection":[{"href":"https:\/\/atauni.edu.tr\/odak\/wp-json\/wp\/v2\/pages"}],"about":[{"href":"https:\/\/atauni.edu.tr\/odak\/wp-json\/wp\/v2\/types\/page"}],"author":[{"embeddable":true,"href":"https:\/\/atauni.edu.tr\/odak\/wp-json\/wp\/v2\/users\/1"}],"replies":[{"embeddable":true,"href":"https:\/\/atauni.edu.tr\/odak\/wp-json\/wp\/v2\/comments?post=5999"}],"version-history":[{"count":50,"href":"https:\/\/atauni.edu.tr\/odak\/wp-json\/wp\/v2\/pages\/5999\/revisions"}],"predecessor-version":[{"id":8444,"href":"https:\/\/atauni.edu.tr\/odak\/wp-json\/wp\/v2\/pages\/5999\/revisions\/8444"}],"wp:attachment":[{"href":"https:\/\/atauni.edu.tr\/odak\/wp-json\/wp\/v2\/media?parent=5999"}],"curies":[{"name":"wp","href":"https:\/\/api.w.org\/{rel}","templated":true}]}}