{"id":6573,"date":"2024-12-06T14:40:29","date_gmt":"2024-12-06T11:40:29","guid":{"rendered":"https:\/\/birimler.atauni.edu.tr\/odak\/?page_id=6573"},"modified":"2025-04-11T09:57:34","modified_gmt":"2025-04-11T06:57:34","slug":"oneri-ve-tez-yazim-kilavuzlari","status":"publish","type":"page","link":"https:\/\/atauni.edu.tr\/odak\/oneri-ve-tez-yazim-kilavuzlari\/","title":{"rendered":"\u00d6neri ve Tez Yaz\u0131m K\u0131lavuzlar\u0131"},"content":{"rendered":"\t\t<div data-elementor-type=\"wp-page\" data-elementor-id=\"6573\" class=\"elementor elementor-6573\" data-elementor-post-type=\"page\">\n\t\t\t\t\t\t<section class=\"elementor-section elementor-top-section elementor-element elementor-element-52a458e elementor-section-boxed elementor-section-height-default elementor-section-height-default\" data-id=\"52a458e\" data-element_type=\"section\">\n\t\t\t\t\t\t<div class=\"elementor-container elementor-column-gap-default\">\n\t\t\t\t\t<div class=\"elementor-column elementor-col-100 elementor-top-column elementor-element elementor-element-58b8678\" data-id=\"58b8678\" data-element_type=\"column\">\n\t\t\t<div class=\"elementor-widget-wrap elementor-element-populated\">\n\t\t\t\t\t\t<div class=\"elementor-element elementor-element-ea5a922 elementor-widget elementor-widget-spacer\" data-id=\"ea5a922\" data-element_type=\"widget\" data-widget_type=\"spacer.default\">\n\t\t\t\t<div class=\"elementor-widget-container\">\n\t\t\t\t\t\t\t<div class=\"elementor-spacer\">\n\t\t\t<div class=\"elementor-spacer-inner\"><\/div>\n\t\t<\/div>\n\t\t\t\t\t\t<\/div>\n\t\t\t\t<\/div>\n\t\t\t\t\t<\/div>\n\t\t<\/div>\n\t\t\t\t\t<\/div>\n\t\t<\/section>\n\t\t\t\t<section class=\"elementor-section elementor-top-section elementor-element elementor-element-7e65e7d elementor-section-boxed elementor-section-height-default elementor-section-height-default\" data-id=\"7e65e7d\" data-element_type=\"section\">\n\t\t\t\t\t\t<div class=\"elementor-container elementor-column-gap-default\">\n\t\t\t\t\t<div class=\"elementor-column elementor-col-100 elementor-top-column elementor-element elementor-element-aea46ad\" data-id=\"aea46ad\" data-element_type=\"column\">\n\t\t\t<div class=\"elementor-widget-wrap elementor-element-populated\">\n\t\t\t\t\t\t<div class=\"elementor-element elementor-element-eacf187 elementor-widget elementor-widget-heading\" data-id=\"eacf187\" data-element_type=\"widget\" data-widget_type=\"heading.default\">\n\t\t\t\t<div class=\"elementor-widget-container\">\n\t\t\t\t\t<h2 class=\"elementor-heading-title elementor-size-default\">\u00d6neri ve Tez Yaz\u0131m K\u0131lavuzlar\u0131<\/h2>\t\t\t\t<\/div>\n\t\t\t\t<\/div>\n\t\t\t\t<div class=\"elementor-element elementor-element-cc97051 elementor-widget-divider--view-line elementor-widget elementor-widget-divider\" data-id=\"cc97051\" data-element_type=\"widget\" data-widget_type=\"divider.default\">\n\t\t\t\t<div class=\"elementor-widget-container\">\n\t\t\t\t\t\t\t<div class=\"elementor-divider\">\n\t\t\t<span class=\"elementor-divider-separator\">\n\t\t\t\t\t\t<\/span>\n\t\t<\/div>\n\t\t\t\t\t\t<\/div>\n\t\t\t\t<\/div>\n\t\t\t\t\t<\/div>\n\t\t<\/div>\n\t\t\t\t\t<\/div>\n\t\t<\/section>\n\t\t\t\t<section class=\"elementor-section elementor-top-section elementor-element elementor-element-cd24cdc elementor-section-boxed elementor-section-height-default elementor-section-height-default\" data-id=\"cd24cdc\" data-element_type=\"section\">\n\t\t\t\t\t\t<div class=\"elementor-container elementor-column-gap-default\">\n\t\t\t\t\t<div class=\"elementor-column elementor-col-100 elementor-top-column elementor-element elementor-element-81e5c78\" data-id=\"81e5c78\" data-element_type=\"column\">\n\t\t\t<div class=\"elementor-widget-wrap elementor-element-populated\">\n\t\t\t\t\t\t<div class=\"elementor-element elementor-element-0f97248 elementor-widget elementor-widget-text-editor\" data-id=\"0f97248\" data-element_type=\"widget\" data-widget_type=\"text-editor.default\">\n\t\t\t\t<div class=\"elementor-widget-container\">\n\t\t\t\t\t\t\t\t\t<p>Lisans\u00fcst\u00fc \u00f6\u011frenciler i\u00e7in\u00a0Tez \u00d6neri Yaz\u0131m K\u0131lavuzu, Tez Yaz\u0131m K\u0131lavuzu\u00a0ve\u00a0Kabul ve Onay Tutana\u011f\u0131 &#8211; Etik ve Bildirim Sayfas\u0131\u00a0dosyalar\u0131na a\u015fa\u011f\u0131dan eri\u015filebilir. Yine tez ve\/veya tez \u00f6nerisi yaz\u0131m\u0131nda kolayl\u0131k sa\u011flamas\u0131 amac\u0131yla bi\u00e7im ayarlar\u0131 yap\u0131lm\u0131\u015f\u00a0tez\u00a0ve\u00a0tez \u00f6neri\u00a0\u015fablonlar\u0131 haz\u0131rlanm\u0131\u015ft\u0131r. Tez veya tez \u00f6nerisi yaz\u0131m\u0131na ba\u015flamadan \u00f6nce kendinize uygun olan \u015fablonu indirip ilgili dosya \u00fczerinde dosyan\u0131n bi\u00e7im \u00f6zelliklerini bozmadan tez veya tez \u00f6nerinizi yaz\u0131n\u0131z.<\/p><p>B\u00fct\u00fcn k\u0131lavuz ve \u015fablonlar ihtiya\u00e7 duyulduk\u00e7a g\u00fcncellenmektedir. Tez \u00f6nerinizi veya tezinizi Enstit\u00fcye teslim etmeden \u00f6nce g\u00fcncel k\u0131lavuza g\u00f6re haz\u0131rlad\u0131\u011f\u0131n\u0131zdan emin olmak i\u00e7in bu sayfay\u0131 mutlaka kontrol ediniz.\u00a0E\u011fer k\u0131lavuzlarda dikkatinizi \u00e7eken hatalar tespit ederseniz l\u00fctfen\u00a0egitbil@atauni.edu.tr\u00a0adresine hatan\u0131n oldu\u011fu kaynak, sayfa ve hata bilgisiyle birlikte bilgi veriniz.<\/p>\t\t\t\t\t\t\t\t<\/div>\n\t\t\t\t<\/div>\n\t\t\t\t\t<\/div>\n\t\t<\/div>\n\t\t\t\t\t<\/div>\n\t\t<\/section>\n\t\t\t\t<section class=\"elementor-section elementor-top-section elementor-element elementor-element-2c09256 elementor-section-boxed elementor-section-height-default elementor-section-height-default\" data-id=\"2c09256\" data-element_type=\"section\">\n\t\t\t\t\t\t<div class=\"elementor-container elementor-column-gap-default\">\n\t\t\t\t\t<div class=\"elementor-column elementor-col-100 elementor-top-column elementor-element elementor-element-25987a1\" data-id=\"25987a1\" data-element_type=\"column\">\n\t\t\t<div class=\"elementor-widget-wrap elementor-element-populated\">\n\t\t\t\t\t\t<div class=\"elementor-element elementor-element-cdc7698 elementor-icon-list--layout-traditional elementor-list-item-link-full_width elementor-widget elementor-widget-icon-list\" data-id=\"cdc7698\" data-element_type=\"widget\" data-widget_type=\"icon-list.default\">\n\t\t\t\t<div class=\"elementor-widget-container\">\n\t\t\t\t\t\t\t<ul class=\"elementor-icon-list-items\">\n\t\t\t\t\t\t\t<li class=\"elementor-icon-list-item\">\n\t\t\t\t\t\t\t\t\t\t\t<a href=\"https:\/\/birimler.atauni.edu.tr\/egitim-bilimleri-enstitusu\/wp-content\/uploads\/sites\/788\/2025\/04\/EBE_Tez-Kabul-ve-Onay-Tutanagi-Etik-Bildirim-Sayfasi_Isimli-1.docx\">\n\n\t\t\t\t\t\t\t\t\t\t\t\t<span class=\"elementor-icon-list-icon\">\n\t\t\t\t\t\t\t<i aria-hidden=\"true\" class=\"fas fa-link\"><\/i>\t\t\t\t\t\t<\/span>\n\t\t\t\t\t\t\t\t\t\t<span class=\"elementor-icon-list-text\">EBE_Tez Kabul ve Onay Tutana\u011f\u0131-Etik Bildirim Sayfas\u0131<\/span>\n\t\t\t\t\t\t\t\t\t\t\t<\/a>\n\t\t\t\t\t\t\t\t\t<\/li>\n\t\t\t\t\t\t\t\t<li class=\"elementor-icon-list-item\">\n\t\t\t\t\t\t\t\t\t\t\t<a href=\"https:\/\/birimler.atauni.edu.tr\/egitim-bilimleri-enstitusu\/wp-content\/uploads\/sites\/788\/2020\/07\/EBE_Tez-Yazim-Kilavuzu_V9_24.05.2021.pdf\">\n\n\t\t\t\t\t\t\t\t\t\t\t\t<span class=\"elementor-icon-list-icon\">\n\t\t\t\t\t\t\t<i aria-hidden=\"true\" class=\"fas fa-link\"><\/i>\t\t\t\t\t\t<\/span>\n\t\t\t\t\t\t\t\t\t\t<span class=\"elementor-icon-list-text\">EBE_Tez Yaz\u0131m K\u0131lavuzu_V9_24.05.2021<\/span>\n\t\t\t\t\t\t\t\t\t\t\t<\/a>\n\t\t\t\t\t\t\t\t\t<\/li>\n\t\t\t\t\t\t\t\t<li class=\"elementor-icon-list-item\">\n\t\t\t\t\t\t\t\t\t\t\t<a href=\"https:\/\/birimler.atauni.edu.tr\/egitim-bilimleri-enstitusu\/wp-content\/uploads\/sites\/788\/2020\/07\/Tez-Oneri-Sablonu_24.03.2021.docx\">\n\n\t\t\t\t\t\t\t\t\t\t\t\t<span class=\"elementor-icon-list-icon\">\n\t\t\t\t\t\t\t<i aria-hidden=\"true\" class=\"fas fa-link\"><\/i>\t\t\t\t\t\t<\/span>\n\t\t\t\t\t\t\t\t\t\t<span class=\"elementor-icon-list-text\">Tez \u00d6neri \u015eablonu_24.03.2021<\/span>\n\t\t\t\t\t\t\t\t\t\t\t<\/a>\n\t\t\t\t\t\t\t\t\t<\/li>\n\t\t\t\t\t\t\t\t<li class=\"elementor-icon-list-item\">\n\t\t\t\t\t\t\t\t\t\t\t<a href=\"https:\/\/birimler.atauni.edu.tr\/egitim-bilimleri-enstitusu\/wp-content\/uploads\/sites\/788\/2025\/02\/Tez-Sablonu-Yuksek-Lisans_20.02.2025.docx\">\n\n\t\t\t\t\t\t\t\t\t\t\t\t<span class=\"elementor-icon-list-icon\">\n\t\t\t\t\t\t\t<i aria-hidden=\"true\" class=\"fas fa-link\"><\/i>\t\t\t\t\t\t<\/span>\n\t\t\t\t\t\t\t\t\t\t<span class=\"elementor-icon-list-text\">Tez \u015eablonu - Y\u00fcksek Lisans_24.03.2021<\/span>\n\t\t\t\t\t\t\t\t\t\t\t<\/a>\n\t\t\t\t\t\t\t\t\t<\/li>\n\t\t\t\t\t\t\t\t<li class=\"elementor-icon-list-item\">\n\t\t\t\t\t\t\t\t\t\t\t<a href=\"https:\/\/birimler.atauni.edu.tr\/egitim-bilimleri-enstitusu\/wp-content\/uploads\/sites\/788\/2025\/02\/Tez-Sablonu-Doktora_20.02.2025.docx\">\n\n\t\t\t\t\t\t\t\t\t\t\t\t<span class=\"elementor-icon-list-icon\">\n\t\t\t\t\t\t\t<i aria-hidden=\"true\" class=\"fas fa-link\"><\/i>\t\t\t\t\t\t<\/span>\n\t\t\t\t\t\t\t\t\t\t<span class=\"elementor-icon-list-text\">Tez \u015eablonu - Doktora_24.03.2021<\/span>\n\t\t\t\t\t\t\t\t\t\t\t<\/a>\n\t\t\t\t\t\t\t\t\t<\/li>\n\t\t\t\t\t\t\t\t<li class=\"elementor-icon-list-item\">\n\t\t\t\t\t\t\t\t\t\t\t<a href=\"https:\/\/birimler.atauni.edu.tr\/egitim-bilimleri-enstitusu\/wp-content\/uploads\/sites\/788\/2020\/07\/APA-6-ile-APA-7-Arasindaki-Farklar-ve-Tez-Yazim-Kilavuzunda-Yapilan-Degisiklikler.docx\">\n\n\t\t\t\t\t\t\t\t\t\t\t\t<span class=\"elementor-icon-list-icon\">\n\t\t\t\t\t\t\t<i aria-hidden=\"true\" class=\"fas fa-link\"><\/i>\t\t\t\t\t\t<\/span>\n\t\t\t\t\t\t\t\t\t\t<span class=\"elementor-icon-list-text\">APA 6 ile APA 7 Aras\u0131ndaki Farklar ve Tez Yaz\u0131m K\u0131lavuzunda Yap\u0131lan De\u011fi\u015fiklikler<\/span>\n\t\t\t\t\t\t\t\t\t\t\t<\/a>\n\t\t\t\t\t\t\t\t\t<\/li>\n\t\t\t\t\t\t\t\t<li class=\"elementor-icon-list-item\">\n\t\t\t\t\t\t\t\t\t\t\t<a href=\"https:\/\/birimler.atauni.edu.tr\/egitim-bilimleri-enstitusu\/wp-content\/uploads\/sites\/788\/2020\/07\/Basliklandirma-Ornegi.docx\">\n\n\t\t\t\t\t\t\t\t\t\t\t\t<span class=\"elementor-icon-list-icon\">\n\t\t\t\t\t\t\t<i aria-hidden=\"true\" class=\"fas fa-link\"><\/i>\t\t\t\t\t\t<\/span>\n\t\t\t\t\t\t\t\t\t\t<span class=\"elementor-icon-list-text\">Ba\u015fl\u0131kland\u0131rma \u00d6rne\u011fi<\/span>\n\t\t\t\t\t\t\t\t\t\t\t<\/a>\n\t\t\t\t\t\t\t\t\t<\/li>\n\t\t\t\t\t\t\t\t<li class=\"elementor-icon-list-item\">\n\t\t\t\t\t\t\t\t\t\t\t<a href=\"https:\/\/birimler.atauni.edu.tr\/egitim-bilimleri-enstitusu\/wp-content\/uploads\/sites\/788\/2020\/07\/Donem-Projesi-Sablonu-Kuramsal-Arastirmalar-Icin.docx\">\n\n\t\t\t\t\t\t\t\t\t\t\t\t<span class=\"elementor-icon-list-icon\">\n\t\t\t\t\t\t\t<i aria-hidden=\"true\" class=\"fas fa-link\"><\/i>\t\t\t\t\t\t<\/span>\n\t\t\t\t\t\t\t\t\t\t<span class=\"elementor-icon-list-text\">D\u00f6nem Projesi \u015eablonu - Kuramsal Ara\u015ft\u0131rmalar \u0130\u00e7in<\/span>\n\t\t\t\t\t\t\t\t\t\t\t<\/a>\n\t\t\t\t\t\t\t\t\t<\/li>\n\t\t\t\t\t\t\t\t<li class=\"elementor-icon-list-item\">\n\t\t\t\t\t\t\t\t\t\t\t<a href=\"https:\/\/birimler.atauni.edu.tr\/egitim-bilimleri-enstitusu\/wp-content\/uploads\/sites\/788\/2020\/07\/Donem-Projesi-Sablonu-Uygulamali-Arastirmalar-Icin.docx\">\n\n\t\t\t\t\t\t\t\t\t\t\t\t<span class=\"elementor-icon-list-icon\">\n\t\t\t\t\t\t\t<i aria-hidden=\"true\" class=\"fas fa-link\"><\/i>\t\t\t\t\t\t<\/span>\n\t\t\t\t\t\t\t\t\t\t<span class=\"elementor-icon-list-text\">D\u00f6nem Projesi \u015eablonu - Uygulamal\u0131 Ara\u015ft\u0131rmalar \u0130\u00e7in<\/span>\n\t\t\t\t\t\t\t\t\t\t\t<\/a>\n\t\t\t\t\t\t\t\t\t<\/li>\n\t\t\t\t\t\t<\/ul>\n\t\t\t\t\t\t<\/div>\n\t\t\t\t<\/div>\n\t\t\t\t\t<\/div>\n\t\t<\/div>\n\t\t\t\t\t<\/div>\n\t\t<\/section>\n\t\t\t\t<section class=\"elementor-section elementor-top-section elementor-element elementor-element-76758d5 elementor-section-boxed elementor-section-height-default elementor-section-height-default\" data-id=\"76758d5\" data-element_type=\"section\">\n\t\t\t\t\t\t<div class=\"elementor-container elementor-column-gap-default\">\n\t\t\t\t\t<div class=\"elementor-column elementor-col-100 elementor-top-column elementor-element elementor-element-ec85c9d\" data-id=\"ec85c9d\" data-element_type=\"column\">\n\t\t\t<div class=\"elementor-widget-wrap elementor-element-populated\">\n\t\t\t\t\t\t<div class=\"elementor-element elementor-element-69f4a86 elementor-widget elementor-widget-spacer\" data-id=\"69f4a86\" data-element_type=\"widget\" data-widget_type=\"spacer.default\">\n\t\t\t\t<div class=\"elementor-widget-container\">\n\t\t\t\t\t\t\t<div class=\"elementor-spacer\">\n\t\t\t<div class=\"elementor-spacer-inner\"><\/div>\n\t\t<\/div>\n\t\t\t\t\t\t<\/div>\n\t\t\t\t<\/div>\n\t\t\t\t\t<\/div>\n\t\t<\/div>\n\t\t\t\t\t<\/div>\n\t\t<\/section>\n\t\t\t\t<\/div>\n\t\t","protected":false},"excerpt":{"rendered":"<p>\u00d6neri ve Tez Yaz\u0131m K\u0131lavuzlar\u0131 Lisans\u00fcst\u00fc \u00f6\u011frenciler i\u00e7in\u00a0Tez \u00d6neri Yaz\u0131m K\u0131lavuzu, Tez Yaz\u0131m K\u0131lavuzu\u00a0ve\u00a0Kabul ve Onay Tutana\u011f\u0131 &#8211; Etik ve Bildirim Sayfas\u0131\u00a0dosyalar\u0131na a\u015fa\u011f\u0131dan eri\u015filebilir. Yine tez ve\/veya tez \u00f6nerisi yaz\u0131m\u0131nda kolayl\u0131k sa\u011flamas\u0131 amac\u0131yla bi\u00e7im ayarlar\u0131 yap\u0131lm\u0131\u015f\u00a0tez\u00a0ve\u00a0tez \u00f6neri\u00a0\u015fablonlar\u0131 haz\u0131rlanm\u0131\u015ft\u0131r. Tez veya tez \u00f6nerisi yaz\u0131m\u0131na ba\u015flamadan \u00f6nce kendinize uygun olan \u015fablonu indirip ilgili dosya \u00fczerinde dosyan\u0131n bi\u00e7im [&hellip;]<\/p>\n","protected":false},"author":632,"featured_media":0,"parent":0,"menu_order":0,"comment_status":"closed","ping_status":"closed","template":"elementor_header_footer","meta":{"footnotes":""},"class_list":["post-6573","page","type-page","status-publish","hentry"],"_links":{"self":[{"href":"https:\/\/atauni.edu.tr\/odak\/wp-json\/wp\/v2\/pages\/6573","targetHints":{"allow":["GET"]}}],"collection":[{"href":"https:\/\/atauni.edu.tr\/odak\/wp-json\/wp\/v2\/pages"}],"about":[{"href":"https:\/\/atauni.edu.tr\/odak\/wp-json\/wp\/v2\/types\/page"}],"author":[{"embeddable":true,"href":"https:\/\/atauni.edu.tr\/odak\/wp-json\/wp\/v2\/users\/632"}],"replies":[{"embeddable":true,"href":"https:\/\/atauni.edu.tr\/odak\/wp-json\/wp\/v2\/comments?post=6573"}],"version-history":[{"count":43,"href":"https:\/\/atauni.edu.tr\/odak\/wp-json\/wp\/v2\/pages\/6573\/revisions"}],"predecessor-version":[{"id":8450,"href":"https:\/\/atauni.edu.tr\/odak\/wp-json\/wp\/v2\/pages\/6573\/revisions\/8450"}],"wp:attachment":[{"href":"https:\/\/atauni.edu.tr\/odak\/wp-json\/wp\/v2\/media?parent=6573"}],"curies":[{"name":"wp","href":"https:\/\/api.w.org\/{rel}","templated":true}]}}