{"id":6737,"date":"2024-12-17T15:46:01","date_gmt":"2024-12-17T12:46:01","guid":{"rendered":"https:\/\/birimler.atauni.edu.tr\/odak\/?page_id=6737"},"modified":"2025-02-19T08:31:21","modified_gmt":"2025-02-19T05:31:21","slug":"enstitu-kalite-komisyonu","status":"publish","type":"page","link":"https:\/\/atauni.edu.tr\/odak\/enstitu-kalite-komisyonu\/","title":{"rendered":"Enstit\u00fc Kalite Komisyonu"},"content":{"rendered":"\t\t<div data-elementor-type=\"wp-page\" data-elementor-id=\"6737\" class=\"elementor elementor-6737\" data-elementor-post-type=\"page\">\n\t\t\t\t\t\t<section class=\"elementor-section elementor-top-section elementor-element elementor-element-0e52ad9 elementor-section-boxed elementor-section-height-default elementor-section-height-default\" data-id=\"0e52ad9\" data-element_type=\"section\">\n\t\t\t\t\t\t<div class=\"elementor-container elementor-column-gap-default\">\n\t\t\t\t\t<div class=\"elementor-column elementor-col-100 elementor-top-column elementor-element elementor-element-36bb152\" data-id=\"36bb152\" data-element_type=\"column\">\n\t\t\t<div class=\"elementor-widget-wrap elementor-element-populated\">\n\t\t\t\t\t\t<div class=\"elementor-element elementor-element-f069a3e elementor-widget elementor-widget-spacer\" data-id=\"f069a3e\" data-element_type=\"widget\" data-widget_type=\"spacer.default\">\n\t\t\t\t<div class=\"elementor-widget-container\">\n\t\t\t\t\t\t\t<div class=\"elementor-spacer\">\n\t\t\t<div class=\"elementor-spacer-inner\"><\/div>\n\t\t<\/div>\n\t\t\t\t\t\t<\/div>\n\t\t\t\t<\/div>\n\t\t\t\t\t<\/div>\n\t\t<\/div>\n\t\t\t\t\t<\/div>\n\t\t<\/section>\n\t\t\t\t<section class=\"elementor-section elementor-top-section elementor-element elementor-element-bb02c3e elementor-section-boxed elementor-section-height-default elementor-section-height-default\" data-id=\"bb02c3e\" data-element_type=\"section\">\n\t\t\t\t\t\t<div class=\"elementor-container elementor-column-gap-default\">\n\t\t\t\t\t<div class=\"elementor-column elementor-col-100 elementor-top-column elementor-element elementor-element-e0b1c3b\" data-id=\"e0b1c3b\" data-element_type=\"column\">\n\t\t\t<div class=\"elementor-widget-wrap elementor-element-populated\">\n\t\t\t\t\t\t<div class=\"elementor-element elementor-element-a94fbbe elementor-widget elementor-widget-heading\" data-id=\"a94fbbe\" data-element_type=\"widget\" data-widget_type=\"heading.default\">\n\t\t\t\t<div class=\"elementor-widget-container\">\n\t\t\t\t\t<h2 class=\"elementor-heading-title elementor-size-default\">Enstit\u00fc Kalite Komisyonu<\/h2>\t\t\t\t<\/div>\n\t\t\t\t<\/div>\n\t\t\t\t<div class=\"elementor-element elementor-element-e5426d5 elementor-widget-divider--view-line elementor-widget elementor-widget-divider\" data-id=\"e5426d5\" data-element_type=\"widget\" data-widget_type=\"divider.default\">\n\t\t\t\t<div class=\"elementor-widget-container\">\n\t\t\t\t\t\t\t<div class=\"elementor-divider\">\n\t\t\t<span class=\"elementor-divider-separator\">\n\t\t\t\t\t\t<\/span>\n\t\t<\/div>\n\t\t\t\t\t\t<\/div>\n\t\t\t\t<\/div>\n\t\t\t\t\t<\/div>\n\t\t<\/div>\n\t\t\t\t\t<\/div>\n\t\t<\/section>\n\t\t\t\t<section class=\"elementor-section elementor-top-section elementor-element elementor-element-339c8e7 elementor-section-boxed elementor-section-height-default elementor-section-height-default\" data-id=\"339c8e7\" data-element_type=\"section\">\n\t\t\t\t\t\t<div class=\"elementor-container elementor-column-gap-default\">\n\t\t\t\t\t<div class=\"elementor-column elementor-col-100 elementor-top-column elementor-element elementor-element-0ee2b0c\" data-id=\"0ee2b0c\" data-element_type=\"column\">\n\t\t\t<div class=\"elementor-widget-wrap elementor-element-populated\">\n\t\t\t\t\t\t<div class=\"elementor-element elementor-element-56605f3 elementor-widget elementor-widget-text-editor\" data-id=\"56605f3\" data-element_type=\"widget\" data-widget_type=\"text-editor.default\">\n\t\t\t\t<div class=\"elementor-widget-container\">\n\t\t\t\t\t\t\t\t\t<p><span style=\"font-weight: bolder;\">Prof. Dr. Refik D\u0130LBER<\/span>\u00a0\u2013 Ba\u015fkan<br \/><br \/><span style=\"font-weight: bolder;\">Do\u00e7. Dr. Aynur KARABACAK \u00c7EL\u0130K<\/span>\u00a0\u2013 \u00dcye<br \/><br \/><span style=\"font-weight: bolder;\">Prof. Dr. Mete ALIM<\/span>\u00a0\u2013 \u00dcye<br \/><br \/><span style=\"font-weight: bolder;\">Prof. Dr. Alper \u00c7\u0130LTA\u015e<\/span>\u00a0\u2013 \u00dcye<br \/><br \/><span style=\"font-weight: bolder;\">Prof. Dr. Sinan KO\u00c7Y\u0130\u011e\u0130T<\/span>\u00a0\u2013 \u00dcye<br \/><br \/><span style=\"font-weight: bolder;\">Do\u00e7. Dr. Ceyhun OZAN<\/span>\u00a0\u2013 \u00dcye<br \/><br \/><span style=\"font-weight: bolder;\">Do\u00e7. Dr. Serkan YILDIRIM<\/span>\u00a0\u2013 \u00dcye<br \/><br \/><span style=\"font-weight: bolder;\">Do\u00e7. Dr. Adnan TA\u015eGIN<\/span>\u00a0\u2013 \u00dcye<br \/><br \/><span style=\"font-weight: bolder;\">Ergun AY\u015eEN<\/span>\u00a0\u2013 \u00dcye \u2013 Enstit\u00fc Sekreteri<br \/><br \/><span style=\"font-weight: bolder;\">Yeter \u00dcNL\u00dc<\/span>\u00a0\u2013 \u00dcye \u2013 Doktora \u00d6\u011frencisi<\/p>\t\t\t\t\t\t\t\t<\/div>\n\t\t\t\t<\/div>\n\t\t\t\t\t<\/div>\n\t\t<\/div>\n\t\t\t\t\t<\/div>\n\t\t<\/section>\n\t\t\t\t<section class=\"elementor-section elementor-top-section elementor-element elementor-element-7826ba6 elementor-section-boxed elementor-section-height-default elementor-section-height-default\" data-id=\"7826ba6\" data-element_type=\"section\">\n\t\t\t\t\t\t<div class=\"elementor-container elementor-column-gap-default\">\n\t\t\t\t\t<div class=\"elementor-column elementor-col-100 elementor-top-column elementor-element elementor-element-c43dd2b\" data-id=\"c43dd2b\" data-element_type=\"column\">\n\t\t\t<div class=\"elementor-widget-wrap elementor-element-populated\">\n\t\t\t\t\t\t<div class=\"elementor-element elementor-element-ad9c70b elementor-widget elementor-widget-spacer\" data-id=\"ad9c70b\" data-element_type=\"widget\" data-widget_type=\"spacer.default\">\n\t\t\t\t<div class=\"elementor-widget-container\">\n\t\t\t\t\t\t\t<div class=\"elementor-spacer\">\n\t\t\t<div class=\"elementor-spacer-inner\"><\/div>\n\t\t<\/div>\n\t\t\t\t\t\t<\/div>\n\t\t\t\t<\/div>\n\t\t\t\t\t<\/div>\n\t\t<\/div>\n\t\t\t\t\t<\/div>\n\t\t<\/section>\n\t\t\t\t<\/div>\n\t\t","protected":false},"excerpt":{"rendered":"<p>Enstit\u00fc Kalite Komisyonu Prof. Dr. Refik D\u0130LBER\u00a0\u2013 Ba\u015fkan Do\u00e7. Dr. Aynur KARABACAK \u00c7EL\u0130K\u00a0\u2013 \u00dcye Prof. Dr. Mete ALIM\u00a0\u2013 \u00dcye Prof. Dr. Alper \u00c7\u0130LTA\u015e\u00a0\u2013 \u00dcye Prof. Dr. Sinan KO\u00c7Y\u0130\u011e\u0130T\u00a0\u2013 \u00dcye Do\u00e7. Dr. Ceyhun OZAN\u00a0\u2013 \u00dcye Do\u00e7. Dr. Serkan YILDIRIM\u00a0\u2013 \u00dcye Do\u00e7. Dr. Adnan TA\u015eGIN\u00a0\u2013 \u00dcye Ergun AY\u015eEN\u00a0\u2013 \u00dcye \u2013 Enstit\u00fc Sekreteri Yeter \u00dcNL\u00dc\u00a0\u2013 \u00dcye \u2013 Doktora [&hellip;]<\/p>\n","protected":false},"author":632,"featured_media":0,"parent":0,"menu_order":0,"comment_status":"closed","ping_status":"closed","template":"elementor_header_footer","meta":{"footnotes":""},"class_list":["post-6737","page","type-page","status-publish","hentry"],"_links":{"self":[{"href":"https:\/\/atauni.edu.tr\/odak\/wp-json\/wp\/v2\/pages\/6737","targetHints":{"allow":["GET"]}}],"collection":[{"href":"https:\/\/atauni.edu.tr\/odak\/wp-json\/wp\/v2\/pages"}],"about":[{"href":"https:\/\/atauni.edu.tr\/odak\/wp-json\/wp\/v2\/types\/page"}],"author":[{"embeddable":true,"href":"https:\/\/atauni.edu.tr\/odak\/wp-json\/wp\/v2\/users\/632"}],"replies":[{"embeddable":true,"href":"https:\/\/atauni.edu.tr\/odak\/wp-json\/wp\/v2\/comments?post=6737"}],"version-history":[{"count":16,"href":"https:\/\/atauni.edu.tr\/odak\/wp-json\/wp\/v2\/pages\/6737\/revisions"}],"predecessor-version":[{"id":8159,"href":"https:\/\/atauni.edu.tr\/odak\/wp-json\/wp\/v2\/pages\/6737\/revisions\/8159"}],"wp:attachment":[{"href":"https:\/\/atauni.edu.tr\/odak\/wp-json\/wp\/v2\/media?parent=6737"}],"curies":[{"name":"wp","href":"https:\/\/api.w.org\/{rel}","templated":true}]}}