{"id":6749,"date":"2024-12-17T15:47:24","date_gmt":"2024-12-17T12:47:24","guid":{"rendered":"https:\/\/birimler.atauni.edu.tr\/odak\/?page_id=6749"},"modified":"2025-02-19T08:36:32","modified_gmt":"2025-02-19T05:36:32","slug":"ic-degerlendirme-komisyonu","status":"publish","type":"page","link":"https:\/\/atauni.edu.tr\/odak\/ic-degerlendirme-komisyonu\/","title":{"rendered":"\u0130\u00e7 De\u011ferlendirme Komisyonu"},"content":{"rendered":"\t\t<div data-elementor-type=\"wp-page\" data-elementor-id=\"6749\" class=\"elementor elementor-6749\" data-elementor-post-type=\"page\">\n\t\t\t\t\t\t<section class=\"elementor-section elementor-top-section elementor-element elementor-element-65fdf50 elementor-section-boxed elementor-section-height-default elementor-section-height-default\" data-id=\"65fdf50\" data-element_type=\"section\">\n\t\t\t\t\t\t<div class=\"elementor-container elementor-column-gap-default\">\n\t\t\t\t\t<div class=\"elementor-column elementor-col-100 elementor-top-column elementor-element elementor-element-ba4789d\" data-id=\"ba4789d\" data-element_type=\"column\">\n\t\t\t<div class=\"elementor-widget-wrap elementor-element-populated\">\n\t\t\t\t\t\t<div class=\"elementor-element elementor-element-f75be3c elementor-widget elementor-widget-spacer\" data-id=\"f75be3c\" data-element_type=\"widget\" data-widget_type=\"spacer.default\">\n\t\t\t\t<div class=\"elementor-widget-container\">\n\t\t\t\t\t\t\t<div class=\"elementor-spacer\">\n\t\t\t<div class=\"elementor-spacer-inner\"><\/div>\n\t\t<\/div>\n\t\t\t\t\t\t<\/div>\n\t\t\t\t<\/div>\n\t\t\t\t\t<\/div>\n\t\t<\/div>\n\t\t\t\t\t<\/div>\n\t\t<\/section>\n\t\t\t\t<section class=\"elementor-section elementor-top-section elementor-element elementor-element-2eca562 elementor-section-boxed elementor-section-height-default elementor-section-height-default\" data-id=\"2eca562\" data-element_type=\"section\">\n\t\t\t\t\t\t<div class=\"elementor-container elementor-column-gap-default\">\n\t\t\t\t\t<div class=\"elementor-column elementor-col-100 elementor-top-column elementor-element elementor-element-eedc01a\" data-id=\"eedc01a\" data-element_type=\"column\">\n\t\t\t<div class=\"elementor-widget-wrap elementor-element-populated\">\n\t\t\t\t\t\t<div class=\"elementor-element elementor-element-d2e29c2 elementor-widget elementor-widget-heading\" data-id=\"d2e29c2\" data-element_type=\"widget\" data-widget_type=\"heading.default\">\n\t\t\t\t<div class=\"elementor-widget-container\">\n\t\t\t\t\t<h2 class=\"elementor-heading-title elementor-size-default\">\u0130\u00e7 De\u011ferlendirme Komisyonu<\/h2>\t\t\t\t<\/div>\n\t\t\t\t<\/div>\n\t\t\t\t<div class=\"elementor-element elementor-element-31282a1 elementor-widget-divider--view-line elementor-widget elementor-widget-divider\" data-id=\"31282a1\" data-element_type=\"widget\" data-widget_type=\"divider.default\">\n\t\t\t\t<div class=\"elementor-widget-container\">\n\t\t\t\t\t\t\t<div class=\"elementor-divider\">\n\t\t\t<span class=\"elementor-divider-separator\">\n\t\t\t\t\t\t<\/span>\n\t\t<\/div>\n\t\t\t\t\t\t<\/div>\n\t\t\t\t<\/div>\n\t\t\t\t\t<\/div>\n\t\t<\/div>\n\t\t\t\t\t<\/div>\n\t\t<\/section>\n\t\t\t\t<section class=\"elementor-section elementor-top-section elementor-element elementor-element-c09b1ce elementor-section-boxed elementor-section-height-default elementor-section-height-default\" data-id=\"c09b1ce\" data-element_type=\"section\">\n\t\t\t\t\t\t<div class=\"elementor-container elementor-column-gap-default\">\n\t\t\t\t\t<div class=\"elementor-column elementor-col-100 elementor-top-column elementor-element elementor-element-be7c969\" data-id=\"be7c969\" data-element_type=\"column\">\n\t\t\t<div class=\"elementor-widget-wrap elementor-element-populated\">\n\t\t\t\t\t\t<div class=\"elementor-element elementor-element-df491a9 elementor-widget elementor-widget-text-editor\" data-id=\"df491a9\" data-element_type=\"widget\" data-widget_type=\"text-editor.default\">\n\t\t\t\t<div class=\"elementor-widget-container\">\n\t\t\t\t\t\t\t\t\t<p><span style=\"font-weight: bolder;\">Prof. Dr. Refik D\u0130LBER<\/span>\u00a0\u2013 Ba\u015fkan<br \/><br \/><span style=\"font-weight: bolder;\">Prof. Dr. Og\u00fcn CO\u015eKUN<\/span>\u00a0\u2013 Ba\u015fkan Yrd.<br \/><br \/><span style=\"font-weight: bolder;\">Do\u00e7. Dr. Aynur KARABACAK \u00c7EL\u0130K<\/span>\u00a0\u2013 \u00dcye \u2013 Enstit\u00fc M\u00fcd\u00fcr Yrd.<br \/><br \/><span style=\"font-weight: bolder;\">Do\u00e7. Dr. Ceyhun OZAN<\/span>\u00a0\u2013 \u00dcye<br \/><br \/><span style=\"font-weight: bolder;\">Do\u00e7. Dr. \u0130sa YILDIRIM<\/span>\u00a0\u2013 \u00dcye<br \/><br \/><span style=\"font-weight: bolder;\">Do\u00e7. Dr. Zeynep C\u0130N \u015eEKER<\/span>\u00a0\u2013 \u00dcye<br \/><br \/><span style=\"font-weight: bolder;\">Dr. \u00d6\u011fr. \u00dcyesi M\u00fcr\u00fcvvet DEM\u0130RAL<\/span>\u00a0\u00dcZAN \u2013 \u00dcye<br \/><br \/><span style=\"font-weight: bolder;\">Dr. \u00d6\u011fr. \u00dcyesi \u00d6zlem OKTAY<\/span>\u00a0\u2013 \u00dcye<br \/><br \/><span style=\"font-weight: bolder;\">Ar\u015f. G\u00f6r. Dr. Sibel B\u0130LG\u0130L\u0130<\/span>\u00a0\u2013 \u00dcye \u2013 \u00d6\u011frenci Temsilcisi<br \/><br \/><span style=\"font-weight: bolder;\">Ergun AY\u015eEN<\/span>\u00a0\u2013 \u00dcye \u2013 Enstit\u00fc Sekreteri<\/p>\t\t\t\t\t\t\t\t<\/div>\n\t\t\t\t<\/div>\n\t\t\t\t\t<\/div>\n\t\t<\/div>\n\t\t\t\t\t<\/div>\n\t\t<\/section>\n\t\t\t\t<section class=\"elementor-section elementor-top-section elementor-element elementor-element-d80ca9b elementor-section-boxed elementor-section-height-default elementor-section-height-default\" data-id=\"d80ca9b\" data-element_type=\"section\">\n\t\t\t\t\t\t<div class=\"elementor-container elementor-column-gap-default\">\n\t\t\t\t\t<div class=\"elementor-column elementor-col-100 elementor-top-column elementor-element elementor-element-ca3f055\" data-id=\"ca3f055\" data-element_type=\"column\">\n\t\t\t<div class=\"elementor-widget-wrap elementor-element-populated\">\n\t\t\t\t\t\t<div class=\"elementor-element elementor-element-b7c615e elementor-widget elementor-widget-spacer\" data-id=\"b7c615e\" data-element_type=\"widget\" data-widget_type=\"spacer.default\">\n\t\t\t\t<div class=\"elementor-widget-container\">\n\t\t\t\t\t\t\t<div class=\"elementor-spacer\">\n\t\t\t<div class=\"elementor-spacer-inner\"><\/div>\n\t\t<\/div>\n\t\t\t\t\t\t<\/div>\n\t\t\t\t<\/div>\n\t\t\t\t\t<\/div>\n\t\t<\/div>\n\t\t\t\t\t<\/div>\n\t\t<\/section>\n\t\t\t\t<\/div>\n\t\t","protected":false},"excerpt":{"rendered":"<p>\u0130\u00e7 De\u011ferlendirme Komisyonu Prof. Dr. Refik D\u0130LBER\u00a0\u2013 Ba\u015fkan Prof. Dr. Og\u00fcn CO\u015eKUN\u00a0\u2013 Ba\u015fkan Yrd. Do\u00e7. Dr. Aynur KARABACAK \u00c7EL\u0130K\u00a0\u2013 \u00dcye \u2013 Enstit\u00fc M\u00fcd\u00fcr Yrd. Do\u00e7. Dr. Ceyhun OZAN\u00a0\u2013 \u00dcye Do\u00e7. Dr. \u0130sa YILDIRIM\u00a0\u2013 \u00dcye Do\u00e7. Dr. Zeynep C\u0130N \u015eEKER\u00a0\u2013 \u00dcye Dr. \u00d6\u011fr. \u00dcyesi M\u00fcr\u00fcvvet DEM\u0130RAL\u00a0\u00dcZAN \u2013 \u00dcye Dr. \u00d6\u011fr. \u00dcyesi \u00d6zlem OKTAY\u00a0\u2013 \u00dcye Ar\u015f. G\u00f6r. [&hellip;]<\/p>\n","protected":false},"author":632,"featured_media":0,"parent":0,"menu_order":0,"comment_status":"closed","ping_status":"closed","template":"elementor_header_footer","meta":{"footnotes":""},"class_list":["post-6749","page","type-page","status-publish","hentry"],"_links":{"self":[{"href":"https:\/\/atauni.edu.tr\/odak\/wp-json\/wp\/v2\/pages\/6749","targetHints":{"allow":["GET"]}}],"collection":[{"href":"https:\/\/atauni.edu.tr\/odak\/wp-json\/wp\/v2\/pages"}],"about":[{"href":"https:\/\/atauni.edu.tr\/odak\/wp-json\/wp\/v2\/types\/page"}],"author":[{"embeddable":true,"href":"https:\/\/atauni.edu.tr\/odak\/wp-json\/wp\/v2\/users\/632"}],"replies":[{"embeddable":true,"href":"https:\/\/atauni.edu.tr\/odak\/wp-json\/wp\/v2\/comments?post=6749"}],"version-history":[{"count":19,"href":"https:\/\/atauni.edu.tr\/odak\/wp-json\/wp\/v2\/pages\/6749\/revisions"}],"predecessor-version":[{"id":8179,"href":"https:\/\/atauni.edu.tr\/odak\/wp-json\/wp\/v2\/pages\/6749\/revisions\/8179"}],"wp:attachment":[{"href":"https:\/\/atauni.edu.tr\/odak\/wp-json\/wp\/v2\/media?parent=6749"}],"curies":[{"name":"wp","href":"https:\/\/api.w.org\/{rel}","templated":true}]}}