{"id":6752,"date":"2024-12-17T15:47:42","date_gmt":"2024-12-17T12:47:42","guid":{"rendered":"https:\/\/birimler.atauni.edu.tr\/odak\/?page_id=6752"},"modified":"2025-02-19T08:37:29","modified_gmt":"2025-02-19T05:37:29","slug":"toplumsal-katki-komisyonu","status":"publish","type":"page","link":"https:\/\/atauni.edu.tr\/odak\/toplumsal-katki-komisyonu\/","title":{"rendered":"Toplumsal Katk\u0131 Komisyonu"},"content":{"rendered":"\t\t<div data-elementor-type=\"wp-page\" data-elementor-id=\"6752\" class=\"elementor elementor-6752\" data-elementor-post-type=\"page\">\n\t\t\t\t\t\t<section class=\"elementor-section elementor-top-section elementor-element elementor-element-9f75870 elementor-section-boxed elementor-section-height-default elementor-section-height-default\" data-id=\"9f75870\" data-element_type=\"section\">\n\t\t\t\t\t\t<div class=\"elementor-container elementor-column-gap-default\">\n\t\t\t\t\t<div class=\"elementor-column elementor-col-100 elementor-top-column elementor-element elementor-element-8022d96\" data-id=\"8022d96\" data-element_type=\"column\">\n\t\t\t<div class=\"elementor-widget-wrap elementor-element-populated\">\n\t\t\t\t\t\t<div class=\"elementor-element elementor-element-e21be7f elementor-widget elementor-widget-spacer\" data-id=\"e21be7f\" data-element_type=\"widget\" data-widget_type=\"spacer.default\">\n\t\t\t\t<div class=\"elementor-widget-container\">\n\t\t\t\t\t\t\t<div class=\"elementor-spacer\">\n\t\t\t<div class=\"elementor-spacer-inner\"><\/div>\n\t\t<\/div>\n\t\t\t\t\t\t<\/div>\n\t\t\t\t<\/div>\n\t\t\t\t\t<\/div>\n\t\t<\/div>\n\t\t\t\t\t<\/div>\n\t\t<\/section>\n\t\t\t\t<section class=\"elementor-section elementor-top-section elementor-element elementor-element-069dd50 elementor-section-boxed elementor-section-height-default elementor-section-height-default\" data-id=\"069dd50\" data-element_type=\"section\">\n\t\t\t\t\t\t<div class=\"elementor-container elementor-column-gap-default\">\n\t\t\t\t\t<div class=\"elementor-column elementor-col-100 elementor-top-column elementor-element elementor-element-86f567a\" data-id=\"86f567a\" data-element_type=\"column\">\n\t\t\t<div class=\"elementor-widget-wrap elementor-element-populated\">\n\t\t\t\t\t\t<div class=\"elementor-element elementor-element-97d0562 elementor-widget elementor-widget-heading\" data-id=\"97d0562\" data-element_type=\"widget\" data-widget_type=\"heading.default\">\n\t\t\t\t<div class=\"elementor-widget-container\">\n\t\t\t\t\t<h2 class=\"elementor-heading-title elementor-size-default\">Toplumsal Katk\u0131 Komisyonu<\/h2>\t\t\t\t<\/div>\n\t\t\t\t<\/div>\n\t\t\t\t<div class=\"elementor-element elementor-element-b7fe974 elementor-widget-divider--view-line elementor-widget elementor-widget-divider\" data-id=\"b7fe974\" data-element_type=\"widget\" data-widget_type=\"divider.default\">\n\t\t\t\t<div class=\"elementor-widget-container\">\n\t\t\t\t\t\t\t<div class=\"elementor-divider\">\n\t\t\t<span class=\"elementor-divider-separator\">\n\t\t\t\t\t\t<\/span>\n\t\t<\/div>\n\t\t\t\t\t\t<\/div>\n\t\t\t\t<\/div>\n\t\t\t\t\t<\/div>\n\t\t<\/div>\n\t\t\t\t\t<\/div>\n\t\t<\/section>\n\t\t\t\t<section class=\"elementor-section elementor-top-section elementor-element elementor-element-ca2ef33 elementor-section-boxed elementor-section-height-default elementor-section-height-default\" data-id=\"ca2ef33\" data-element_type=\"section\">\n\t\t\t\t\t\t<div class=\"elementor-container elementor-column-gap-default\">\n\t\t\t\t\t<div class=\"elementor-column elementor-col-100 elementor-top-column elementor-element elementor-element-ecda2ff\" data-id=\"ecda2ff\" data-element_type=\"column\">\n\t\t\t<div class=\"elementor-widget-wrap elementor-element-populated\">\n\t\t\t\t\t\t<div class=\"elementor-element elementor-element-b862abe elementor-widget elementor-widget-text-editor\" data-id=\"b862abe\" data-element_type=\"widget\" data-widget_type=\"text-editor.default\">\n\t\t\t\t<div class=\"elementor-widget-container\">\n\t\t\t\t\t\t\t\t\t<p><span style=\"font-weight: bolder;\">Prof. Dr. Refik D\u0130LBER<\/span>\u00a0\u2013 Ba\u015fkan<br \/><br \/><span style=\"font-weight: bolder;\">Prof. Dr. Ali YILDIZ<\/span>\u00a0\u2013 Ba\u015fkan Yrd.<br \/><br \/><span style=\"font-weight: bolder;\">Do\u00e7. Dr. G\u00fcrkan YILDIRIM<\/span>\u00a0\u2013 \u00dcye \u2013 Enstit\u00fc M\u00fcd\u00fcr Yrd.<br \/><br \/><span style=\"font-weight: bolder;\">Do\u00e7. Dr. \u015eeyda ERASLAN TA\u015ePINAR<\/span>\u00a0\u2013 \u00dcye<br \/><br \/><span style=\"font-weight: bolder;\">Do\u00e7. Dr. Mehmet Bu\u011fra \u00d6ZHAN<\/span>\u00a0\u2013 \u00dcye<br \/><br \/><span style=\"font-weight: bolder;\">Do\u00e7. Dr. Zeynep C\u0130N \u015eEKER<\/span>\u00a0\u2013 \u00dcye<br \/><br \/><span style=\"font-weight: bolder;\">Dr. \u00d6\u011fr. \u00dcyesi Gamze ALAK<\/span>\u00a0\u2013 \u00dcye<br \/><br \/><span style=\"font-weight: bolder;\">Ar\u015f. G\u00f6r. Dr. Nesibe A\u011eIRMAN<\/span>\u00a0\u2013 \u00dcye \u2013 \u00d6\u011frenci Temsilcisi<br \/><br \/><span style=\"font-weight: bolder;\">Ergun AY\u015eEN<\/span>\u00a0\u2013 \u00dcye \u2013 Enstit\u00fc Sekreteri<\/p>\t\t\t\t\t\t\t\t<\/div>\n\t\t\t\t<\/div>\n\t\t\t\t\t<\/div>\n\t\t<\/div>\n\t\t\t\t\t<\/div>\n\t\t<\/section>\n\t\t\t\t<section class=\"elementor-section elementor-top-section elementor-element elementor-element-9c1aaa7 elementor-section-boxed elementor-section-height-default elementor-section-height-default\" data-id=\"9c1aaa7\" data-element_type=\"section\">\n\t\t\t\t\t\t<div class=\"elementor-container elementor-column-gap-default\">\n\t\t\t\t\t<div class=\"elementor-column elementor-col-100 elementor-top-column elementor-element elementor-element-96824e6\" data-id=\"96824e6\" data-element_type=\"column\">\n\t\t\t<div class=\"elementor-widget-wrap elementor-element-populated\">\n\t\t\t\t\t\t<div class=\"elementor-element elementor-element-acb987f elementor-widget elementor-widget-spacer\" data-id=\"acb987f\" data-element_type=\"widget\" data-widget_type=\"spacer.default\">\n\t\t\t\t<div class=\"elementor-widget-container\">\n\t\t\t\t\t\t\t<div class=\"elementor-spacer\">\n\t\t\t<div class=\"elementor-spacer-inner\"><\/div>\n\t\t<\/div>\n\t\t\t\t\t\t<\/div>\n\t\t\t\t<\/div>\n\t\t\t\t\t<\/div>\n\t\t<\/div>\n\t\t\t\t\t<\/div>\n\t\t<\/section>\n\t\t\t\t<\/div>\n\t\t","protected":false},"excerpt":{"rendered":"<p>Toplumsal Katk\u0131 Komisyonu Prof. Dr. Refik D\u0130LBER\u00a0\u2013 Ba\u015fkan Prof. Dr. Ali YILDIZ\u00a0\u2013 Ba\u015fkan Yrd. Do\u00e7. Dr. G\u00fcrkan YILDIRIM\u00a0\u2013 \u00dcye \u2013 Enstit\u00fc M\u00fcd\u00fcr Yrd. Do\u00e7. Dr. \u015eeyda ERASLAN TA\u015ePINAR\u00a0\u2013 \u00dcye Do\u00e7. Dr. Mehmet Bu\u011fra \u00d6ZHAN\u00a0\u2013 \u00dcye Do\u00e7. Dr. Zeynep C\u0130N \u015eEKER\u00a0\u2013 \u00dcye Dr. \u00d6\u011fr. \u00dcyesi Gamze ALAK\u00a0\u2013 \u00dcye Ar\u015f. G\u00f6r. Dr. Nesibe A\u011eIRMAN\u00a0\u2013 \u00dcye \u2013 \u00d6\u011frenci [&hellip;]<\/p>\n","protected":false},"author":632,"featured_media":0,"parent":0,"menu_order":0,"comment_status":"closed","ping_status":"closed","template":"elementor_header_footer","meta":{"footnotes":""},"class_list":["post-6752","page","type-page","status-publish","hentry"],"_links":{"self":[{"href":"https:\/\/atauni.edu.tr\/odak\/wp-json\/wp\/v2\/pages\/6752","targetHints":{"allow":["GET"]}}],"collection":[{"href":"https:\/\/atauni.edu.tr\/odak\/wp-json\/wp\/v2\/pages"}],"about":[{"href":"https:\/\/atauni.edu.tr\/odak\/wp-json\/wp\/v2\/types\/page"}],"author":[{"embeddable":true,"href":"https:\/\/atauni.edu.tr\/odak\/wp-json\/wp\/v2\/users\/632"}],"replies":[{"embeddable":true,"href":"https:\/\/atauni.edu.tr\/odak\/wp-json\/wp\/v2\/comments?post=6752"}],"version-history":[{"count":16,"href":"https:\/\/atauni.edu.tr\/odak\/wp-json\/wp\/v2\/pages\/6752\/revisions"}],"predecessor-version":[{"id":8182,"href":"https:\/\/atauni.edu.tr\/odak\/wp-json\/wp\/v2\/pages\/6752\/revisions\/8182"}],"wp:attachment":[{"href":"https:\/\/atauni.edu.tr\/odak\/wp-json\/wp\/v2\/media?parent=6752"}],"curies":[{"name":"wp","href":"https:\/\/api.w.org\/{rel}","templated":true}]}}