{"id":6775,"date":"2024-12-17T16:15:58","date_gmt":"2024-12-17T13:15:58","guid":{"rendered":"https:\/\/birimler.atauni.edu.tr\/odak\/?page_id=6775"},"modified":"2025-02-19T08:28:11","modified_gmt":"2025-02-19T05:28:11","slug":"hizmet-ici-egitim","status":"publish","type":"page","link":"https:\/\/atauni.edu.tr\/odak\/hizmet-ici-egitim\/","title":{"rendered":"Hizmet \u0130\u00e7i E\u011fitim"},"content":{"rendered":"\t\t<div data-elementor-type=\"wp-page\" data-elementor-id=\"6775\" class=\"elementor elementor-6775\" data-elementor-post-type=\"page\">\n\t\t\t\t\t\t<section class=\"elementor-section elementor-top-section elementor-element elementor-element-e28aad9 elementor-section-boxed elementor-section-height-default elementor-section-height-default\" data-id=\"e28aad9\" data-element_type=\"section\">\n\t\t\t\t\t\t<div class=\"elementor-container elementor-column-gap-default\">\n\t\t\t\t\t<div class=\"elementor-column elementor-col-100 elementor-top-column elementor-element elementor-element-5a6cd0a\" data-id=\"5a6cd0a\" data-element_type=\"column\">\n\t\t\t<div class=\"elementor-widget-wrap elementor-element-populated\">\n\t\t\t\t\t\t<div class=\"elementor-element elementor-element-2c68b10 elementor-widget elementor-widget-spacer\" data-id=\"2c68b10\" data-element_type=\"widget\" data-widget_type=\"spacer.default\">\n\t\t\t\t<div class=\"elementor-widget-container\">\n\t\t\t\t\t\t\t<div class=\"elementor-spacer\">\n\t\t\t<div class=\"elementor-spacer-inner\"><\/div>\n\t\t<\/div>\n\t\t\t\t\t\t<\/div>\n\t\t\t\t<\/div>\n\t\t\t\t\t<\/div>\n\t\t<\/div>\n\t\t\t\t\t<\/div>\n\t\t<\/section>\n\t\t\t\t<section class=\"elementor-section elementor-top-section elementor-element elementor-element-8339ca1 elementor-section-boxed elementor-section-height-default elementor-section-height-default\" data-id=\"8339ca1\" data-element_type=\"section\">\n\t\t\t\t\t\t<div class=\"elementor-container elementor-column-gap-default\">\n\t\t\t\t\t<div class=\"elementor-column elementor-col-100 elementor-top-column elementor-element elementor-element-86dd364\" data-id=\"86dd364\" data-element_type=\"column\">\n\t\t\t<div class=\"elementor-widget-wrap elementor-element-populated\">\n\t\t\t\t\t\t<div class=\"elementor-element elementor-element-816cd50 elementor-widget elementor-widget-heading\" data-id=\"816cd50\" data-element_type=\"widget\" data-widget_type=\"heading.default\">\n\t\t\t\t<div class=\"elementor-widget-container\">\n\t\t\t\t\t<h2 class=\"elementor-heading-title elementor-size-default\">Hizmet \u0130\u00e7i E\u011fitim<\/h2>\t\t\t\t<\/div>\n\t\t\t\t<\/div>\n\t\t\t\t<div class=\"elementor-element elementor-element-34fb2e6 elementor-widget-divider--view-line elementor-widget elementor-widget-divider\" data-id=\"34fb2e6\" data-element_type=\"widget\" data-widget_type=\"divider.default\">\n\t\t\t\t<div class=\"elementor-widget-container\">\n\t\t\t\t\t\t\t<div class=\"elementor-divider\">\n\t\t\t<span class=\"elementor-divider-separator\">\n\t\t\t\t\t\t<\/span>\n\t\t<\/div>\n\t\t\t\t\t\t<\/div>\n\t\t\t\t<\/div>\n\t\t\t\t\t<\/div>\n\t\t<\/div>\n\t\t\t\t\t<\/div>\n\t\t<\/section>\n\t\t\t\t<section class=\"elementor-section elementor-top-section elementor-element elementor-element-55c70b2 elementor-section-boxed elementor-section-height-default elementor-section-height-default\" data-id=\"55c70b2\" data-element_type=\"section\">\n\t\t\t\t\t\t<div class=\"elementor-container elementor-column-gap-default\">\n\t\t\t\t\t<div class=\"elementor-column elementor-col-100 elementor-top-column elementor-element elementor-element-5f50afa\" data-id=\"5f50afa\" data-element_type=\"column\">\n\t\t\t<div class=\"elementor-widget-wrap elementor-element-populated\">\n\t\t\t\t\t\t<div class=\"elementor-element elementor-element-5fe5bd7 elementor-widget elementor-widget-text-editor\" data-id=\"5fe5bd7\" data-element_type=\"widget\" data-widget_type=\"text-editor.default\">\n\t\t\t\t<div class=\"elementor-widget-container\">\n\t\t\t\t\t\t\t\t\t<p><strong>1.<\/strong> Enstit\u00fc m\u00fcd\u00fcr yard\u0131mc\u0131m\u0131z Do\u00e7. Dr. Ceyhun OZAN, 1 ve 3 Aral\u0131k 2020 tarihlerinde Erzurum Mill\u00ee E\u011fitim M\u00fcd\u00fcrl\u00fc\u011f\u00fcne ba\u011fl\u0131 okullarda g\u00f6revli t\u00fcm ilkokul ve ortaokul \u00f6\u011fretmenlerine &#8220;\u00c7oktan Se\u00e7meli Soru Haz\u0131rlama ve Madde Analizi&#8221; konulu hizmet i\u00e7i e\u011fitim vermi\u015ftir.<\/p><p><strong>2.<\/strong> Enstit\u00fc m\u00fcd\u00fcr yard\u0131mc\u0131m\u0131z Do\u00e7. Dr. Ceyhun OZAN, 8 ve 11 \u015eubat 2021 tarihleri aras\u0131nda Artvin Mill\u00ee E\u011fitim M\u00fcd\u00fcrl\u00fc\u011f\u00fcne ba\u011fl\u0131 okullarda g\u00f6revli t\u00fcm ortaokul ve lise \u00f6\u011fretmenlerine &#8220;\u00c7oktan Se\u00e7meli Soru Haz\u0131rlama ve Madde Analizi&#8221; konulu hizmet i\u00e7i e\u011fitim vermi\u015ftir.<\/p><p><strong>3.<\/strong> Enstit\u00fc m\u00fcd\u00fcr yard\u0131mc\u0131m\u0131z Do\u00e7. Dr. Ceyhun OZAN, 27 \u015eubat 2021 tarihinde Erzurum Mill\u00ee E\u011fitim M\u00fcd\u00fcrl\u00fc\u011f\u00fcne ba\u011fl\u0131 meslek liselerinde g\u00f6revli \u00f6\u011fretmenlere &#8220;Tamamlay\u0131c\u0131 De\u011ferlendirme Y\u00f6ntemleri&#8221; konulu hizmet i\u00e7i e\u011fitim vermi\u015ftir.<\/p><p><strong>4.<\/strong> Enstit\u00fc m\u00fcd\u00fcr yard\u0131mc\u0131m\u0131z Do\u00e7. Dr. Ceyhun OZAN, 06 Temmuz 2021 tarihinde Atat\u00fcrk \u00dcniversitesi Uzaktan E\u011fitim ve Uygulama Merkezi taraf\u0131ndan d\u00fczenlenen &#8220;Pandemi Sonras\u0131 Uzaktan E\u011fitim Uygulamalar\u0131 \u00c7al\u0131\u015ftay\u0131&#8221;na kat\u0131lm\u0131\u015ft\u0131r.<\/p><p><strong>5.<\/strong> Enstit\u00fc m\u00fcd\u00fcr yard\u0131mc\u0131m\u0131z Do\u00e7. Dr. Ceyhun OZAN, 06 Temmuz 2021 tarihinde Atat\u00fcrk \u00dcniversitesi Uzaktan E\u011fitim ve Uygulama Merkezi taraf\u0131ndan d\u00fczenlenen &#8220;Pandemi Sonras\u0131 Uzaktan E\u011fitim Uygulamalar\u0131 \u00c7al\u0131\u015ftay\u0131 2&#8243;ye kat\u0131lm\u0131\u015ft\u0131r.<\/p><p><strong>6.<\/strong> Enstit\u00fc m\u00fcd\u00fcr yard\u0131mc\u0131m\u0131z Do\u00e7. Dr. Ceyhun OZAN, 15 ve 19 Kas\u0131m 2021 tarihleri aras\u0131nda Atat\u00fcrk \u00dcniversitesi S\u00fcrekli E\u011fitim Merkezinin d\u00fczenledi\u011fi e\u011fitim kapsam\u0131nda KUDAKA personeline &#8220;Ara\u015ft\u0131rma Y\u00f6ntemleri ve Veri De\u011ferlendirme E\u011fitimi&#8221; konulu e\u011fitim vermi\u015ftir.<\/p><p><strong>7.<\/strong> Enstit\u00fc m\u00fcd\u00fcr yard\u0131mc\u0131m\u0131z Do\u00e7. Dr. Ceyhun OZAN, 16 \u015eubat 2022 tarihinde Atat\u00fcrk \u00dcniversitesi \u00d6\u011fretme ve \u00d6\u011frenmeyi Geli\u015ftirme Uygulama ve Ara\u015ft\u0131rma Merkezinin d\u00fczenledi\u011fi e\u011fitim kapsam\u0131nda akademik personellere y\u00f6nelik &#8220;G\u00fcncel \u00d6\u011fretim Y\u00f6ntem ve Teknikleri&#8221; konulu e\u011fitim vermi\u015ftir.<\/p><p><strong>8.<\/strong> Enstit\u00fc m\u00fcd\u00fcr yard\u0131mc\u0131m\u0131z Do\u00e7. Dr. Ceyhun OZAN, 30.05.2022-03.06.2022 tarihleri aras\u0131nda Mill\u00ee E\u011fitim Bakanl\u0131\u011f\u0131 taraf\u0131ndan lise \u00f6\u011fretmenlerine y\u00f6nelik d\u00fczenlenen &#8220;Program Okuryazarl\u0131k E\u011fitici E\u011fitimi&#8221; konulu hizmet i\u00e7i e\u011fitim vermi\u015ftir.<\/p><p><strong>9.<\/strong> Enstit\u00fc m\u00fcd\u00fcr yard\u0131mc\u0131m\u0131z Do\u00e7. Dr. Ceyhun OZAN, 19.09.2022-30.09.2022 tarihleri aras\u0131nda Erzurum Mill\u00ee E\u011fitim M\u00fcd\u00fcrl\u00fc\u011f\u00fc taraf\u0131ndan lise \u00f6\u011fretmenlerine y\u00f6nelik d\u00fczenlenen &#8220;Proje Y\u00f6netim S\u00fcreci&#8221; konulu e\u011fitim vermi\u015ftir.<\/p><p><strong>10.<\/strong> Enstit\u00fc m\u00fcd\u00fcr yard\u0131mc\u0131m\u0131z Do\u00e7. Dr. Ceyhun OZAN, 07-08 Ekim 2022 tarihleri aras\u0131nda Atat\u00fcrk \u00dcniversitesi \u00d6\u011fretme ve \u00d6\u011frenmeyi Geli\u015ftirme Uygulama ve Ara\u015ft\u0131rma Merkezinin d\u00fczenledi\u011fi &#8220;Harmanlanm\u0131\u015f \u00d6\u011fretim Uygulamalar\u0131 E\u011fitimi&#8221; kapsam\u0131nda akademik personellere y\u00f6nelik &#8220;Harmanlanm\u0131\u015f \u00d6\u011frenmede G\u00fcncel \u00d6\u011fretim Y\u00f6ntem ve Teknikleri&#8221; konulu e\u011fitim vermi\u015ftir.<\/p><p><strong>11.<\/strong> Enstit\u00fc m\u00fcd\u00fcr yard\u0131mc\u0131m\u0131z Do\u00e7. Dr. Ceyhun OZAN, 14 Kas\u0131m 2022 tarihinde Atat\u00fcrk \u00dcniversitesi Hem\u015firelik Fak\u00fcltesi taraf\u0131ndan d\u00fczenlenen &#8220;Hem\u015firelik E\u011fitiminde \u00d6l\u00e7me De\u011ferlendirme \u00c7al\u0131\u015ftay\u0131&#8221;nda &#8220;Soru Analizi&#8221; konulu e\u011fitim vermi\u015ftir.<\/p><p><strong>12.<\/strong> Enstit\u00fc m\u00fcd\u00fcr yard\u0131mc\u0131m\u0131z Do\u00e7. Dr. Ceyhun OZAN, 16-17 Aral\u0131k 2022 tarihleri aras\u0131nda Atat\u00fcrk \u00dcniversitesi \u00d6\u011fretme ve \u00d6\u011frenmeyi Geli\u015ftirme Uygulama ve Ara\u015ft\u0131rma Merkezinin d\u00fczenledi\u011fi &#8220;Harmanlanm\u0131\u015f \u00d6\u011fretim Uygulamalar\u0131 E\u011fitimi 2&#8221; kapsam\u0131nda akademik personellere y\u00f6nelik &#8220;Harmanlanm\u0131\u015f \u00d6\u011frenmede G\u00fcncel \u00d6\u011fretim Y\u00f6ntem ve Teknikleri&#8221; konulu e\u011fitim vermi\u015ftir.<\/p><p><strong>13.<\/strong> Enstit\u00fc m\u00fcd\u00fcr yard\u0131mc\u0131m\u0131z Do\u00e7. Dr. Ceyhun OZAN, 21-22 Ocak 2023 tarihleri aras\u0131nda Ondokuz May\u0131s \u00dcniversitesi taraf\u0131ndan ger\u00e7ekle\u015ftirilen &#8220;Mill\u00ee Maarif D\u00fc\u015f\u00fcncemizin Temelleri \u00c7al\u0131\u015ftay\u0131&#8221;na \u201c\u0130bn Tufeyl\u201d ba\u015fl\u0131kl\u0131 s\u00f6zl\u00fc sunumuyla kat\u0131lm\u0131\u015ft\u0131r.<\/p>\t\t\t\t\t\t\t\t<\/div>\n\t\t\t\t<\/div>\n\t\t\t\t\t<\/div>\n\t\t<\/div>\n\t\t\t\t\t<\/div>\n\t\t<\/section>\n\t\t\t\t<section class=\"elementor-section elementor-top-section elementor-element elementor-element-b1bb6c2 elementor-section-boxed elementor-section-height-default elementor-section-height-default\" data-id=\"b1bb6c2\" data-element_type=\"section\">\n\t\t\t\t\t\t<div class=\"elementor-container elementor-column-gap-default\">\n\t\t\t\t\t<div class=\"elementor-column elementor-col-100 elementor-top-column elementor-element elementor-element-f77df77\" data-id=\"f77df77\" data-element_type=\"column\">\n\t\t\t<div class=\"elementor-widget-wrap elementor-element-populated\">\n\t\t\t\t\t\t<div class=\"elementor-element elementor-element-65c0f7d elementor-widget elementor-widget-spacer\" data-id=\"65c0f7d\" data-element_type=\"widget\" data-widget_type=\"spacer.default\">\n\t\t\t\t<div class=\"elementor-widget-container\">\n\t\t\t\t\t\t\t<div class=\"elementor-spacer\">\n\t\t\t<div class=\"elementor-spacer-inner\"><\/div>\n\t\t<\/div>\n\t\t\t\t\t\t<\/div>\n\t\t\t\t<\/div>\n\t\t\t\t\t<\/div>\n\t\t<\/div>\n\t\t\t\t\t<\/div>\n\t\t<\/section>\n\t\t\t\t<\/div>\n\t\t","protected":false},"excerpt":{"rendered":"<p>Hizmet \u0130\u00e7i E\u011fitim 1. Enstit\u00fc m\u00fcd\u00fcr yard\u0131mc\u0131m\u0131z Do\u00e7. Dr. Ceyhun OZAN, 1 ve 3 Aral\u0131k 2020 tarihlerinde Erzurum Mill\u00ee E\u011fitim M\u00fcd\u00fcrl\u00fc\u011f\u00fcne ba\u011fl\u0131 okullarda g\u00f6revli t\u00fcm ilkokul ve ortaokul \u00f6\u011fretmenlerine &#8220;\u00c7oktan Se\u00e7meli Soru Haz\u0131rlama ve Madde Analizi&#8221; konulu hizmet i\u00e7i e\u011fitim vermi\u015ftir. 2. Enstit\u00fc m\u00fcd\u00fcr yard\u0131mc\u0131m\u0131z Do\u00e7. Dr. Ceyhun OZAN, 8 ve 11 \u015eubat 2021 tarihleri [&hellip;]<\/p>\n","protected":false},"author":632,"featured_media":0,"parent":0,"menu_order":0,"comment_status":"closed","ping_status":"closed","template":"elementor_header_footer","meta":{"footnotes":""},"class_list":["post-6775","page","type-page","status-publish","hentry"],"_links":{"self":[{"href":"https:\/\/atauni.edu.tr\/odak\/wp-json\/wp\/v2\/pages\/6775","targetHints":{"allow":["GET"]}}],"collection":[{"href":"https:\/\/atauni.edu.tr\/odak\/wp-json\/wp\/v2\/pages"}],"about":[{"href":"https:\/\/atauni.edu.tr\/odak\/wp-json\/wp\/v2\/types\/page"}],"author":[{"embeddable":true,"href":"https:\/\/atauni.edu.tr\/odak\/wp-json\/wp\/v2\/users\/632"}],"replies":[{"embeddable":true,"href":"https:\/\/atauni.edu.tr\/odak\/wp-json\/wp\/v2\/comments?post=6775"}],"version-history":[{"count":25,"href":"https:\/\/atauni.edu.tr\/odak\/wp-json\/wp\/v2\/pages\/6775\/revisions"}],"predecessor-version":[{"id":8141,"href":"https:\/\/atauni.edu.tr\/odak\/wp-json\/wp\/v2\/pages\/6775\/revisions\/8141"}],"wp:attachment":[{"href":"https:\/\/atauni.edu.tr\/odak\/wp-json\/wp\/v2\/media?parent=6775"}],"curies":[{"name":"wp","href":"https:\/\/api.w.org\/{rel}","templated":true}]}}