{"id":5638,"date":"2021-07-13T09:49:25","date_gmt":"2021-07-13T06:49:25","guid":{"rendered":"https:\/\/portaltest.atauni.edu.tr\/bilgisayar-muhendisligi\/?page_id=5638"},"modified":"2022-03-01T14:44:07","modified_gmt":"2022-03-01T11:44:07","slug":"tarihce","status":"publish","type":"page","link":"https:\/\/atauni.edu.tr\/odyometri\/tarihce\/","title":{"rendered":"Tarih\u00e7e"},"content":{"rendered":"\t\t<div data-elementor-type=\"wp-page\" data-elementor-id=\"5638\" class=\"elementor elementor-5638\" data-elementor-post-type=\"page\">\n\t\t\t\t\t\t<section class=\"elementor-section elementor-top-section elementor-element elementor-element-730d320 elementor-section-boxed elementor-section-height-default elementor-section-height-default\" data-id=\"730d320\" data-element_type=\"section\">\n\t\t\t\t\t\t<div class=\"elementor-container elementor-column-gap-default\">\n\t\t\t\t\t<div class=\"elementor-column elementor-col-100 elementor-top-column elementor-element elementor-element-753d0860\" data-id=\"753d0860\" data-element_type=\"column\">\n\t\t\t<div class=\"elementor-widget-wrap\">\n\t\t\t\t\t\t\t<\/div>\n\t\t<\/div>\n\t\t\t\t\t<\/div>\n\t\t<\/section>\n\t\t\t\t<section class=\"elementor-section elementor-top-section elementor-element elementor-element-9be811a elementor-section-boxed elementor-section-height-default elementor-section-height-default\" data-id=\"9be811a\" data-element_type=\"section\">\n\t\t\t\t\t\t<div class=\"elementor-container elementor-column-gap-default\">\n\t\t\t\t\t<div class=\"elementor-column elementor-col-100 elementor-top-column elementor-element elementor-element-1ed847b7\" data-id=\"1ed847b7\" data-element_type=\"column\">\n\t\t\t<div class=\"elementor-widget-wrap elementor-element-populated\">\n\t\t\t\t\t\t<div class=\"elementor-element elementor-element-4ce0d07f elementor-widget elementor-widget-heading\" data-id=\"4ce0d07f\" data-element_type=\"widget\" data-widget_type=\"heading.default\">\n\t\t\t\t<div class=\"elementor-widget-container\">\n\t\t\t\t\t<h2 class=\"elementor-heading-title elementor-size-default\">Tarih\u00e7e<\/h2>\t\t\t\t<\/div>\n\t\t\t\t<\/div>\n\t\t\t\t<div class=\"elementor-element elementor-element-63260862 elementor-widget-divider--view-line elementor-widget elementor-widget-divider\" data-id=\"63260862\" data-element_type=\"widget\" data-widget_type=\"divider.default\">\n\t\t\t\t<div class=\"elementor-widget-container\">\n\t\t\t\t\t\t\t<div class=\"elementor-divider\">\n\t\t\t<span class=\"elementor-divider-separator\">\n\t\t\t\t\t\t<\/span>\n\t\t<\/div>\n\t\t\t\t\t\t<\/div>\n\t\t\t\t<\/div>\n\t\t\t\t\t<\/div>\n\t\t<\/div>\n\t\t\t\t\t<\/div>\n\t\t<\/section>\n\t\t\t\t<section class=\"elementor-section elementor-top-section elementor-element elementor-element-681db8b elementor-section-boxed elementor-section-height-default elementor-section-height-default\" data-id=\"681db8b\" data-element_type=\"section\">\n\t\t\t\t\t\t<div class=\"elementor-container elementor-column-gap-default\">\n\t\t\t\t\t<div class=\"elementor-column elementor-col-100 elementor-top-column elementor-element elementor-element-ad4dac5\" data-id=\"ad4dac5\" data-element_type=\"column\">\n\t\t\t<div class=\"elementor-widget-wrap elementor-element-populated\">\n\t\t\t\t\t\t<div class=\"elementor-element elementor-element-2f96b3d elementor-widget elementor-widget-text-editor\" data-id=\"2f96b3d\" data-element_type=\"widget\" data-widget_type=\"text-editor.default\">\n\t\t\t\t<div class=\"elementor-widget-container\">\n\t\t\t\t\t\t\t\t\t<p>Atat\u00fcrk \u00dcniversitesi Rekt\u00f6rl\u00fc\u011f\u00fcne ba\u011fl\u0131 olarak 21.11.1989 g\u00fcn ve 2880 say\u0131l\u0131 kanunun 7\/d-2 maddesi uyar\u0131nca kurulmu\u015f olan Y\u00fcksekokulumuz, 1991-1992 e\u011fitim-\u00f6\u011fretim y\u0131l\u0131nda Anestezi, T\u0131bbi G\u00f6r\u00fcnt\u00fcleme Teknikleri, T\u0131bbi Laboratuvar Teknikleri ve Hem\u015firelik programlar\u0131 ile T\u0131p Fak\u00fcltesi Morfoloji Binas\u0131nda e\u011fitim-\u00f6\u011fretime ba\u015flam\u0131\u015ft\u0131r. \u0130lerleyen y\u0131llarda Atat\u00fcrk \u00dcniversitesi Aziziye Ara\u015ft\u0131rma Hastanesine ta\u015f\u0131nm\u0131\u015ft\u0131r. Hem\u015firelik \u00f6n lisans programlar\u0131n\u0131n \u00fclke genelinde lisans e\u011fitimine d\u00f6n\u00fc\u015ft\u00fcr\u00fclmesi sonucu 1996\u20131997 e\u011fitim-\u00f6\u011fretim y\u0131l\u0131nda Hem\u015firelik program\u0131 kapat\u0131lm\u0131\u015ft\u0131r.<\/p><p>1997-1998 e\u011fitim-\u00f6\u011fretim y\u0131l\u0131nda \u0130lk &amp; Acil Yard\u0131m ile T\u0131bbi Dok\u00fcmantasyon &amp; Sekreterlik programlar\u0131;<\/p><p>2007-2008 e\u011fitim-\u00f6\u011fretim y\u0131l\u0131nda Diyaliz program\u0131;<\/p><p>2009-2010 e\u011fitim-\u00f6\u011fretim y\u0131l\u0131nda T\u0131bbi Laboratuar Teknikleri (\u0130.\u00d6.) ve T\u0131bbi Dok\u00fcmantasyon &amp; Sekreterlik (\u0130.\u00d6.) programlar\u0131;<\/p><p>2010-2011 e\u011fitim-\u00f6\u011fretim y\u0131l\u0131nda Ya\u015fl\u0131 Bak\u0131m\u0131, Di\u015f Protez Teknolojisi ve Fizyoterapi programlar\u0131;<\/p><p>2011-2012 e\u011fitim-\u00f6\u011fretim y\u0131l\u0131nda Odyometri ve Ortopedik Protez-Ortez programlar\u0131;<\/p><p>2012-2013 e\u011fitim-\u00f6\u011fretim y\u0131l\u0131nda ise \u0130lk &amp; Acil Yard\u0131m (\u0130.\u00d6.) program\u0131;<\/p><p>2015-2016 e\u011fitim-\u00f6\u011fretim y\u0131l\u0131nda \u201cEczane Hizmetleri\u201d, \u201cAmeliyathane Hizmetleri\u201d ve \u201cEngelli Bak\u0131m\u0131 ve Rehabilitasyon\u201d programlar\u0131 a\u00e7\u0131lm\u0131\u015ft\u0131r.<\/p><p>\u0130kinci \u00f6\u011fretim programlar\u0131m\u0131z olan T\u0131bbi Laboratuvar Teknikleri (\u0130.\u00d6.) , T\u0131bbi Dok\u00fcmantasyon &amp; Sekreterlik ve \u0130lk &amp; Acil Yard\u0131m (\u0130.\u00d6.) programlar\u0131m\u0131z \u00d6SYM\u2019ye ba\u015fvurusu sonucu \u00f6\u011frenci al\u0131m\u0131n\u0131 durdurmu\u015ftur.<\/p><p>2013-2014 e\u011fitim y\u0131l\u0131 bahar yar\u0131y\u0131l\u0131ndan itibaren e\u011fitim \u00f6\u011fretim faaliyetlerine kamp\u00fcsteki \u00e7at yolu \u00fczerinde yap\u0131lan (Spor Bilimleri Fak\u00fcltesi ilerisi) yeni binam\u0131zda devam etmekteyiz. \u015eu an Y\u00fcksekokulumuzda ond\u00f6rt adet program\u0131n tamam\u0131 aktif halde e\u011fitim ve \u00f6\u011fretim faaliyetlerine devam etmektedir.<\/p>\t\t\t\t\t\t\t\t<\/div>\n\t\t\t\t<\/div>\n\t\t\t\t\t<\/div>\n\t\t<\/div>\n\t\t\t\t\t<\/div>\n\t\t<\/section>\n\t\t\t\t<\/div>\n\t\t","protected":false},"excerpt":{"rendered":"<p>Tarih\u00e7e Atat\u00fcrk \u00dcniversitesi Rekt\u00f6rl\u00fc\u011f\u00fcne ba\u011fl\u0131 olarak 21.11.1989 g\u00fcn ve 2880 say\u0131l\u0131 kanunun 7\/d-2 maddesi uyar\u0131nca kurulmu\u015f olan Y\u00fcksekokulumuz, 1991-1992 e\u011fitim-\u00f6\u011fretim y\u0131l\u0131nda Anestezi, T\u0131bbi G\u00f6r\u00fcnt\u00fcleme Teknikleri, T\u0131bbi Laboratuvar Teknikleri ve Hem\u015firelik programlar\u0131 ile T\u0131p Fak\u00fcltesi Morfoloji Binas\u0131nda e\u011fitim-\u00f6\u011fretime ba\u015flam\u0131\u015ft\u0131r. \u0130lerleyen y\u0131llarda Atat\u00fcrk \u00dcniversitesi Aziziye Ara\u015ft\u0131rma Hastanesine ta\u015f\u0131nm\u0131\u015ft\u0131r. Hem\u015firelik \u00f6n lisans programlar\u0131n\u0131n \u00fclke genelinde lisans e\u011fitimine d\u00f6n\u00fc\u015ft\u00fcr\u00fclmesi [&hellip;]<\/p>\n","protected":false},"author":1,"featured_media":0,"parent":0,"menu_order":0,"comment_status":"closed","ping_status":"closed","template":"","meta":{"footnotes":""},"class_list":["post-5638","page","type-page","status-publish","hentry"],"_links":{"self":[{"href":"https:\/\/atauni.edu.tr\/odyometri\/wp-json\/wp\/v2\/pages\/5638","targetHints":{"allow":["GET"]}}],"collection":[{"href":"https:\/\/atauni.edu.tr\/odyometri\/wp-json\/wp\/v2\/pages"}],"about":[{"href":"https:\/\/atauni.edu.tr\/odyometri\/wp-json\/wp\/v2\/types\/page"}],"author":[{"embeddable":true,"href":"https:\/\/atauni.edu.tr\/odyometri\/wp-json\/wp\/v2\/users\/1"}],"replies":[{"embeddable":true,"href":"https:\/\/atauni.edu.tr\/odyometri\/wp-json\/wp\/v2\/comments?post=5638"}],"version-history":[{"count":25,"href":"https:\/\/atauni.edu.tr\/odyometri\/wp-json\/wp\/v2\/pages\/5638\/revisions"}],"predecessor-version":[{"id":6197,"href":"https:\/\/atauni.edu.tr\/odyometri\/wp-json\/wp\/v2\/pages\/5638\/revisions\/6197"}],"wp:attachment":[{"href":"https:\/\/atauni.edu.tr\/odyometri\/wp-json\/wp\/v2\/media?parent=5638"}],"curies":[{"name":"wp","href":"https:\/\/api.w.org\/{rel}","templated":true}]}}