{"id":5638,"date":"2021-07-13T09:49:25","date_gmt":"2021-07-13T06:49:25","guid":{"rendered":"https:\/\/portaltest.atauni.edu.tr\/bilgisayar-muhendisligi\/?page_id=5638"},"modified":"2021-12-21T09:34:43","modified_gmt":"2021-12-21T06:34:43","slug":"tarihce","status":"publish","type":"page","link":"https:\/\/atauni.edu.tr\/ogrenci-dekanligi\/tarihce\/","title":{"rendered":"Kurulu\u015f ve Ama\u00e7"},"content":{"rendered":"\t\t<div data-elementor-type=\"wp-page\" data-elementor-id=\"5638\" class=\"elementor elementor-5638\" data-elementor-post-type=\"page\">\n\t\t\t\t\t\t<section class=\"elementor-section elementor-top-section elementor-element elementor-element-730d320 elementor-section-boxed elementor-section-height-default elementor-section-height-default\" data-id=\"730d320\" data-element_type=\"section\">\n\t\t\t\t\t\t<div class=\"elementor-container elementor-column-gap-default\">\n\t\t\t\t\t<div class=\"elementor-column elementor-col-100 elementor-top-column elementor-element elementor-element-753d0860\" data-id=\"753d0860\" data-element_type=\"column\">\n\t\t\t<div class=\"elementor-widget-wrap\">\n\t\t\t\t\t\t\t<\/div>\n\t\t<\/div>\n\t\t\t\t\t<\/div>\n\t\t<\/section>\n\t\t\t\t<section class=\"elementor-section elementor-top-section elementor-element elementor-element-9be811a elementor-section-boxed elementor-section-height-default elementor-section-height-default\" data-id=\"9be811a\" data-element_type=\"section\">\n\t\t\t\t\t\t<div class=\"elementor-container elementor-column-gap-default\">\n\t\t\t\t\t<div class=\"elementor-column elementor-col-100 elementor-top-column elementor-element elementor-element-1ed847b7\" data-id=\"1ed847b7\" data-element_type=\"column\">\n\t\t\t<div class=\"elementor-widget-wrap elementor-element-populated\">\n\t\t\t\t\t\t<div class=\"elementor-element elementor-element-4ce0d07f elementor-widget elementor-widget-heading\" data-id=\"4ce0d07f\" data-element_type=\"widget\" data-widget_type=\"heading.default\">\n\t\t\t\t<div class=\"elementor-widget-container\">\n\t\t\t\t\t<h2 class=\"elementor-heading-title elementor-size-default\">Kurulu\u015f ve Ama\u00e7<\/h2>\t\t\t\t<\/div>\n\t\t\t\t<\/div>\n\t\t\t\t<div class=\"elementor-element elementor-element-63260862 elementor-widget-divider--view-line elementor-widget elementor-widget-divider\" data-id=\"63260862\" data-element_type=\"widget\" data-widget_type=\"divider.default\">\n\t\t\t\t<div class=\"elementor-widget-container\">\n\t\t\t\t\t\t\t<div class=\"elementor-divider\">\n\t\t\t<span class=\"elementor-divider-separator\">\n\t\t\t\t\t\t<\/span>\n\t\t<\/div>\n\t\t\t\t\t\t<\/div>\n\t\t\t\t<\/div>\n\t\t\t\t\t<\/div>\n\t\t<\/div>\n\t\t\t\t\t<\/div>\n\t\t<\/section>\n\t\t\t\t<section class=\"elementor-section elementor-top-section elementor-element elementor-element-681db8b elementor-section-boxed elementor-section-height-default elementor-section-height-default\" data-id=\"681db8b\" data-element_type=\"section\">\n\t\t\t\t\t\t<div class=\"elementor-container elementor-column-gap-default\">\n\t\t\t\t\t<div class=\"elementor-column elementor-col-100 elementor-top-column elementor-element elementor-element-ad4dac5\" data-id=\"ad4dac5\" data-element_type=\"column\">\n\t\t\t<div class=\"elementor-widget-wrap elementor-element-populated\">\n\t\t\t\t\t\t<div class=\"elementor-element elementor-element-2f96b3d elementor-widget elementor-widget-text-editor\" data-id=\"2f96b3d\" data-element_type=\"widget\" data-widget_type=\"text-editor.default\">\n\t\t\t\t<div class=\"elementor-widget-container\">\n\t\t\t\t\t\t\t\t\t<p>Atat\u00fcrk \u00dcniversitesi \u00d6\u011frenci Dekanl\u0131\u011f\u0131, Kas\u0131m 2021 tarihinde kurulmu\u015f olup, faaliyetlerine M\u00fchendislik Fak\u00fcltesi Personel giri\u015f kat\u0131nda devam etmektedir.<\/p><p>Dekanl\u0131\u011f\u0131n amac\u0131; \u00dcniversitemizin misyonu ve vizyonu do\u011frultusunda, \u00f6\u011frencileri do\u011frudan ilgilendiren konularla ilgili olarak akademik ve idari birimler aras\u0131nda Atat\u00fcrk \u00dcniversite&#8217;sinde ge\u00e7irdikleri e\u011fitim s\u00fcresince koordinasyonu sa\u011flamak, \u00f6\u011frenci sorunlar\u0131n\u0131 g\u00f6zlemlemek ve bulgular\u0131 \u00e7\u00f6z\u00fcm \u00f6nerileri ile birlikte y\u00f6netime sunmakt\u0131r. Ayr\u0131ca verimli, sorunsuz bir \u00f6\u011frenme ortam\u0131n\u0131n olu\u015fturulmas\u0131 ve e\u011fitim-\u00f6\u011fretimin niteli\u011finin art\u0131r\u0131lmas\u0131na y\u00f6nelik dekanl\u0131klar, b\u00f6l\u00fcm ba\u015fkanl\u0131klar\u0131 ve \u00fcniversitemizdeki t\u00fcm birimler ile i\u015fbirli\u011fi yapmakt\u0131r.<\/p><p>\u00d6\u011frenci Dekanl\u0131\u011f\u0131, \u00f6\u011frencilerin kar\u015f\u0131la\u015facaklar\u0131 bar\u0131nma, yemek, ula\u015f\u0131m ve sa\u011fl\u0131k gibi temel sorunlar\u0131 tespitinde ve \u00e7\u00f6z\u00fcme kavu\u015fturulmas\u0131na katk\u0131 sa\u011flamak, k\u00fclt\u00fcr-sanat-sportif faaliyetlere katk\u0131 sa\u011flamak ve kamp\u00fcs hayat\u0131na uyumlar\u0131n\u0131 kolayla\u015ft\u0131r\u0131c\u0131 faaliyetlerde bulunur.<\/p><p>Bu kapsamda<strong>\u00a0\u00d6\u011frenci Dekanl\u0131\u011f\u0131<\/strong>, \u00f6\u011frencilerin \u00fcniversitedeki akademik ve ya\u015fam kalitesi ile ilgili \u00f6nerilerini, soru ve sorunlar\u0131n\u0131 payla\u015fabilecekleri \u00e7\u00f6z\u00fcm odakl\u0131 bir birimdir. \u00d6\u011frencilerin ihtiya\u00e7 duyduklar\u0131 anlarda yanlar\u0131nda olmay\u0131, genel veya bireysel akademik veya idari sorunlar\u0131n\u0131, her konudaki dilek, istek ve \u00f6nerilerini, \u00fcniversite y\u00f6netimine aktarmada k\u00f6pr\u00fc vazifesi g\u00f6r\u00fcr.<\/p>\t\t\t\t\t\t\t\t<\/div>\n\t\t\t\t<\/div>\n\t\t\t\t\t<\/div>\n\t\t<\/div>\n\t\t\t\t\t<\/div>\n\t\t<\/section>\n\t\t\t\t<\/div>\n\t\t","protected":false},"excerpt":{"rendered":"<p>Kurulu\u015f ve Ama\u00e7 Atat\u00fcrk \u00dcniversitesi \u00d6\u011frenci Dekanl\u0131\u011f\u0131, Kas\u0131m 2021 tarihinde kurulmu\u015f olup, faaliyetlerine M\u00fchendislik Fak\u00fcltesi Personel giri\u015f kat\u0131nda devam etmektedir. Dekanl\u0131\u011f\u0131n amac\u0131; \u00dcniversitemizin misyonu ve vizyonu do\u011frultusunda, \u00f6\u011frencileri do\u011frudan ilgilendiren konularla ilgili olarak akademik ve idari birimler aras\u0131nda Atat\u00fcrk \u00dcniversite&#8217;sinde ge\u00e7irdikleri e\u011fitim s\u00fcresince koordinasyonu sa\u011flamak, \u00f6\u011frenci sorunlar\u0131n\u0131 g\u00f6zlemlemek ve bulgular\u0131 \u00e7\u00f6z\u00fcm \u00f6nerileri ile birlikte y\u00f6netime [&hellip;]<\/p>\n","protected":false},"author":1,"featured_media":0,"parent":0,"menu_order":0,"comment_status":"closed","ping_status":"closed","template":"","meta":{"footnotes":""},"class_list":["post-5638","page","type-page","status-publish","hentry"],"_links":{"self":[{"href":"https:\/\/atauni.edu.tr\/ogrenci-dekanligi\/wp-json\/wp\/v2\/pages\/5638","targetHints":{"allow":["GET"]}}],"collection":[{"href":"https:\/\/atauni.edu.tr\/ogrenci-dekanligi\/wp-json\/wp\/v2\/pages"}],"about":[{"href":"https:\/\/atauni.edu.tr\/ogrenci-dekanligi\/wp-json\/wp\/v2\/types\/page"}],"author":[{"embeddable":true,"href":"https:\/\/atauni.edu.tr\/ogrenci-dekanligi\/wp-json\/wp\/v2\/users\/1"}],"replies":[{"embeddable":true,"href":"https:\/\/atauni.edu.tr\/ogrenci-dekanligi\/wp-json\/wp\/v2\/comments?post=5638"}],"version-history":[{"count":32,"href":"https:\/\/atauni.edu.tr\/ogrenci-dekanligi\/wp-json\/wp\/v2\/pages\/5638\/revisions"}],"predecessor-version":[{"id":6165,"href":"https:\/\/atauni.edu.tr\/ogrenci-dekanligi\/wp-json\/wp\/v2\/pages\/5638\/revisions\/6165"}],"wp:attachment":[{"href":"https:\/\/atauni.edu.tr\/ogrenci-dekanligi\/wp-json\/wp\/v2\/media?parent=5638"}],"curies":[{"name":"wp","href":"https:\/\/api.w.org\/{rel}","templated":true}]}}