{"id":6173,"date":"2021-12-21T09:41:50","date_gmt":"2021-12-21T06:41:50","guid":{"rendered":"https:\/\/birimler.atauni.edu.tr\/ogrenci-dekanligi\/?page_id=6173"},"modified":"2022-01-03T11:06:46","modified_gmt":"2022-01-03T08:06:46","slug":"faaliyetlerimiz","status":"publish","type":"page","link":"https:\/\/atauni.edu.tr\/ogrenci-dekanligi\/faaliyetlerimiz\/","title":{"rendered":"Genel Faaliyetlerimiz"},"content":{"rendered":"\t\t<div data-elementor-type=\"wp-page\" data-elementor-id=\"6173\" class=\"elementor elementor-6173\" data-elementor-post-type=\"page\">\n\t\t\t\t\t\t<section class=\"elementor-section elementor-top-section elementor-element elementor-element-730d320 elementor-section-boxed elementor-section-height-default elementor-section-height-default\" data-id=\"730d320\" data-element_type=\"section\">\n\t\t\t\t\t\t<div class=\"elementor-container elementor-column-gap-default\">\n\t\t\t\t\t<div class=\"elementor-column elementor-col-100 elementor-top-column elementor-element elementor-element-753d0860\" data-id=\"753d0860\" data-element_type=\"column\">\n\t\t\t<div class=\"elementor-widget-wrap\">\n\t\t\t\t\t\t\t<\/div>\n\t\t<\/div>\n\t\t\t\t\t<\/div>\n\t\t<\/section>\n\t\t\t\t<section class=\"elementor-section elementor-top-section elementor-element elementor-element-9be811a elementor-section-boxed elementor-section-height-default elementor-section-height-default\" data-id=\"9be811a\" data-element_type=\"section\">\n\t\t\t\t\t\t<div class=\"elementor-container elementor-column-gap-default\">\n\t\t\t\t\t<div class=\"elementor-column elementor-col-100 elementor-top-column elementor-element elementor-element-1ed847b7\" data-id=\"1ed847b7\" data-element_type=\"column\">\n\t\t\t<div class=\"elementor-widget-wrap elementor-element-populated\">\n\t\t\t\t\t\t<div class=\"elementor-element elementor-element-4ce0d07f elementor-widget elementor-widget-heading\" data-id=\"4ce0d07f\" data-element_type=\"widget\" data-widget_type=\"heading.default\">\n\t\t\t\t<div class=\"elementor-widget-container\">\n\t\t\t\t\t<h2 class=\"elementor-heading-title elementor-size-default\">Genel Faaliyetlerimiz<\/h2>\t\t\t\t<\/div>\n\t\t\t\t<\/div>\n\t\t\t\t<div class=\"elementor-element elementor-element-63260862 elementor-widget-divider--view-line elementor-widget elementor-widget-divider\" data-id=\"63260862\" data-element_type=\"widget\" data-widget_type=\"divider.default\">\n\t\t\t\t<div class=\"elementor-widget-container\">\n\t\t\t\t\t\t\t<div class=\"elementor-divider\">\n\t\t\t<span class=\"elementor-divider-separator\">\n\t\t\t\t\t\t<\/span>\n\t\t<\/div>\n\t\t\t\t\t\t<\/div>\n\t\t\t\t<\/div>\n\t\t\t\t\t<\/div>\n\t\t<\/div>\n\t\t\t\t\t<\/div>\n\t\t<\/section>\n\t\t\t\t<section class=\"elementor-section elementor-top-section elementor-element elementor-element-681db8b elementor-section-boxed elementor-section-height-default elementor-section-height-default\" data-id=\"681db8b\" data-element_type=\"section\">\n\t\t\t\t\t\t<div class=\"elementor-container elementor-column-gap-default\">\n\t\t\t\t\t<div class=\"elementor-column elementor-col-100 elementor-top-column elementor-element elementor-element-ad4dac5\" data-id=\"ad4dac5\" data-element_type=\"column\">\n\t\t\t<div class=\"elementor-widget-wrap elementor-element-populated\">\n\t\t\t\t\t\t<div class=\"elementor-element elementor-element-2f96b3d elementor-widget elementor-widget-text-editor\" data-id=\"2f96b3d\" data-element_type=\"widget\" data-widget_type=\"text-editor.default\">\n\t\t\t\t<div class=\"elementor-widget-container\">\n\t\t\t\t\t\t\t\t\t<p><strong>Atat\u00fcrk \u00dcniversitesi \u00d6\u011frenci Dekanl\u0131\u011f\u0131&#8217;n\u0131n faaliyet alanlar\u0131;<\/strong><\/p><ul><li>\u00d6\u011frencileri do\u011frudan ilgilendiren konularla ilgili akademik ve idari birimler aras\u0131ndaki koordinasyonu sa\u011flamak,<\/li><li>Verimli bir \u00f6\u011frenme ortam\u0131n\u0131n olu\u015fturulmas\u0131 ve e\u011fitim-\u00f6\u011fretimin niteli\u011finin artt\u0131r\u0131lmas\u0131na y\u00f6nelik dekanl\u0131klar ve b\u00f6l\u00fcm ba\u015fkanl\u0131klar\u0131 ile i\u015fbirli\u011fi yapmak,<\/li><li>E\u011fitim-\u00f6\u011fretim etkinliklerinde kaliteyi art\u0131rmak, s\u00fcreci de\u011ferlendirmek, \u00f6nlemler almak ve ilgili birimlerin \u00f6nerilerini de\u011ferlendirmek amac\u0131yla her e\u011fitim-\u00f6\u011fretim y\u0131l\u0131n\u0131n sonunda, y\u0131lda bir kez olmak \u00fczere, Rekt\u00f6r, Rekt\u00f6r Yard\u0131mc\u0131lar\u0131, Dekanlar, Dekan Yard\u0131mc\u0131lar\u0131, B\u00f6l\u00fcm Ba\u015fkanlar\u0131 ve Anabilim Dal\u0131 Ba\u015fkanlar\u0131ndan olu\u015fan \u201cE\u011fitim-\u00d6\u011fretim \u015euras\u0131\u201d d\u00fczenlemek,<\/li><li>\u00dcniversite \u00fcst y\u00f6netimi ile i\u015f birli\u011fi halinde \u00e7al\u0131\u015farak \u00f6\u011frencilerin akademik, ki\u015fisel-sosyal, e\u011fitsel ve k\u00fclt\u00fcrel geli\u015fmelerine katk\u0131 sa\u011flayacak projeler geli\u015ftirmek,<\/li><li>\u00d6\u011frencilerin \u00fcniversite ya\u015fam\u0131na ili\u015fkin akademik, sosyal ve psikolojik sorunlar\u0131n\u0131 dinlemek, ilgili idari ve akademik birimlerle i\u015fbirli\u011fi i\u00e7inde sorunlar\u0131na \u00e7\u00f6z\u00fcmler aramak ve \u00f6neriler sunmak,<\/li><li>\u00dcniversite b\u00fcnyesinde sosyal\/k\u00fclt\u00fcrel etkinlikler ve kul\u00fcp \u00e7al\u0131\u015fmalar\u0131 ile \u00f6\u011frencilerin ya\u015fam kalitesini ve motivasyonunu artt\u0131r\u0131c\u0131 faaliyetleri y\u00fcr\u00fctmek, \u00f6\u011frencilerin \u00fcniversite sistemi ile ilgili ya\u015fad\u0131\u011f\u0131 sorunlara \u00e7\u00f6z\u00fcm \u00fcretmek,<\/li><li>\u00d6\u011frencilerin \u00fcniversite hayat\u0131na uyum sa\u011flamas\u0131na y\u00f6nelik oryantasyon programlar\u0131n\u0131, Kurumsal \u0130leti\u015fim Direkt\u00f6rl\u00fc\u011f\u00fc ile i\u015fbirli\u011fi yaparak d\u00fczenlemek ve y\u00fcr\u00fctmek,<\/li><li>\u00d6\u011frencilerin \u00fcniversite ya\u015fam\u0131n\u0131 kolayla\u015ft\u0131rmak, ya\u015fad\u0131klar\u0131 sorunlara etkin \u00e7\u00f6z\u00fcmler sunarak dinamik bir kamp\u00fcs ortam\u0131 olu\u015fturmak,<\/li><li>\u00d6\u011frencilerin ki\u015fisel geli\u015fim ve ruh sa\u011fl\u0131\u011f\u0131n\u0131 koruyucu, \u00f6nleyici \u00e7al\u0131\u015fmalar y\u00fcr\u00fct\u00fclmesi ve acil durumlara an\u0131nda m\u00fcdahale edilebilmesi i\u00e7in olu\u015fturulan dan\u0131\u015fma birimini ve yap\u0131lan \u00e7al\u0131\u015fmalar\u0131 koordine etmek,<\/li><li>\u00d6\u011frencileri \u00fcniversitenin akademik ve idari uygulamalar\u0131 hakk\u0131nda bilgilendirmek,<\/li><li>\u00dcniversite b\u00fcnyesinde d\u00fczenlenen etkinliklerin duyurulmas\u0131n\u0131 sa\u011flamak ve \u00f6\u011frencilerin bu etkinliklere kat\u0131l\u0131m\u0131n\u0131n artt\u0131r\u0131lmas\u0131 i\u00e7in gerekli tedbirleri almak,<\/li><li>\u00d6\u011frencilerin kurumsal aidiyetlerinin artt\u0131r\u0131lmas\u0131yla ilgili olarak Kurumsal \u0130leti\u015fim Direkt\u00f6rl\u00fc\u011f\u00fc ile i\u015f birli\u011fi yaparak \u00e7al\u0131\u015fmalarda bulunmak,<\/li><li>Akademik anlamda temel yetkinliklerini artt\u0131rmak amac\u0131yla ilgili birimlerle koordinasyonu sa\u011flamak,<\/li><li>\u00d6\u011frencilerin sosyal sorumluluk ve toplumsal duyarl\u0131l\u0131klar\u0131n\u0131 artt\u0131r\u0131c\u0131 faaliyetleri organize temek,<\/li><li>\u00d6\u011frencilerin kurumsal aidiyet bilin\u00e7lerini geli\u015ftirmek,<\/li><li>Mezunlarla \u00dcniversitenin etkin ileti\u015fim kurmas\u0131na katk\u0131 vermektir.<\/li><li>Rekt\u00f6r ve sorumlu rekt\u00f6r yard\u0131mc\u0131s\u0131 taraf\u0131ndan kendisine verilen alan\u0131yla ilgili di\u011fer g\u00f6revleri yerine getirmek,<\/li><li>Dekanl\u0131k bu g\u00f6revleri yerine getirirken rekt\u00f6rl\u00fck, fak\u00fclteler, enstit\u00fcler, y\u00fcksekokullar, merkezler, koordinat\u00f6rl\u00fckler ve idari t\u00fcm birimlerle birlikte y\u00fcr\u00fct\u00fcr.<\/li><\/ul>\t\t\t\t\t\t\t\t<\/div>\n\t\t\t\t<\/div>\n\t\t\t\t\t<\/div>\n\t\t<\/div>\n\t\t\t\t\t<\/div>\n\t\t<\/section>\n\t\t\t\t<\/div>\n\t\t","protected":false},"excerpt":{"rendered":"<p>Genel Faaliyetlerimiz Atat\u00fcrk \u00dcniversitesi \u00d6\u011frenci Dekanl\u0131\u011f\u0131&#8217;n\u0131n faaliyet alanlar\u0131; \u00d6\u011frencileri do\u011frudan ilgilendiren konularla ilgili akademik ve idari birimler aras\u0131ndaki koordinasyonu sa\u011flamak, Verimli bir \u00f6\u011frenme ortam\u0131n\u0131n olu\u015fturulmas\u0131 ve e\u011fitim-\u00f6\u011fretimin niteli\u011finin artt\u0131r\u0131lmas\u0131na y\u00f6nelik dekanl\u0131klar ve b\u00f6l\u00fcm ba\u015fkanl\u0131klar\u0131 ile i\u015fbirli\u011fi yapmak, E\u011fitim-\u00f6\u011fretim etkinliklerinde kaliteyi art\u0131rmak, s\u00fcreci de\u011ferlendirmek, \u00f6nlemler almak ve ilgili birimlerin \u00f6nerilerini de\u011ferlendirmek amac\u0131yla her e\u011fitim-\u00f6\u011fretim y\u0131l\u0131n\u0131n sonunda, [&hellip;]<\/p>\n","protected":false},"author":247,"featured_media":0,"parent":0,"menu_order":0,"comment_status":"closed","ping_status":"closed","template":"","meta":{"footnotes":""},"class_list":["post-6173","page","type-page","status-publish","hentry"],"_links":{"self":[{"href":"https:\/\/atauni.edu.tr\/ogrenci-dekanligi\/wp-json\/wp\/v2\/pages\/6173","targetHints":{"allow":["GET"]}}],"collection":[{"href":"https:\/\/atauni.edu.tr\/ogrenci-dekanligi\/wp-json\/wp\/v2\/pages"}],"about":[{"href":"https:\/\/atauni.edu.tr\/ogrenci-dekanligi\/wp-json\/wp\/v2\/types\/page"}],"author":[{"embeddable":true,"href":"https:\/\/atauni.edu.tr\/ogrenci-dekanligi\/wp-json\/wp\/v2\/users\/247"}],"replies":[{"embeddable":true,"href":"https:\/\/atauni.edu.tr\/ogrenci-dekanligi\/wp-json\/wp\/v2\/comments?post=6173"}],"version-history":[{"count":11,"href":"https:\/\/atauni.edu.tr\/ogrenci-dekanligi\/wp-json\/wp\/v2\/pages\/6173\/revisions"}],"predecessor-version":[{"id":6347,"href":"https:\/\/atauni.edu.tr\/ogrenci-dekanligi\/wp-json\/wp\/v2\/pages\/6173\/revisions\/6347"}],"wp:attachment":[{"href":"https:\/\/atauni.edu.tr\/ogrenci-dekanligi\/wp-json\/wp\/v2\/media?parent=6173"}],"curies":[{"name":"wp","href":"https:\/\/api.w.org\/{rel}","templated":true}]}}