{"id":6348,"date":"2022-01-03T11:07:09","date_gmt":"2022-01-03T08:07:09","guid":{"rendered":"https:\/\/birimler.atauni.edu.tr\/ogrenci-dekanligi\/?page_id=6348"},"modified":"2022-10-19T15:04:29","modified_gmt":"2022-10-19T12:04:29","slug":"2021-faaliyetlerimiz","status":"publish","type":"page","link":"https:\/\/atauni.edu.tr\/ogrenci-dekanligi\/2021-faaliyetlerimiz\/","title":{"rendered":"\u00d6\u011frenci \u015euras\u0131 2021"},"content":{"rendered":"\t\t<div data-elementor-type=\"wp-page\" data-elementor-id=\"6348\" class=\"elementor elementor-6348\" data-elementor-post-type=\"page\">\n\t\t\t\t\t\t<section class=\"elementor-section elementor-top-section elementor-element elementor-element-730d320 elementor-section-boxed elementor-section-height-default elementor-section-height-default\" data-id=\"730d320\" data-element_type=\"section\">\n\t\t\t\t\t\t<div class=\"elementor-container elementor-column-gap-default\">\n\t\t\t\t\t<div class=\"elementor-column elementor-col-100 elementor-top-column elementor-element elementor-element-753d0860\" data-id=\"753d0860\" data-element_type=\"column\">\n\t\t\t<div class=\"elementor-widget-wrap\">\n\t\t\t\t\t\t\t<\/div>\n\t\t<\/div>\n\t\t\t\t\t<\/div>\n\t\t<\/section>\n\t\t\t\t<section class=\"elementor-section elementor-top-section elementor-element elementor-element-9be811a elementor-section-boxed elementor-section-height-default elementor-section-height-default\" data-id=\"9be811a\" data-element_type=\"section\">\n\t\t\t\t\t\t<div class=\"elementor-container elementor-column-gap-default\">\n\t\t\t\t\t<div class=\"elementor-column elementor-col-100 elementor-top-column elementor-element elementor-element-1ed847b7\" data-id=\"1ed847b7\" data-element_type=\"column\">\n\t\t\t<div class=\"elementor-widget-wrap elementor-element-populated\">\n\t\t\t\t\t\t<div class=\"elementor-element elementor-element-4ce0d07f elementor-widget elementor-widget-heading\" data-id=\"4ce0d07f\" data-element_type=\"widget\" data-widget_type=\"heading.default\">\n\t\t\t\t<div class=\"elementor-widget-container\">\n\t\t\t\t\t<h2 class=\"elementor-heading-title elementor-size-default\"><b>2021 Y\u0131l\u0131 Faaliyetlerimiz<\/b><\/h2>\t\t\t\t<\/div>\n\t\t\t\t<\/div>\n\t\t\t\t<div class=\"elementor-element elementor-element-63260862 elementor-widget-divider--view-line elementor-widget elementor-widget-divider\" data-id=\"63260862\" data-element_type=\"widget\" data-widget_type=\"divider.default\">\n\t\t\t\t<div class=\"elementor-widget-container\">\n\t\t\t\t\t\t\t<div class=\"elementor-divider\">\n\t\t\t<span class=\"elementor-divider-separator\">\n\t\t\t\t\t\t<\/span>\n\t\t<\/div>\n\t\t\t\t\t\t<\/div>\n\t\t\t\t<\/div>\n\t\t\t\t\t<\/div>\n\t\t<\/div>\n\t\t\t\t\t<\/div>\n\t\t<\/section>\n\t\t\t\t<section class=\"elementor-section elementor-top-section elementor-element elementor-element-88fc7a5 elementor-section-boxed elementor-section-height-default elementor-section-height-default\" data-id=\"88fc7a5\" data-element_type=\"section\">\n\t\t\t\t\t\t<div class=\"elementor-container elementor-column-gap-default\">\n\t\t\t\t\t<div class=\"elementor-column elementor-col-100 elementor-top-column elementor-element elementor-element-cb021bc\" data-id=\"cb021bc\" data-element_type=\"column\">\n\t\t\t<div class=\"elementor-widget-wrap elementor-element-populated\">\n\t\t\t\t\t\t<div class=\"elementor-element elementor-element-c807331 elementor-widget elementor-widget-heading\" data-id=\"c807331\" data-element_type=\"widget\" data-widget_type=\"heading.default\">\n\t\t\t\t<div class=\"elementor-widget-container\">\n\t\t\t\t\t<h2 class=\"elementor-heading-title elementor-size-default\">1. \u00d6\u011frenci \u015euras\u0131 - KAMP\u00dcSTE YA\u015eAM<\/h2>\t\t\t\t<\/div>\n\t\t\t\t<\/div>\n\t\t\t\t\t<\/div>\n\t\t<\/div>\n\t\t\t\t\t<\/div>\n\t\t<\/section>\n\t\t\t\t<section class=\"elementor-section elementor-top-section elementor-element elementor-element-1eca747 elementor-section-boxed elementor-section-height-default elementor-section-height-default\" data-id=\"1eca747\" data-element_type=\"section\">\n\t\t\t\t\t\t<div class=\"elementor-container elementor-column-gap-default\">\n\t\t\t\t\t<div class=\"elementor-column elementor-col-100 elementor-top-column elementor-element elementor-element-313febf\" data-id=\"313febf\" data-element_type=\"column\">\n\t\t\t<div class=\"elementor-widget-wrap elementor-element-populated\">\n\t\t\t\t\t\t<div class=\"elementor-element elementor-element-75665ab elementor-widget elementor-widget-gallery\" data-id=\"75665ab\" data-element_type=\"widget\" data-settings=\"{&quot;gallery_layout&quot;:&quot;masonry&quot;,&quot;gap&quot;:{&quot;unit&quot;:&quot;px&quot;,&quot;size&quot;:&quot;16&quot;,&quot;sizes&quot;:[]},&quot;lazyload&quot;:&quot;yes&quot;,&quot;columns&quot;:4,&quot;columns_tablet&quot;:2,&quot;columns_mobile&quot;:1,&quot;gap_tablet&quot;:{&quot;unit&quot;:&quot;px&quot;,&quot;size&quot;:10,&quot;sizes&quot;:[]},&quot;gap_mobile&quot;:{&quot;unit&quot;:&quot;px&quot;,&quot;size&quot;:10,&quot;sizes&quot;:[]},&quot;link_to&quot;:&quot;file&quot;,&quot;overlay_background&quot;:&quot;yes&quot;,&quot;content_hover_animation&quot;:&quot;fade-in&quot;}\" data-widget_type=\"gallery.default\">\n\t\t\t\t<div class=\"elementor-widget-container\">\n\t\t\t\t\t\t\t<div class=\"elementor-gallery__container\">\n\t\t\t\t\t\t\t<a class=\"e-gallery-item elementor-gallery-item elementor-animated-content\" href=\"https:\/\/atauni.edu.tr\/ogrenci-dekanligi\/wp-content\/uploads\/sites\/459\/2020\/07\/Afis.jpg\" data-elementor-open-lightbox=\"yes\" data-elementor-lightbox-slideshow=\"75665ab\" data-elementor-lightbox-title=\"Afi\u015f\" data-e-action-hash=\"#elementor-action%3Aaction%3Dlightbox%26settings%3DeyJpZCI6NjM2OSwidXJsIjoiaHR0cHM6XC9cL2F0YXVuaS5lZHUudHJcL29ncmVuY2ktZGVrYW5saWdpXC93cC1jb250ZW50XC91cGxvYWRzXC9zaXRlc1wvNDU5XC8yMDIwXC8wN1wvQWZpcy5qcGciLCJzbGlkZXNob3ciOiI3NTY2NWFiIn0%3D\">\n\t\t\t\t\t<div class=\"e-gallery-image elementor-gallery-item__image\" data-thumbnail=\"https:\/\/atauni.edu.tr\/ogrenci-dekanligi\/wp-content\/uploads\/sites\/459\/2020\/07\/Afis.jpg\" data-width=\"538\" data-height=\"748\" aria-label=\"\" role=\"img\" ><\/div>\n\t\t\t\t\t\t\t\t\t\t\t<div class=\"elementor-gallery-item__overlay\"><\/div>\n\t\t\t\t\t\t\t\t\t\t\t\t\t\t<\/a>\n\t\t\t\t\t\t\t<a class=\"e-gallery-item elementor-gallery-item elementor-animated-content\" href=\"https:\/\/atauni.edu.tr\/ogrenci-dekanligi\/wp-content\/uploads\/sites\/459\/2020\/07\/IMG_7195.jpg\" data-elementor-open-lightbox=\"yes\" data-elementor-lightbox-slideshow=\"75665ab\" data-elementor-lightbox-title=\"IMG_7195\" data-e-action-hash=\"#elementor-action%3Aaction%3Dlightbox%26settings%3DeyJpZCI6NjM3NSwidXJsIjoiaHR0cHM6XC9cL2F0YXVuaS5lZHUudHJcL29ncmVuY2ktZGVrYW5saWdpXC93cC1jb250ZW50XC91cGxvYWRzXC9zaXRlc1wvNDU5XC8yMDIwXC8wN1wvSU1HXzcxOTUuanBnIiwic2xpZGVzaG93IjoiNzU2NjVhYiJ9\">\n\t\t\t\t\t<div class=\"e-gallery-image elementor-gallery-item__image\" data-thumbnail=\"https:\/\/atauni.edu.tr\/ogrenci-dekanligi\/wp-content\/uploads\/sites\/459\/2020\/07\/IMG_7195.jpg\" data-width=\"2016\" data-height=\"1512\" aria-label=\"\" role=\"img\" ><\/div>\n\t\t\t\t\t\t\t\t\t\t\t<div class=\"elementor-gallery-item__overlay\"><\/div>\n\t\t\t\t\t\t\t\t\t\t\t\t\t\t<\/a>\n\t\t\t\t\t\t\t<a class=\"e-gallery-item elementor-gallery-item elementor-animated-content\" href=\"https:\/\/atauni.edu.tr\/ogrenci-dekanligi\/wp-content\/uploads\/sites\/459\/2020\/07\/image00059-scaled.jpeg\" data-elementor-open-lightbox=\"yes\" data-elementor-lightbox-slideshow=\"75665ab\" data-elementor-lightbox-title=\"image00059\" data-e-action-hash=\"#elementor-action%3Aaction%3Dlightbox%26settings%3DeyJpZCI6NjM3MiwidXJsIjoiaHR0cHM6XC9cL2F0YXVuaS5lZHUudHJcL29ncmVuY2ktZGVrYW5saWdpXC93cC1jb250ZW50XC91cGxvYWRzXC9zaXRlc1wvNDU5XC8yMDIwXC8wN1wvaW1hZ2UwMDA1OS1zY2FsZWQuanBlZyIsInNsaWRlc2hvdyI6Ijc1NjY1YWIifQ%3D%3D\">\n\t\t\t\t\t<div class=\"e-gallery-image elementor-gallery-item__image\" data-thumbnail=\"https:\/\/atauni.edu.tr\/ogrenci-dekanligi\/wp-content\/uploads\/sites\/459\/2020\/07\/image00059-1536x2048.jpeg\" data-width=\"1536\" data-height=\"2048\" aria-label=\"\" role=\"img\" ><\/div>\n\t\t\t\t\t\t\t\t\t\t\t<div class=\"elementor-gallery-item__overlay\"><\/div>\n\t\t\t\t\t\t\t\t\t\t\t\t\t\t<\/a>\n\t\t\t\t\t\t\t<a class=\"e-gallery-item elementor-gallery-item elementor-animated-content\" href=\"https:\/\/atauni.edu.tr\/ogrenci-dekanligi\/wp-content\/uploads\/sites\/459\/2020\/07\/volkan-hoca-scaled.jpeg\" data-elementor-open-lightbox=\"yes\" data-elementor-lightbox-slideshow=\"75665ab\" data-elementor-lightbox-title=\"volkan hoca\" data-e-action-hash=\"#elementor-action%3Aaction%3Dlightbox%26settings%3DeyJpZCI6NjM5MywidXJsIjoiaHR0cHM6XC9cL2F0YXVuaS5lZHUudHJcL29ncmVuY2ktZGVrYW5saWdpXC93cC1jb250ZW50XC91cGxvYWRzXC9zaXRlc1wvNDU5XC8yMDIwXC8wN1wvdm9sa2FuLWhvY2Etc2NhbGVkLmpwZWciLCJzbGlkZXNob3ciOiI3NTY2NWFiIn0%3D\">\n\t\t\t\t\t<div class=\"e-gallery-image elementor-gallery-item__image\" data-thumbnail=\"https:\/\/atauni.edu.tr\/ogrenci-dekanligi\/wp-content\/uploads\/sites\/459\/2020\/07\/volkan-hoca-2048x1536.jpeg\" data-width=\"2048\" data-height=\"1536\" aria-label=\"\" role=\"img\" ><\/div>\n\t\t\t\t\t\t\t\t\t\t\t<div class=\"elementor-gallery-item__overlay\"><\/div>\n\t\t\t\t\t\t\t\t\t\t\t\t\t\t<\/a>\n\t\t\t\t\t\t\t<a class=\"e-gallery-item elementor-gallery-item elementor-animated-content\" href=\"https:\/\/atauni.edu.tr\/ogrenci-dekanligi\/wp-content\/uploads\/sites\/459\/2020\/07\/levent-hoca-scaled.jpg\" data-elementor-open-lightbox=\"yes\" data-elementor-lightbox-slideshow=\"75665ab\" data-elementor-lightbox-title=\"levent hoca\" data-e-action-hash=\"#elementor-action%3Aaction%3Dlightbox%26settings%3DeyJpZCI6NjM5MiwidXJsIjoiaHR0cHM6XC9cL2F0YXVuaS5lZHUudHJcL29ncmVuY2ktZGVrYW5saWdpXC93cC1jb250ZW50XC91cGxvYWRzXC9zaXRlc1wvNDU5XC8yMDIwXC8wN1wvbGV2ZW50LWhvY2Etc2NhbGVkLmpwZyIsInNsaWRlc2hvdyI6Ijc1NjY1YWIifQ%3D%3D\">\n\t\t\t\t\t<div class=\"e-gallery-image elementor-gallery-item__image\" data-thumbnail=\"https:\/\/atauni.edu.tr\/ogrenci-dekanligi\/wp-content\/uploads\/sites\/459\/2020\/07\/levent-hoca-2048x1376.jpg\" data-width=\"2048\" data-height=\"1376\" aria-label=\"\" role=\"img\" ><\/div>\n\t\t\t\t\t\t\t\t\t\t\t<div class=\"elementor-gallery-item__overlay\"><\/div>\n\t\t\t\t\t\t\t\t\t\t\t\t\t\t<\/a>\n\t\t\t\t\t\t\t<a class=\"e-gallery-item elementor-gallery-item elementor-animated-content\" href=\"https:\/\/atauni.edu.tr\/ogrenci-dekanligi\/wp-content\/uploads\/sites\/459\/2020\/07\/IMG_7208.jpg\" data-elementor-open-lightbox=\"yes\" data-elementor-lightbox-slideshow=\"75665ab\" data-elementor-lightbox-title=\"IMG_7208\" data-e-action-hash=\"#elementor-action%3Aaction%3Dlightbox%26settings%3DeyJpZCI6NjM3NiwidXJsIjoiaHR0cHM6XC9cL2F0YXVuaS5lZHUudHJcL29ncmVuY2ktZGVrYW5saWdpXC93cC1jb250ZW50XC91cGxvYWRzXC9zaXRlc1wvNDU5XC8yMDIwXC8wN1wvSU1HXzcyMDguanBnIiwic2xpZGVzaG93IjoiNzU2NjVhYiJ9\">\n\t\t\t\t\t<div class=\"e-gallery-image elementor-gallery-item__image\" data-thumbnail=\"https:\/\/atauni.edu.tr\/ogrenci-dekanligi\/wp-content\/uploads\/sites\/459\/2020\/07\/IMG_7208.jpg\" data-width=\"2016\" data-height=\"1512\" aria-label=\"\" role=\"img\" ><\/div>\n\t\t\t\t\t\t\t\t\t\t\t<div class=\"elementor-gallery-item__overlay\"><\/div>\n\t\t\t\t\t\t\t\t\t\t\t\t\t\t<\/a>\n\t\t\t\t\t\t\t<a class=\"e-gallery-item elementor-gallery-item elementor-animated-content\" href=\"https:\/\/atauni.edu.tr\/ogrenci-dekanligi\/wp-content\/uploads\/sites\/459\/2020\/07\/image00038-scaled.jpeg\" data-elementor-open-lightbox=\"yes\" data-elementor-lightbox-slideshow=\"75665ab\" data-elementor-lightbox-title=\"image00038\" data-e-action-hash=\"#elementor-action%3Aaction%3Dlightbox%26settings%3DeyJpZCI6NjM3MSwidXJsIjoiaHR0cHM6XC9cL2F0YXVuaS5lZHUudHJcL29ncmVuY2ktZGVrYW5saWdpXC93cC1jb250ZW50XC91cGxvYWRzXC9zaXRlc1wvNDU5XC8yMDIwXC8wN1wvaW1hZ2UwMDAzOC1zY2FsZWQuanBlZyIsInNsaWRlc2hvdyI6Ijc1NjY1YWIifQ%3D%3D\">\n\t\t\t\t\t<div class=\"e-gallery-image elementor-gallery-item__image\" data-thumbnail=\"https:\/\/atauni.edu.tr\/ogrenci-dekanligi\/wp-content\/uploads\/sites\/459\/2020\/07\/image00038-2048x1536.jpeg\" data-width=\"2048\" data-height=\"1536\" aria-label=\"\" role=\"img\" ><\/div>\n\t\t\t\t\t\t\t\t\t\t\t<div class=\"elementor-gallery-item__overlay\"><\/div>\n\t\t\t\t\t\t\t\t\t\t\t\t\t\t<\/a>\n\t\t\t\t\t\t\t<a class=\"e-gallery-item elementor-gallery-item elementor-animated-content\" href=\"https:\/\/atauni.edu.tr\/ogrenci-dekanligi\/wp-content\/uploads\/sites\/459\/2020\/07\/image00034-scaled.jpeg\" data-elementor-open-lightbox=\"yes\" data-elementor-lightbox-slideshow=\"75665ab\" data-elementor-lightbox-title=\"image00034\" data-e-action-hash=\"#elementor-action%3Aaction%3Dlightbox%26settings%3DeyJpZCI6NjM3MCwidXJsIjoiaHR0cHM6XC9cL2F0YXVuaS5lZHUudHJcL29ncmVuY2ktZGVrYW5saWdpXC93cC1jb250ZW50XC91cGxvYWRzXC9zaXRlc1wvNDU5XC8yMDIwXC8wN1wvaW1hZ2UwMDAzNC1zY2FsZWQuanBlZyIsInNsaWRlc2hvdyI6Ijc1NjY1YWIifQ%3D%3D\">\n\t\t\t\t\t<div class=\"e-gallery-image elementor-gallery-item__image\" data-thumbnail=\"https:\/\/atauni.edu.tr\/ogrenci-dekanligi\/wp-content\/uploads\/sites\/459\/2020\/07\/image00034-2048x1536.jpeg\" data-width=\"2048\" data-height=\"1536\" aria-label=\"\" role=\"img\" ><\/div>\n\t\t\t\t\t\t\t\t\t\t\t<div class=\"elementor-gallery-item__overlay\"><\/div>\n\t\t\t\t\t\t\t\t\t\t\t\t\t\t<\/a>\n\t\t\t\t\t\t\t<a class=\"e-gallery-item elementor-gallery-item elementor-animated-content\" href=\"https:\/\/atauni.edu.tr\/ogrenci-dekanligi\/wp-content\/uploads\/sites\/459\/2020\/07\/image00065-scaled.jpeg\" data-elementor-open-lightbox=\"yes\" data-elementor-lightbox-slideshow=\"75665ab\" data-elementor-lightbox-title=\"image00065\" data-e-action-hash=\"#elementor-action%3Aaction%3Dlightbox%26settings%3DeyJpZCI6NjM3MywidXJsIjoiaHR0cHM6XC9cL2F0YXVuaS5lZHUudHJcL29ncmVuY2ktZGVrYW5saWdpXC93cC1jb250ZW50XC91cGxvYWRzXC9zaXRlc1wvNDU5XC8yMDIwXC8wN1wvaW1hZ2UwMDA2NS1zY2FsZWQuanBlZyIsInNsaWRlc2hvdyI6Ijc1NjY1YWIifQ%3D%3D\">\n\t\t\t\t\t<div class=\"e-gallery-image elementor-gallery-item__image\" data-thumbnail=\"https:\/\/atauni.edu.tr\/ogrenci-dekanligi\/wp-content\/uploads\/sites\/459\/2020\/07\/image00065-2048x1536.jpeg\" data-width=\"2048\" data-height=\"1536\" aria-label=\"\" role=\"img\" ><\/div>\n\t\t\t\t\t\t\t\t\t\t\t<div class=\"elementor-gallery-item__overlay\"><\/div>\n\t\t\t\t\t\t\t\t\t\t\t\t\t\t<\/a>\n\t\t\t\t\t\t\t<a class=\"e-gallery-item elementor-gallery-item elementor-animated-content\" href=\"https:\/\/atauni.edu.tr\/ogrenci-dekanligi\/wp-content\/uploads\/sites\/459\/2020\/07\/image00079-scaled.jpeg\" data-elementor-open-lightbox=\"yes\" data-elementor-lightbox-slideshow=\"75665ab\" data-elementor-lightbox-title=\"image00079\" data-e-action-hash=\"#elementor-action%3Aaction%3Dlightbox%26settings%3DeyJpZCI6NjM3NCwidXJsIjoiaHR0cHM6XC9cL2F0YXVuaS5lZHUudHJcL29ncmVuY2ktZGVrYW5saWdpXC93cC1jb250ZW50XC91cGxvYWRzXC9zaXRlc1wvNDU5XC8yMDIwXC8wN1wvaW1hZ2UwMDA3OS1zY2FsZWQuanBlZyIsInNsaWRlc2hvdyI6Ijc1NjY1YWIifQ%3D%3D\">\n\t\t\t\t\t<div class=\"e-gallery-image elementor-gallery-item__image\" data-thumbnail=\"https:\/\/atauni.edu.tr\/ogrenci-dekanligi\/wp-content\/uploads\/sites\/459\/2020\/07\/image00079-2048x1536.jpeg\" data-width=\"2048\" data-height=\"1536\" aria-label=\"\" role=\"img\" ><\/div>\n\t\t\t\t\t\t\t\t\t\t\t<div class=\"elementor-gallery-item__overlay\"><\/div>\n\t\t\t\t\t\t\t\t\t\t\t\t\t\t<\/a>\n\t\t\t\t\t\t\t<a class=\"e-gallery-item elementor-gallery-item elementor-animated-content\" href=\"https:\/\/atauni.edu.tr\/ogrenci-dekanligi\/wp-content\/uploads\/sites\/459\/2020\/07\/Sira-Resim.1.jpeg\" data-elementor-open-lightbox=\"yes\" data-elementor-lightbox-slideshow=\"75665ab\" data-elementor-lightbox-title=\"\u015e\u0131ra Resim.1\" data-e-action-hash=\"#elementor-action%3Aaction%3Dlightbox%26settings%3DeyJpZCI6NjM3NywidXJsIjoiaHR0cHM6XC9cL2F0YXVuaS5lZHUudHJcL29ncmVuY2ktZGVrYW5saWdpXC93cC1jb250ZW50XC91cGxvYWRzXC9zaXRlc1wvNDU5XC8yMDIwXC8wN1wvU2lyYS1SZXNpbS4xLmpwZWciLCJzbGlkZXNob3ciOiI3NTY2NWFiIn0%3D\">\n\t\t\t\t\t<div class=\"e-gallery-image elementor-gallery-item__image\" data-thumbnail=\"https:\/\/atauni.edu.tr\/ogrenci-dekanligi\/wp-content\/uploads\/sites\/459\/2020\/07\/Sira-Resim.1.jpeg\" data-width=\"1600\" data-height=\"876\" aria-label=\"\" role=\"img\" ><\/div>\n\t\t\t\t\t\t\t\t\t\t\t<div class=\"elementor-gallery-item__overlay\"><\/div>\n\t\t\t\t\t\t\t\t\t\t\t\t\t\t<\/a>\n\t\t\t\t\t\t\t<a class=\"e-gallery-item elementor-gallery-item elementor-animated-content\" href=\"https:\/\/atauni.edu.tr\/ogrenci-dekanligi\/wp-content\/uploads\/sites\/459\/2020\/07\/Sura-Resim.2.jpeg\" data-elementor-open-lightbox=\"yes\" data-elementor-lightbox-slideshow=\"75665ab\" data-elementor-lightbox-title=\"\u015eura Resim.2\" data-e-action-hash=\"#elementor-action%3Aaction%3Dlightbox%26settings%3DeyJpZCI6NjM3OCwidXJsIjoiaHR0cHM6XC9cL2F0YXVuaS5lZHUudHJcL29ncmVuY2ktZGVrYW5saWdpXC93cC1jb250ZW50XC91cGxvYWRzXC9zaXRlc1wvNDU5XC8yMDIwXC8wN1wvU3VyYS1SZXNpbS4yLmpwZWciLCJzbGlkZXNob3ciOiI3NTY2NWFiIn0%3D\">\n\t\t\t\t\t<div class=\"e-gallery-image elementor-gallery-item__image\" data-thumbnail=\"https:\/\/atauni.edu.tr\/ogrenci-dekanligi\/wp-content\/uploads\/sites\/459\/2020\/07\/Sura-Resim.2.jpeg\" data-width=\"1600\" data-height=\"1066\" aria-label=\"\" role=\"img\" ><\/div>\n\t\t\t\t\t\t\t\t\t\t\t<div class=\"elementor-gallery-item__overlay\"><\/div>\n\t\t\t\t\t\t\t\t\t\t\t\t\t\t<\/a>\n\t\t\t\t\t<\/div>\n\t\t\t\t\t<\/div>\n\t\t\t\t<\/div>\n\t\t\t\t\t<\/div>\n\t\t<\/div>\n\t\t\t\t\t<\/div>\n\t\t<\/section>\n\t\t\t\t<\/div>\n\t\t","protected":false},"excerpt":{"rendered":"<p>2021 Y\u0131l\u0131 Faaliyetlerimiz 1. \u00d6\u011frenci \u015euras\u0131 &#8211; KAMP\u00dcSTE YA\u015eAM<\/p>\n","protected":false},"author":247,"featured_media":0,"parent":0,"menu_order":0,"comment_status":"closed","ping_status":"closed","template":"","meta":{"footnotes":""},"class_list":["post-6348","page","type-page","status-publish","hentry"],"_links":{"self":[{"href":"https:\/\/atauni.edu.tr\/ogrenci-dekanligi\/wp-json\/wp\/v2\/pages\/6348","targetHints":{"allow":["GET"]}}],"collection":[{"href":"https:\/\/atauni.edu.tr\/ogrenci-dekanligi\/wp-json\/wp\/v2\/pages"}],"about":[{"href":"https:\/\/atauni.edu.tr\/ogrenci-dekanligi\/wp-json\/wp\/v2\/types\/page"}],"author":[{"embeddable":true,"href":"https:\/\/atauni.edu.tr\/ogrenci-dekanligi\/wp-json\/wp\/v2\/users\/247"}],"replies":[{"embeddable":true,"href":"https:\/\/atauni.edu.tr\/ogrenci-dekanligi\/wp-json\/wp\/v2\/comments?post=6348"}],"version-history":[{"count":16,"href":"https:\/\/atauni.edu.tr\/ogrenci-dekanligi\/wp-json\/wp\/v2\/pages\/6348\/revisions"}],"predecessor-version":[{"id":7027,"href":"https:\/\/atauni.edu.tr\/ogrenci-dekanligi\/wp-json\/wp\/v2\/pages\/6348\/revisions\/7027"}],"wp:attachment":[{"href":"https:\/\/atauni.edu.tr\/ogrenci-dekanligi\/wp-json\/wp\/v2\/media?parent=6348"}],"curies":[{"name":"wp","href":"https:\/\/api.w.org\/{rel}","templated":true}]}}