{"id":6644,"date":"2022-01-15T18:29:56","date_gmt":"2022-01-15T15:29:56","guid":{"rendered":"https:\/\/birimler.atauni.edu.tr\/ogrenci-dekanligi\/?page_id=6644"},"modified":"2023-03-15T14:39:55","modified_gmt":"2023-03-15T11:39:55","slug":"akademik-temsilcilerimiz-3","status":"publish","type":"page","link":"https:\/\/atauni.edu.tr\/ogrenci-dekanligi\/akademik-temsilcilerimiz-3\/","title":{"rendered":"\u00d6\u011frenci \u015euras\u0131 2022"},"content":{"rendered":"\t\t<div data-elementor-type=\"wp-page\" data-elementor-id=\"6644\" class=\"elementor elementor-6644\" data-elementor-post-type=\"page\">\n\t\t\t\t\t\t<section class=\"elementor-section elementor-top-section elementor-element elementor-element-730d320 elementor-section-boxed elementor-section-height-default elementor-section-height-default\" data-id=\"730d320\" data-element_type=\"section\">\n\t\t\t\t\t\t<div class=\"elementor-container elementor-column-gap-default\">\n\t\t\t\t\t<div class=\"elementor-column elementor-col-100 elementor-top-column elementor-element elementor-element-753d0860\" data-id=\"753d0860\" data-element_type=\"column\">\n\t\t\t<div class=\"elementor-widget-wrap\">\n\t\t\t\t\t\t\t<\/div>\n\t\t<\/div>\n\t\t\t\t\t<\/div>\n\t\t<\/section>\n\t\t\t\t<section class=\"elementor-section elementor-top-section elementor-element elementor-element-9be811a elementor-section-boxed elementor-section-height-default elementor-section-height-default\" data-id=\"9be811a\" data-element_type=\"section\">\n\t\t\t\t\t\t<div class=\"elementor-container elementor-column-gap-default\">\n\t\t\t\t\t<div class=\"elementor-column elementor-col-100 elementor-top-column elementor-element elementor-element-1ed847b7\" data-id=\"1ed847b7\" data-element_type=\"column\">\n\t\t\t<div class=\"elementor-widget-wrap elementor-element-populated\">\n\t\t\t\t\t\t<div class=\"elementor-element elementor-element-4ce0d07f elementor-widget elementor-widget-heading\" data-id=\"4ce0d07f\" data-element_type=\"widget\" data-widget_type=\"heading.default\">\n\t\t\t\t<div class=\"elementor-widget-container\">\n\t\t\t\t\t<h2 class=\"elementor-heading-title elementor-size-default\">2. \u00d6\u011frenci \u015euras\u0131 2022<\/h2>\t\t\t\t<\/div>\n\t\t\t\t<\/div>\n\t\t\t\t<div class=\"elementor-element elementor-element-63260862 elementor-widget-divider--view-line elementor-widget elementor-widget-divider\" data-id=\"63260862\" data-element_type=\"widget\" data-widget_type=\"divider.default\">\n\t\t\t\t<div class=\"elementor-widget-container\">\n\t\t\t\t\t\t\t<div class=\"elementor-divider\">\n\t\t\t<span class=\"elementor-divider-separator\">\n\t\t\t\t\t\t<\/span>\n\t\t<\/div>\n\t\t\t\t\t\t<\/div>\n\t\t\t\t<\/div>\n\t\t\t\t\t<\/div>\n\t\t<\/div>\n\t\t\t\t\t<\/div>\n\t\t<\/section>\n\t\t\t\t<section class=\"elementor-section elementor-top-section elementor-element elementor-element-d5dc404 elementor-section-boxed elementor-section-height-default elementor-section-height-default\" data-id=\"d5dc404\" data-element_type=\"section\">\n\t\t\t\t\t\t<div class=\"elementor-container elementor-column-gap-default\">\n\t\t\t\t\t<div class=\"elementor-column elementor-col-100 elementor-top-column elementor-element elementor-element-eefb9b8\" data-id=\"eefb9b8\" data-element_type=\"column\">\n\t\t\t<div class=\"elementor-widget-wrap elementor-element-populated\">\n\t\t\t\t\t\t<div class=\"elementor-element elementor-element-f3ebed9 elementor-widget elementor-widget-text-editor\" data-id=\"f3ebed9\" data-element_type=\"widget\" data-widget_type=\"text-editor.default\">\n\t\t\t\t<div class=\"elementor-widget-container\">\n\t\t\t\t\t\t\t\t\t<p>\u0130lki ge\u00e7en y\u0131l d\u00fczenlenen \u00d6\u011frenci \u015euras\u0131n\u0131n 2.\u2019si, \u2018Ara\u015ft\u0131rma \u00dcniversitesinde \u00d6\u011frenci Olmak\u2019 temas\u0131yla Atat\u00fcrk \u00dcniversitesi ev sahipli\u011finde yo\u011fun bir kat\u0131l\u0131mla d\u00fczenlendi.&nbsp;<span style=\"color: var( --e-global-color-db4f6f2 );font-family: var( --e-global-typography-text-font-family ), Sans-serif;font-weight: var( --e-global-typography-text-font-weight );letter-spacing: 0px\">Yeni Nesil \u00dcniversite Tasar\u0131m ve D\u00f6n\u00fc\u015f\u00fcm Projesinin \u00e7\u0131kt\u0131lar\u0131 aras\u0131nda yer alan ve \u00f6\u011frenciler ile \u00fcniversite aras\u0131ndaki ba\u011f\u0131n g\u00fc\u00e7lenmesi amac\u0131yla kurulan \u00d6\u011frenci Dekanl\u0131\u011f\u0131; Ara\u015ft\u0131rma \u00dcniversitesi olarak se\u00e7ilen ve bir y\u0131l\u0131 geride b\u0131rakan Atat\u00fcrk \u00dcniversitesinin bu s\u00fcre\u00e7te yapt\u0131\u011f\u0131 \u00e7al\u0131\u015fmalar ile gelecek planlamalar\u0131 hakk\u0131nda bilgi vermek amac\u0131yla 2.\u2019sini d\u00fczenledi\u011fi \u00d6\u011frenci \u015euras\u0131, M\u00fchendislik Fak\u00fcltesi Konferans Salonunda ger\u00e7ekle\u015fti.<\/span><\/p>\n<p>A\u00e7\u0131l\u0131\u015f konu\u015fmas\u0131n\u0131n ard\u0131ndan program; Ara\u015ft\u0131rma \u00dcniversitesi \u0130zleme ve De\u011ferlendirme Ofisi Koordinat\u00f6r\u00fc Dr. \u00d6\u011fr. \u00dcyesi Erol \u00dczan\u2019\u0131n Ara\u015ft\u0131rma \u00dcniversitesi Konulu Sunumu, Lisans Ar-Ge Koordinat\u00f6r\u00fc Do\u00e7. Dr. Haydar K\u0131l\u0131\u00e7\u2019\u0131n Ar-Ge Projeleri hakk\u0131nda bilgi vermesi, Dijital D\u00f6n\u00fc\u015f\u00fcm Ofisinden Ar\u015f. G\u00f6r. Mustafa Furkan Keskenler\u2019in Dijital \u00dcniversite adl\u0131 sunumunu, Kariyer Merkezi M\u00fcd\u00fcr Yard\u0131mc\u0131s\u0131 Dr. Sezin Karabulut \u00c7ak\u0131r\u2019\u0131n Ara\u015ft\u0131rma \u00dcniversitende Kariyer Planlama konulu sunumu ve son olarak \u00f6\u011frenci Bu\u011frahan Enes Ak\u00e7elik\u2019in \u00d6\u011frenci G\u00f6z\u00fcnden Ara\u015ft\u0131rma \u00dcniversitesi konulu sunum ile devam etti.&nbsp;<span style=\"color: var( --e-global-color-db4f6f2 );font-family: var( --e-global-typography-text-font-family ), Sans-serif;font-weight: var( --e-global-typography-text-font-weight );letter-spacing: 0px\">\u00d6\u011frencilerden gelen \u00e7e\u015fitli sorulara da ayd\u0131nlat\u0131c\u0131 cevaplar\u0131n verildi\u011fi program, aile foto\u011fraf\u0131n\u0131n \u00e7ekilmesiyle sona erdi.<\/span><\/p>\t\t\t\t\t\t\t\t<\/div>\n\t\t\t\t<\/div>\n\t\t\t\t\t<\/div>\n\t\t<\/div>\n\t\t\t\t\t<\/div>\n\t\t<\/section>\n\t\t\t\t<section class=\"elementor-section elementor-top-section elementor-element elementor-element-01aea71 elementor-section-boxed elementor-section-height-default elementor-section-height-default\" data-id=\"01aea71\" data-element_type=\"section\">\n\t\t\t\t\t\t<div class=\"elementor-container elementor-column-gap-default\">\n\t\t\t\t\t<div class=\"elementor-column elementor-col-100 elementor-top-column elementor-element elementor-element-1f39201\" data-id=\"1f39201\" data-element_type=\"column\">\n\t\t\t<div class=\"elementor-widget-wrap elementor-element-populated\">\n\t\t\t\t\t\t<div class=\"elementor-element elementor-element-2701427 elementor-widget elementor-widget-gallery\" data-id=\"2701427\" data-element_type=\"widget\" data-settings=\"{&quot;gallery_layout&quot;:&quot;masonry&quot;,&quot;lazyload&quot;:&quot;yes&quot;,&quot;columns&quot;:4,&quot;columns_tablet&quot;:2,&quot;columns_mobile&quot;:1,&quot;gap&quot;:{&quot;unit&quot;:&quot;px&quot;,&quot;size&quot;:10,&quot;sizes&quot;:[]},&quot;gap_tablet&quot;:{&quot;unit&quot;:&quot;px&quot;,&quot;size&quot;:10,&quot;sizes&quot;:[]},&quot;gap_mobile&quot;:{&quot;unit&quot;:&quot;px&quot;,&quot;size&quot;:10,&quot;sizes&quot;:[]},&quot;link_to&quot;:&quot;file&quot;,&quot;overlay_background&quot;:&quot;yes&quot;,&quot;content_hover_animation&quot;:&quot;fade-in&quot;}\" data-widget_type=\"gallery.default\">\n\t\t\t\t<div class=\"elementor-widget-container\">\n\t\t\t\t\t\t\t<div class=\"elementor-gallery__container\">\n\t\t\t\t\t\t\t<a class=\"e-gallery-item elementor-gallery-item elementor-animated-content\" href=\"https:\/\/atauni.edu.tr\/ogrenci-dekanligi\/wp-content\/uploads\/sites\/459\/2020\/07\/WhatsApp-Image-2022-12-26-at-15.22.44.jpeg\" data-elementor-open-lightbox=\"yes\" data-elementor-lightbox-slideshow=\"2701427\" data-elementor-lightbox-title=\"WhatsApp Image 2022-12-26 at 15.22.44\" data-e-action-hash=\"#elementor-action%3Aaction%3Dlightbox%26settings%3DeyJpZCI6NzE3MCwidXJsIjoiaHR0cHM6XC9cL2F0YXVuaS5lZHUudHJcL29ncmVuY2ktZGVrYW5saWdpXC93cC1jb250ZW50XC91cGxvYWRzXC9zaXRlc1wvNDU5XC8yMDIwXC8wN1wvV2hhdHNBcHAtSW1hZ2UtMjAyMi0xMi0yNi1hdC0xNS4yMi40NC5qcGVnIiwic2xpZGVzaG93IjoiMjcwMTQyNyJ9\">\n\t\t\t\t\t<div class=\"e-gallery-image elementor-gallery-item__image\" data-thumbnail=\"https:\/\/atauni.edu.tr\/ogrenci-dekanligi\/wp-content\/uploads\/sites\/459\/2020\/07\/WhatsApp-Image-2022-12-26-at-15.22.44.jpeg\" data-width=\"1600\" data-height=\"900\" aria-label=\"\" role=\"img\" ><\/div>\n\t\t\t\t\t\t\t\t\t\t\t<div class=\"elementor-gallery-item__overlay\"><\/div>\n\t\t\t\t\t\t\t\t\t\t\t\t\t\t<\/a>\n\t\t\t\t\t\t\t<a class=\"e-gallery-item elementor-gallery-item elementor-animated-content\" href=\"https:\/\/atauni.edu.tr\/ogrenci-dekanligi\/wp-content\/uploads\/sites\/459\/2020\/07\/WhatsApp-Image-2022-12-26-at-15.22.32-4.jpeg\" data-elementor-open-lightbox=\"yes\" data-elementor-lightbox-slideshow=\"2701427\" data-elementor-lightbox-title=\"WhatsApp Image 2022-12-26 at 15.22.32 (4)\" data-e-action-hash=\"#elementor-action%3Aaction%3Dlightbox%26settings%3DeyJpZCI6NzE3OCwidXJsIjoiaHR0cHM6XC9cL2F0YXVuaS5lZHUudHJcL29ncmVuY2ktZGVrYW5saWdpXC93cC1jb250ZW50XC91cGxvYWRzXC9zaXRlc1wvNDU5XC8yMDIwXC8wN1wvV2hhdHNBcHAtSW1hZ2UtMjAyMi0xMi0yNi1hdC0xNS4yMi4zMi00LmpwZWciLCJzbGlkZXNob3ciOiIyNzAxNDI3In0%3D\">\n\t\t\t\t\t<div class=\"e-gallery-image elementor-gallery-item__image\" data-thumbnail=\"https:\/\/atauni.edu.tr\/ogrenci-dekanligi\/wp-content\/uploads\/sites\/459\/2020\/07\/WhatsApp-Image-2022-12-26-at-15.22.32-4.jpeg\" data-width=\"1600\" data-height=\"898\" aria-label=\"\" role=\"img\" ><\/div>\n\t\t\t\t\t\t\t\t\t\t\t<div class=\"elementor-gallery-item__overlay\"><\/div>\n\t\t\t\t\t\t\t\t\t\t\t\t\t\t<\/a>\n\t\t\t\t\t\t\t<a class=\"e-gallery-item elementor-gallery-item elementor-animated-content\" href=\"https:\/\/atauni.edu.tr\/ogrenci-dekanligi\/wp-content\/uploads\/sites\/459\/2020\/07\/WhatsApp-Image-2022-12-26-at-15.22.32-1.jpeg\" data-elementor-open-lightbox=\"yes\" data-elementor-lightbox-slideshow=\"2701427\" data-elementor-lightbox-title=\"WhatsApp Image 2022-12-26 at 15.22.32 (1)\" data-e-action-hash=\"#elementor-action%3Aaction%3Dlightbox%26settings%3DeyJpZCI6NzE3NSwidXJsIjoiaHR0cHM6XC9cL2F0YXVuaS5lZHUudHJcL29ncmVuY2ktZGVrYW5saWdpXC93cC1jb250ZW50XC91cGxvYWRzXC9zaXRlc1wvNDU5XC8yMDIwXC8wN1wvV2hhdHNBcHAtSW1hZ2UtMjAyMi0xMi0yNi1hdC0xNS4yMi4zMi0xLmpwZWciLCJzbGlkZXNob3ciOiIyNzAxNDI3In0%3D\">\n\t\t\t\t\t<div class=\"e-gallery-image elementor-gallery-item__image\" data-thumbnail=\"https:\/\/atauni.edu.tr\/ogrenci-dekanligi\/wp-content\/uploads\/sites\/459\/2020\/07\/WhatsApp-Image-2022-12-26-at-15.22.32-1.jpeg\" data-width=\"1600\" data-height=\"1066\" aria-label=\"\" role=\"img\" ><\/div>\n\t\t\t\t\t\t\t\t\t\t\t<div class=\"elementor-gallery-item__overlay\"><\/div>\n\t\t\t\t\t\t\t\t\t\t\t\t\t\t<\/a>\n\t\t\t\t\t\t\t<a class=\"e-gallery-item elementor-gallery-item elementor-animated-content\" href=\"https:\/\/atauni.edu.tr\/ogrenci-dekanligi\/wp-content\/uploads\/sites\/459\/2020\/07\/WhatsApp-Image-2022-12-26-at-15.22.31.jpeg\" data-elementor-open-lightbox=\"yes\" data-elementor-lightbox-slideshow=\"2701427\" data-elementor-lightbox-title=\"WhatsApp Image 2022-12-26 at 15.22.31\" data-e-action-hash=\"#elementor-action%3Aaction%3Dlightbox%26settings%3DeyJpZCI6NzE3NCwidXJsIjoiaHR0cHM6XC9cL2F0YXVuaS5lZHUudHJcL29ncmVuY2ktZGVrYW5saWdpXC93cC1jb250ZW50XC91cGxvYWRzXC9zaXRlc1wvNDU5XC8yMDIwXC8wN1wvV2hhdHNBcHAtSW1hZ2UtMjAyMi0xMi0yNi1hdC0xNS4yMi4zMS5qcGVnIiwic2xpZGVzaG93IjoiMjcwMTQyNyJ9\">\n\t\t\t\t\t<div class=\"e-gallery-image elementor-gallery-item__image\" data-thumbnail=\"https:\/\/atauni.edu.tr\/ogrenci-dekanligi\/wp-content\/uploads\/sites\/459\/2020\/07\/WhatsApp-Image-2022-12-26-at-15.22.31.jpeg\" data-width=\"1066\" data-height=\"1600\" aria-label=\"\" role=\"img\" ><\/div>\n\t\t\t\t\t\t\t\t\t\t\t<div class=\"elementor-gallery-item__overlay\"><\/div>\n\t\t\t\t\t\t\t\t\t\t\t\t\t\t<\/a>\n\t\t\t\t\t\t\t<a class=\"e-gallery-item elementor-gallery-item elementor-animated-content\" href=\"https:\/\/atauni.edu.tr\/ogrenci-dekanligi\/wp-content\/uploads\/sites\/459\/2020\/07\/WhatsApp-Image-2022-12-26-at-15.22.31-1.jpeg\" data-elementor-open-lightbox=\"yes\" data-elementor-lightbox-slideshow=\"2701427\" data-elementor-lightbox-title=\"WhatsApp Image 2022-12-26 at 15.22.31 (1)\" data-e-action-hash=\"#elementor-action%3Aaction%3Dlightbox%26settings%3DeyJpZCI6NzE3MSwidXJsIjoiaHR0cHM6XC9cL2F0YXVuaS5lZHUudHJcL29ncmVuY2ktZGVrYW5saWdpXC93cC1jb250ZW50XC91cGxvYWRzXC9zaXRlc1wvNDU5XC8yMDIwXC8wN1wvV2hhdHNBcHAtSW1hZ2UtMjAyMi0xMi0yNi1hdC0xNS4yMi4zMS0xLmpwZWciLCJzbGlkZXNob3ciOiIyNzAxNDI3In0%3D\">\n\t\t\t\t\t<div class=\"e-gallery-image elementor-gallery-item__image\" data-thumbnail=\"https:\/\/atauni.edu.tr\/ogrenci-dekanligi\/wp-content\/uploads\/sites\/459\/2020\/07\/WhatsApp-Image-2022-12-26-at-15.22.31-1.jpeg\" data-width=\"1066\" data-height=\"1600\" aria-label=\"\" role=\"img\" ><\/div>\n\t\t\t\t\t\t\t\t\t\t\t<div class=\"elementor-gallery-item__overlay\"><\/div>\n\t\t\t\t\t\t\t\t\t\t\t\t\t\t<\/a>\n\t\t\t\t\t\t\t<a class=\"e-gallery-item elementor-gallery-item elementor-animated-content\" href=\"https:\/\/atauni.edu.tr\/ogrenci-dekanligi\/wp-content\/uploads\/sites\/459\/2020\/07\/WhatsApp-Image-2022-12-26-at-15.22.31-3.jpeg\" data-elementor-open-lightbox=\"yes\" data-elementor-lightbox-slideshow=\"2701427\" data-elementor-lightbox-title=\"WhatsApp Image 2022-12-26 at 15.22.31 (3)\" data-e-action-hash=\"#elementor-action%3Aaction%3Dlightbox%26settings%3DeyJpZCI6NzE3MywidXJsIjoiaHR0cHM6XC9cL2F0YXVuaS5lZHUudHJcL29ncmVuY2ktZGVrYW5saWdpXC93cC1jb250ZW50XC91cGxvYWRzXC9zaXRlc1wvNDU5XC8yMDIwXC8wN1wvV2hhdHNBcHAtSW1hZ2UtMjAyMi0xMi0yNi1hdC0xNS4yMi4zMS0zLmpwZWciLCJzbGlkZXNob3ciOiIyNzAxNDI3In0%3D\">\n\t\t\t\t\t<div class=\"e-gallery-image elementor-gallery-item__image\" data-thumbnail=\"https:\/\/atauni.edu.tr\/ogrenci-dekanligi\/wp-content\/uploads\/sites\/459\/2020\/07\/WhatsApp-Image-2022-12-26-at-15.22.31-3.jpeg\" data-width=\"1600\" data-height=\"1066\" aria-label=\"\" role=\"img\" ><\/div>\n\t\t\t\t\t\t\t\t\t\t\t<div class=\"elementor-gallery-item__overlay\"><\/div>\n\t\t\t\t\t\t\t\t\t\t\t\t\t\t<\/a>\n\t\t\t\t\t\t\t<a class=\"e-gallery-item elementor-gallery-item elementor-animated-content\" href=\"https:\/\/atauni.edu.tr\/ogrenci-dekanligi\/wp-content\/uploads\/sites\/459\/2020\/07\/WhatsApp-Image-2022-12-26-at-15.22.31-2.jpeg\" data-elementor-open-lightbox=\"yes\" data-elementor-lightbox-slideshow=\"2701427\" data-elementor-lightbox-title=\"WhatsApp Image 2022-12-26 at 15.22.31 (2)\" data-e-action-hash=\"#elementor-action%3Aaction%3Dlightbox%26settings%3DeyJpZCI6NzE3MiwidXJsIjoiaHR0cHM6XC9cL2F0YXVuaS5lZHUudHJcL29ncmVuY2ktZGVrYW5saWdpXC93cC1jb250ZW50XC91cGxvYWRzXC9zaXRlc1wvNDU5XC8yMDIwXC8wN1wvV2hhdHNBcHAtSW1hZ2UtMjAyMi0xMi0yNi1hdC0xNS4yMi4zMS0yLmpwZWciLCJzbGlkZXNob3ciOiIyNzAxNDI3In0%3D\">\n\t\t\t\t\t<div class=\"e-gallery-image elementor-gallery-item__image\" data-thumbnail=\"https:\/\/atauni.edu.tr\/ogrenci-dekanligi\/wp-content\/uploads\/sites\/459\/2020\/07\/WhatsApp-Image-2022-12-26-at-15.22.31-2.jpeg\" data-width=\"1600\" data-height=\"898\" aria-label=\"\" role=\"img\" ><\/div>\n\t\t\t\t\t\t\t\t\t\t\t<div class=\"elementor-gallery-item__overlay\"><\/div>\n\t\t\t\t\t\t\t\t\t\t\t\t\t\t<\/a>\n\t\t\t\t\t\t\t<a class=\"e-gallery-item elementor-gallery-item elementor-animated-content\" href=\"https:\/\/atauni.edu.tr\/ogrenci-dekanligi\/wp-content\/uploads\/sites\/459\/2020\/07\/WhatsApp-Image-2022-12-26-at-15.22.32-2.jpeg\" data-elementor-open-lightbox=\"yes\" data-elementor-lightbox-slideshow=\"2701427\" data-elementor-lightbox-title=\"WhatsApp Image 2022-12-26 at 15.22.32 (2)\" data-e-action-hash=\"#elementor-action%3Aaction%3Dlightbox%26settings%3DeyJpZCI6NzE3NiwidXJsIjoiaHR0cHM6XC9cL2F0YXVuaS5lZHUudHJcL29ncmVuY2ktZGVrYW5saWdpXC93cC1jb250ZW50XC91cGxvYWRzXC9zaXRlc1wvNDU5XC8yMDIwXC8wN1wvV2hhdHNBcHAtSW1hZ2UtMjAyMi0xMi0yNi1hdC0xNS4yMi4zMi0yLmpwZWciLCJzbGlkZXNob3ciOiIyNzAxNDI3In0%3D\">\n\t\t\t\t\t<div class=\"e-gallery-image elementor-gallery-item__image\" data-thumbnail=\"https:\/\/atauni.edu.tr\/ogrenci-dekanligi\/wp-content\/uploads\/sites\/459\/2020\/07\/WhatsApp-Image-2022-12-26-at-15.22.32-2.jpeg\" data-width=\"1600\" data-height=\"1066\" aria-label=\"\" role=\"img\" ><\/div>\n\t\t\t\t\t\t\t\t\t\t\t<div class=\"elementor-gallery-item__overlay\"><\/div>\n\t\t\t\t\t\t\t\t\t\t\t\t\t\t<\/a>\n\t\t\t\t\t\t\t<a class=\"e-gallery-item elementor-gallery-item elementor-animated-content\" href=\"https:\/\/atauni.edu.tr\/ogrenci-dekanligi\/wp-content\/uploads\/sites\/459\/2020\/07\/WhatsApp-Image-2022-12-26-at-15.22.32-3.jpeg\" data-elementor-open-lightbox=\"yes\" data-elementor-lightbox-slideshow=\"2701427\" data-elementor-lightbox-title=\"WhatsApp Image 2022-12-26 at 15.22.32 (3)\" data-e-action-hash=\"#elementor-action%3Aaction%3Dlightbox%26settings%3DeyJpZCI6NzE3NywidXJsIjoiaHR0cHM6XC9cL2F0YXVuaS5lZHUudHJcL29ncmVuY2ktZGVrYW5saWdpXC93cC1jb250ZW50XC91cGxvYWRzXC9zaXRlc1wvNDU5XC8yMDIwXC8wN1wvV2hhdHNBcHAtSW1hZ2UtMjAyMi0xMi0yNi1hdC0xNS4yMi4zMi0zLmpwZWciLCJzbGlkZXNob3ciOiIyNzAxNDI3In0%3D\">\n\t\t\t\t\t<div class=\"e-gallery-image elementor-gallery-item__image\" data-thumbnail=\"https:\/\/atauni.edu.tr\/ogrenci-dekanligi\/wp-content\/uploads\/sites\/459\/2020\/07\/WhatsApp-Image-2022-12-26-at-15.22.32-3.jpeg\" data-width=\"1600\" data-height=\"898\" aria-label=\"\" role=\"img\" ><\/div>\n\t\t\t\t\t\t\t\t\t\t\t<div class=\"elementor-gallery-item__overlay\"><\/div>\n\t\t\t\t\t\t\t\t\t\t\t\t\t\t<\/a>\n\t\t\t\t\t<\/div>\n\t\t\t\t\t<\/div>\n\t\t\t\t<\/div>\n\t\t\t\t\t<\/div>\n\t\t<\/div>\n\t\t\t\t\t<\/div>\n\t\t<\/section>\n\t\t\t\t<\/div>\n\t\t","protected":false},"excerpt":{"rendered":"<p>2. \u00d6\u011frenci \u015euras\u0131 2022 \u0130lki ge\u00e7en y\u0131l d\u00fczenlenen \u00d6\u011frenci \u015euras\u0131n\u0131n 2.\u2019si, \u2018Ara\u015ft\u0131rma \u00dcniversitesinde \u00d6\u011frenci Olmak\u2019 temas\u0131yla Atat\u00fcrk \u00dcniversitesi ev sahipli\u011finde yo\u011fun bir kat\u0131l\u0131mla d\u00fczenlendi.&nbsp;Yeni Nesil \u00dcniversite Tasar\u0131m ve D\u00f6n\u00fc\u015f\u00fcm Projesinin \u00e7\u0131kt\u0131lar\u0131 aras\u0131nda yer alan ve \u00f6\u011frenciler ile \u00fcniversite aras\u0131ndaki ba\u011f\u0131n g\u00fc\u00e7lenmesi amac\u0131yla kurulan \u00d6\u011frenci Dekanl\u0131\u011f\u0131; Ara\u015ft\u0131rma \u00dcniversitesi olarak se\u00e7ilen ve bir y\u0131l\u0131 geride b\u0131rakan Atat\u00fcrk [&hellip;]<\/p>\n","protected":false},"author":247,"featured_media":0,"parent":0,"menu_order":0,"comment_status":"closed","ping_status":"closed","template":"","meta":{"footnotes":""},"class_list":["post-6644","page","type-page","status-publish","hentry"],"_links":{"self":[{"href":"https:\/\/atauni.edu.tr\/ogrenci-dekanligi\/wp-json\/wp\/v2\/pages\/6644","targetHints":{"allow":["GET"]}}],"collection":[{"href":"https:\/\/atauni.edu.tr\/ogrenci-dekanligi\/wp-json\/wp\/v2\/pages"}],"about":[{"href":"https:\/\/atauni.edu.tr\/ogrenci-dekanligi\/wp-json\/wp\/v2\/types\/page"}],"author":[{"embeddable":true,"href":"https:\/\/atauni.edu.tr\/ogrenci-dekanligi\/wp-json\/wp\/v2\/users\/247"}],"replies":[{"embeddable":true,"href":"https:\/\/atauni.edu.tr\/ogrenci-dekanligi\/wp-json\/wp\/v2\/comments?post=6644"}],"version-history":[{"count":23,"href":"https:\/\/atauni.edu.tr\/ogrenci-dekanligi\/wp-json\/wp\/v2\/pages\/6644\/revisions"}],"predecessor-version":[{"id":7204,"href":"https:\/\/atauni.edu.tr\/ogrenci-dekanligi\/wp-json\/wp\/v2\/pages\/6644\/revisions\/7204"}],"wp:attachment":[{"href":"https:\/\/atauni.edu.tr\/ogrenci-dekanligi\/wp-json\/wp\/v2\/media?parent=6644"}],"curies":[{"name":"wp","href":"https:\/\/api.w.org\/{rel}","templated":true}]}}